{"id":2,"date":"2023-05-18T17:18:34","date_gmt":"2023-05-18T17:18:34","guid":{"rendered":"https:\/\/megapari.promo\/az\/?page_id=2"},"modified":"2025-10-04T08:36:43","modified_gmt":"2025-10-04T08:36:43","slug":"sample-page","status":"publish","type":"page","link":"https:\/\/megapari.promo\/az\/","title":{"rendered":"Ev"},"content":{"rendered":"","protected":false},"excerpt":{"rendered":"","protected":false},"author":1,"featured_media":0,"parent":0,"menu_order":0,"comment_status":"closed","ping_status":"open","template":"","meta":{"inline_featured_image":false,"footnotes":""},"yoast_head":"<!-- This site is optimized with the Yoast SEO plugin v20.13 - https:\/\/yoast.com\/wordpress\/plugins\/seo\/ -->\n<title>Megapari 2026: \u0130dman m\u0259rcl\u0259ri \u00fc\u00e7\u00fcn r\u0259smi sayt | 100% Bonus<\/title>\n<meta name=\"description\" content=\"M\u00fcxt\u0259lif idman n\u00f6vl\u0259rin\u0259 m\u0259rc etm\u0259y\u0259 ba\u015flay\u0131n v\u0259 r\u0259smi Megapari Az\u0259rbaycan idman kitab\u0131 il\u0259 kazinodan h\u0259zz al\u0131n \u2714\ufe0f \u018fn yax\u015f\u0131 \u015f\u0259rtl\u0259ri v\u0259 yeni oyun\u00e7ular \u00fc\u00e7\u00fcn 100% xo\u015f g\u0259lmisiniz bonusunu \u0259ld\u0259 edin\" \/>\n<meta name=\"robots\" content=\"index, follow, max-snippet:-1, max-image-preview:large, max-video-preview:-1\" \/>\n<meta property=\"og:locale\" content=\"az_AZ\" \/>\n<meta property=\"og:type\" content=\"article\" \/>\n<meta property=\"og:title\" content=\"Megapari 2026: \u0130dman m\u0259rcl\u0259ri \u00fc\u00e7\u00fcn r\u0259smi sayt | 100% Bonus\" \/>\n<meta property=\"og:description\" content=\"M\u00fcxt\u0259lif idman n\u00f6vl\u0259rin\u0259 m\u0259rc etm\u0259y\u0259 ba\u015flay\u0131n v\u0259 r\u0259smi Megapari Az\u0259rbaycan idman kitab\u0131 il\u0259 kazinodan h\u0259zz al\u0131n \u2714\ufe0f \u018fn yax\u015f\u0131 \u015f\u0259rtl\u0259ri v\u0259 yeni oyun\u00e7ular \u00fc\u00e7\u00fcn 100% xo\u015f g\u0259lmisiniz bonusunu \u0259ld\u0259 edin\" \/>\n<meta property=\"og:url\" content=\"https:\/\/megapari.promo\/az\/\" \/>\n<meta property=\"og:site_name\" content=\"Megapari Win az\" \/>\n<meta property=\"article:modified_time\" content=\"2025-10-04T08:36:43+00:00\" \/>\n<meta name=\"twitter:card\" content=\"summary_large_image\" \/>\n<script type=\"application\/ld+json\" class=\"yoast-schema-graph\">{\"@context\":\"https:\/\/schema.org\",\"@graph\":[{\"@type\":\"WebPage\",\"@id\":\"https:\/\/megapari.promo\/az\/\",\"url\":\"https:\/\/megapari.promo\/az\/\",\"name\":\"Megapari 2026: \u0130dman m\u0259rcl\u0259ri \u00fc\u00e7\u00fcn r\u0259smi sayt | 100% Bonus\",\"isPartOf\":{\"@id\":\"https:\/\/megapari.promo\/az\/#website\"},\"datePublished\":\"2023-05-18T17:18:34+00:00\",\"dateModified\":\"2025-10-04T08:36:43+00:00\",\"description\":\"M\u00fcxt\u0259lif idman n\u00f6vl\u0259rin\u0259 m\u0259rc etm\u0259y\u0259 ba\u015flay\u0131n v\u0259 r\u0259smi Megapari Az\u0259rbaycan idman kitab\u0131 il\u0259 kazinodan h\u0259zz al\u0131n \u2714\ufe0f \u018fn yax\u015f\u0131 \u015f\u0259rtl\u0259ri v\u0259 yeni oyun\u00e7ular \u00fc\u00e7\u00fcn 100% xo\u015f g\u0259lmisiniz bonusunu \u0259ld\u0259 edin\",\"breadcrumb\":{\"@id\":\"https:\/\/megapari.promo\/az\/#breadcrumb\"},\"inLanguage\":\"az\",\"potentialAction\":[{\"@type\":\"ReadAction\",\"target\":[\"https:\/\/megapari.promo\/az\/\"]}]},{\"@type\":\"BreadcrumbList\",\"@id\":\"https:\/\/megapari.promo\/az\/#breadcrumb\",\"itemListElement\":[{\"@type\":\"ListItem\",\"position\":1,\"name\":\"\u0413\u043b\u0430\u0432\u043d\u0430\u044f \u0441\u0442\u0440\u0430\u043d\u0438\u0446\u0430\",\"item\":\"https:\/\/megapari.promo\/az\/\"},{\"@type\":\"ListItem\",\"position\":2,\"name\":\"Ev\"}]},{\"@type\":\"WebSite\",\"@id\":\"https:\/\/megapari.promo\/az\/#website\",\"url\":\"https:\/\/megapari.promo\/az\/\",\"name\":\"Megapari Win az\",\"description\":\"My WordPress Blog\",\"potentialAction\":[{\"@type\":\"SearchAction\",\"target\":{\"@type\":\"EntryPoint\",\"urlTemplate\":\"https:\/\/megapari.promo\/az\/?s={search_term_string}\"},\"query-input\":\"required name=search_term_string\"}],\"inLanguage\":\"az\"}]}<\/script>\n<!-- \/ Yoast SEO plugin. -->","yoast_head_json":{"title":"Megapari 2026: \u0130dman m\u0259rcl\u0259ri \u00fc\u00e7\u00fcn r\u0259smi sayt | 100% Bonus","description":"M\u00fcxt\u0259lif idman n\u00f6vl\u0259rin\u0259 m\u0259rc etm\u0259y\u0259 ba\u015flay\u0131n v\u0259 r\u0259smi Megapari Az\u0259rbaycan idman kitab\u0131 il\u0259 kazinodan h\u0259zz al\u0131n \u2714\ufe0f \u018fn yax\u015f\u0131 \u015f\u0259rtl\u0259ri v\u0259 yeni oyun\u00e7ular \u00fc\u00e7\u00fcn 100% xo\u015f g\u0259lmisiniz bonusunu \u0259ld\u0259 edin","robots":{"index":"index","follow":"follow","max-snippet":"max-snippet:-1","max-image-preview":"max-image-preview:large","max-video-preview":"max-video-preview:-1"},"og_locale":"az_AZ","og_type":"article","og_title":"Megapari 2026: \u0130dman m\u0259rcl\u0259ri \u00fc\u00e7\u00fcn r\u0259smi sayt | 100% Bonus","og_description":"M\u00fcxt\u0259lif idman n\u00f6vl\u0259rin\u0259 m\u0259rc etm\u0259y\u0259 ba\u015flay\u0131n v\u0259 r\u0259smi Megapari Az\u0259rbaycan idman kitab\u0131 il\u0259 kazinodan h\u0259zz al\u0131n \u2714\ufe0f \u018fn yax\u015f\u0131 \u015f\u0259rtl\u0259ri v\u0259 yeni oyun\u00e7ular \u00fc\u00e7\u00fcn 100% xo\u015f g\u0259lmisiniz bonusunu \u0259ld\u0259 edin","og_url":"https:\/\/megapari.promo\/az\/","og_site_name":"Megapari Win az","article_modified_time":"2025-10-04T08:36:43+00:00","twitter_card":"summary_large_image","schema":{"@context":"https:\/\/schema.org","@graph":[{"@type":"WebPage","@id":"https:\/\/megapari.promo\/az\/","url":"https:\/\/megapari.promo\/az\/","name":"Megapari 2026: \u0130dman m\u0259rcl\u0259ri \u00fc\u00e7\u00fcn r\u0259smi sayt | 100% Bonus","isPartOf":{"@id":"https:\/\/megapari.promo\/az\/#website"},"datePublished":"2023-05-18T17:18:34+00:00","dateModified":"2025-10-04T08:36:43+00:00","description":"M\u00fcxt\u0259lif idman n\u00f6vl\u0259rin\u0259 m\u0259rc etm\u0259y\u0259 ba\u015flay\u0131n v\u0259 r\u0259smi Megapari Az\u0259rbaycan idman kitab\u0131 il\u0259 kazinodan h\u0259zz al\u0131n \u2714\ufe0f \u018fn yax\u015f\u0131 \u015f\u0259rtl\u0259ri v\u0259 yeni oyun\u00e7ular \u00fc\u00e7\u00fcn 100% xo\u015f g\u0259lmisiniz bonusunu \u0259ld\u0259 edin","breadcrumb":{"@id":"https:\/\/megapari.promo\/az\/#breadcrumb"},"inLanguage":"az","potentialAction":[{"@type":"ReadAction","target":["https:\/\/megapari.promo\/az\/"]}]},{"@type":"BreadcrumbList","@id":"https:\/\/megapari.promo\/az\/#breadcrumb","itemListElement":[{"@type":"ListItem","position":1,"name":"\u0413\u043b\u0430\u0432\u043d\u0430\u044f \u0441\u0442\u0440\u0430\u043d\u0438\u0446\u0430","item":"https:\/\/megapari.promo\/az\/"},{"@type":"ListItem","position":2,"name":"Ev"}]},{"@type":"WebSite","@id":"https:\/\/megapari.promo\/az\/#website","url":"https:\/\/megapari.promo\/az\/","name":"Megapari Win az","description":"My WordPress Blog","potentialAction":[{"@type":"SearchAction","target":{"@type":"EntryPoint","urlTemplate":"https:\/\/megapari.promo\/az\/?s={search_term_string}"},"query-input":"required name=search_term_string"}],"inLanguage":"az"}]}},"_links":{"self":[{"href":"https:\/\/megapari.promo\/az\/wp-json\/wp\/v2\/pages\/2"}],"collection":[{"href":"https:\/\/megapari.promo\/az\/wp-json\/wp\/v2\/pages"}],"about":[{"href":"https:\/\/megapari.promo\/az\/wp-json\/wp\/v2\/types\/page"}],"author":[{"embeddable":true,"href":"https:\/\/megapari.promo\/az\/wp-json\/wp\/v2\/users\/1"}],"replies":[{"embeddable":true,"href":"https:\/\/megapari.promo\/az\/wp-json\/wp\/v2\/comments?post=2"}],"version-history":[{"count":81,"href":"https:\/\/megapari.promo\/az\/wp-json\/wp\/v2\/pages\/2\/revisions"}],"predecessor-version":[{"id":618,"href":"https:\/\/megapari.promo\/az\/wp-json\/wp\/v2\/pages\/2\/revisions\/618"}],"wp:attachment":[{"href":"https:\/\/megapari.promo\/az\/wp-json\/wp\/v2\/media?parent=2"}],"curies":[{"name":"wp","href":"https:\/\/api.w.org\/{rel}","templated":true}]}}