{"id":296,"date":"2025-04-04T17:01:19","date_gmt":"2025-04-04T17:01:19","guid":{"rendered":"https:\/\/megapari.promo\/az\/?page_id=296"},"modified":"2025-09-11T15:57:56","modified_gmt":"2025-09-11T15:57:56","slug":"app","status":"publish","type":"page","link":"https:\/\/megapari.promo\/az\/app\/","title":{"rendered":"T\u0259tbiq"},"content":{"rendered":"","protected":false},"excerpt":{"rendered":"","protected":false},"author":1,"featured_media":0,"parent":0,"menu_order":0,"comment_status":"closed","ping_status":"closed","template":"","meta":{"inline_featured_image":false,"footnotes":""},"yoast_head":"<!-- This site is optimized with the Yoast SEO plugin v20.13 - https:\/\/yoast.com\/wordpress\/plugins\/seo\/ -->\n<title>Megapari Proqram\u0131: \u2705Android v\u0259 iOS \u00fc\u00e7\u00fcn pulsuz y\u00fckl\u0259yin<\/title>\n<meta name=\"description\" content=\"Megapari Az\u0259rbaycan mobil proqram\u0131 ist\u0259nil\u0259n vaxt, ist\u0259nil\u0259n yerd\u0259 sevimli \u0259yl\u0259nc\u0259niz\u0259 daxil olmaq imkan\u0131d\u0131r. Megapari-nin mobil \u00fcst\u00fcnl\u00fckl\u0259rind\u0259n h\u0259zz al\u0131n\" \/>\n<meta name=\"robots\" content=\"index, follow, max-snippet:-1, max-image-preview:large, max-video-preview:-1\" \/>\n<meta property=\"og:locale\" content=\"az_AZ\" \/>\n<meta property=\"og:type\" content=\"article\" \/>\n<meta property=\"og:title\" content=\"Megapari Proqram\u0131: \u2705Android v\u0259 iOS \u00fc\u00e7\u00fcn pulsuz y\u00fckl\u0259yin\" \/>\n<meta property=\"og:description\" content=\"Megapari Az\u0259rbaycan mobil proqram\u0131 ist\u0259nil\u0259n vaxt, ist\u0259nil\u0259n yerd\u0259 sevimli \u0259yl\u0259nc\u0259niz\u0259 daxil olmaq imkan\u0131d\u0131r. Megapari-nin mobil \u00fcst\u00fcnl\u00fckl\u0259rind\u0259n h\u0259zz al\u0131n\" \/>\n<meta property=\"og:url\" content=\"https:\/\/megapari.promo\/az\/app\/\" \/>\n<meta property=\"og:site_name\" content=\"Megapari Win az\" \/>\n<meta property=\"article:modified_time\" content=\"2025-09-11T15:57:56+00:00\" \/>\n<meta name=\"twitter:card\" content=\"summary_large_image\" \/>\n<script type=\"application\/ld+json\" class=\"yoast-schema-graph\">{\"@context\":\"https:\/\/schema.org\",\"@graph\":[{\"@type\":\"WebPage\",\"@id\":\"https:\/\/megapari.promo\/az\/app\/\",\"url\":\"https:\/\/megapari.promo\/az\/app\/\",\"name\":\"Megapari Proqram\u0131: \u2705Android v\u0259 iOS \u00fc\u00e7\u00fcn pulsuz y\u00fckl\u0259yin\",\"isPartOf\":{\"@id\":\"https:\/\/megapari.promo\/az\/#website\"},\"datePublished\":\"2025-04-04T17:01:19+00:00\",\"dateModified\":\"2025-09-11T15:57:56+00:00\",\"description\":\"Megapari Az\u0259rbaycan mobil proqram\u0131 ist\u0259nil\u0259n vaxt, ist\u0259nil\u0259n yerd\u0259 sevimli \u0259yl\u0259nc\u0259niz\u0259 daxil olmaq imkan\u0131d\u0131r. Megapari-nin mobil \u00fcst\u00fcnl\u00fckl\u0259rind\u0259n h\u0259zz al\u0131n\",\"breadcrumb\":{\"@id\":\"https:\/\/megapari.promo\/az\/app\/#breadcrumb\"},\"inLanguage\":\"az\",\"potentialAction\":[{\"@type\":\"ReadAction\",\"target\":[\"https:\/\/megapari.promo\/az\/app\/\"]}]},{\"@type\":\"BreadcrumbList\",\"@id\":\"https:\/\/megapari.promo\/az\/app\/#breadcrumb\",\"itemListElement\":[{\"@type\":\"ListItem\",\"position\":1,\"name\":\"\u0413\u043b\u0430\u0432\u043d\u0430\u044f \u0441\u0442\u0440\u0430\u043d\u0438\u0446\u0430\",\"item\":\"https:\/\/megapari.promo\/az\/\"},{\"@type\":\"ListItem\",\"position\":2,\"name\":\"T\u0259tbiq\"}]},{\"@type\":\"WebSite\",\"@id\":\"https:\/\/megapari.promo\/az\/#website\",\"url\":\"https:\/\/megapari.promo\/az\/\",\"name\":\"Megapari Win az\",\"description\":\"My WordPress Blog\",\"potentialAction\":[{\"@type\":\"SearchAction\",\"target\":{\"@type\":\"EntryPoint\",\"urlTemplate\":\"https:\/\/megapari.promo\/az\/?s={search_term_string}\"},\"query-input\":\"required name=search_term_string\"}],\"inLanguage\":\"az\"}]}<\/script>\n<!-- \/ Yoast SEO plugin. -->","yoast_head_json":{"title":"Megapari Proqram\u0131: \u2705Android v\u0259 iOS \u00fc\u00e7\u00fcn pulsuz y\u00fckl\u0259yin","description":"Megapari Az\u0259rbaycan mobil proqram\u0131 ist\u0259nil\u0259n vaxt, ist\u0259nil\u0259n yerd\u0259 sevimli \u0259yl\u0259nc\u0259niz\u0259 daxil olmaq imkan\u0131d\u0131r. Megapari-nin mobil \u00fcst\u00fcnl\u00fckl\u0259rind\u0259n h\u0259zz al\u0131n","robots":{"index":"index","follow":"follow","max-snippet":"max-snippet:-1","max-image-preview":"max-image-preview:large","max-video-preview":"max-video-preview:-1"},"og_locale":"az_AZ","og_type":"article","og_title":"Megapari Proqram\u0131: \u2705Android v\u0259 iOS \u00fc\u00e7\u00fcn pulsuz y\u00fckl\u0259yin","og_description":"Megapari Az\u0259rbaycan mobil proqram\u0131 ist\u0259nil\u0259n vaxt, ist\u0259nil\u0259n yerd\u0259 sevimli \u0259yl\u0259nc\u0259niz\u0259 daxil olmaq imkan\u0131d\u0131r. Megapari-nin mobil \u00fcst\u00fcnl\u00fckl\u0259rind\u0259n h\u0259zz al\u0131n","og_url":"https:\/\/megapari.promo\/az\/app\/","og_site_name":"Megapari Win az","article_modified_time":"2025-09-11T15:57:56+00:00","twitter_card":"summary_large_image","schema":{"@context":"https:\/\/schema.org","@graph":[{"@type":"WebPage","@id":"https:\/\/megapari.promo\/az\/app\/","url":"https:\/\/megapari.promo\/az\/app\/","name":"Megapari Proqram\u0131: \u2705Android v\u0259 iOS \u00fc\u00e7\u00fcn pulsuz y\u00fckl\u0259yin","isPartOf":{"@id":"https:\/\/megapari.promo\/az\/#website"},"datePublished":"2025-04-04T17:01:19+00:00","dateModified":"2025-09-11T15:57:56+00:00","description":"Megapari Az\u0259rbaycan mobil proqram\u0131 ist\u0259nil\u0259n vaxt, ist\u0259nil\u0259n yerd\u0259 sevimli \u0259yl\u0259nc\u0259niz\u0259 daxil olmaq imkan\u0131d\u0131r. Megapari-nin mobil \u00fcst\u00fcnl\u00fckl\u0259rind\u0259n h\u0259zz al\u0131n","breadcrumb":{"@id":"https:\/\/megapari.promo\/az\/app\/#breadcrumb"},"inLanguage":"az","potentialAction":[{"@type":"ReadAction","target":["https:\/\/megapari.promo\/az\/app\/"]}]},{"@type":"BreadcrumbList","@id":"https:\/\/megapari.promo\/az\/app\/#breadcrumb","itemListElement":[{"@type":"ListItem","position":1,"name":"\u0413\u043b\u0430\u0432\u043d\u0430\u044f \u0441\u0442\u0440\u0430\u043d\u0438\u0446\u0430","item":"https:\/\/megapari.promo\/az\/"},{"@type":"ListItem","position":2,"name":"T\u0259tbiq"}]},{"@type":"WebSite","@id":"https:\/\/megapari.promo\/az\/#website","url":"https:\/\/megapari.promo\/az\/","name":"Megapari Win az","description":"My WordPress Blog","potentialAction":[{"@type":"SearchAction","target":{"@type":"EntryPoint","urlTemplate":"https:\/\/megapari.promo\/az\/?s={search_term_string}"},"query-input":"required name=search_term_string"}],"inLanguage":"az"}]}},"_links":{"self":[{"href":"https:\/\/megapari.promo\/az\/wp-json\/wp\/v2\/pages\/296"}],"collection":[{"href":"https:\/\/megapari.promo\/az\/wp-json\/wp\/v2\/pages"}],"about":[{"href":"https:\/\/megapari.promo\/az\/wp-json\/wp\/v2\/types\/page"}],"author":[{"embeddable":true,"href":"https:\/\/megapari.promo\/az\/wp-json\/wp\/v2\/users\/1"}],"replies":[{"embeddable":true,"href":"https:\/\/megapari.promo\/az\/wp-json\/wp\/v2\/comments?post=296"}],"version-history":[{"count":10,"href":"https:\/\/megapari.promo\/az\/wp-json\/wp\/v2\/pages\/296\/revisions"}],"predecessor-version":[{"id":600,"href":"https:\/\/megapari.promo\/az\/wp-json\/wp\/v2\/pages\/296\/revisions\/600"}],"wp:attachment":[{"href":"https:\/\/megapari.promo\/az\/wp-json\/wp\/v2\/media?parent=296"}],"curies":[{"name":"wp","href":"https:\/\/api.w.org\/{rel}","templated":true}]}}