{"id":310,"date":"2025-04-06T13:08:02","date_gmt":"2025-04-06T13:08:02","guid":{"rendered":"https:\/\/megapari.promo\/az\/?page_id=310"},"modified":"2025-09-11T15:39:07","modified_gmt":"2025-09-11T15:39:07","slug":"apk","status":"publish","type":"page","link":"https:\/\/megapari.promo\/az\/apk\/","title":{"rendered":"Apk"},"content":{"rendered":"","protected":false},"excerpt":{"rendered":"","protected":false},"author":1,"featured_media":0,"parent":0,"menu_order":0,"comment_status":"closed","ping_status":"closed","template":"","meta":{"inline_featured_image":false,"footnotes":""},"yoast_head":"<!-- This site is optimized with the Yoast SEO plugin v20.13 - https:\/\/yoast.com\/wordpress\/plugins\/seo\/ -->\n<title>Megapari Apk Az\u0259rbaycan \u25b6\ufe0f Nec\u0259 Y\u00fckl\u0259m\u0259k v\u0259 Oynamaq olar<\/title>\n<meta name=\"description\" content=\"Megapari apk yolda m\u0259rc d\u00fckanlar\u0131na v\u0259 kazinolara daxil olmaq \u00fc\u00e7\u00fcn \u0259lveri\u015fli bir yoldur. Android \u00fc\u00e7\u00fcn Megapari Apk optimalla\u015fd\u0131r\u0131lm\u0131\u015f interfeys v\u0259 ekskl\u00fcziv bonus t\u0259klifi t\u0259klif edir\" \/>\n<meta name=\"robots\" content=\"index, follow, max-snippet:-1, max-image-preview:large, max-video-preview:-1\" \/>\n<meta property=\"og:locale\" content=\"az_AZ\" \/>\n<meta property=\"og:type\" content=\"article\" \/>\n<meta property=\"og:title\" content=\"Megapari Apk Az\u0259rbaycan \u25b6\ufe0f Nec\u0259 Y\u00fckl\u0259m\u0259k v\u0259 Oynamaq olar\" \/>\n<meta property=\"og:description\" content=\"Megapari apk yolda m\u0259rc d\u00fckanlar\u0131na v\u0259 kazinolara daxil olmaq \u00fc\u00e7\u00fcn \u0259lveri\u015fli bir yoldur. Android \u00fc\u00e7\u00fcn Megapari Apk optimalla\u015fd\u0131r\u0131lm\u0131\u015f interfeys v\u0259 ekskl\u00fcziv bonus t\u0259klifi t\u0259klif edir\" \/>\n<meta property=\"og:url\" content=\"https:\/\/megapari.promo\/az\/apk\/\" \/>\n<meta property=\"og:site_name\" content=\"Megapari Win az\" \/>\n<meta property=\"article:modified_time\" content=\"2025-09-11T15:39:07+00:00\" \/>\n<meta name=\"twitter:card\" content=\"summary_large_image\" \/>\n<script type=\"application\/ld+json\" class=\"yoast-schema-graph\">{\"@context\":\"https:\/\/schema.org\",\"@graph\":[{\"@type\":\"WebPage\",\"@id\":\"https:\/\/megapari.promo\/az\/apk\/\",\"url\":\"https:\/\/megapari.promo\/az\/apk\/\",\"name\":\"Megapari Apk Az\u0259rbaycan \u25b6\ufe0f Nec\u0259 Y\u00fckl\u0259m\u0259k v\u0259 Oynamaq olar\",\"isPartOf\":{\"@id\":\"https:\/\/megapari.promo\/az\/#website\"},\"datePublished\":\"2025-04-06T13:08:02+00:00\",\"dateModified\":\"2025-09-11T15:39:07+00:00\",\"description\":\"Megapari apk yolda m\u0259rc d\u00fckanlar\u0131na v\u0259 kazinolara daxil olmaq \u00fc\u00e7\u00fcn \u0259lveri\u015fli bir yoldur. Android \u00fc\u00e7\u00fcn Megapari Apk optimalla\u015fd\u0131r\u0131lm\u0131\u015f interfeys v\u0259 ekskl\u00fcziv bonus t\u0259klifi t\u0259klif edir\",\"breadcrumb\":{\"@id\":\"https:\/\/megapari.promo\/az\/apk\/#breadcrumb\"},\"inLanguage\":\"az\",\"potentialAction\":[{\"@type\":\"ReadAction\",\"target\":[\"https:\/\/megapari.promo\/az\/apk\/\"]}]},{\"@type\":\"BreadcrumbList\",\"@id\":\"https:\/\/megapari.promo\/az\/apk\/#breadcrumb\",\"itemListElement\":[{\"@type\":\"ListItem\",\"position\":1,\"name\":\"\u0413\u043b\u0430\u0432\u043d\u0430\u044f \u0441\u0442\u0440\u0430\u043d\u0438\u0446\u0430\",\"item\":\"https:\/\/megapari.promo\/az\/\"},{\"@type\":\"ListItem\",\"position\":2,\"name\":\"Apk\"}]},{\"@type\":\"WebSite\",\"@id\":\"https:\/\/megapari.promo\/az\/#website\",\"url\":\"https:\/\/megapari.promo\/az\/\",\"name\":\"Megapari Win az\",\"description\":\"My WordPress Blog\",\"potentialAction\":[{\"@type\":\"SearchAction\",\"target\":{\"@type\":\"EntryPoint\",\"urlTemplate\":\"https:\/\/megapari.promo\/az\/?s={search_term_string}\"},\"query-input\":\"required name=search_term_string\"}],\"inLanguage\":\"az\"}]}<\/script>\n<!-- \/ Yoast SEO plugin. -->","yoast_head_json":{"title":"Megapari Apk Az\u0259rbaycan \u25b6\ufe0f Nec\u0259 Y\u00fckl\u0259m\u0259k v\u0259 Oynamaq olar","description":"Megapari apk yolda m\u0259rc d\u00fckanlar\u0131na v\u0259 kazinolara daxil olmaq \u00fc\u00e7\u00fcn \u0259lveri\u015fli bir yoldur. Android \u00fc\u00e7\u00fcn Megapari Apk optimalla\u015fd\u0131r\u0131lm\u0131\u015f interfeys v\u0259 ekskl\u00fcziv bonus t\u0259klifi t\u0259klif edir","robots":{"index":"index","follow":"follow","max-snippet":"max-snippet:-1","max-image-preview":"max-image-preview:large","max-video-preview":"max-video-preview:-1"},"og_locale":"az_AZ","og_type":"article","og_title":"Megapari Apk Az\u0259rbaycan \u25b6\ufe0f Nec\u0259 Y\u00fckl\u0259m\u0259k v\u0259 Oynamaq olar","og_description":"Megapari apk yolda m\u0259rc d\u00fckanlar\u0131na v\u0259 kazinolara daxil olmaq \u00fc\u00e7\u00fcn \u0259lveri\u015fli bir yoldur. Android \u00fc\u00e7\u00fcn Megapari Apk optimalla\u015fd\u0131r\u0131lm\u0131\u015f interfeys v\u0259 ekskl\u00fcziv bonus t\u0259klifi t\u0259klif edir","og_url":"https:\/\/megapari.promo\/az\/apk\/","og_site_name":"Megapari Win az","article_modified_time":"2025-09-11T15:39:07+00:00","twitter_card":"summary_large_image","schema":{"@context":"https:\/\/schema.org","@graph":[{"@type":"WebPage","@id":"https:\/\/megapari.promo\/az\/apk\/","url":"https:\/\/megapari.promo\/az\/apk\/","name":"Megapari Apk Az\u0259rbaycan \u25b6\ufe0f Nec\u0259 Y\u00fckl\u0259m\u0259k v\u0259 Oynamaq olar","isPartOf":{"@id":"https:\/\/megapari.promo\/az\/#website"},"datePublished":"2025-04-06T13:08:02+00:00","dateModified":"2025-09-11T15:39:07+00:00","description":"Megapari apk yolda m\u0259rc d\u00fckanlar\u0131na v\u0259 kazinolara daxil olmaq \u00fc\u00e7\u00fcn \u0259lveri\u015fli bir yoldur. Android \u00fc\u00e7\u00fcn Megapari Apk optimalla\u015fd\u0131r\u0131lm\u0131\u015f interfeys v\u0259 ekskl\u00fcziv bonus t\u0259klifi t\u0259klif edir","breadcrumb":{"@id":"https:\/\/megapari.promo\/az\/apk\/#breadcrumb"},"inLanguage":"az","potentialAction":[{"@type":"ReadAction","target":["https:\/\/megapari.promo\/az\/apk\/"]}]},{"@type":"BreadcrumbList","@id":"https:\/\/megapari.promo\/az\/apk\/#breadcrumb","itemListElement":[{"@type":"ListItem","position":1,"name":"\u0413\u043b\u0430\u0432\u043d\u0430\u044f \u0441\u0442\u0440\u0430\u043d\u0438\u0446\u0430","item":"https:\/\/megapari.promo\/az\/"},{"@type":"ListItem","position":2,"name":"Apk"}]},{"@type":"WebSite","@id":"https:\/\/megapari.promo\/az\/#website","url":"https:\/\/megapari.promo\/az\/","name":"Megapari Win az","description":"My WordPress Blog","potentialAction":[{"@type":"SearchAction","target":{"@type":"EntryPoint","urlTemplate":"https:\/\/megapari.promo\/az\/?s={search_term_string}"},"query-input":"required name=search_term_string"}],"inLanguage":"az"}]}},"_links":{"self":[{"href":"https:\/\/megapari.promo\/az\/wp-json\/wp\/v2\/pages\/310"}],"collection":[{"href":"https:\/\/megapari.promo\/az\/wp-json\/wp\/v2\/pages"}],"about":[{"href":"https:\/\/megapari.promo\/az\/wp-json\/wp\/v2\/types\/page"}],"author":[{"embeddable":true,"href":"https:\/\/megapari.promo\/az\/wp-json\/wp\/v2\/users\/1"}],"replies":[{"embeddable":true,"href":"https:\/\/megapari.promo\/az\/wp-json\/wp\/v2\/comments?post=310"}],"version-history":[{"count":12,"href":"https:\/\/megapari.promo\/az\/wp-json\/wp\/v2\/pages\/310\/revisions"}],"predecessor-version":[{"id":598,"href":"https:\/\/megapari.promo\/az\/wp-json\/wp\/v2\/pages\/310\/revisions\/598"}],"wp:attachment":[{"href":"https:\/\/megapari.promo\/az\/wp-json\/wp\/v2\/media?parent=310"}],"curies":[{"name":"wp","href":"https:\/\/api.w.org\/{rel}","templated":true}]}}