{"id":389,"date":"2025-04-10T05:04:24","date_gmt":"2025-04-10T05:04:24","guid":{"rendered":"https:\/\/megapari.promo\/az\/?page_id=389"},"modified":"2025-09-11T16:58:03","modified_gmt":"2025-09-11T16:58:03","slug":"login","status":"publish","type":"page","link":"https:\/\/megapari.promo\/az\/login\/","title":{"rendered":"Daxil ol"},"content":{"rendered":"","protected":false},"excerpt":{"rendered":"","protected":false},"author":1,"featured_media":0,"parent":0,"menu_order":0,"comment_status":"closed","ping_status":"closed","template":"","meta":{"inline_featured_image":false,"footnotes":""},"yoast_head":"<!-- This site is optimized with the Yoast SEO plugin v20.13 - https:\/\/yoast.com\/wordpress\/plugins\/seo\/ -->\n<title>Megapari Giri\u015f: Bahis v\u0259 Kazinoya Giri\u015f | Add\u0131m-add\u0131m b\u0259l\u0259d\u00e7i<\/title>\n<meta name=\"description\" content=\"Megapari Az\u0259rbaycan y\u0259 add\u0131m-add\u0131m giri\u015f prosesi - hesab\u0131n\u0131za nec\u0259 daxil olmaq olar - Megapari-y\u0259 daxil olun v\u0259 2 600 AZN-\u0259 q\u0259d\u0259r qar\u015f\u0131lama paketi v\u0259 150 \u200b\u200bpulsuz f\u0131rlanma \u0259ld\u0259 edin.\" \/>\n<meta name=\"robots\" content=\"index, follow, max-snippet:-1, max-image-preview:large, max-video-preview:-1\" \/>\n<meta property=\"og:locale\" content=\"az_AZ\" \/>\n<meta property=\"og:type\" content=\"article\" \/>\n<meta property=\"og:title\" content=\"Megapari Giri\u015f: Bahis v\u0259 Kazinoya Giri\u015f | Add\u0131m-add\u0131m b\u0259l\u0259d\u00e7i\" \/>\n<meta property=\"og:description\" content=\"Megapari Az\u0259rbaycan y\u0259 add\u0131m-add\u0131m giri\u015f prosesi - hesab\u0131n\u0131za nec\u0259 daxil olmaq olar - Megapari-y\u0259 daxil olun v\u0259 2 600 AZN-\u0259 q\u0259d\u0259r qar\u015f\u0131lama paketi v\u0259 150 \u200b\u200bpulsuz f\u0131rlanma \u0259ld\u0259 edin.\" \/>\n<meta property=\"og:url\" content=\"https:\/\/megapari.promo\/az\/login\/\" \/>\n<meta property=\"og:site_name\" content=\"Megapari Win az\" \/>\n<meta property=\"article:modified_time\" content=\"2025-09-11T16:58:03+00:00\" \/>\n<meta name=\"twitter:card\" content=\"summary_large_image\" \/>\n<script type=\"application\/ld+json\" class=\"yoast-schema-graph\">{\"@context\":\"https:\/\/schema.org\",\"@graph\":[{\"@type\":\"WebPage\",\"@id\":\"https:\/\/megapari.promo\/az\/login\/\",\"url\":\"https:\/\/megapari.promo\/az\/login\/\",\"name\":\"Megapari Giri\u015f: Bahis v\u0259 Kazinoya Giri\u015f | Add\u0131m-add\u0131m b\u0259l\u0259d\u00e7i\",\"isPartOf\":{\"@id\":\"https:\/\/megapari.promo\/az\/#website\"},\"datePublished\":\"2025-04-10T05:04:24+00:00\",\"dateModified\":\"2025-09-11T16:58:03+00:00\",\"description\":\"Megapari Az\u0259rbaycan y\u0259 add\u0131m-add\u0131m giri\u015f prosesi - hesab\u0131n\u0131za nec\u0259 daxil olmaq olar - Megapari-y\u0259 daxil olun v\u0259 2 600 AZN-\u0259 q\u0259d\u0259r qar\u015f\u0131lama paketi v\u0259 150 \u200b\u200bpulsuz f\u0131rlanma \u0259ld\u0259 edin.\",\"breadcrumb\":{\"@id\":\"https:\/\/megapari.promo\/az\/login\/#breadcrumb\"},\"inLanguage\":\"az\",\"potentialAction\":[{\"@type\":\"ReadAction\",\"target\":[\"https:\/\/megapari.promo\/az\/login\/\"]}]},{\"@type\":\"BreadcrumbList\",\"@id\":\"https:\/\/megapari.promo\/az\/login\/#breadcrumb\",\"itemListElement\":[{\"@type\":\"ListItem\",\"position\":1,\"name\":\"\u0413\u043b\u0430\u0432\u043d\u0430\u044f \u0441\u0442\u0440\u0430\u043d\u0438\u0446\u0430\",\"item\":\"https:\/\/megapari.promo\/az\/\"},{\"@type\":\"ListItem\",\"position\":2,\"name\":\"Daxil ol\"}]},{\"@type\":\"WebSite\",\"@id\":\"https:\/\/megapari.promo\/az\/#website\",\"url\":\"https:\/\/megapari.promo\/az\/\",\"name\":\"Megapari Win az\",\"description\":\"My WordPress Blog\",\"potentialAction\":[{\"@type\":\"SearchAction\",\"target\":{\"@type\":\"EntryPoint\",\"urlTemplate\":\"https:\/\/megapari.promo\/az\/?s={search_term_string}\"},\"query-input\":\"required name=search_term_string\"}],\"inLanguage\":\"az\"}]}<\/script>\n<!-- \/ Yoast SEO plugin. -->","yoast_head_json":{"title":"Megapari Giri\u015f: Bahis v\u0259 Kazinoya Giri\u015f | Add\u0131m-add\u0131m b\u0259l\u0259d\u00e7i","description":"Megapari Az\u0259rbaycan y\u0259 add\u0131m-add\u0131m giri\u015f prosesi - hesab\u0131n\u0131za nec\u0259 daxil olmaq olar - Megapari-y\u0259 daxil olun v\u0259 2 600 AZN-\u0259 q\u0259d\u0259r qar\u015f\u0131lama paketi v\u0259 150 \u200b\u200bpulsuz f\u0131rlanma \u0259ld\u0259 edin.","robots":{"index":"index","follow":"follow","max-snippet":"max-snippet:-1","max-image-preview":"max-image-preview:large","max-video-preview":"max-video-preview:-1"},"og_locale":"az_AZ","og_type":"article","og_title":"Megapari Giri\u015f: Bahis v\u0259 Kazinoya Giri\u015f | Add\u0131m-add\u0131m b\u0259l\u0259d\u00e7i","og_description":"Megapari Az\u0259rbaycan y\u0259 add\u0131m-add\u0131m giri\u015f prosesi - hesab\u0131n\u0131za nec\u0259 daxil olmaq olar - Megapari-y\u0259 daxil olun v\u0259 2 600 AZN-\u0259 q\u0259d\u0259r qar\u015f\u0131lama paketi v\u0259 150 \u200b\u200bpulsuz f\u0131rlanma \u0259ld\u0259 edin.","og_url":"https:\/\/megapari.promo\/az\/login\/","og_site_name":"Megapari Win az","article_modified_time":"2025-09-11T16:58:03+00:00","twitter_card":"summary_large_image","schema":{"@context":"https:\/\/schema.org","@graph":[{"@type":"WebPage","@id":"https:\/\/megapari.promo\/az\/login\/","url":"https:\/\/megapari.promo\/az\/login\/","name":"Megapari Giri\u015f: Bahis v\u0259 Kazinoya Giri\u015f | Add\u0131m-add\u0131m b\u0259l\u0259d\u00e7i","isPartOf":{"@id":"https:\/\/megapari.promo\/az\/#website"},"datePublished":"2025-04-10T05:04:24+00:00","dateModified":"2025-09-11T16:58:03+00:00","description":"Megapari Az\u0259rbaycan y\u0259 add\u0131m-add\u0131m giri\u015f prosesi - hesab\u0131n\u0131za nec\u0259 daxil olmaq olar - Megapari-y\u0259 daxil olun v\u0259 2 600 AZN-\u0259 q\u0259d\u0259r qar\u015f\u0131lama paketi v\u0259 150 \u200b\u200bpulsuz f\u0131rlanma \u0259ld\u0259 edin.","breadcrumb":{"@id":"https:\/\/megapari.promo\/az\/login\/#breadcrumb"},"inLanguage":"az","potentialAction":[{"@type":"ReadAction","target":["https:\/\/megapari.promo\/az\/login\/"]}]},{"@type":"BreadcrumbList","@id":"https:\/\/megapari.promo\/az\/login\/#breadcrumb","itemListElement":[{"@type":"ListItem","position":1,"name":"\u0413\u043b\u0430\u0432\u043d\u0430\u044f \u0441\u0442\u0440\u0430\u043d\u0438\u0446\u0430","item":"https:\/\/megapari.promo\/az\/"},{"@type":"ListItem","position":2,"name":"Daxil ol"}]},{"@type":"WebSite","@id":"https:\/\/megapari.promo\/az\/#website","url":"https:\/\/megapari.promo\/az\/","name":"Megapari Win az","description":"My WordPress Blog","potentialAction":[{"@type":"SearchAction","target":{"@type":"EntryPoint","urlTemplate":"https:\/\/megapari.promo\/az\/?s={search_term_string}"},"query-input":"required name=search_term_string"}],"inLanguage":"az"}]}},"_links":{"self":[{"href":"https:\/\/megapari.promo\/az\/wp-json\/wp\/v2\/pages\/389"}],"collection":[{"href":"https:\/\/megapari.promo\/az\/wp-json\/wp\/v2\/pages"}],"about":[{"href":"https:\/\/megapari.promo\/az\/wp-json\/wp\/v2\/types\/page"}],"author":[{"embeddable":true,"href":"https:\/\/megapari.promo\/az\/wp-json\/wp\/v2\/users\/1"}],"replies":[{"embeddable":true,"href":"https:\/\/megapari.promo\/az\/wp-json\/wp\/v2\/comments?post=389"}],"version-history":[{"count":8,"href":"https:\/\/megapari.promo\/az\/wp-json\/wp\/v2\/pages\/389\/revisions"}],"predecessor-version":[{"id":604,"href":"https:\/\/megapari.promo\/az\/wp-json\/wp\/v2\/pages\/389\/revisions\/604"}],"wp:attachment":[{"href":"https:\/\/megapari.promo\/az\/wp-json\/wp\/v2\/media?parent=389"}],"curies":[{"name":"wp","href":"https:\/\/api.w.org\/{rel}","templated":true}]}}