{"id":452,"date":"2025-06-24T06:29:33","date_gmt":"2025-06-24T06:29:33","guid":{"rendered":"https:\/\/megapari.promo\/az\/?page_id=452"},"modified":"2025-10-04T08:37:36","modified_gmt":"2025-10-04T08:37:36","slug":"world-cup-freebet","status":"publish","type":"page","link":"https:\/\/megapari.promo\/az\/bonus\/world-cup-freebet\/","title":{"rendered":"D\u00fcnya Kuboku Pulsuz Bahis"},"content":{"rendered":"","protected":false},"excerpt":{"rendered":"","protected":false},"author":1,"featured_media":0,"parent":152,"menu_order":0,"comment_status":"closed","ping_status":"closed","template":"","meta":{"inline_featured_image":false,"footnotes":""},"yoast_head":"<!-- This site is optimized with the Yoast SEO plugin v20.13 - https:\/\/yoast.com\/wordpress\/plugins\/seo\/ -->\n<title>Megapari FIFA World Cup \u1409 Pulsuz m\u0259rcl\u0259r + 170 000 AZN!<\/title>\n<meta name=\"description\" content=\"Megapari il\u0259 Klublararas\u0131 D\u00fcnya \u00c7empionat\u0131na haz\u0131rla\u015f\u0131n! 170 000 AZN-lik lotereyada i\u015ftirak edin v\u0259 17 AZN-lik pulsuz m\u0259rcl\u0259r qazan\u0131n. Futbol \u015f\u0259nliyinin bir hiss\u0259si olmaq v\u0259 b\u00f6y\u00fck q\u0259l\u0259b\u0259 qazanma\u011f\u0131 \u00f6yr\u0259nin!\" \/>\n<meta name=\"robots\" content=\"index, follow, max-snippet:-1, max-image-preview:large, max-video-preview:-1\" \/>\n<meta property=\"og:locale\" content=\"az_AZ\" \/>\n<meta property=\"og:type\" content=\"article\" \/>\n<meta property=\"og:title\" content=\"Megapari FIFA World Cup \u1409 Pulsuz m\u0259rcl\u0259r + 170 000 AZN!\" \/>\n<meta property=\"og:description\" content=\"Megapari il\u0259 Klublararas\u0131 D\u00fcnya \u00c7empionat\u0131na haz\u0131rla\u015f\u0131n! 170 000 AZN-lik lotereyada i\u015ftirak edin v\u0259 17 AZN-lik pulsuz m\u0259rcl\u0259r qazan\u0131n. Futbol \u015f\u0259nliyinin bir hiss\u0259si olmaq v\u0259 b\u00f6y\u00fck q\u0259l\u0259b\u0259 qazanma\u011f\u0131 \u00f6yr\u0259nin!\" \/>\n<meta property=\"og:url\" content=\"https:\/\/megapari.promo\/az\/bonus\/world-cup-freebet\/\" \/>\n<meta property=\"og:site_name\" content=\"Megapari Win az\" \/>\n<meta property=\"article:modified_time\" content=\"2025-10-04T08:37:36+00:00\" \/>\n<meta name=\"twitter:card\" content=\"summary_large_image\" \/>\n<script type=\"application\/ld+json\" class=\"yoast-schema-graph\">{\"@context\":\"https:\/\/schema.org\",\"@graph\":[{\"@type\":\"WebPage\",\"@id\":\"https:\/\/megapari.promo\/az\/bonus\/world-cup-freebet\/\",\"url\":\"https:\/\/megapari.promo\/az\/bonus\/world-cup-freebet\/\",\"name\":\"Megapari FIFA World Cup \u1409 Pulsuz m\u0259rcl\u0259r + 170 000 AZN!\",\"isPartOf\":{\"@id\":\"https:\/\/megapari.promo\/az\/#website\"},\"datePublished\":\"2025-06-24T06:29:33+00:00\",\"dateModified\":\"2025-10-04T08:37:36+00:00\",\"description\":\"Megapari il\u0259 Klublararas\u0131 D\u00fcnya \u00c7empionat\u0131na haz\u0131rla\u015f\u0131n! 170 000 AZN-lik lotereyada i\u015ftirak edin v\u0259 17 AZN-lik pulsuz m\u0259rcl\u0259r qazan\u0131n. Futbol \u015f\u0259nliyinin bir hiss\u0259si olmaq v\u0259 b\u00f6y\u00fck q\u0259l\u0259b\u0259 qazanma\u011f\u0131 \u00f6yr\u0259nin!\",\"breadcrumb\":{\"@id\":\"https:\/\/megapari.promo\/az\/bonus\/world-cup-freebet\/#breadcrumb\"},\"inLanguage\":\"az\",\"potentialAction\":[{\"@type\":\"ReadAction\",\"target\":[\"https:\/\/megapari.promo\/az\/bonus\/world-cup-freebet\/\"]}]},{\"@type\":\"BreadcrumbList\",\"@id\":\"https:\/\/megapari.promo\/az\/bonus\/world-cup-freebet\/#breadcrumb\",\"itemListElement\":[{\"@type\":\"ListItem\",\"position\":1,\"name\":\"\u0413\u043b\u0430\u0432\u043d\u0430\u044f \u0441\u0442\u0440\u0430\u043d\u0438\u0446\u0430\",\"item\":\"https:\/\/megapari.promo\/az\/\"},{\"@type\":\"ListItem\",\"position\":2,\"name\":\"Bonus\",\"item\":\"https:\/\/megapari.promo\/az\/bonus\/\"},{\"@type\":\"ListItem\",\"position\":3,\"name\":\"D\u00fcnya Kuboku Pulsuz Bahis\"}]},{\"@type\":\"WebSite\",\"@id\":\"https:\/\/megapari.promo\/az\/#website\",\"url\":\"https:\/\/megapari.promo\/az\/\",\"name\":\"Megapari Win az\",\"description\":\"My WordPress Blog\",\"potentialAction\":[{\"@type\":\"SearchAction\",\"target\":{\"@type\":\"EntryPoint\",\"urlTemplate\":\"https:\/\/megapari.promo\/az\/?s={search_term_string}\"},\"query-input\":\"required name=search_term_string\"}],\"inLanguage\":\"az\"}]}<\/script>\n<!-- \/ Yoast SEO plugin. -->","yoast_head_json":{"title":"Megapari FIFA World Cup \u1409 Pulsuz m\u0259rcl\u0259r + 170 000 AZN!","description":"Megapari il\u0259 Klublararas\u0131 D\u00fcnya \u00c7empionat\u0131na haz\u0131rla\u015f\u0131n! 170 000 AZN-lik lotereyada i\u015ftirak edin v\u0259 17 AZN-lik pulsuz m\u0259rcl\u0259r qazan\u0131n. Futbol \u015f\u0259nliyinin bir hiss\u0259si olmaq v\u0259 b\u00f6y\u00fck q\u0259l\u0259b\u0259 qazanma\u011f\u0131 \u00f6yr\u0259nin!","robots":{"index":"index","follow":"follow","max-snippet":"max-snippet:-1","max-image-preview":"max-image-preview:large","max-video-preview":"max-video-preview:-1"},"og_locale":"az_AZ","og_type":"article","og_title":"Megapari FIFA World Cup \u1409 Pulsuz m\u0259rcl\u0259r + 170 000 AZN!","og_description":"Megapari il\u0259 Klublararas\u0131 D\u00fcnya \u00c7empionat\u0131na haz\u0131rla\u015f\u0131n! 170 000 AZN-lik lotereyada i\u015ftirak edin v\u0259 17 AZN-lik pulsuz m\u0259rcl\u0259r qazan\u0131n. Futbol \u015f\u0259nliyinin bir hiss\u0259si olmaq v\u0259 b\u00f6y\u00fck q\u0259l\u0259b\u0259 qazanma\u011f\u0131 \u00f6yr\u0259nin!","og_url":"https:\/\/megapari.promo\/az\/bonus\/world-cup-freebet\/","og_site_name":"Megapari Win az","article_modified_time":"2025-10-04T08:37:36+00:00","twitter_card":"summary_large_image","schema":{"@context":"https:\/\/schema.org","@graph":[{"@type":"WebPage","@id":"https:\/\/megapari.promo\/az\/bonus\/world-cup-freebet\/","url":"https:\/\/megapari.promo\/az\/bonus\/world-cup-freebet\/","name":"Megapari FIFA World Cup \u1409 Pulsuz m\u0259rcl\u0259r + 170 000 AZN!","isPartOf":{"@id":"https:\/\/megapari.promo\/az\/#website"},"datePublished":"2025-06-24T06:29:33+00:00","dateModified":"2025-10-04T08:37:36+00:00","description":"Megapari il\u0259 Klublararas\u0131 D\u00fcnya \u00c7empionat\u0131na haz\u0131rla\u015f\u0131n! 170 000 AZN-lik lotereyada i\u015ftirak edin v\u0259 17 AZN-lik pulsuz m\u0259rcl\u0259r qazan\u0131n. Futbol \u015f\u0259nliyinin bir hiss\u0259si olmaq v\u0259 b\u00f6y\u00fck q\u0259l\u0259b\u0259 qazanma\u011f\u0131 \u00f6yr\u0259nin!","breadcrumb":{"@id":"https:\/\/megapari.promo\/az\/bonus\/world-cup-freebet\/#breadcrumb"},"inLanguage":"az","potentialAction":[{"@type":"ReadAction","target":["https:\/\/megapari.promo\/az\/bonus\/world-cup-freebet\/"]}]},{"@type":"BreadcrumbList","@id":"https:\/\/megapari.promo\/az\/bonus\/world-cup-freebet\/#breadcrumb","itemListElement":[{"@type":"ListItem","position":1,"name":"\u0413\u043b\u0430\u0432\u043d\u0430\u044f \u0441\u0442\u0440\u0430\u043d\u0438\u0446\u0430","item":"https:\/\/megapari.promo\/az\/"},{"@type":"ListItem","position":2,"name":"Bonus","item":"https:\/\/megapari.promo\/az\/bonus\/"},{"@type":"ListItem","position":3,"name":"D\u00fcnya Kuboku Pulsuz Bahis"}]},{"@type":"WebSite","@id":"https:\/\/megapari.promo\/az\/#website","url":"https:\/\/megapari.promo\/az\/","name":"Megapari Win az","description":"My WordPress Blog","potentialAction":[{"@type":"SearchAction","target":{"@type":"EntryPoint","urlTemplate":"https:\/\/megapari.promo\/az\/?s={search_term_string}"},"query-input":"required name=search_term_string"}],"inLanguage":"az"}]}},"_links":{"self":[{"href":"https:\/\/megapari.promo\/az\/wp-json\/wp\/v2\/pages\/452"}],"collection":[{"href":"https:\/\/megapari.promo\/az\/wp-json\/wp\/v2\/pages"}],"about":[{"href":"https:\/\/megapari.promo\/az\/wp-json\/wp\/v2\/types\/page"}],"author":[{"embeddable":true,"href":"https:\/\/megapari.promo\/az\/wp-json\/wp\/v2\/users\/1"}],"replies":[{"embeddable":true,"href":"https:\/\/megapari.promo\/az\/wp-json\/wp\/v2\/comments?post=452"}],"version-history":[{"count":6,"href":"https:\/\/megapari.promo\/az\/wp-json\/wp\/v2\/pages\/452\/revisions"}],"predecessor-version":[{"id":614,"href":"https:\/\/megapari.promo\/az\/wp-json\/wp\/v2\/pages\/452\/revisions\/614"}],"up":[{"embeddable":true,"href":"https:\/\/megapari.promo\/az\/wp-json\/wp\/v2\/pages\/152"}],"wp:attachment":[{"href":"https:\/\/megapari.promo\/az\/wp-json\/wp\/v2\/media?parent=452"}],"curies":[{"name":"wp","href":"https:\/\/api.w.org\/{rel}","templated":true}]}}