{"id":462,"date":"2025-06-24T07:14:50","date_gmt":"2025-06-24T07:14:50","guid":{"rendered":"https:\/\/megapari.promo\/az\/?page_id=462"},"modified":"2025-10-04T08:38:13","modified_gmt":"2025-10-04T08:38:13","slug":"first-deposit-freebet","status":"publish","type":"page","link":"https:\/\/megapari.promo\/az\/bonus\/first-deposit-freebet\/","title":{"rendered":"\u0130lk Depozit Pulsuz Bahis"},"content":{"rendered":"","protected":false},"excerpt":{"rendered":"","protected":false},"author":1,"featured_media":0,"parent":152,"menu_order":0,"comment_status":"closed","ping_status":"closed","template":"","meta":{"inline_featured_image":false,"footnotes":""},"yoast_head":"<!-- This site is optimized with the Yoast SEO plugin v20.13 - https:\/\/yoast.com\/wordpress\/plugins\/seo\/ -->\n<title>Megapari \u0130lk Depozit Pulsuz Bahis \u1409 170 AZN-\u0259 q\u0259d\u0259r qazan\u0131n<\/title>\n<meta name=\"description\" content=\"Megapari-d\u0259 ilk depozitiniz \u00fc\u00e7\u00fcn 170 AZN-\u0259 q\u0259d\u0259r pulsuz m\u0259rc \u0259ld\u0259 edin! Xo\u015f g\u0259lmisiniz bonusunuzu nec\u0259 se\u00e7\u0259c\u0259yinizi \u00f6yr\u0259nin, asanl\u0131qla m\u0259rc edin v\u0259 qazanma\u011fa ba\u015flay\u0131n. Sad\u0259 v\u0259 s\u0259rf\u0259li!\" \/>\n<meta name=\"robots\" content=\"index, follow, max-snippet:-1, max-image-preview:large, max-video-preview:-1\" \/>\n<meta property=\"og:locale\" content=\"az_AZ\" \/>\n<meta property=\"og:type\" content=\"article\" \/>\n<meta property=\"og:title\" content=\"Megapari \u0130lk Depozit Pulsuz Bahis \u1409 170 AZN-\u0259 q\u0259d\u0259r qazan\u0131n\" \/>\n<meta property=\"og:description\" content=\"Megapari-d\u0259 ilk depozitiniz \u00fc\u00e7\u00fcn 170 AZN-\u0259 q\u0259d\u0259r pulsuz m\u0259rc \u0259ld\u0259 edin! Xo\u015f g\u0259lmisiniz bonusunuzu nec\u0259 se\u00e7\u0259c\u0259yinizi \u00f6yr\u0259nin, asanl\u0131qla m\u0259rc edin v\u0259 qazanma\u011fa ba\u015flay\u0131n. Sad\u0259 v\u0259 s\u0259rf\u0259li!\" \/>\n<meta property=\"og:url\" content=\"https:\/\/megapari.promo\/az\/bonus\/first-deposit-freebet\/\" \/>\n<meta property=\"og:site_name\" content=\"Megapari Win az\" \/>\n<meta property=\"article:modified_time\" content=\"2025-10-04T08:38:13+00:00\" \/>\n<meta name=\"twitter:card\" content=\"summary_large_image\" \/>\n<script type=\"application\/ld+json\" class=\"yoast-schema-graph\">{\"@context\":\"https:\/\/schema.org\",\"@graph\":[{\"@type\":\"WebPage\",\"@id\":\"https:\/\/megapari.promo\/az\/bonus\/first-deposit-freebet\/\",\"url\":\"https:\/\/megapari.promo\/az\/bonus\/first-deposit-freebet\/\",\"name\":\"Megapari \u0130lk Depozit Pulsuz Bahis \u1409 170 AZN-\u0259 q\u0259d\u0259r qazan\u0131n\",\"isPartOf\":{\"@id\":\"https:\/\/megapari.promo\/az\/#website\"},\"datePublished\":\"2025-06-24T07:14:50+00:00\",\"dateModified\":\"2025-10-04T08:38:13+00:00\",\"description\":\"Megapari-d\u0259 ilk depozitiniz \u00fc\u00e7\u00fcn 170 AZN-\u0259 q\u0259d\u0259r pulsuz m\u0259rc \u0259ld\u0259 edin! Xo\u015f g\u0259lmisiniz bonusunuzu nec\u0259 se\u00e7\u0259c\u0259yinizi \u00f6yr\u0259nin, asanl\u0131qla m\u0259rc edin v\u0259 qazanma\u011fa ba\u015flay\u0131n. Sad\u0259 v\u0259 s\u0259rf\u0259li!\",\"breadcrumb\":{\"@id\":\"https:\/\/megapari.promo\/az\/bonus\/first-deposit-freebet\/#breadcrumb\"},\"inLanguage\":\"az\",\"potentialAction\":[{\"@type\":\"ReadAction\",\"target\":[\"https:\/\/megapari.promo\/az\/bonus\/first-deposit-freebet\/\"]}]},{\"@type\":\"BreadcrumbList\",\"@id\":\"https:\/\/megapari.promo\/az\/bonus\/first-deposit-freebet\/#breadcrumb\",\"itemListElement\":[{\"@type\":\"ListItem\",\"position\":1,\"name\":\"\u0413\u043b\u0430\u0432\u043d\u0430\u044f \u0441\u0442\u0440\u0430\u043d\u0438\u0446\u0430\",\"item\":\"https:\/\/megapari.promo\/az\/\"},{\"@type\":\"ListItem\",\"position\":2,\"name\":\"Bonus\",\"item\":\"https:\/\/megapari.promo\/az\/bonus\/\"},{\"@type\":\"ListItem\",\"position\":3,\"name\":\"\u0130lk Depozit Pulsuz Bahis\"}]},{\"@type\":\"WebSite\",\"@id\":\"https:\/\/megapari.promo\/az\/#website\",\"url\":\"https:\/\/megapari.promo\/az\/\",\"name\":\"Megapari Win az\",\"description\":\"My WordPress Blog\",\"potentialAction\":[{\"@type\":\"SearchAction\",\"target\":{\"@type\":\"EntryPoint\",\"urlTemplate\":\"https:\/\/megapari.promo\/az\/?s={search_term_string}\"},\"query-input\":\"required name=search_term_string\"}],\"inLanguage\":\"az\"}]}<\/script>\n<!-- \/ Yoast SEO plugin. -->","yoast_head_json":{"title":"Megapari \u0130lk Depozit Pulsuz Bahis \u1409 170 AZN-\u0259 q\u0259d\u0259r qazan\u0131n","description":"Megapari-d\u0259 ilk depozitiniz \u00fc\u00e7\u00fcn 170 AZN-\u0259 q\u0259d\u0259r pulsuz m\u0259rc \u0259ld\u0259 edin! Xo\u015f g\u0259lmisiniz bonusunuzu nec\u0259 se\u00e7\u0259c\u0259yinizi \u00f6yr\u0259nin, asanl\u0131qla m\u0259rc edin v\u0259 qazanma\u011fa ba\u015flay\u0131n. Sad\u0259 v\u0259 s\u0259rf\u0259li!","robots":{"index":"index","follow":"follow","max-snippet":"max-snippet:-1","max-image-preview":"max-image-preview:large","max-video-preview":"max-video-preview:-1"},"og_locale":"az_AZ","og_type":"article","og_title":"Megapari \u0130lk Depozit Pulsuz Bahis \u1409 170 AZN-\u0259 q\u0259d\u0259r qazan\u0131n","og_description":"Megapari-d\u0259 ilk depozitiniz \u00fc\u00e7\u00fcn 170 AZN-\u0259 q\u0259d\u0259r pulsuz m\u0259rc \u0259ld\u0259 edin! Xo\u015f g\u0259lmisiniz bonusunuzu nec\u0259 se\u00e7\u0259c\u0259yinizi \u00f6yr\u0259nin, asanl\u0131qla m\u0259rc edin v\u0259 qazanma\u011fa ba\u015flay\u0131n. Sad\u0259 v\u0259 s\u0259rf\u0259li!","og_url":"https:\/\/megapari.promo\/az\/bonus\/first-deposit-freebet\/","og_site_name":"Megapari Win az","article_modified_time":"2025-10-04T08:38:13+00:00","twitter_card":"summary_large_image","schema":{"@context":"https:\/\/schema.org","@graph":[{"@type":"WebPage","@id":"https:\/\/megapari.promo\/az\/bonus\/first-deposit-freebet\/","url":"https:\/\/megapari.promo\/az\/bonus\/first-deposit-freebet\/","name":"Megapari \u0130lk Depozit Pulsuz Bahis \u1409 170 AZN-\u0259 q\u0259d\u0259r qazan\u0131n","isPartOf":{"@id":"https:\/\/megapari.promo\/az\/#website"},"datePublished":"2025-06-24T07:14:50+00:00","dateModified":"2025-10-04T08:38:13+00:00","description":"Megapari-d\u0259 ilk depozitiniz \u00fc\u00e7\u00fcn 170 AZN-\u0259 q\u0259d\u0259r pulsuz m\u0259rc \u0259ld\u0259 edin! Xo\u015f g\u0259lmisiniz bonusunuzu nec\u0259 se\u00e7\u0259c\u0259yinizi \u00f6yr\u0259nin, asanl\u0131qla m\u0259rc edin v\u0259 qazanma\u011fa ba\u015flay\u0131n. Sad\u0259 v\u0259 s\u0259rf\u0259li!","breadcrumb":{"@id":"https:\/\/megapari.promo\/az\/bonus\/first-deposit-freebet\/#breadcrumb"},"inLanguage":"az","potentialAction":[{"@type":"ReadAction","target":["https:\/\/megapari.promo\/az\/bonus\/first-deposit-freebet\/"]}]},{"@type":"BreadcrumbList","@id":"https:\/\/megapari.promo\/az\/bonus\/first-deposit-freebet\/#breadcrumb","itemListElement":[{"@type":"ListItem","position":1,"name":"\u0413\u043b\u0430\u0432\u043d\u0430\u044f \u0441\u0442\u0440\u0430\u043d\u0438\u0446\u0430","item":"https:\/\/megapari.promo\/az\/"},{"@type":"ListItem","position":2,"name":"Bonus","item":"https:\/\/megapari.promo\/az\/bonus\/"},{"@type":"ListItem","position":3,"name":"\u0130lk Depozit Pulsuz Bahis"}]},{"@type":"WebSite","@id":"https:\/\/megapari.promo\/az\/#website","url":"https:\/\/megapari.promo\/az\/","name":"Megapari Win az","description":"My WordPress Blog","potentialAction":[{"@type":"SearchAction","target":{"@type":"EntryPoint","urlTemplate":"https:\/\/megapari.promo\/az\/?s={search_term_string}"},"query-input":"required name=search_term_string"}],"inLanguage":"az"}]}},"_links":{"self":[{"href":"https:\/\/megapari.promo\/az\/wp-json\/wp\/v2\/pages\/462"}],"collection":[{"href":"https:\/\/megapari.promo\/az\/wp-json\/wp\/v2\/pages"}],"about":[{"href":"https:\/\/megapari.promo\/az\/wp-json\/wp\/v2\/types\/page"}],"author":[{"embeddable":true,"href":"https:\/\/megapari.promo\/az\/wp-json\/wp\/v2\/users\/1"}],"replies":[{"embeddable":true,"href":"https:\/\/megapari.promo\/az\/wp-json\/wp\/v2\/comments?post=462"}],"version-history":[{"count":5,"href":"https:\/\/megapari.promo\/az\/wp-json\/wp\/v2\/pages\/462\/revisions"}],"predecessor-version":[{"id":612,"href":"https:\/\/megapari.promo\/az\/wp-json\/wp\/v2\/pages\/462\/revisions\/612"}],"up":[{"embeddable":true,"href":"https:\/\/megapari.promo\/az\/wp-json\/wp\/v2\/pages\/152"}],"wp:attachment":[{"href":"https:\/\/megapari.promo\/az\/wp-json\/wp\/v2\/media?parent=462"}],"curies":[{"name":"wp","href":"https:\/\/api.w.org\/{rel}","templated":true}]}}