{"id":296,"date":"2025-04-04T17:01:19","date_gmt":"2025-04-04T17:01:19","guid":{"rendered":"https:\/\/megapari.promo\/br\/?page_id=296"},"modified":"2025-04-26T13:19:03","modified_gmt":"2025-04-26T13:19:03","slug":"app","status":"publish","type":"page","link":"https:\/\/megapari.promo\/br\/app\/","title":{"rendered":"Aplicativo"},"content":{"rendered":"","protected":false},"excerpt":{"rendered":"","protected":false},"author":1,"featured_media":0,"parent":0,"menu_order":0,"comment_status":"closed","ping_status":"closed","template":"","meta":{"inline_featured_image":false,"footnotes":""},"yoast_head":"<!-- This site is optimized with the Yoast SEO plugin v20.13 - https:\/\/yoast.com\/wordpress\/plugins\/seo\/ -->\n<title>Aplicativo Megapari: \u2705Baixe gratuitamente para Android e iOS<\/title>\n<meta name=\"description\" content=\"O aplicativo m\u00f3vel da Megapari Brasil \u00e9 uma oportunidade de acessar seu entretenimento favorito a qualquer hora, em qualquer lugar. Aproveite os benef\u00edcios m\u00f3veis da Megapari\" \/>\n<meta name=\"robots\" content=\"index, follow, max-snippet:-1, max-image-preview:large, max-video-preview:-1\" \/>\n<meta property=\"og:locale\" content=\"pt_BR\" \/>\n<meta property=\"og:type\" content=\"article\" \/>\n<meta property=\"og:title\" content=\"Aplicativo Megapari: \u2705Baixe gratuitamente para Android e iOS\" \/>\n<meta property=\"og:description\" content=\"O aplicativo m\u00f3vel da Megapari Brasil \u00e9 uma oportunidade de acessar seu entretenimento favorito a qualquer hora, em qualquer lugar. Aproveite os benef\u00edcios m\u00f3veis da Megapari\" \/>\n<meta property=\"og:url\" content=\"https:\/\/megapari.promo\/br\/app\/\" \/>\n<meta property=\"og:site_name\" content=\"Megapari Win br\" \/>\n<meta property=\"article:modified_time\" content=\"2025-04-26T13:19:03+00:00\" \/>\n<meta name=\"twitter:card\" content=\"summary_large_image\" \/>\n<script type=\"application\/ld+json\" class=\"yoast-schema-graph\">{\"@context\":\"https:\/\/schema.org\",\"@graph\":[{\"@type\":\"WebPage\",\"@id\":\"https:\/\/megapari.promo\/br\/app\/\",\"url\":\"https:\/\/megapari.promo\/br\/app\/\",\"name\":\"Aplicativo Megapari: \u2705Baixe gratuitamente para Android e iOS\",\"isPartOf\":{\"@id\":\"https:\/\/megapari.promo\/br\/#website\"},\"datePublished\":\"2025-04-04T17:01:19+00:00\",\"dateModified\":\"2025-04-26T13:19:03+00:00\",\"description\":\"O aplicativo m\u00f3vel da Megapari Brasil \u00e9 uma oportunidade de acessar seu entretenimento favorito a qualquer hora, em qualquer lugar. Aproveite os benef\u00edcios m\u00f3veis da Megapari\",\"breadcrumb\":{\"@id\":\"https:\/\/megapari.promo\/br\/app\/#breadcrumb\"},\"inLanguage\":\"pt-BR\",\"potentialAction\":[{\"@type\":\"ReadAction\",\"target\":[\"https:\/\/megapari.promo\/br\/app\/\"]}]},{\"@type\":\"BreadcrumbList\",\"@id\":\"https:\/\/megapari.promo\/br\/app\/#breadcrumb\",\"itemListElement\":[{\"@type\":\"ListItem\",\"position\":1,\"name\":\"\u0413\u043b\u0430\u0432\u043d\u0430\u044f \u0441\u0442\u0440\u0430\u043d\u0438\u0446\u0430\",\"item\":\"https:\/\/megapari.promo\/br\/\"},{\"@type\":\"ListItem\",\"position\":2,\"name\":\"Aplicativo\"}]},{\"@type\":\"WebSite\",\"@id\":\"https:\/\/megapari.promo\/br\/#website\",\"url\":\"https:\/\/megapari.promo\/br\/\",\"name\":\"Megapari Win br\",\"description\":\"My WordPress Blog\",\"potentialAction\":[{\"@type\":\"SearchAction\",\"target\":{\"@type\":\"EntryPoint\",\"urlTemplate\":\"https:\/\/megapari.promo\/br\/?s={search_term_string}\"},\"query-input\":\"required name=search_term_string\"}],\"inLanguage\":\"pt-BR\"}]}<\/script>\n<!-- \/ Yoast SEO plugin. -->","yoast_head_json":{"title":"Aplicativo Megapari: \u2705Baixe gratuitamente para Android e iOS","description":"O aplicativo m\u00f3vel da Megapari Brasil \u00e9 uma oportunidade de acessar seu entretenimento favorito a qualquer hora, em qualquer lugar. Aproveite os benef\u00edcios m\u00f3veis da Megapari","robots":{"index":"index","follow":"follow","max-snippet":"max-snippet:-1","max-image-preview":"max-image-preview:large","max-video-preview":"max-video-preview:-1"},"og_locale":"pt_BR","og_type":"article","og_title":"Aplicativo Megapari: \u2705Baixe gratuitamente para Android e iOS","og_description":"O aplicativo m\u00f3vel da Megapari Brasil \u00e9 uma oportunidade de acessar seu entretenimento favorito a qualquer hora, em qualquer lugar. Aproveite os benef\u00edcios m\u00f3veis da Megapari","og_url":"https:\/\/megapari.promo\/br\/app\/","og_site_name":"Megapari Win br","article_modified_time":"2025-04-26T13:19:03+00:00","twitter_card":"summary_large_image","schema":{"@context":"https:\/\/schema.org","@graph":[{"@type":"WebPage","@id":"https:\/\/megapari.promo\/br\/app\/","url":"https:\/\/megapari.promo\/br\/app\/","name":"Aplicativo Megapari: \u2705Baixe gratuitamente para Android e iOS","isPartOf":{"@id":"https:\/\/megapari.promo\/br\/#website"},"datePublished":"2025-04-04T17:01:19+00:00","dateModified":"2025-04-26T13:19:03+00:00","description":"O aplicativo m\u00f3vel da Megapari Brasil \u00e9 uma oportunidade de acessar seu entretenimento favorito a qualquer hora, em qualquer lugar. Aproveite os benef\u00edcios m\u00f3veis da Megapari","breadcrumb":{"@id":"https:\/\/megapari.promo\/br\/app\/#breadcrumb"},"inLanguage":"pt-BR","potentialAction":[{"@type":"ReadAction","target":["https:\/\/megapari.promo\/br\/app\/"]}]},{"@type":"BreadcrumbList","@id":"https:\/\/megapari.promo\/br\/app\/#breadcrumb","itemListElement":[{"@type":"ListItem","position":1,"name":"\u0413\u043b\u0430\u0432\u043d\u0430\u044f \u0441\u0442\u0440\u0430\u043d\u0438\u0446\u0430","item":"https:\/\/megapari.promo\/br\/"},{"@type":"ListItem","position":2,"name":"Aplicativo"}]},{"@type":"WebSite","@id":"https:\/\/megapari.promo\/br\/#website","url":"https:\/\/megapari.promo\/br\/","name":"Megapari Win br","description":"My WordPress Blog","potentialAction":[{"@type":"SearchAction","target":{"@type":"EntryPoint","urlTemplate":"https:\/\/megapari.promo\/br\/?s={search_term_string}"},"query-input":"required name=search_term_string"}],"inLanguage":"pt-BR"}]}},"_links":{"self":[{"href":"https:\/\/megapari.promo\/br\/wp-json\/wp\/v2\/pages\/296"}],"collection":[{"href":"https:\/\/megapari.promo\/br\/wp-json\/wp\/v2\/pages"}],"about":[{"href":"https:\/\/megapari.promo\/br\/wp-json\/wp\/v2\/types\/page"}],"author":[{"embeddable":true,"href":"https:\/\/megapari.promo\/br\/wp-json\/wp\/v2\/users\/1"}],"replies":[{"embeddable":true,"href":"https:\/\/megapari.promo\/br\/wp-json\/wp\/v2\/comments?post=296"}],"version-history":[{"count":13,"href":"https:\/\/megapari.promo\/br\/wp-json\/wp\/v2\/pages\/296\/revisions"}],"predecessor-version":[{"id":475,"href":"https:\/\/megapari.promo\/br\/wp-json\/wp\/v2\/pages\/296\/revisions\/475"}],"wp:attachment":[{"href":"https:\/\/megapari.promo\/br\/wp-json\/wp\/v2\/media?parent=296"}],"curies":[{"name":"wp","href":"https:\/\/api.w.org\/{rel}","templated":true}]}}