{"id":330,"date":"2025-04-07T05:52:51","date_gmt":"2025-04-07T05:52:51","guid":{"rendered":"https:\/\/megapari.promo\/br\/?page_id=330"},"modified":"2025-04-26T13:28:38","modified_gmt":"2025-04-26T13:28:38","slug":"casino","status":"publish","type":"page","link":"https:\/\/megapari.promo\/br\/casino\/","title":{"rendered":"Cassino"},"content":{"rendered":"","protected":false},"excerpt":{"rendered":"","protected":false},"author":1,"featured_media":0,"parent":0,"menu_order":0,"comment_status":"closed","ping_status":"closed","template":"","meta":{"inline_featured_image":false,"footnotes":""},"yoast_head":"<!-- This site is optimized with the Yoast SEO plugin v20.13 - https:\/\/yoast.com\/wordpress\/plugins\/seo\/ -->\n<title>Cassino Megapari: \u2611\ufe0f Vis\u00e3o geral, Benef\u00edcios e Melhores Jogos<\/title>\n<meta name=\"description\" content=\"Abra as portas para o mundo dos jogos de azar com o Cassino Megapari Brasil! B\u00f4nus loucos, pagamentos confi\u00e1veis e jogos emocionantes est\u00e3o esperando por voc\u00ea. Registre-se e comece a ganhar hoje mesmo!\" \/>\n<meta name=\"robots\" content=\"index, follow, max-snippet:-1, max-image-preview:large, max-video-preview:-1\" \/>\n<meta property=\"og:locale\" content=\"pt_BR\" \/>\n<meta property=\"og:type\" content=\"article\" \/>\n<meta property=\"og:title\" content=\"Cassino Megapari: \u2611\ufe0f Vis\u00e3o geral, Benef\u00edcios e Melhores Jogos\" \/>\n<meta property=\"og:description\" content=\"Abra as portas para o mundo dos jogos de azar com o Cassino Megapari Brasil! B\u00f4nus loucos, pagamentos confi\u00e1veis e jogos emocionantes est\u00e3o esperando por voc\u00ea. Registre-se e comece a ganhar hoje mesmo!\" \/>\n<meta property=\"og:url\" content=\"https:\/\/megapari.promo\/br\/casino\/\" \/>\n<meta property=\"og:site_name\" content=\"Megapari Win br\" \/>\n<meta property=\"article:modified_time\" content=\"2025-04-26T13:28:38+00:00\" \/>\n<meta name=\"twitter:card\" content=\"summary_large_image\" \/>\n<script type=\"application\/ld+json\" class=\"yoast-schema-graph\">{\"@context\":\"https:\/\/schema.org\",\"@graph\":[{\"@type\":\"WebPage\",\"@id\":\"https:\/\/megapari.promo\/br\/casino\/\",\"url\":\"https:\/\/megapari.promo\/br\/casino\/\",\"name\":\"Cassino Megapari: \u2611\ufe0f Vis\u00e3o geral, Benef\u00edcios e Melhores Jogos\",\"isPartOf\":{\"@id\":\"https:\/\/megapari.promo\/br\/#website\"},\"datePublished\":\"2025-04-07T05:52:51+00:00\",\"dateModified\":\"2025-04-26T13:28:38+00:00\",\"description\":\"Abra as portas para o mundo dos jogos de azar com o Cassino Megapari Brasil! B\u00f4nus loucos, pagamentos confi\u00e1veis e jogos emocionantes est\u00e3o esperando por voc\u00ea. Registre-se e comece a ganhar hoje mesmo!\",\"breadcrumb\":{\"@id\":\"https:\/\/megapari.promo\/br\/casino\/#breadcrumb\"},\"inLanguage\":\"pt-BR\",\"potentialAction\":[{\"@type\":\"ReadAction\",\"target\":[\"https:\/\/megapari.promo\/br\/casino\/\"]}]},{\"@type\":\"BreadcrumbList\",\"@id\":\"https:\/\/megapari.promo\/br\/casino\/#breadcrumb\",\"itemListElement\":[{\"@type\":\"ListItem\",\"position\":1,\"name\":\"\u0413\u043b\u0430\u0432\u043d\u0430\u044f \u0441\u0442\u0440\u0430\u043d\u0438\u0446\u0430\",\"item\":\"https:\/\/megapari.promo\/br\/\"},{\"@type\":\"ListItem\",\"position\":2,\"name\":\"Cassino\"}]},{\"@type\":\"WebSite\",\"@id\":\"https:\/\/megapari.promo\/br\/#website\",\"url\":\"https:\/\/megapari.promo\/br\/\",\"name\":\"Megapari Win br\",\"description\":\"My WordPress Blog\",\"potentialAction\":[{\"@type\":\"SearchAction\",\"target\":{\"@type\":\"EntryPoint\",\"urlTemplate\":\"https:\/\/megapari.promo\/br\/?s={search_term_string}\"},\"query-input\":\"required name=search_term_string\"}],\"inLanguage\":\"pt-BR\"}]}<\/script>\n<!-- \/ Yoast SEO plugin. -->","yoast_head_json":{"title":"Cassino Megapari: \u2611\ufe0f Vis\u00e3o geral, Benef\u00edcios e Melhores Jogos","description":"Abra as portas para o mundo dos jogos de azar com o Cassino Megapari Brasil! B\u00f4nus loucos, pagamentos confi\u00e1veis e jogos emocionantes est\u00e3o esperando por voc\u00ea. Registre-se e comece a ganhar hoje mesmo!","robots":{"index":"index","follow":"follow","max-snippet":"max-snippet:-1","max-image-preview":"max-image-preview:large","max-video-preview":"max-video-preview:-1"},"og_locale":"pt_BR","og_type":"article","og_title":"Cassino Megapari: \u2611\ufe0f Vis\u00e3o geral, Benef\u00edcios e Melhores Jogos","og_description":"Abra as portas para o mundo dos jogos de azar com o Cassino Megapari Brasil! B\u00f4nus loucos, pagamentos confi\u00e1veis e jogos emocionantes est\u00e3o esperando por voc\u00ea. Registre-se e comece a ganhar hoje mesmo!","og_url":"https:\/\/megapari.promo\/br\/casino\/","og_site_name":"Megapari Win br","article_modified_time":"2025-04-26T13:28:38+00:00","twitter_card":"summary_large_image","schema":{"@context":"https:\/\/schema.org","@graph":[{"@type":"WebPage","@id":"https:\/\/megapari.promo\/br\/casino\/","url":"https:\/\/megapari.promo\/br\/casino\/","name":"Cassino Megapari: \u2611\ufe0f Vis\u00e3o geral, Benef\u00edcios e Melhores Jogos","isPartOf":{"@id":"https:\/\/megapari.promo\/br\/#website"},"datePublished":"2025-04-07T05:52:51+00:00","dateModified":"2025-04-26T13:28:38+00:00","description":"Abra as portas para o mundo dos jogos de azar com o Cassino Megapari Brasil! B\u00f4nus loucos, pagamentos confi\u00e1veis e jogos emocionantes est\u00e3o esperando por voc\u00ea. Registre-se e comece a ganhar hoje mesmo!","breadcrumb":{"@id":"https:\/\/megapari.promo\/br\/casino\/#breadcrumb"},"inLanguage":"pt-BR","potentialAction":[{"@type":"ReadAction","target":["https:\/\/megapari.promo\/br\/casino\/"]}]},{"@type":"BreadcrumbList","@id":"https:\/\/megapari.promo\/br\/casino\/#breadcrumb","itemListElement":[{"@type":"ListItem","position":1,"name":"\u0413\u043b\u0430\u0432\u043d\u0430\u044f \u0441\u0442\u0440\u0430\u043d\u0438\u0446\u0430","item":"https:\/\/megapari.promo\/br\/"},{"@type":"ListItem","position":2,"name":"Cassino"}]},{"@type":"WebSite","@id":"https:\/\/megapari.promo\/br\/#website","url":"https:\/\/megapari.promo\/br\/","name":"Megapari Win br","description":"My WordPress Blog","potentialAction":[{"@type":"SearchAction","target":{"@type":"EntryPoint","urlTemplate":"https:\/\/megapari.promo\/br\/?s={search_term_string}"},"query-input":"required name=search_term_string"}],"inLanguage":"pt-BR"}]}},"_links":{"self":[{"href":"https:\/\/megapari.promo\/br\/wp-json\/wp\/v2\/pages\/330"}],"collection":[{"href":"https:\/\/megapari.promo\/br\/wp-json\/wp\/v2\/pages"}],"about":[{"href":"https:\/\/megapari.promo\/br\/wp-json\/wp\/v2\/types\/page"}],"author":[{"embeddable":true,"href":"https:\/\/megapari.promo\/br\/wp-json\/wp\/v2\/users\/1"}],"replies":[{"embeddable":true,"href":"https:\/\/megapari.promo\/br\/wp-json\/wp\/v2\/comments?post=330"}],"version-history":[{"count":17,"href":"https:\/\/megapari.promo\/br\/wp-json\/wp\/v2\/pages\/330\/revisions"}],"predecessor-version":[{"id":468,"href":"https:\/\/megapari.promo\/br\/wp-json\/wp\/v2\/pages\/330\/revisions\/468"}],"wp:attachment":[{"href":"https:\/\/megapari.promo\/br\/wp-json\/wp\/v2\/media?parent=330"}],"curies":[{"name":"wp","href":"https:\/\/api.w.org\/{rel}","templated":true}]}}