{"id":389,"date":"2025-04-10T05:04:24","date_gmt":"2025-04-10T05:04:24","guid":{"rendered":"https:\/\/megapari.promo\/br\/?page_id=389"},"modified":"2025-04-26T13:35:01","modified_gmt":"2025-04-26T13:35:01","slug":"login","status":"publish","type":"page","link":"https:\/\/megapari.promo\/br\/login\/","title":{"rendered":"Login"},"content":{"rendered":"","protected":false},"excerpt":{"rendered":"","protected":false},"author":1,"featured_media":0,"parent":0,"menu_order":0,"comment_status":"closed","ping_status":"closed","template":"","meta":{"inline_featured_image":false,"footnotes":""},"yoast_head":"<!-- This site is optimized with the Yoast SEO plugin v20.13 - https:\/\/yoast.com\/wordpress\/plugins\/seo\/ -->\n<title>Iniciar sess\u00e3o da Megapari Brasil: Acesso a Apostas e Cassino<\/title>\n<meta name=\"description\" content=\"Processo de login da Megapari passo a passo - como acessar sua conta - Fa\u00e7a login na Megapari e receba um pacote de boas-vindas de at\u00e9 R$ 8.800 e 150 rodadas gr\u00e1tis\" \/>\n<meta name=\"robots\" content=\"index, follow, max-snippet:-1, max-image-preview:large, max-video-preview:-1\" \/>\n<meta property=\"og:locale\" content=\"pt_BR\" \/>\n<meta property=\"og:type\" content=\"article\" \/>\n<meta property=\"og:title\" content=\"Iniciar sess\u00e3o da Megapari Brasil: Acesso a Apostas e Cassino\" \/>\n<meta property=\"og:description\" content=\"Processo de login da Megapari passo a passo - como acessar sua conta - Fa\u00e7a login na Megapari e receba um pacote de boas-vindas de at\u00e9 R$ 8.800 e 150 rodadas gr\u00e1tis\" \/>\n<meta property=\"og:url\" content=\"https:\/\/megapari.promo\/br\/login\/\" \/>\n<meta property=\"og:site_name\" content=\"Megapari Win br\" \/>\n<meta property=\"article:modified_time\" content=\"2025-04-26T13:35:01+00:00\" \/>\n<meta name=\"twitter:card\" content=\"summary_large_image\" \/>\n<script type=\"application\/ld+json\" class=\"yoast-schema-graph\">{\"@context\":\"https:\/\/schema.org\",\"@graph\":[{\"@type\":\"WebPage\",\"@id\":\"https:\/\/megapari.promo\/br\/login\/\",\"url\":\"https:\/\/megapari.promo\/br\/login\/\",\"name\":\"Iniciar sess\u00e3o da Megapari Brasil: Acesso a Apostas e Cassino\",\"isPartOf\":{\"@id\":\"https:\/\/megapari.promo\/br\/#website\"},\"datePublished\":\"2025-04-10T05:04:24+00:00\",\"dateModified\":\"2025-04-26T13:35:01+00:00\",\"description\":\"Processo de login da Megapari passo a passo - como acessar sua conta - Fa\u00e7a login na Megapari e receba um pacote de boas-vindas de at\u00e9 R$ 8.800 e 150 rodadas gr\u00e1tis\",\"breadcrumb\":{\"@id\":\"https:\/\/megapari.promo\/br\/login\/#breadcrumb\"},\"inLanguage\":\"pt-BR\",\"potentialAction\":[{\"@type\":\"ReadAction\",\"target\":[\"https:\/\/megapari.promo\/br\/login\/\"]}]},{\"@type\":\"BreadcrumbList\",\"@id\":\"https:\/\/megapari.promo\/br\/login\/#breadcrumb\",\"itemListElement\":[{\"@type\":\"ListItem\",\"position\":1,\"name\":\"\u0413\u043b\u0430\u0432\u043d\u0430\u044f \u0441\u0442\u0440\u0430\u043d\u0438\u0446\u0430\",\"item\":\"https:\/\/megapari.promo\/br\/\"},{\"@type\":\"ListItem\",\"position\":2,\"name\":\"Login\"}]},{\"@type\":\"WebSite\",\"@id\":\"https:\/\/megapari.promo\/br\/#website\",\"url\":\"https:\/\/megapari.promo\/br\/\",\"name\":\"Megapari Win br\",\"description\":\"My WordPress Blog\",\"potentialAction\":[{\"@type\":\"SearchAction\",\"target\":{\"@type\":\"EntryPoint\",\"urlTemplate\":\"https:\/\/megapari.promo\/br\/?s={search_term_string}\"},\"query-input\":\"required name=search_term_string\"}],\"inLanguage\":\"pt-BR\"}]}<\/script>\n<!-- \/ Yoast SEO plugin. -->","yoast_head_json":{"title":"Iniciar sess\u00e3o da Megapari Brasil: Acesso a Apostas e Cassino","description":"Processo de login da Megapari passo a passo - como acessar sua conta - Fa\u00e7a login na Megapari e receba um pacote de boas-vindas de at\u00e9 R$ 8.800 e 150 rodadas gr\u00e1tis","robots":{"index":"index","follow":"follow","max-snippet":"max-snippet:-1","max-image-preview":"max-image-preview:large","max-video-preview":"max-video-preview:-1"},"og_locale":"pt_BR","og_type":"article","og_title":"Iniciar sess\u00e3o da Megapari Brasil: Acesso a Apostas e Cassino","og_description":"Processo de login da Megapari passo a passo - como acessar sua conta - Fa\u00e7a login na Megapari e receba um pacote de boas-vindas de at\u00e9 R$ 8.800 e 150 rodadas gr\u00e1tis","og_url":"https:\/\/megapari.promo\/br\/login\/","og_site_name":"Megapari Win br","article_modified_time":"2025-04-26T13:35:01+00:00","twitter_card":"summary_large_image","schema":{"@context":"https:\/\/schema.org","@graph":[{"@type":"WebPage","@id":"https:\/\/megapari.promo\/br\/login\/","url":"https:\/\/megapari.promo\/br\/login\/","name":"Iniciar sess\u00e3o da Megapari Brasil: Acesso a Apostas e Cassino","isPartOf":{"@id":"https:\/\/megapari.promo\/br\/#website"},"datePublished":"2025-04-10T05:04:24+00:00","dateModified":"2025-04-26T13:35:01+00:00","description":"Processo de login da Megapari passo a passo - como acessar sua conta - Fa\u00e7a login na Megapari e receba um pacote de boas-vindas de at\u00e9 R$ 8.800 e 150 rodadas gr\u00e1tis","breadcrumb":{"@id":"https:\/\/megapari.promo\/br\/login\/#breadcrumb"},"inLanguage":"pt-BR","potentialAction":[{"@type":"ReadAction","target":["https:\/\/megapari.promo\/br\/login\/"]}]},{"@type":"BreadcrumbList","@id":"https:\/\/megapari.promo\/br\/login\/#breadcrumb","itemListElement":[{"@type":"ListItem","position":1,"name":"\u0413\u043b\u0430\u0432\u043d\u0430\u044f \u0441\u0442\u0440\u0430\u043d\u0438\u0446\u0430","item":"https:\/\/megapari.promo\/br\/"},{"@type":"ListItem","position":2,"name":"Login"}]},{"@type":"WebSite","@id":"https:\/\/megapari.promo\/br\/#website","url":"https:\/\/megapari.promo\/br\/","name":"Megapari Win br","description":"My WordPress Blog","potentialAction":[{"@type":"SearchAction","target":{"@type":"EntryPoint","urlTemplate":"https:\/\/megapari.promo\/br\/?s={search_term_string}"},"query-input":"required name=search_term_string"}],"inLanguage":"pt-BR"}]}},"_links":{"self":[{"href":"https:\/\/megapari.promo\/br\/wp-json\/wp\/v2\/pages\/389"}],"collection":[{"href":"https:\/\/megapari.promo\/br\/wp-json\/wp\/v2\/pages"}],"about":[{"href":"https:\/\/megapari.promo\/br\/wp-json\/wp\/v2\/types\/page"}],"author":[{"embeddable":true,"href":"https:\/\/megapari.promo\/br\/wp-json\/wp\/v2\/users\/1"}],"replies":[{"embeddable":true,"href":"https:\/\/megapari.promo\/br\/wp-json\/wp\/v2\/comments?post=389"}],"version-history":[{"count":8,"href":"https:\/\/megapari.promo\/br\/wp-json\/wp\/v2\/pages\/389\/revisions"}],"predecessor-version":[{"id":469,"href":"https:\/\/megapari.promo\/br\/wp-json\/wp\/v2\/pages\/389\/revisions\/469"}],"wp:attachment":[{"href":"https:\/\/megapari.promo\/br\/wp-json\/wp\/v2\/media?parent=389"}],"curies":[{"name":"wp","href":"https:\/\/api.w.org\/{rel}","templated":true}]}}