{"id":296,"date":"2025-04-04T17:01:19","date_gmt":"2025-04-04T17:01:19","guid":{"rendered":"https:\/\/megapari.promo\/ch\/?page_id=296"},"modified":"2025-10-08T07:32:15","modified_gmt":"2025-10-08T07:32:15","slug":"app","status":"publish","type":"page","link":"https:\/\/megapari.promo\/ch\/app\/","title":{"rendered":"App"},"content":{"rendered":"","protected":false},"excerpt":{"rendered":"","protected":false},"author":1,"featured_media":0,"parent":0,"menu_order":0,"comment_status":"closed","ping_status":"closed","template":"","meta":{"inline_featured_image":false,"footnotes":""},"yoast_head":"<!-- This site is optimized with the Yoast SEO plugin v20.13 - https:\/\/yoast.com\/wordpress\/plugins\/seo\/ -->\n<title>Megapari App: \u2705Kostenloser Download f\u00fcr Android und iOS<\/title>\n<meta name=\"description\" content=\"Die Megapari-App f\u00fcr Mobilger\u00e4te bietet Ihnen die M\u00f6glichkeit, jederzeit und \u00fcberall auf Ihre Lieblingsunterhaltung zuzugreifen. Genie\u00dfen Sie die Vorteile von Megapari auf Ihrem Mobilger\u00e4t.\" \/>\n<meta name=\"robots\" content=\"index, follow, max-snippet:-1, max-image-preview:large, max-video-preview:-1\" \/>\n<meta property=\"og:locale\" content=\"de_DE\" \/>\n<meta property=\"og:type\" content=\"article\" \/>\n<meta property=\"og:title\" content=\"Megapari App: \u2705Kostenloser Download f\u00fcr Android und iOS\" \/>\n<meta property=\"og:description\" content=\"Die Megapari-App f\u00fcr Mobilger\u00e4te bietet Ihnen die M\u00f6glichkeit, jederzeit und \u00fcberall auf Ihre Lieblingsunterhaltung zuzugreifen. Genie\u00dfen Sie die Vorteile von Megapari auf Ihrem Mobilger\u00e4t.\" \/>\n<meta property=\"og:url\" content=\"https:\/\/megapari.promo\/ch\/app\/\" \/>\n<meta property=\"og:site_name\" content=\"Megapari Win ch\" \/>\n<meta property=\"article:modified_time\" content=\"2025-10-08T07:32:15+00:00\" \/>\n<meta name=\"twitter:card\" content=\"summary_large_image\" \/>\n<script type=\"application\/ld+json\" class=\"yoast-schema-graph\">{\"@context\":\"https:\/\/schema.org\",\"@graph\":[{\"@type\":\"WebPage\",\"@id\":\"https:\/\/megapari.promo\/ch\/app\/\",\"url\":\"https:\/\/megapari.promo\/ch\/app\/\",\"name\":\"Megapari App: \u2705Kostenloser Download f\u00fcr Android und iOS\",\"isPartOf\":{\"@id\":\"https:\/\/megapari.promo\/ch\/#website\"},\"datePublished\":\"2025-04-04T17:01:19+00:00\",\"dateModified\":\"2025-10-08T07:32:15+00:00\",\"description\":\"Die Megapari-App f\u00fcr Mobilger\u00e4te bietet Ihnen die M\u00f6glichkeit, jederzeit und \u00fcberall auf Ihre Lieblingsunterhaltung zuzugreifen. Genie\u00dfen Sie die Vorteile von Megapari auf Ihrem Mobilger\u00e4t.\",\"breadcrumb\":{\"@id\":\"https:\/\/megapari.promo\/ch\/app\/#breadcrumb\"},\"inLanguage\":\"de-CH\",\"potentialAction\":[{\"@type\":\"ReadAction\",\"target\":[\"https:\/\/megapari.promo\/ch\/app\/\"]}]},{\"@type\":\"BreadcrumbList\",\"@id\":\"https:\/\/megapari.promo\/ch\/app\/#breadcrumb\",\"itemListElement\":[{\"@type\":\"ListItem\",\"position\":1,\"name\":\"\u0413\u043b\u0430\u0432\u043d\u0430\u044f \u0441\u0442\u0440\u0430\u043d\u0438\u0446\u0430\",\"item\":\"https:\/\/megapari.promo\/ch\/\"},{\"@type\":\"ListItem\",\"position\":2,\"name\":\"App\"}]},{\"@type\":\"WebSite\",\"@id\":\"https:\/\/megapari.promo\/ch\/#website\",\"url\":\"https:\/\/megapari.promo\/ch\/\",\"name\":\"Megapari Win ch\",\"description\":\"My WordPress Blog\",\"potentialAction\":[{\"@type\":\"SearchAction\",\"target\":{\"@type\":\"EntryPoint\",\"urlTemplate\":\"https:\/\/megapari.promo\/ch\/?s={search_term_string}\"},\"query-input\":\"required name=search_term_string\"}],\"inLanguage\":\"de-CH\"}]}<\/script>\n<!-- \/ Yoast SEO plugin. -->","yoast_head_json":{"title":"Megapari App: \u2705Kostenloser Download f\u00fcr Android und iOS","description":"Die Megapari-App f\u00fcr Mobilger\u00e4te bietet Ihnen die M\u00f6glichkeit, jederzeit und \u00fcberall auf Ihre Lieblingsunterhaltung zuzugreifen. Genie\u00dfen Sie die Vorteile von Megapari auf Ihrem Mobilger\u00e4t.","robots":{"index":"index","follow":"follow","max-snippet":"max-snippet:-1","max-image-preview":"max-image-preview:large","max-video-preview":"max-video-preview:-1"},"og_locale":"de_DE","og_type":"article","og_title":"Megapari App: \u2705Kostenloser Download f\u00fcr Android und iOS","og_description":"Die Megapari-App f\u00fcr Mobilger\u00e4te bietet Ihnen die M\u00f6glichkeit, jederzeit und \u00fcberall auf Ihre Lieblingsunterhaltung zuzugreifen. Genie\u00dfen Sie die Vorteile von Megapari auf Ihrem Mobilger\u00e4t.","og_url":"https:\/\/megapari.promo\/ch\/app\/","og_site_name":"Megapari Win ch","article_modified_time":"2025-10-08T07:32:15+00:00","twitter_card":"summary_large_image","schema":{"@context":"https:\/\/schema.org","@graph":[{"@type":"WebPage","@id":"https:\/\/megapari.promo\/ch\/app\/","url":"https:\/\/megapari.promo\/ch\/app\/","name":"Megapari App: \u2705Kostenloser Download f\u00fcr Android und iOS","isPartOf":{"@id":"https:\/\/megapari.promo\/ch\/#website"},"datePublished":"2025-04-04T17:01:19+00:00","dateModified":"2025-10-08T07:32:15+00:00","description":"Die Megapari-App f\u00fcr Mobilger\u00e4te bietet Ihnen die M\u00f6glichkeit, jederzeit und \u00fcberall auf Ihre Lieblingsunterhaltung zuzugreifen. Genie\u00dfen Sie die Vorteile von Megapari auf Ihrem Mobilger\u00e4t.","breadcrumb":{"@id":"https:\/\/megapari.promo\/ch\/app\/#breadcrumb"},"inLanguage":"de-CH","potentialAction":[{"@type":"ReadAction","target":["https:\/\/megapari.promo\/ch\/app\/"]}]},{"@type":"BreadcrumbList","@id":"https:\/\/megapari.promo\/ch\/app\/#breadcrumb","itemListElement":[{"@type":"ListItem","position":1,"name":"\u0413\u043b\u0430\u0432\u043d\u0430\u044f \u0441\u0442\u0440\u0430\u043d\u0438\u0446\u0430","item":"https:\/\/megapari.promo\/ch\/"},{"@type":"ListItem","position":2,"name":"App"}]},{"@type":"WebSite","@id":"https:\/\/megapari.promo\/ch\/#website","url":"https:\/\/megapari.promo\/ch\/","name":"Megapari Win ch","description":"My WordPress Blog","potentialAction":[{"@type":"SearchAction","target":{"@type":"EntryPoint","urlTemplate":"https:\/\/megapari.promo\/ch\/?s={search_term_string}"},"query-input":"required name=search_term_string"}],"inLanguage":"de-CH"}]}},"_links":{"self":[{"href":"https:\/\/megapari.promo\/ch\/wp-json\/wp\/v2\/pages\/296"}],"collection":[{"href":"https:\/\/megapari.promo\/ch\/wp-json\/wp\/v2\/pages"}],"about":[{"href":"https:\/\/megapari.promo\/ch\/wp-json\/wp\/v2\/types\/page"}],"author":[{"embeddable":true,"href":"https:\/\/megapari.promo\/ch\/wp-json\/wp\/v2\/users\/1"}],"replies":[{"embeddable":true,"href":"https:\/\/megapari.promo\/ch\/wp-json\/wp\/v2\/comments?post=296"}],"version-history":[{"count":10,"href":"https:\/\/megapari.promo\/ch\/wp-json\/wp\/v2\/pages\/296\/revisions"}],"predecessor-version":[{"id":624,"href":"https:\/\/megapari.promo\/ch\/wp-json\/wp\/v2\/pages\/296\/revisions\/624"}],"wp:attachment":[{"href":"https:\/\/megapari.promo\/ch\/wp-json\/wp\/v2\/media?parent=296"}],"curies":[{"name":"wp","href":"https:\/\/api.w.org\/{rel}","templated":true}]}}