{"id":152,"date":"2023-05-18T17:39:43","date_gmt":"2023-05-18T17:39:43","guid":{"rendered":"https:\/\/megapari.promo\/ci\/?page_id=152"},"modified":"2025-04-26T09:31:51","modified_gmt":"2025-04-26T09:31:51","slug":"bonus","status":"publish","type":"page","link":"https:\/\/megapari.promo\/ci\/bonus\/","title":{"rendered":"Bonus"},"content":{"rendered":"","protected":false},"excerpt":{"rendered":"","protected":false},"author":1,"featured_media":0,"parent":0,"menu_order":0,"comment_status":"closed","ping_status":"closed","template":"","meta":{"inline_featured_image":false,"footnotes":""},"yoast_head":"<!-- This site is optimized with the Yoast SEO plugin v20.13 - https:\/\/yoast.com\/wordpress\/plugins\/seo\/ -->\n<title>Bonus Megapari: \u2714\ufe0fObtenir 100% sur d\u00e9p\u00f4t jusqu&#039;\u00e0 870000 XOF<\/title>\n<meta name=\"description\" content=\"Guide complet sur les bonus Megapari Cote D&#039;Ivoire et les offres sp\u00e9ciales pour les joueurs en 2025 \u2714\ufe0f Bonus sans d\u00e9p\u00f4t, bonus d&#039;inscription au casino, cashback, code promo et plus encore.\" \/>\n<meta name=\"robots\" content=\"index, follow, max-snippet:-1, max-image-preview:large, max-video-preview:-1\" \/>\n<meta property=\"og:locale\" content=\"fr_FR\" \/>\n<meta property=\"og:type\" content=\"article\" \/>\n<meta property=\"og:title\" content=\"Bonus Megapari: \u2714\ufe0fObtenir 100% sur d\u00e9p\u00f4t jusqu&#039;\u00e0 870000 XOF\" \/>\n<meta property=\"og:description\" content=\"Guide complet sur les bonus Megapari Cote D&#039;Ivoire et les offres sp\u00e9ciales pour les joueurs en 2025 \u2714\ufe0f Bonus sans d\u00e9p\u00f4t, bonus d&#039;inscription au casino, cashback, code promo et plus encore.\" \/>\n<meta property=\"og:url\" content=\"https:\/\/megapari.promo\/ci\/bonus\/\" \/>\n<meta property=\"og:site_name\" content=\"Megapari Win ci\" \/>\n<meta property=\"article:modified_time\" content=\"2025-04-26T09:31:51+00:00\" \/>\n<meta name=\"twitter:card\" content=\"summary_large_image\" \/>\n<script type=\"application\/ld+json\" class=\"yoast-schema-graph\">{\"@context\":\"https:\/\/schema.org\",\"@graph\":[{\"@type\":\"WebPage\",\"@id\":\"https:\/\/megapari.promo\/ci\/bonus\/\",\"url\":\"https:\/\/megapari.promo\/ci\/bonus\/\",\"name\":\"Bonus Megapari: \u2714\ufe0fObtenir 100% sur d\u00e9p\u00f4t jusqu'\u00e0 870000 XOF\",\"isPartOf\":{\"@id\":\"https:\/\/megapari.promo\/ci\/#website\"},\"datePublished\":\"2023-05-18T17:39:43+00:00\",\"dateModified\":\"2025-04-26T09:31:51+00:00\",\"description\":\"Guide complet sur les bonus Megapari Cote D'Ivoire et les offres sp\u00e9ciales pour les joueurs en 2025 \u2714\ufe0f Bonus sans d\u00e9p\u00f4t, bonus d'inscription au casino, cashback, code promo et plus encore.\",\"breadcrumb\":{\"@id\":\"https:\/\/megapari.promo\/ci\/bonus\/#breadcrumb\"},\"inLanguage\":\"fr-CI\",\"potentialAction\":[{\"@type\":\"ReadAction\",\"target\":[\"https:\/\/megapari.promo\/ci\/bonus\/\"]}]},{\"@type\":\"BreadcrumbList\",\"@id\":\"https:\/\/megapari.promo\/ci\/bonus\/#breadcrumb\",\"itemListElement\":[{\"@type\":\"ListItem\",\"position\":1,\"name\":\"\u0413\u043b\u0430\u0432\u043d\u0430\u044f \u0441\u0442\u0440\u0430\u043d\u0438\u0446\u0430\",\"item\":\"https:\/\/megapari.promo\/ci\/\"},{\"@type\":\"ListItem\",\"position\":2,\"name\":\"Bonus\"}]},{\"@type\":\"WebSite\",\"@id\":\"https:\/\/megapari.promo\/ci\/#website\",\"url\":\"https:\/\/megapari.promo\/ci\/\",\"name\":\"Megapari Win ci\",\"description\":\"My WordPress Blog\",\"potentialAction\":[{\"@type\":\"SearchAction\",\"target\":{\"@type\":\"EntryPoint\",\"urlTemplate\":\"https:\/\/megapari.promo\/ci\/?s={search_term_string}\"},\"query-input\":\"required name=search_term_string\"}],\"inLanguage\":\"fr-CI\"}]}<\/script>\n<!-- \/ Yoast SEO plugin. -->","yoast_head_json":{"title":"Bonus Megapari: \u2714\ufe0fObtenir 100% sur d\u00e9p\u00f4t jusqu'\u00e0 870000 XOF","description":"Guide complet sur les bonus Megapari Cote D'Ivoire et les offres sp\u00e9ciales pour les joueurs en 2025 \u2714\ufe0f Bonus sans d\u00e9p\u00f4t, bonus d'inscription au casino, cashback, code promo et plus encore.","robots":{"index":"index","follow":"follow","max-snippet":"max-snippet:-1","max-image-preview":"max-image-preview:large","max-video-preview":"max-video-preview:-1"},"og_locale":"fr_FR","og_type":"article","og_title":"Bonus Megapari: \u2714\ufe0fObtenir 100% sur d\u00e9p\u00f4t jusqu'\u00e0 870000 XOF","og_description":"Guide complet sur les bonus Megapari Cote D'Ivoire et les offres sp\u00e9ciales pour les joueurs en 2025 \u2714\ufe0f Bonus sans d\u00e9p\u00f4t, bonus d'inscription au casino, cashback, code promo et plus encore.","og_url":"https:\/\/megapari.promo\/ci\/bonus\/","og_site_name":"Megapari Win ci","article_modified_time":"2025-04-26T09:31:51+00:00","twitter_card":"summary_large_image","schema":{"@context":"https:\/\/schema.org","@graph":[{"@type":"WebPage","@id":"https:\/\/megapari.promo\/ci\/bonus\/","url":"https:\/\/megapari.promo\/ci\/bonus\/","name":"Bonus Megapari: \u2714\ufe0fObtenir 100% sur d\u00e9p\u00f4t jusqu'\u00e0 870000 XOF","isPartOf":{"@id":"https:\/\/megapari.promo\/ci\/#website"},"datePublished":"2023-05-18T17:39:43+00:00","dateModified":"2025-04-26T09:31:51+00:00","description":"Guide complet sur les bonus Megapari Cote D'Ivoire et les offres sp\u00e9ciales pour les joueurs en 2025 \u2714\ufe0f Bonus sans d\u00e9p\u00f4t, bonus d'inscription au casino, cashback, code promo et plus encore.","breadcrumb":{"@id":"https:\/\/megapari.promo\/ci\/bonus\/#breadcrumb"},"inLanguage":"fr-CI","potentialAction":[{"@type":"ReadAction","target":["https:\/\/megapari.promo\/ci\/bonus\/"]}]},{"@type":"BreadcrumbList","@id":"https:\/\/megapari.promo\/ci\/bonus\/#breadcrumb","itemListElement":[{"@type":"ListItem","position":1,"name":"\u0413\u043b\u0430\u0432\u043d\u0430\u044f \u0441\u0442\u0440\u0430\u043d\u0438\u0446\u0430","item":"https:\/\/megapari.promo\/ci\/"},{"@type":"ListItem","position":2,"name":"Bonus"}]},{"@type":"WebSite","@id":"https:\/\/megapari.promo\/ci\/#website","url":"https:\/\/megapari.promo\/ci\/","name":"Megapari Win ci","description":"My WordPress Blog","potentialAction":[{"@type":"SearchAction","target":{"@type":"EntryPoint","urlTemplate":"https:\/\/megapari.promo\/ci\/?s={search_term_string}"},"query-input":"required name=search_term_string"}],"inLanguage":"fr-CI"}]}},"_links":{"self":[{"href":"https:\/\/megapari.promo\/ci\/wp-json\/wp\/v2\/pages\/152"}],"collection":[{"href":"https:\/\/megapari.promo\/ci\/wp-json\/wp\/v2\/pages"}],"about":[{"href":"https:\/\/megapari.promo\/ci\/wp-json\/wp\/v2\/types\/page"}],"author":[{"embeddable":true,"href":"https:\/\/megapari.promo\/ci\/wp-json\/wp\/v2\/users\/1"}],"replies":[{"embeddable":true,"href":"https:\/\/megapari.promo\/ci\/wp-json\/wp\/v2\/comments?post=152"}],"version-history":[{"count":43,"href":"https:\/\/megapari.promo\/ci\/wp-json\/wp\/v2\/pages\/152\/revisions"}],"predecessor-version":[{"id":466,"href":"https:\/\/megapari.promo\/ci\/wp-json\/wp\/v2\/pages\/152\/revisions\/466"}],"wp:attachment":[{"href":"https:\/\/megapari.promo\/ci\/wp-json\/wp\/v2\/media?parent=152"}],"curies":[{"name":"wp","href":"https:\/\/api.w.org\/{rel}","templated":true}]}}