{"id":296,"date":"2025-04-04T17:01:19","date_gmt":"2025-04-04T17:01:19","guid":{"rendered":"https:\/\/megapari.promo\/ci\/?page_id=296"},"modified":"2025-04-21T17:38:15","modified_gmt":"2025-04-21T17:38:15","slug":"app","status":"publish","type":"page","link":"https:\/\/megapari.promo\/ci\/app\/","title":{"rendered":"Application"},"content":{"rendered":"","protected":false},"excerpt":{"rendered":"","protected":false},"author":1,"featured_media":0,"parent":0,"menu_order":0,"comment_status":"closed","ping_status":"closed","template":"","meta":{"inline_featured_image":false,"footnotes":""},"yoast_head":"<!-- This site is optimized with the Yoast SEO plugin v20.13 - https:\/\/yoast.com\/wordpress\/plugins\/seo\/ -->\n<title>Megapari App: \u2705T\u00e9l\u00e9charger gratuitement pour Android et iOS<\/title>\n<meta name=\"description\" content=\"L&#039;application mobile Megapari Cote D&#039;Ivoire vous permet d&#039;acc\u00e9der \u00e0 vos divertissements pr\u00e9f\u00e9r\u00e9s \u00e0 tout moment et en tout lieu. Profitez des avantages mobiles de Megapari\" \/>\n<meta name=\"robots\" content=\"index, follow, max-snippet:-1, max-image-preview:large, max-video-preview:-1\" \/>\n<meta property=\"og:locale\" content=\"fr_FR\" \/>\n<meta property=\"og:type\" content=\"article\" \/>\n<meta property=\"og:title\" content=\"Megapari App: \u2705T\u00e9l\u00e9charger gratuitement pour Android et iOS\" \/>\n<meta property=\"og:description\" content=\"L&#039;application mobile Megapari Cote D&#039;Ivoire vous permet d&#039;acc\u00e9der \u00e0 vos divertissements pr\u00e9f\u00e9r\u00e9s \u00e0 tout moment et en tout lieu. Profitez des avantages mobiles de Megapari\" \/>\n<meta property=\"og:url\" content=\"https:\/\/megapari.promo\/ci\/app\/\" \/>\n<meta property=\"og:site_name\" content=\"Megapari Win ci\" \/>\n<meta property=\"article:modified_time\" content=\"2025-04-21T17:38:15+00:00\" \/>\n<meta name=\"twitter:card\" content=\"summary_large_image\" \/>\n<script type=\"application\/ld+json\" class=\"yoast-schema-graph\">{\"@context\":\"https:\/\/schema.org\",\"@graph\":[{\"@type\":\"WebPage\",\"@id\":\"https:\/\/megapari.promo\/ci\/app\/\",\"url\":\"https:\/\/megapari.promo\/ci\/app\/\",\"name\":\"Megapari App: \u2705T\u00e9l\u00e9charger gratuitement pour Android et iOS\",\"isPartOf\":{\"@id\":\"https:\/\/megapari.promo\/ci\/#website\"},\"datePublished\":\"2025-04-04T17:01:19+00:00\",\"dateModified\":\"2025-04-21T17:38:15+00:00\",\"description\":\"L'application mobile Megapari Cote D'Ivoire vous permet d'acc\u00e9der \u00e0 vos divertissements pr\u00e9f\u00e9r\u00e9s \u00e0 tout moment et en tout lieu. Profitez des avantages mobiles de Megapari\",\"breadcrumb\":{\"@id\":\"https:\/\/megapari.promo\/ci\/app\/#breadcrumb\"},\"inLanguage\":\"fr-CI\",\"potentialAction\":[{\"@type\":\"ReadAction\",\"target\":[\"https:\/\/megapari.promo\/ci\/app\/\"]}]},{\"@type\":\"BreadcrumbList\",\"@id\":\"https:\/\/megapari.promo\/ci\/app\/#breadcrumb\",\"itemListElement\":[{\"@type\":\"ListItem\",\"position\":1,\"name\":\"\u0413\u043b\u0430\u0432\u043d\u0430\u044f \u0441\u0442\u0440\u0430\u043d\u0438\u0446\u0430\",\"item\":\"https:\/\/megapari.promo\/ci\/\"},{\"@type\":\"ListItem\",\"position\":2,\"name\":\"Application\"}]},{\"@type\":\"WebSite\",\"@id\":\"https:\/\/megapari.promo\/ci\/#website\",\"url\":\"https:\/\/megapari.promo\/ci\/\",\"name\":\"Megapari Win ci\",\"description\":\"My WordPress Blog\",\"potentialAction\":[{\"@type\":\"SearchAction\",\"target\":{\"@type\":\"EntryPoint\",\"urlTemplate\":\"https:\/\/megapari.promo\/ci\/?s={search_term_string}\"},\"query-input\":\"required name=search_term_string\"}],\"inLanguage\":\"fr-CI\"}]}<\/script>\n<!-- \/ Yoast SEO plugin. -->","yoast_head_json":{"title":"Megapari App: \u2705T\u00e9l\u00e9charger gratuitement pour Android et iOS","description":"L'application mobile Megapari Cote D'Ivoire vous permet d'acc\u00e9der \u00e0 vos divertissements pr\u00e9f\u00e9r\u00e9s \u00e0 tout moment et en tout lieu. Profitez des avantages mobiles de Megapari","robots":{"index":"index","follow":"follow","max-snippet":"max-snippet:-1","max-image-preview":"max-image-preview:large","max-video-preview":"max-video-preview:-1"},"og_locale":"fr_FR","og_type":"article","og_title":"Megapari App: \u2705T\u00e9l\u00e9charger gratuitement pour Android et iOS","og_description":"L'application mobile Megapari Cote D'Ivoire vous permet d'acc\u00e9der \u00e0 vos divertissements pr\u00e9f\u00e9r\u00e9s \u00e0 tout moment et en tout lieu. Profitez des avantages mobiles de Megapari","og_url":"https:\/\/megapari.promo\/ci\/app\/","og_site_name":"Megapari Win ci","article_modified_time":"2025-04-21T17:38:15+00:00","twitter_card":"summary_large_image","schema":{"@context":"https:\/\/schema.org","@graph":[{"@type":"WebPage","@id":"https:\/\/megapari.promo\/ci\/app\/","url":"https:\/\/megapari.promo\/ci\/app\/","name":"Megapari App: \u2705T\u00e9l\u00e9charger gratuitement pour Android et iOS","isPartOf":{"@id":"https:\/\/megapari.promo\/ci\/#website"},"datePublished":"2025-04-04T17:01:19+00:00","dateModified":"2025-04-21T17:38:15+00:00","description":"L'application mobile Megapari Cote D'Ivoire vous permet d'acc\u00e9der \u00e0 vos divertissements pr\u00e9f\u00e9r\u00e9s \u00e0 tout moment et en tout lieu. Profitez des avantages mobiles de Megapari","breadcrumb":{"@id":"https:\/\/megapari.promo\/ci\/app\/#breadcrumb"},"inLanguage":"fr-CI","potentialAction":[{"@type":"ReadAction","target":["https:\/\/megapari.promo\/ci\/app\/"]}]},{"@type":"BreadcrumbList","@id":"https:\/\/megapari.promo\/ci\/app\/#breadcrumb","itemListElement":[{"@type":"ListItem","position":1,"name":"\u0413\u043b\u0430\u0432\u043d\u0430\u044f \u0441\u0442\u0440\u0430\u043d\u0438\u0446\u0430","item":"https:\/\/megapari.promo\/ci\/"},{"@type":"ListItem","position":2,"name":"Application"}]},{"@type":"WebSite","@id":"https:\/\/megapari.promo\/ci\/#website","url":"https:\/\/megapari.promo\/ci\/","name":"Megapari Win ci","description":"My WordPress Blog","potentialAction":[{"@type":"SearchAction","target":{"@type":"EntryPoint","urlTemplate":"https:\/\/megapari.promo\/ci\/?s={search_term_string}"},"query-input":"required name=search_term_string"}],"inLanguage":"fr-CI"}]}},"_links":{"self":[{"href":"https:\/\/megapari.promo\/ci\/wp-json\/wp\/v2\/pages\/296"}],"collection":[{"href":"https:\/\/megapari.promo\/ci\/wp-json\/wp\/v2\/pages"}],"about":[{"href":"https:\/\/megapari.promo\/ci\/wp-json\/wp\/v2\/types\/page"}],"author":[{"embeddable":true,"href":"https:\/\/megapari.promo\/ci\/wp-json\/wp\/v2\/users\/1"}],"replies":[{"embeddable":true,"href":"https:\/\/megapari.promo\/ci\/wp-json\/wp\/v2\/comments?post=296"}],"version-history":[{"count":11,"href":"https:\/\/megapari.promo\/ci\/wp-json\/wp\/v2\/pages\/296\/revisions"}],"predecessor-version":[{"id":465,"href":"https:\/\/megapari.promo\/ci\/wp-json\/wp\/v2\/pages\/296\/revisions\/465"}],"wp:attachment":[{"href":"https:\/\/megapari.promo\/ci\/wp-json\/wp\/v2\/media?parent=296"}],"curies":[{"name":"wp","href":"https:\/\/api.w.org\/{rel}","templated":true}]}}