{"id":330,"date":"2025-04-07T05:52:51","date_gmt":"2025-04-07T05:52:51","guid":{"rendered":"https:\/\/megapari.promo\/ci\/?page_id=330"},"modified":"2025-04-26T09:32:34","modified_gmt":"2025-04-26T09:32:34","slug":"casino","status":"publish","type":"page","link":"https:\/\/megapari.promo\/ci\/casino\/","title":{"rendered":"Casino"},"content":{"rendered":"","protected":false},"excerpt":{"rendered":"","protected":false},"author":1,"featured_media":0,"parent":0,"menu_order":0,"comment_status":"closed","ping_status":"closed","template":"","meta":{"inline_featured_image":false,"footnotes":""},"yoast_head":"<!-- This site is optimized with the Yoast SEO plugin v20.13 - https:\/\/yoast.com\/wordpress\/plugins\/seo\/ -->\n<title>Megapari Casino: \u2611\ufe0f Vue d&#039;ensemble, avantages et meilleurs jeux<\/title>\n<meta name=\"description\" content=\"Ouvrez les portes du monde du jeu avec Megapari Casino Cote D&#039;Ivoire! Des bonus d\u00e9lirants, des paiements fiables et des jeux passionnants vous attendent. Inscrivez-vous et commencez \u00e0 gagner d\u00e8s aujourd&#039;hui!\" \/>\n<meta name=\"robots\" content=\"index, follow, max-snippet:-1, max-image-preview:large, max-video-preview:-1\" \/>\n<meta property=\"og:locale\" content=\"fr_FR\" \/>\n<meta property=\"og:type\" content=\"article\" \/>\n<meta property=\"og:title\" content=\"Megapari Casino: \u2611\ufe0f Vue d&#039;ensemble, avantages et meilleurs jeux\" \/>\n<meta property=\"og:description\" content=\"Ouvrez les portes du monde du jeu avec Megapari Casino Cote D&#039;Ivoire! Des bonus d\u00e9lirants, des paiements fiables et des jeux passionnants vous attendent. Inscrivez-vous et commencez \u00e0 gagner d\u00e8s aujourd&#039;hui!\" \/>\n<meta property=\"og:url\" content=\"https:\/\/megapari.promo\/ci\/casino\/\" \/>\n<meta property=\"og:site_name\" content=\"Megapari Win ci\" \/>\n<meta property=\"article:modified_time\" content=\"2025-04-26T09:32:34+00:00\" \/>\n<meta name=\"twitter:card\" content=\"summary_large_image\" \/>\n<script type=\"application\/ld+json\" class=\"yoast-schema-graph\">{\"@context\":\"https:\/\/schema.org\",\"@graph\":[{\"@type\":\"WebPage\",\"@id\":\"https:\/\/megapari.promo\/ci\/casino\/\",\"url\":\"https:\/\/megapari.promo\/ci\/casino\/\",\"name\":\"Megapari Casino: \u2611\ufe0f Vue d'ensemble, avantages et meilleurs jeux\",\"isPartOf\":{\"@id\":\"https:\/\/megapari.promo\/ci\/#website\"},\"datePublished\":\"2025-04-07T05:52:51+00:00\",\"dateModified\":\"2025-04-26T09:32:34+00:00\",\"description\":\"Ouvrez les portes du monde du jeu avec Megapari Casino Cote D'Ivoire! Des bonus d\u00e9lirants, des paiements fiables et des jeux passionnants vous attendent. Inscrivez-vous et commencez \u00e0 gagner d\u00e8s aujourd'hui!\",\"breadcrumb\":{\"@id\":\"https:\/\/megapari.promo\/ci\/casino\/#breadcrumb\"},\"inLanguage\":\"fr-CI\",\"potentialAction\":[{\"@type\":\"ReadAction\",\"target\":[\"https:\/\/megapari.promo\/ci\/casino\/\"]}]},{\"@type\":\"BreadcrumbList\",\"@id\":\"https:\/\/megapari.promo\/ci\/casino\/#breadcrumb\",\"itemListElement\":[{\"@type\":\"ListItem\",\"position\":1,\"name\":\"\u0413\u043b\u0430\u0432\u043d\u0430\u044f \u0441\u0442\u0440\u0430\u043d\u0438\u0446\u0430\",\"item\":\"https:\/\/megapari.promo\/ci\/\"},{\"@type\":\"ListItem\",\"position\":2,\"name\":\"Casino\"}]},{\"@type\":\"WebSite\",\"@id\":\"https:\/\/megapari.promo\/ci\/#website\",\"url\":\"https:\/\/megapari.promo\/ci\/\",\"name\":\"Megapari Win ci\",\"description\":\"My WordPress Blog\",\"potentialAction\":[{\"@type\":\"SearchAction\",\"target\":{\"@type\":\"EntryPoint\",\"urlTemplate\":\"https:\/\/megapari.promo\/ci\/?s={search_term_string}\"},\"query-input\":\"required name=search_term_string\"}],\"inLanguage\":\"fr-CI\"}]}<\/script>\n<!-- \/ Yoast SEO plugin. -->","yoast_head_json":{"title":"Megapari Casino: \u2611\ufe0f Vue d'ensemble, avantages et meilleurs jeux","description":"Ouvrez les portes du monde du jeu avec Megapari Casino Cote D'Ivoire! Des bonus d\u00e9lirants, des paiements fiables et des jeux passionnants vous attendent. Inscrivez-vous et commencez \u00e0 gagner d\u00e8s aujourd'hui!","robots":{"index":"index","follow":"follow","max-snippet":"max-snippet:-1","max-image-preview":"max-image-preview:large","max-video-preview":"max-video-preview:-1"},"og_locale":"fr_FR","og_type":"article","og_title":"Megapari Casino: \u2611\ufe0f Vue d'ensemble, avantages et meilleurs jeux","og_description":"Ouvrez les portes du monde du jeu avec Megapari Casino Cote D'Ivoire! Des bonus d\u00e9lirants, des paiements fiables et des jeux passionnants vous attendent. Inscrivez-vous et commencez \u00e0 gagner d\u00e8s aujourd'hui!","og_url":"https:\/\/megapari.promo\/ci\/casino\/","og_site_name":"Megapari Win ci","article_modified_time":"2025-04-26T09:32:34+00:00","twitter_card":"summary_large_image","schema":{"@context":"https:\/\/schema.org","@graph":[{"@type":"WebPage","@id":"https:\/\/megapari.promo\/ci\/casino\/","url":"https:\/\/megapari.promo\/ci\/casino\/","name":"Megapari Casino: \u2611\ufe0f Vue d'ensemble, avantages et meilleurs jeux","isPartOf":{"@id":"https:\/\/megapari.promo\/ci\/#website"},"datePublished":"2025-04-07T05:52:51+00:00","dateModified":"2025-04-26T09:32:34+00:00","description":"Ouvrez les portes du monde du jeu avec Megapari Casino Cote D'Ivoire! Des bonus d\u00e9lirants, des paiements fiables et des jeux passionnants vous attendent. Inscrivez-vous et commencez \u00e0 gagner d\u00e8s aujourd'hui!","breadcrumb":{"@id":"https:\/\/megapari.promo\/ci\/casino\/#breadcrumb"},"inLanguage":"fr-CI","potentialAction":[{"@type":"ReadAction","target":["https:\/\/megapari.promo\/ci\/casino\/"]}]},{"@type":"BreadcrumbList","@id":"https:\/\/megapari.promo\/ci\/casino\/#breadcrumb","itemListElement":[{"@type":"ListItem","position":1,"name":"\u0413\u043b\u0430\u0432\u043d\u0430\u044f \u0441\u0442\u0440\u0430\u043d\u0438\u0446\u0430","item":"https:\/\/megapari.promo\/ci\/"},{"@type":"ListItem","position":2,"name":"Casino"}]},{"@type":"WebSite","@id":"https:\/\/megapari.promo\/ci\/#website","url":"https:\/\/megapari.promo\/ci\/","name":"Megapari Win ci","description":"My WordPress Blog","potentialAction":[{"@type":"SearchAction","target":{"@type":"EntryPoint","urlTemplate":"https:\/\/megapari.promo\/ci\/?s={search_term_string}"},"query-input":"required name=search_term_string"}],"inLanguage":"fr-CI"}]}},"_links":{"self":[{"href":"https:\/\/megapari.promo\/ci\/wp-json\/wp\/v2\/pages\/330"}],"collection":[{"href":"https:\/\/megapari.promo\/ci\/wp-json\/wp\/v2\/pages"}],"about":[{"href":"https:\/\/megapari.promo\/ci\/wp-json\/wp\/v2\/types\/page"}],"author":[{"embeddable":true,"href":"https:\/\/megapari.promo\/ci\/wp-json\/wp\/v2\/users\/1"}],"replies":[{"embeddable":true,"href":"https:\/\/megapari.promo\/ci\/wp-json\/wp\/v2\/comments?post=330"}],"version-history":[{"count":16,"href":"https:\/\/megapari.promo\/ci\/wp-json\/wp\/v2\/pages\/330\/revisions"}],"predecessor-version":[{"id":468,"href":"https:\/\/megapari.promo\/ci\/wp-json\/wp\/v2\/pages\/330\/revisions\/468"}],"wp:attachment":[{"href":"https:\/\/megapari.promo\/ci\/wp-json\/wp\/v2\/media?parent=330"}],"curies":[{"name":"wp","href":"https:\/\/api.w.org\/{rel}","templated":true}]}}