{"id":358,"date":"2025-04-08T06:29:40","date_gmt":"2025-04-08T06:29:40","guid":{"rendered":"https:\/\/megapari.promo\/ci\/?page_id=358"},"modified":"2025-07-28T17:51:36","modified_gmt":"2025-07-28T17:51:36","slug":"promo-code","status":"publish","type":"page","link":"https:\/\/megapari.promo\/ci\/promo-code\/","title":{"rendered":"Code promo"},"content":{"rendered":"","protected":false},"excerpt":{"rendered":"","protected":false},"author":1,"featured_media":0,"parent":0,"menu_order":0,"comment_status":"closed","ping_status":"closed","template":"","meta":{"inline_featured_image":false,"footnotes":""},"yoast_head":"<!-- This site is optimized with the Yoast SEO plugin v20.13 - https:\/\/yoast.com\/wordpress\/plugins\/seo\/ -->\n<title>Megapari code promo \u25b6\ufe0fActual codes de bonus 2026<\/title>\n<meta name=\"description\" content=\"Trouvez les meilleurs codes bonus Megapari Cote D&#039;Ivoire et obtenez des bonus exclusifs sans d\u00e9p\u00f4t et des tours gratuits. Utilisez un code promo lors de votre inscription. Les codes bonus peuvent vous offrir des tours gratuits sur vos machines \u00e0 sous pr\u00e9f\u00e9r\u00e9es et des paris gratuits sur les sports les plus populaires \u00e0 Megapari.\" \/>\n<meta name=\"robots\" content=\"index, follow, max-snippet:-1, max-image-preview:large, max-video-preview:-1\" \/>\n<meta property=\"og:locale\" content=\"fr_FR\" \/>\n<meta property=\"og:type\" content=\"article\" \/>\n<meta property=\"og:title\" content=\"Megapari code promo \u25b6\ufe0fActual codes de bonus 2026\" \/>\n<meta property=\"og:description\" content=\"Trouvez les meilleurs codes bonus Megapari Cote D&#039;Ivoire et obtenez des bonus exclusifs sans d\u00e9p\u00f4t et des tours gratuits. Utilisez un code promo lors de votre inscription. Les codes bonus peuvent vous offrir des tours gratuits sur vos machines \u00e0 sous pr\u00e9f\u00e9r\u00e9es et des paris gratuits sur les sports les plus populaires \u00e0 Megapari.\" \/>\n<meta property=\"og:url\" content=\"https:\/\/megapari.promo\/ci\/promo-code\/\" \/>\n<meta property=\"og:site_name\" content=\"Megapari Win ci\" \/>\n<meta property=\"article:modified_time\" content=\"2025-07-28T17:51:36+00:00\" \/>\n<meta name=\"twitter:card\" content=\"summary_large_image\" \/>\n<script type=\"application\/ld+json\" class=\"yoast-schema-graph\">{\"@context\":\"https:\/\/schema.org\",\"@graph\":[{\"@type\":\"WebPage\",\"@id\":\"https:\/\/megapari.promo\/ci\/promo-code\/\",\"url\":\"https:\/\/megapari.promo\/ci\/promo-code\/\",\"name\":\"Megapari code promo \u25b6\ufe0fActual codes de bonus 2026\",\"isPartOf\":{\"@id\":\"https:\/\/megapari.promo\/ci\/#website\"},\"datePublished\":\"2025-04-08T06:29:40+00:00\",\"dateModified\":\"2025-07-28T17:51:36+00:00\",\"description\":\"Trouvez les meilleurs codes bonus Megapari Cote D'Ivoire et obtenez des bonus exclusifs sans d\u00e9p\u00f4t et des tours gratuits. Utilisez un code promo lors de votre inscription. Les codes bonus peuvent vous offrir des tours gratuits sur vos machines \u00e0 sous pr\u00e9f\u00e9r\u00e9es et des paris gratuits sur les sports les plus populaires \u00e0 Megapari.\",\"breadcrumb\":{\"@id\":\"https:\/\/megapari.promo\/ci\/promo-code\/#breadcrumb\"},\"inLanguage\":\"fr-CI\",\"potentialAction\":[{\"@type\":\"ReadAction\",\"target\":[\"https:\/\/megapari.promo\/ci\/promo-code\/\"]}]},{\"@type\":\"BreadcrumbList\",\"@id\":\"https:\/\/megapari.promo\/ci\/promo-code\/#breadcrumb\",\"itemListElement\":[{\"@type\":\"ListItem\",\"position\":1,\"name\":\"\u0413\u043b\u0430\u0432\u043d\u0430\u044f \u0441\u0442\u0440\u0430\u043d\u0438\u0446\u0430\",\"item\":\"https:\/\/megapari.promo\/ci\/\"},{\"@type\":\"ListItem\",\"position\":2,\"name\":\"Code promo\"}]},{\"@type\":\"WebSite\",\"@id\":\"https:\/\/megapari.promo\/ci\/#website\",\"url\":\"https:\/\/megapari.promo\/ci\/\",\"name\":\"Megapari Win ci\",\"description\":\"My WordPress Blog\",\"potentialAction\":[{\"@type\":\"SearchAction\",\"target\":{\"@type\":\"EntryPoint\",\"urlTemplate\":\"https:\/\/megapari.promo\/ci\/?s={search_term_string}\"},\"query-input\":\"required name=search_term_string\"}],\"inLanguage\":\"fr-CI\"}]}<\/script>\n<!-- \/ Yoast SEO plugin. -->","yoast_head_json":{"title":"Megapari code promo \u25b6\ufe0fActual codes de bonus 2026","description":"Trouvez les meilleurs codes bonus Megapari Cote D'Ivoire et obtenez des bonus exclusifs sans d\u00e9p\u00f4t et des tours gratuits. Utilisez un code promo lors de votre inscription. Les codes bonus peuvent vous offrir des tours gratuits sur vos machines \u00e0 sous pr\u00e9f\u00e9r\u00e9es et des paris gratuits sur les sports les plus populaires \u00e0 Megapari.","robots":{"index":"index","follow":"follow","max-snippet":"max-snippet:-1","max-image-preview":"max-image-preview:large","max-video-preview":"max-video-preview:-1"},"og_locale":"fr_FR","og_type":"article","og_title":"Megapari code promo \u25b6\ufe0fActual codes de bonus 2026","og_description":"Trouvez les meilleurs codes bonus Megapari Cote D'Ivoire et obtenez des bonus exclusifs sans d\u00e9p\u00f4t et des tours gratuits. Utilisez un code promo lors de votre inscription. Les codes bonus peuvent vous offrir des tours gratuits sur vos machines \u00e0 sous pr\u00e9f\u00e9r\u00e9es et des paris gratuits sur les sports les plus populaires \u00e0 Megapari.","og_url":"https:\/\/megapari.promo\/ci\/promo-code\/","og_site_name":"Megapari Win ci","article_modified_time":"2025-07-28T17:51:36+00:00","twitter_card":"summary_large_image","schema":{"@context":"https:\/\/schema.org","@graph":[{"@type":"WebPage","@id":"https:\/\/megapari.promo\/ci\/promo-code\/","url":"https:\/\/megapari.promo\/ci\/promo-code\/","name":"Megapari code promo \u25b6\ufe0fActual codes de bonus 2026","isPartOf":{"@id":"https:\/\/megapari.promo\/ci\/#website"},"datePublished":"2025-04-08T06:29:40+00:00","dateModified":"2025-07-28T17:51:36+00:00","description":"Trouvez les meilleurs codes bonus Megapari Cote D'Ivoire et obtenez des bonus exclusifs sans d\u00e9p\u00f4t et des tours gratuits. Utilisez un code promo lors de votre inscription. Les codes bonus peuvent vous offrir des tours gratuits sur vos machines \u00e0 sous pr\u00e9f\u00e9r\u00e9es et des paris gratuits sur les sports les plus populaires \u00e0 Megapari.","breadcrumb":{"@id":"https:\/\/megapari.promo\/ci\/promo-code\/#breadcrumb"},"inLanguage":"fr-CI","potentialAction":[{"@type":"ReadAction","target":["https:\/\/megapari.promo\/ci\/promo-code\/"]}]},{"@type":"BreadcrumbList","@id":"https:\/\/megapari.promo\/ci\/promo-code\/#breadcrumb","itemListElement":[{"@type":"ListItem","position":1,"name":"\u0413\u043b\u0430\u0432\u043d\u0430\u044f \u0441\u0442\u0440\u0430\u043d\u0438\u0446\u0430","item":"https:\/\/megapari.promo\/ci\/"},{"@type":"ListItem","position":2,"name":"Code promo"}]},{"@type":"WebSite","@id":"https:\/\/megapari.promo\/ci\/#website","url":"https:\/\/megapari.promo\/ci\/","name":"Megapari Win ci","description":"My WordPress Blog","potentialAction":[{"@type":"SearchAction","target":{"@type":"EntryPoint","urlTemplate":"https:\/\/megapari.promo\/ci\/?s={search_term_string}"},"query-input":"required name=search_term_string"}],"inLanguage":"fr-CI"}]}},"_links":{"self":[{"href":"https:\/\/megapari.promo\/ci\/wp-json\/wp\/v2\/pages\/358"}],"collection":[{"href":"https:\/\/megapari.promo\/ci\/wp-json\/wp\/v2\/pages"}],"about":[{"href":"https:\/\/megapari.promo\/ci\/wp-json\/wp\/v2\/types\/page"}],"author":[{"embeddable":true,"href":"https:\/\/megapari.promo\/ci\/wp-json\/wp\/v2\/users\/1"}],"replies":[{"embeddable":true,"href":"https:\/\/megapari.promo\/ci\/wp-json\/wp\/v2\/comments?post=358"}],"version-history":[{"count":22,"href":"https:\/\/megapari.promo\/ci\/wp-json\/wp\/v2\/pages\/358\/revisions"}],"predecessor-version":[{"id":469,"href":"https:\/\/megapari.promo\/ci\/wp-json\/wp\/v2\/pages\/358\/revisions\/469"}],"wp:attachment":[{"href":"https:\/\/megapari.promo\/ci\/wp-json\/wp\/v2\/media?parent=358"}],"curies":[{"name":"wp","href":"https:\/\/api.w.org\/{rel}","templated":true}]}}