{"id":358,"date":"2025-04-08T06:29:40","date_gmt":"2025-04-08T06:29:40","guid":{"rendered":"https:\/\/megapari.promo\/cl\/?page_id=358"},"modified":"2025-07-28T17:50:12","modified_gmt":"2025-07-28T17:50:12","slug":"promo-code","status":"publish","type":"page","link":"https:\/\/megapari.promo\/cl\/promo-code\/","title":{"rendered":"C\u00f3digo promocional"},"content":{"rendered":"","protected":false},"excerpt":{"rendered":"","protected":false},"author":1,"featured_media":0,"parent":0,"menu_order":0,"comment_status":"closed","ping_status":"closed","template":"","meta":{"inline_featured_image":false,"footnotes":""},"yoast_head":"<!-- This site is optimized with the Yoast SEO plugin v20.13 - https:\/\/yoast.com\/wordpress\/plugins\/seo\/ -->\n<title>Megapari c\u00f3digo promocional \u25b6\ufe0fActual c\u00f3digos de bono 2026<\/title>\n<meta name=\"description\" content=\"Encuentra los mejores c\u00f3digos de bono Megapari Chile y consigue exclusivos bonos sin dep\u00f3sito y tiradas gratis. Utiliza un c\u00f3digo promocional de cuando te registres. Los c\u00f3digos de bono pueden darte tiradas gratis en tus tragaperras favoritas y apuestas gratis en deportes populares en Megapari.\" \/>\n<meta name=\"robots\" content=\"index, follow, max-snippet:-1, max-image-preview:large, max-video-preview:-1\" \/>\n<meta property=\"og:locale\" content=\"es_ES\" \/>\n<meta property=\"og:type\" content=\"article\" \/>\n<meta property=\"og:title\" content=\"Megapari c\u00f3digo promocional \u25b6\ufe0fActual c\u00f3digos de bono 2026\" \/>\n<meta property=\"og:description\" content=\"Encuentra los mejores c\u00f3digos de bono Megapari Chile y consigue exclusivos bonos sin dep\u00f3sito y tiradas gratis. Utiliza un c\u00f3digo promocional de cuando te registres. Los c\u00f3digos de bono pueden darte tiradas gratis en tus tragaperras favoritas y apuestas gratis en deportes populares en Megapari.\" \/>\n<meta property=\"og:url\" content=\"https:\/\/megapari.promo\/cl\/promo-code\/\" \/>\n<meta property=\"og:site_name\" content=\"Megapari Win cl\" \/>\n<meta property=\"article:modified_time\" content=\"2025-07-28T17:50:12+00:00\" \/>\n<meta name=\"twitter:card\" content=\"summary_large_image\" \/>\n<script type=\"application\/ld+json\" class=\"yoast-schema-graph\">{\"@context\":\"https:\/\/schema.org\",\"@graph\":[{\"@type\":\"WebPage\",\"@id\":\"https:\/\/megapari.promo\/cl\/promo-code\/\",\"url\":\"https:\/\/megapari.promo\/cl\/promo-code\/\",\"name\":\"Megapari c\u00f3digo promocional \u25b6\ufe0fActual c\u00f3digos de bono 2026\",\"isPartOf\":{\"@id\":\"https:\/\/megapari.promo\/cl\/#website\"},\"datePublished\":\"2025-04-08T06:29:40+00:00\",\"dateModified\":\"2025-07-28T17:50:12+00:00\",\"description\":\"Encuentra los mejores c\u00f3digos de bono Megapari Chile y consigue exclusivos bonos sin dep\u00f3sito y tiradas gratis. Utiliza un c\u00f3digo promocional de cuando te registres. Los c\u00f3digos de bono pueden darte tiradas gratis en tus tragaperras favoritas y apuestas gratis en deportes populares en Megapari.\",\"breadcrumb\":{\"@id\":\"https:\/\/megapari.promo\/cl\/promo-code\/#breadcrumb\"},\"inLanguage\":\"es-CL\",\"potentialAction\":[{\"@type\":\"ReadAction\",\"target\":[\"https:\/\/megapari.promo\/cl\/promo-code\/\"]}]},{\"@type\":\"BreadcrumbList\",\"@id\":\"https:\/\/megapari.promo\/cl\/promo-code\/#breadcrumb\",\"itemListElement\":[{\"@type\":\"ListItem\",\"position\":1,\"name\":\"\u0413\u043b\u0430\u0432\u043d\u0430\u044f \u0441\u0442\u0440\u0430\u043d\u0438\u0446\u0430\",\"item\":\"https:\/\/megapari.promo\/cl\/\"},{\"@type\":\"ListItem\",\"position\":2,\"name\":\"C\u00f3digo promocional\"}]},{\"@type\":\"WebSite\",\"@id\":\"https:\/\/megapari.promo\/cl\/#website\",\"url\":\"https:\/\/megapari.promo\/cl\/\",\"name\":\"Megapari Win cl\",\"description\":\"My WordPress Blog\",\"potentialAction\":[{\"@type\":\"SearchAction\",\"target\":{\"@type\":\"EntryPoint\",\"urlTemplate\":\"https:\/\/megapari.promo\/cl\/?s={search_term_string}\"},\"query-input\":\"required name=search_term_string\"}],\"inLanguage\":\"es-CL\"}]}<\/script>\n<!-- \/ Yoast SEO plugin. -->","yoast_head_json":{"title":"Megapari c\u00f3digo promocional \u25b6\ufe0fActual c\u00f3digos de bono 2026","description":"Encuentra los mejores c\u00f3digos de bono Megapari Chile y consigue exclusivos bonos sin dep\u00f3sito y tiradas gratis. Utiliza un c\u00f3digo promocional de cuando te registres. Los c\u00f3digos de bono pueden darte tiradas gratis en tus tragaperras favoritas y apuestas gratis en deportes populares en Megapari.","robots":{"index":"index","follow":"follow","max-snippet":"max-snippet:-1","max-image-preview":"max-image-preview:large","max-video-preview":"max-video-preview:-1"},"og_locale":"es_ES","og_type":"article","og_title":"Megapari c\u00f3digo promocional \u25b6\ufe0fActual c\u00f3digos de bono 2026","og_description":"Encuentra los mejores c\u00f3digos de bono Megapari Chile y consigue exclusivos bonos sin dep\u00f3sito y tiradas gratis. Utiliza un c\u00f3digo promocional de cuando te registres. Los c\u00f3digos de bono pueden darte tiradas gratis en tus tragaperras favoritas y apuestas gratis en deportes populares en Megapari.","og_url":"https:\/\/megapari.promo\/cl\/promo-code\/","og_site_name":"Megapari Win cl","article_modified_time":"2025-07-28T17:50:12+00:00","twitter_card":"summary_large_image","schema":{"@context":"https:\/\/schema.org","@graph":[{"@type":"WebPage","@id":"https:\/\/megapari.promo\/cl\/promo-code\/","url":"https:\/\/megapari.promo\/cl\/promo-code\/","name":"Megapari c\u00f3digo promocional \u25b6\ufe0fActual c\u00f3digos de bono 2026","isPartOf":{"@id":"https:\/\/megapari.promo\/cl\/#website"},"datePublished":"2025-04-08T06:29:40+00:00","dateModified":"2025-07-28T17:50:12+00:00","description":"Encuentra los mejores c\u00f3digos de bono Megapari Chile y consigue exclusivos bonos sin dep\u00f3sito y tiradas gratis. Utiliza un c\u00f3digo promocional de cuando te registres. Los c\u00f3digos de bono pueden darte tiradas gratis en tus tragaperras favoritas y apuestas gratis en deportes populares en Megapari.","breadcrumb":{"@id":"https:\/\/megapari.promo\/cl\/promo-code\/#breadcrumb"},"inLanguage":"es-CL","potentialAction":[{"@type":"ReadAction","target":["https:\/\/megapari.promo\/cl\/promo-code\/"]}]},{"@type":"BreadcrumbList","@id":"https:\/\/megapari.promo\/cl\/promo-code\/#breadcrumb","itemListElement":[{"@type":"ListItem","position":1,"name":"\u0413\u043b\u0430\u0432\u043d\u0430\u044f \u0441\u0442\u0440\u0430\u043d\u0438\u0446\u0430","item":"https:\/\/megapari.promo\/cl\/"},{"@type":"ListItem","position":2,"name":"C\u00f3digo promocional"}]},{"@type":"WebSite","@id":"https:\/\/megapari.promo\/cl\/#website","url":"https:\/\/megapari.promo\/cl\/","name":"Megapari Win cl","description":"My WordPress Blog","potentialAction":[{"@type":"SearchAction","target":{"@type":"EntryPoint","urlTemplate":"https:\/\/megapari.promo\/cl\/?s={search_term_string}"},"query-input":"required name=search_term_string"}],"inLanguage":"es-CL"}]}},"_links":{"self":[{"href":"https:\/\/megapari.promo\/cl\/wp-json\/wp\/v2\/pages\/358"}],"collection":[{"href":"https:\/\/megapari.promo\/cl\/wp-json\/wp\/v2\/pages"}],"about":[{"href":"https:\/\/megapari.promo\/cl\/wp-json\/wp\/v2\/types\/page"}],"author":[{"embeddable":true,"href":"https:\/\/megapari.promo\/cl\/wp-json\/wp\/v2\/users\/1"}],"replies":[{"embeddable":true,"href":"https:\/\/megapari.promo\/cl\/wp-json\/wp\/v2\/comments?post=358"}],"version-history":[{"count":23,"href":"https:\/\/megapari.promo\/cl\/wp-json\/wp\/v2\/pages\/358\/revisions"}],"predecessor-version":[{"id":550,"href":"https:\/\/megapari.promo\/cl\/wp-json\/wp\/v2\/pages\/358\/revisions\/550"}],"wp:attachment":[{"href":"https:\/\/megapari.promo\/cl\/wp-json\/wp\/v2\/media?parent=358"}],"curies":[{"name":"wp","href":"https:\/\/api.w.org\/{rel}","templated":true}]}}