{"id":358,"date":"2025-04-08T06:29:40","date_gmt":"2025-04-08T06:29:40","guid":{"rendered":"https:\/\/megapari.promo\/cm\/?page_id=358"},"modified":"2025-08-12T20:31:48","modified_gmt":"2025-08-12T20:31:48","slug":"promo-code","status":"publish","type":"page","link":"https:\/\/megapari.promo\/cm\/promo-code\/","title":{"rendered":"Code promotionnel"},"content":{"rendered":"","protected":false},"excerpt":{"rendered":"","protected":false},"author":1,"featured_media":0,"parent":0,"menu_order":0,"comment_status":"closed","ping_status":"closed","template":"","meta":{"inline_featured_image":false,"footnotes":""},"yoast_head":"<!-- This site is optimized with the Yoast SEO plugin v20.13 - https:\/\/yoast.com\/wordpress\/plugins\/seo\/ -->\n<title>Code promo Megapari \u25b6\ufe0fCodes bonus actuels<\/title>\n<meta name=\"description\" content=\"Trouvez les meilleurs codes bonus Megapari Cameroun et obtenez des bonus exclusifs sans d\u00e9p\u00f4t et des tours gratuits. Utilisez un code promotionnel lors de votre inscription. Les codes bonus vous permettent d&#039;obtenir des tours gratuits sur vos machines \u00e0 sous pr\u00e9f\u00e9r\u00e9es et des paris gratuits sur les sports populaires chez Megapari.\" \/>\n<meta name=\"robots\" content=\"index, follow, max-snippet:-1, max-image-preview:large, max-video-preview:-1\" \/>\n<meta property=\"og:locale\" content=\"fr_FR\" \/>\n<meta property=\"og:type\" content=\"article\" \/>\n<meta property=\"og:title\" content=\"Code promo Megapari \u25b6\ufe0fCodes bonus actuels\" \/>\n<meta property=\"og:description\" content=\"Trouvez les meilleurs codes bonus Megapari Cameroun et obtenez des bonus exclusifs sans d\u00e9p\u00f4t et des tours gratuits. Utilisez un code promotionnel lors de votre inscription. Les codes bonus vous permettent d&#039;obtenir des tours gratuits sur vos machines \u00e0 sous pr\u00e9f\u00e9r\u00e9es et des paris gratuits sur les sports populaires chez Megapari.\" \/>\n<meta property=\"og:url\" content=\"https:\/\/megapari.promo\/cm\/promo-code\/\" \/>\n<meta property=\"og:site_name\" content=\"Megapari Win cm\" \/>\n<meta property=\"article:modified_time\" content=\"2025-08-12T20:31:48+00:00\" \/>\n<meta name=\"twitter:card\" content=\"summary_large_image\" \/>\n<script type=\"application\/ld+json\" class=\"yoast-schema-graph\">{\"@context\":\"https:\/\/schema.org\",\"@graph\":[{\"@type\":\"WebPage\",\"@id\":\"https:\/\/megapari.promo\/cm\/promo-code\/\",\"url\":\"https:\/\/megapari.promo\/cm\/promo-code\/\",\"name\":\"Code promo Megapari \u25b6\ufe0fCodes bonus actuels\",\"isPartOf\":{\"@id\":\"https:\/\/megapari.promo\/cm\/#website\"},\"datePublished\":\"2025-04-08T06:29:40+00:00\",\"dateModified\":\"2025-08-12T20:31:48+00:00\",\"description\":\"Trouvez les meilleurs codes bonus Megapari Cameroun et obtenez des bonus exclusifs sans d\u00e9p\u00f4t et des tours gratuits. Utilisez un code promotionnel lors de votre inscription. Les codes bonus vous permettent d'obtenir des tours gratuits sur vos machines \u00e0 sous pr\u00e9f\u00e9r\u00e9es et des paris gratuits sur les sports populaires chez Megapari.\",\"breadcrumb\":{\"@id\":\"https:\/\/megapari.promo\/cm\/promo-code\/#breadcrumb\"},\"inLanguage\":\"fr-CM\",\"potentialAction\":[{\"@type\":\"ReadAction\",\"target\":[\"https:\/\/megapari.promo\/cm\/promo-code\/\"]}]},{\"@type\":\"BreadcrumbList\",\"@id\":\"https:\/\/megapari.promo\/cm\/promo-code\/#breadcrumb\",\"itemListElement\":[{\"@type\":\"ListItem\",\"position\":1,\"name\":\"\u0413\u043b\u0430\u0432\u043d\u0430\u044f \u0441\u0442\u0440\u0430\u043d\u0438\u0446\u0430\",\"item\":\"https:\/\/megapari.promo\/cm\/\"},{\"@type\":\"ListItem\",\"position\":2,\"name\":\"Code promotionnel\"}]},{\"@type\":\"WebSite\",\"@id\":\"https:\/\/megapari.promo\/cm\/#website\",\"url\":\"https:\/\/megapari.promo\/cm\/\",\"name\":\"Megapari Win cm\",\"description\":\"My WordPress Blog\",\"potentialAction\":[{\"@type\":\"SearchAction\",\"target\":{\"@type\":\"EntryPoint\",\"urlTemplate\":\"https:\/\/megapari.promo\/cm\/?s={search_term_string}\"},\"query-input\":\"required name=search_term_string\"}],\"inLanguage\":\"fr-CM\"}]}<\/script>\n<!-- \/ Yoast SEO plugin. -->","yoast_head_json":{"title":"Code promo Megapari \u25b6\ufe0fCodes bonus actuels","description":"Trouvez les meilleurs codes bonus Megapari Cameroun et obtenez des bonus exclusifs sans d\u00e9p\u00f4t et des tours gratuits. Utilisez un code promotionnel lors de votre inscription. Les codes bonus vous permettent d'obtenir des tours gratuits sur vos machines \u00e0 sous pr\u00e9f\u00e9r\u00e9es et des paris gratuits sur les sports populaires chez Megapari.","robots":{"index":"index","follow":"follow","max-snippet":"max-snippet:-1","max-image-preview":"max-image-preview:large","max-video-preview":"max-video-preview:-1"},"og_locale":"fr_FR","og_type":"article","og_title":"Code promo Megapari \u25b6\ufe0fCodes bonus actuels","og_description":"Trouvez les meilleurs codes bonus Megapari Cameroun et obtenez des bonus exclusifs sans d\u00e9p\u00f4t et des tours gratuits. Utilisez un code promotionnel lors de votre inscription. Les codes bonus vous permettent d'obtenir des tours gratuits sur vos machines \u00e0 sous pr\u00e9f\u00e9r\u00e9es et des paris gratuits sur les sports populaires chez Megapari.","og_url":"https:\/\/megapari.promo\/cm\/promo-code\/","og_site_name":"Megapari Win cm","article_modified_time":"2025-08-12T20:31:48+00:00","twitter_card":"summary_large_image","schema":{"@context":"https:\/\/schema.org","@graph":[{"@type":"WebPage","@id":"https:\/\/megapari.promo\/cm\/promo-code\/","url":"https:\/\/megapari.promo\/cm\/promo-code\/","name":"Code promo Megapari \u25b6\ufe0fCodes bonus actuels","isPartOf":{"@id":"https:\/\/megapari.promo\/cm\/#website"},"datePublished":"2025-04-08T06:29:40+00:00","dateModified":"2025-08-12T20:31:48+00:00","description":"Trouvez les meilleurs codes bonus Megapari Cameroun et obtenez des bonus exclusifs sans d\u00e9p\u00f4t et des tours gratuits. Utilisez un code promotionnel lors de votre inscription. Les codes bonus vous permettent d'obtenir des tours gratuits sur vos machines \u00e0 sous pr\u00e9f\u00e9r\u00e9es et des paris gratuits sur les sports populaires chez Megapari.","breadcrumb":{"@id":"https:\/\/megapari.promo\/cm\/promo-code\/#breadcrumb"},"inLanguage":"fr-CM","potentialAction":[{"@type":"ReadAction","target":["https:\/\/megapari.promo\/cm\/promo-code\/"]}]},{"@type":"BreadcrumbList","@id":"https:\/\/megapari.promo\/cm\/promo-code\/#breadcrumb","itemListElement":[{"@type":"ListItem","position":1,"name":"\u0413\u043b\u0430\u0432\u043d\u0430\u044f \u0441\u0442\u0440\u0430\u043d\u0438\u0446\u0430","item":"https:\/\/megapari.promo\/cm\/"},{"@type":"ListItem","position":2,"name":"Code promotionnel"}]},{"@type":"WebSite","@id":"https:\/\/megapari.promo\/cm\/#website","url":"https:\/\/megapari.promo\/cm\/","name":"Megapari Win cm","description":"My WordPress Blog","potentialAction":[{"@type":"SearchAction","target":{"@type":"EntryPoint","urlTemplate":"https:\/\/megapari.promo\/cm\/?s={search_term_string}"},"query-input":"required name=search_term_string"}],"inLanguage":"fr-CM"}]}},"_links":{"self":[{"href":"https:\/\/megapari.promo\/cm\/wp-json\/wp\/v2\/pages\/358"}],"collection":[{"href":"https:\/\/megapari.promo\/cm\/wp-json\/wp\/v2\/pages"}],"about":[{"href":"https:\/\/megapari.promo\/cm\/wp-json\/wp\/v2\/types\/page"}],"author":[{"embeddable":true,"href":"https:\/\/megapari.promo\/cm\/wp-json\/wp\/v2\/users\/1"}],"replies":[{"embeddable":true,"href":"https:\/\/megapari.promo\/cm\/wp-json\/wp\/v2\/comments?post=358"}],"version-history":[{"count":22,"href":"https:\/\/megapari.promo\/cm\/wp-json\/wp\/v2\/pages\/358\/revisions"}],"predecessor-version":[{"id":544,"href":"https:\/\/megapari.promo\/cm\/wp-json\/wp\/v2\/pages\/358\/revisions\/544"}],"wp:attachment":[{"href":"https:\/\/megapari.promo\/cm\/wp-json\/wp\/v2\/media?parent=358"}],"curies":[{"name":"wp","href":"https:\/\/api.w.org\/{rel}","templated":true}]}}