{"id":296,"date":"2025-04-04T17:01:19","date_gmt":"2025-04-04T17:01:19","guid":{"rendered":"https:\/\/megapari.promo\/cs\/?page_id=296"},"modified":"2025-08-28T15:57:11","modified_gmt":"2025-08-28T15:57:11","slug":"app","status":"publish","type":"page","link":"https:\/\/megapari.promo\/cs\/app\/","title":{"rendered":"Aplikace"},"content":{"rendered":"","protected":false},"excerpt":{"rendered":"","protected":false},"author":1,"featured_media":0,"parent":0,"menu_order":0,"comment_status":"closed","ping_status":"closed","template":"","meta":{"inline_featured_image":false,"footnotes":""},"yoast_head":"<!-- This site is optimized with the Yoast SEO plugin v20.13 - https:\/\/yoast.com\/wordpress\/plugins\/seo\/ -->\n<title>Aplikace Megapari: \u2705Sta\u017een\u00ed zdarma pro Android a iOS<\/title>\n<meta name=\"description\" content=\"Mobiln\u00ed aplikace Megapari v\u00e1m umo\u017e\u0148uje p\u0159\u00edstup k va\u0161\u00ed obl\u00edben\u00e9 z\u00e1bav\u011b kdykoli a kdekoli. Vyu\u017eijte v\u00fdhody mobiln\u00ed aplikace Megapari.\" \/>\n<meta name=\"robots\" content=\"index, follow, max-snippet:-1, max-image-preview:large, max-video-preview:-1\" \/>\n<meta property=\"og:locale\" content=\"cs_CZ\" \/>\n<meta property=\"og:type\" content=\"article\" \/>\n<meta property=\"og:title\" content=\"Aplikace Megapari: \u2705Sta\u017een\u00ed zdarma pro Android a iOS\" \/>\n<meta property=\"og:description\" content=\"Mobiln\u00ed aplikace Megapari v\u00e1m umo\u017e\u0148uje p\u0159\u00edstup k va\u0161\u00ed obl\u00edben\u00e9 z\u00e1bav\u011b kdykoli a kdekoli. Vyu\u017eijte v\u00fdhody mobiln\u00ed aplikace Megapari.\" \/>\n<meta property=\"og:url\" content=\"https:\/\/megapari.promo\/cs\/app\/\" \/>\n<meta property=\"og:site_name\" content=\"Megapari Win CS\" \/>\n<meta property=\"article:modified_time\" content=\"2025-08-28T15:57:11+00:00\" \/>\n<meta name=\"twitter:card\" content=\"summary_large_image\" \/>\n<script type=\"application\/ld+json\" class=\"yoast-schema-graph\">{\"@context\":\"https:\/\/schema.org\",\"@graph\":[{\"@type\":\"WebPage\",\"@id\":\"https:\/\/megapari.promo\/cs\/app\/\",\"url\":\"https:\/\/megapari.promo\/cs\/app\/\",\"name\":\"Aplikace Megapari: \u2705Sta\u017een\u00ed zdarma pro Android a iOS\",\"isPartOf\":{\"@id\":\"https:\/\/megapari.promo\/cs\/#website\"},\"datePublished\":\"2025-04-04T17:01:19+00:00\",\"dateModified\":\"2025-08-28T15:57:11+00:00\",\"description\":\"Mobiln\u00ed aplikace Megapari v\u00e1m umo\u017e\u0148uje p\u0159\u00edstup k va\u0161\u00ed obl\u00edben\u00e9 z\u00e1bav\u011b kdykoli a kdekoli. Vyu\u017eijte v\u00fdhody mobiln\u00ed aplikace Megapari.\",\"breadcrumb\":{\"@id\":\"https:\/\/megapari.promo\/cs\/app\/#breadcrumb\"},\"inLanguage\":\"cs\",\"potentialAction\":[{\"@type\":\"ReadAction\",\"target\":[\"https:\/\/megapari.promo\/cs\/app\/\"]}]},{\"@type\":\"BreadcrumbList\",\"@id\":\"https:\/\/megapari.promo\/cs\/app\/#breadcrumb\",\"itemListElement\":[{\"@type\":\"ListItem\",\"position\":1,\"name\":\"\u0413\u043b\u0430\u0432\u043d\u0430\u044f \u0441\u0442\u0440\u0430\u043d\u0438\u0446\u0430\",\"item\":\"https:\/\/megapari.promo\/cs\/\"},{\"@type\":\"ListItem\",\"position\":2,\"name\":\"Aplikace\"}]},{\"@type\":\"WebSite\",\"@id\":\"https:\/\/megapari.promo\/cs\/#website\",\"url\":\"https:\/\/megapari.promo\/cs\/\",\"name\":\"Megapari Win CS\",\"description\":\"My WordPress Blog\",\"potentialAction\":[{\"@type\":\"SearchAction\",\"target\":{\"@type\":\"EntryPoint\",\"urlTemplate\":\"https:\/\/megapari.promo\/cs\/?s={search_term_string}\"},\"query-input\":\"required name=search_term_string\"}],\"inLanguage\":\"cs\"}]}<\/script>\n<!-- \/ Yoast SEO plugin. -->","yoast_head_json":{"title":"Aplikace Megapari: \u2705Sta\u017een\u00ed zdarma pro Android a iOS","description":"Mobiln\u00ed aplikace Megapari v\u00e1m umo\u017e\u0148uje p\u0159\u00edstup k va\u0161\u00ed obl\u00edben\u00e9 z\u00e1bav\u011b kdykoli a kdekoli. Vyu\u017eijte v\u00fdhody mobiln\u00ed aplikace Megapari.","robots":{"index":"index","follow":"follow","max-snippet":"max-snippet:-1","max-image-preview":"max-image-preview:large","max-video-preview":"max-video-preview:-1"},"og_locale":"cs_CZ","og_type":"article","og_title":"Aplikace Megapari: \u2705Sta\u017een\u00ed zdarma pro Android a iOS","og_description":"Mobiln\u00ed aplikace Megapari v\u00e1m umo\u017e\u0148uje p\u0159\u00edstup k va\u0161\u00ed obl\u00edben\u00e9 z\u00e1bav\u011b kdykoli a kdekoli. Vyu\u017eijte v\u00fdhody mobiln\u00ed aplikace Megapari.","og_url":"https:\/\/megapari.promo\/cs\/app\/","og_site_name":"Megapari Win CS","article_modified_time":"2025-08-28T15:57:11+00:00","twitter_card":"summary_large_image","schema":{"@context":"https:\/\/schema.org","@graph":[{"@type":"WebPage","@id":"https:\/\/megapari.promo\/cs\/app\/","url":"https:\/\/megapari.promo\/cs\/app\/","name":"Aplikace Megapari: \u2705Sta\u017een\u00ed zdarma pro Android a iOS","isPartOf":{"@id":"https:\/\/megapari.promo\/cs\/#website"},"datePublished":"2025-04-04T17:01:19+00:00","dateModified":"2025-08-28T15:57:11+00:00","description":"Mobiln\u00ed aplikace Megapari v\u00e1m umo\u017e\u0148uje p\u0159\u00edstup k va\u0161\u00ed obl\u00edben\u00e9 z\u00e1bav\u011b kdykoli a kdekoli. Vyu\u017eijte v\u00fdhody mobiln\u00ed aplikace Megapari.","breadcrumb":{"@id":"https:\/\/megapari.promo\/cs\/app\/#breadcrumb"},"inLanguage":"cs","potentialAction":[{"@type":"ReadAction","target":["https:\/\/megapari.promo\/cs\/app\/"]}]},{"@type":"BreadcrumbList","@id":"https:\/\/megapari.promo\/cs\/app\/#breadcrumb","itemListElement":[{"@type":"ListItem","position":1,"name":"\u0413\u043b\u0430\u0432\u043d\u0430\u044f \u0441\u0442\u0440\u0430\u043d\u0438\u0446\u0430","item":"https:\/\/megapari.promo\/cs\/"},{"@type":"ListItem","position":2,"name":"Aplikace"}]},{"@type":"WebSite","@id":"https:\/\/megapari.promo\/cs\/#website","url":"https:\/\/megapari.promo\/cs\/","name":"Megapari Win CS","description":"My WordPress Blog","potentialAction":[{"@type":"SearchAction","target":{"@type":"EntryPoint","urlTemplate":"https:\/\/megapari.promo\/cs\/?s={search_term_string}"},"query-input":"required name=search_term_string"}],"inLanguage":"cs"}]}},"_links":{"self":[{"href":"https:\/\/megapari.promo\/cs\/wp-json\/wp\/v2\/pages\/296"}],"collection":[{"href":"https:\/\/megapari.promo\/cs\/wp-json\/wp\/v2\/pages"}],"about":[{"href":"https:\/\/megapari.promo\/cs\/wp-json\/wp\/v2\/types\/page"}],"author":[{"embeddable":true,"href":"https:\/\/megapari.promo\/cs\/wp-json\/wp\/v2\/users\/1"}],"replies":[{"embeddable":true,"href":"https:\/\/megapari.promo\/cs\/wp-json\/wp\/v2\/comments?post=296"}],"version-history":[{"count":10,"href":"https:\/\/megapari.promo\/cs\/wp-json\/wp\/v2\/pages\/296\/revisions"}],"predecessor-version":[{"id":599,"href":"https:\/\/megapari.promo\/cs\/wp-json\/wp\/v2\/pages\/296\/revisions\/599"}],"wp:attachment":[{"href":"https:\/\/megapari.promo\/cs\/wp-json\/wp\/v2\/media?parent=296"}],"curies":[{"name":"wp","href":"https:\/\/api.w.org\/{rel}","templated":true}]}}