{"id":310,"date":"2025-04-06T13:08:02","date_gmt":"2025-04-06T13:08:02","guid":{"rendered":"https:\/\/megapari.promo\/cs\/?page_id=310"},"modified":"2025-08-28T14:40:08","modified_gmt":"2025-08-28T14:40:08","slug":"apk","status":"publish","type":"page","link":"https:\/\/megapari.promo\/cs\/apk\/","title":{"rendered":"Apk"},"content":{"rendered":"","protected":false},"excerpt":{"rendered":"","protected":false},"author":1,"featured_media":0,"parent":0,"menu_order":0,"comment_status":"closed","ping_status":"closed","template":"","meta":{"inline_featured_image":false,"footnotes":""},"yoast_head":"<!-- This site is optimized with the Yoast SEO plugin v20.13 - https:\/\/yoast.com\/wordpress\/plugins\/seo\/ -->\n<title>Megapari Apk \u25b6\ufe0f Jak st\u00e1hnout a hr\u00e1t<\/title>\n<meta name=\"description\" content=\"Megapari apk je pohodln\u00fd zp\u016fsob, jak p\u0159istupovat k s\u00e1zkov\u00fdm kancel\u00e1\u0159\u00edm a kasin\u016fm na cest\u00e1ch. Megapari Apk pro Android nab\u00edz\u00ed optimalizovan\u00e9 rozhran\u00ed a exkluzivn\u00ed bonusovou nab\u00eddku.\" \/>\n<meta name=\"robots\" content=\"index, follow, max-snippet:-1, max-image-preview:large, max-video-preview:-1\" \/>\n<meta property=\"og:locale\" content=\"cs_CZ\" \/>\n<meta property=\"og:type\" content=\"article\" \/>\n<meta property=\"og:title\" content=\"Megapari Apk \u25b6\ufe0f Jak st\u00e1hnout a hr\u00e1t\" \/>\n<meta property=\"og:description\" content=\"Megapari apk je pohodln\u00fd zp\u016fsob, jak p\u0159istupovat k s\u00e1zkov\u00fdm kancel\u00e1\u0159\u00edm a kasin\u016fm na cest\u00e1ch. Megapari Apk pro Android nab\u00edz\u00ed optimalizovan\u00e9 rozhran\u00ed a exkluzivn\u00ed bonusovou nab\u00eddku.\" \/>\n<meta property=\"og:url\" content=\"https:\/\/megapari.promo\/cs\/apk\/\" \/>\n<meta property=\"og:site_name\" content=\"Megapari Win CS\" \/>\n<meta property=\"article:modified_time\" content=\"2025-08-28T14:40:08+00:00\" \/>\n<meta name=\"twitter:card\" content=\"summary_large_image\" \/>\n<script type=\"application\/ld+json\" class=\"yoast-schema-graph\">{\"@context\":\"https:\/\/schema.org\",\"@graph\":[{\"@type\":\"WebPage\",\"@id\":\"https:\/\/megapari.promo\/cs\/apk\/\",\"url\":\"https:\/\/megapari.promo\/cs\/apk\/\",\"name\":\"Megapari Apk \u25b6\ufe0f Jak st\u00e1hnout a hr\u00e1t\",\"isPartOf\":{\"@id\":\"https:\/\/megapari.promo\/cs\/#website\"},\"datePublished\":\"2025-04-06T13:08:02+00:00\",\"dateModified\":\"2025-08-28T14:40:08+00:00\",\"description\":\"Megapari apk je pohodln\u00fd zp\u016fsob, jak p\u0159istupovat k s\u00e1zkov\u00fdm kancel\u00e1\u0159\u00edm a kasin\u016fm na cest\u00e1ch. Megapari Apk pro Android nab\u00edz\u00ed optimalizovan\u00e9 rozhran\u00ed a exkluzivn\u00ed bonusovou nab\u00eddku.\",\"breadcrumb\":{\"@id\":\"https:\/\/megapari.promo\/cs\/apk\/#breadcrumb\"},\"inLanguage\":\"cs\",\"potentialAction\":[{\"@type\":\"ReadAction\",\"target\":[\"https:\/\/megapari.promo\/cs\/apk\/\"]}]},{\"@type\":\"BreadcrumbList\",\"@id\":\"https:\/\/megapari.promo\/cs\/apk\/#breadcrumb\",\"itemListElement\":[{\"@type\":\"ListItem\",\"position\":1,\"name\":\"\u0413\u043b\u0430\u0432\u043d\u0430\u044f \u0441\u0442\u0440\u0430\u043d\u0438\u0446\u0430\",\"item\":\"https:\/\/megapari.promo\/cs\/\"},{\"@type\":\"ListItem\",\"position\":2,\"name\":\"Apk\"}]},{\"@type\":\"WebSite\",\"@id\":\"https:\/\/megapari.promo\/cs\/#website\",\"url\":\"https:\/\/megapari.promo\/cs\/\",\"name\":\"Megapari Win CS\",\"description\":\"My WordPress Blog\",\"potentialAction\":[{\"@type\":\"SearchAction\",\"target\":{\"@type\":\"EntryPoint\",\"urlTemplate\":\"https:\/\/megapari.promo\/cs\/?s={search_term_string}\"},\"query-input\":\"required name=search_term_string\"}],\"inLanguage\":\"cs\"}]}<\/script>\n<!-- \/ Yoast SEO plugin. -->","yoast_head_json":{"title":"Megapari Apk \u25b6\ufe0f Jak st\u00e1hnout a hr\u00e1t","description":"Megapari apk je pohodln\u00fd zp\u016fsob, jak p\u0159istupovat k s\u00e1zkov\u00fdm kancel\u00e1\u0159\u00edm a kasin\u016fm na cest\u00e1ch. Megapari Apk pro Android nab\u00edz\u00ed optimalizovan\u00e9 rozhran\u00ed a exkluzivn\u00ed bonusovou nab\u00eddku.","robots":{"index":"index","follow":"follow","max-snippet":"max-snippet:-1","max-image-preview":"max-image-preview:large","max-video-preview":"max-video-preview:-1"},"og_locale":"cs_CZ","og_type":"article","og_title":"Megapari Apk \u25b6\ufe0f Jak st\u00e1hnout a hr\u00e1t","og_description":"Megapari apk je pohodln\u00fd zp\u016fsob, jak p\u0159istupovat k s\u00e1zkov\u00fdm kancel\u00e1\u0159\u00edm a kasin\u016fm na cest\u00e1ch. Megapari Apk pro Android nab\u00edz\u00ed optimalizovan\u00e9 rozhran\u00ed a exkluzivn\u00ed bonusovou nab\u00eddku.","og_url":"https:\/\/megapari.promo\/cs\/apk\/","og_site_name":"Megapari Win CS","article_modified_time":"2025-08-28T14:40:08+00:00","twitter_card":"summary_large_image","schema":{"@context":"https:\/\/schema.org","@graph":[{"@type":"WebPage","@id":"https:\/\/megapari.promo\/cs\/apk\/","url":"https:\/\/megapari.promo\/cs\/apk\/","name":"Megapari Apk \u25b6\ufe0f Jak st\u00e1hnout a hr\u00e1t","isPartOf":{"@id":"https:\/\/megapari.promo\/cs\/#website"},"datePublished":"2025-04-06T13:08:02+00:00","dateModified":"2025-08-28T14:40:08+00:00","description":"Megapari apk je pohodln\u00fd zp\u016fsob, jak p\u0159istupovat k s\u00e1zkov\u00fdm kancel\u00e1\u0159\u00edm a kasin\u016fm na cest\u00e1ch. Megapari Apk pro Android nab\u00edz\u00ed optimalizovan\u00e9 rozhran\u00ed a exkluzivn\u00ed bonusovou nab\u00eddku.","breadcrumb":{"@id":"https:\/\/megapari.promo\/cs\/apk\/#breadcrumb"},"inLanguage":"cs","potentialAction":[{"@type":"ReadAction","target":["https:\/\/megapari.promo\/cs\/apk\/"]}]},{"@type":"BreadcrumbList","@id":"https:\/\/megapari.promo\/cs\/apk\/#breadcrumb","itemListElement":[{"@type":"ListItem","position":1,"name":"\u0413\u043b\u0430\u0432\u043d\u0430\u044f \u0441\u0442\u0440\u0430\u043d\u0438\u0446\u0430","item":"https:\/\/megapari.promo\/cs\/"},{"@type":"ListItem","position":2,"name":"Apk"}]},{"@type":"WebSite","@id":"https:\/\/megapari.promo\/cs\/#website","url":"https:\/\/megapari.promo\/cs\/","name":"Megapari Win CS","description":"My WordPress Blog","potentialAction":[{"@type":"SearchAction","target":{"@type":"EntryPoint","urlTemplate":"https:\/\/megapari.promo\/cs\/?s={search_term_string}"},"query-input":"required name=search_term_string"}],"inLanguage":"cs"}]}},"_links":{"self":[{"href":"https:\/\/megapari.promo\/cs\/wp-json\/wp\/v2\/pages\/310"}],"collection":[{"href":"https:\/\/megapari.promo\/cs\/wp-json\/wp\/v2\/pages"}],"about":[{"href":"https:\/\/megapari.promo\/cs\/wp-json\/wp\/v2\/types\/page"}],"author":[{"embeddable":true,"href":"https:\/\/megapari.promo\/cs\/wp-json\/wp\/v2\/users\/1"}],"replies":[{"embeddable":true,"href":"https:\/\/megapari.promo\/cs\/wp-json\/wp\/v2\/comments?post=310"}],"version-history":[{"count":12,"href":"https:\/\/megapari.promo\/cs\/wp-json\/wp\/v2\/pages\/310\/revisions"}],"predecessor-version":[{"id":597,"href":"https:\/\/megapari.promo\/cs\/wp-json\/wp\/v2\/pages\/310\/revisions\/597"}],"wp:attachment":[{"href":"https:\/\/megapari.promo\/cs\/wp-json\/wp\/v2\/media?parent=310"}],"curies":[{"name":"wp","href":"https:\/\/api.w.org\/{rel}","templated":true}]}}