{"id":330,"date":"2025-04-07T05:52:51","date_gmt":"2025-04-07T05:52:51","guid":{"rendered":"https:\/\/megapari.promo\/cs\/?page_id=330"},"modified":"2025-08-28T16:53:38","modified_gmt":"2025-08-28T16:53:38","slug":"casino","status":"publish","type":"page","link":"https:\/\/megapari.promo\/cs\/casino\/","title":{"rendered":"Kasino"},"content":{"rendered":"","protected":false},"excerpt":{"rendered":"","protected":false},"author":1,"featured_media":0,"parent":0,"menu_order":0,"comment_status":"closed","ping_status":"closed","template":"","meta":{"inline_featured_image":false,"footnotes":""},"yoast_head":"<!-- This site is optimized with the Yoast SEO plugin v20.13 - https:\/\/yoast.com\/wordpress\/plugins\/seo\/ -->\n<title>Megapari Kasino: \u2611\ufe0fP\u0159ehled, v\u00fdhody a nejlep\u0161\u00ed hry<\/title>\n<meta name=\"description\" content=\"Otev\u0159ete dve\u0159e do sv\u011bta hazardu s Megapari Kasino! \u010cekaj\u00ed na v\u00e1s \u0161\u00edlen\u00e9 bonusy, spolehliv\u00e9 v\u00fdplaty a vzru\u0161uj\u00edc\u00ed hry. Zaregistrujte se a za\u010dn\u011bte vyhr\u00e1vat je\u0161t\u011b dnes!\" \/>\n<meta name=\"robots\" content=\"index, follow, max-snippet:-1, max-image-preview:large, max-video-preview:-1\" \/>\n<meta property=\"og:locale\" content=\"cs_CZ\" \/>\n<meta property=\"og:type\" content=\"article\" \/>\n<meta property=\"og:title\" content=\"Megapari Kasino: \u2611\ufe0fP\u0159ehled, v\u00fdhody a nejlep\u0161\u00ed hry\" \/>\n<meta property=\"og:description\" content=\"Otev\u0159ete dve\u0159e do sv\u011bta hazardu s Megapari Kasino! \u010cekaj\u00ed na v\u00e1s \u0161\u00edlen\u00e9 bonusy, spolehliv\u00e9 v\u00fdplaty a vzru\u0161uj\u00edc\u00ed hry. Zaregistrujte se a za\u010dn\u011bte vyhr\u00e1vat je\u0161t\u011b dnes!\" \/>\n<meta property=\"og:url\" content=\"https:\/\/megapari.promo\/cs\/casino\/\" \/>\n<meta property=\"og:site_name\" content=\"Megapari Win CS\" \/>\n<meta property=\"article:modified_time\" content=\"2025-08-28T16:53:38+00:00\" \/>\n<meta name=\"twitter:card\" content=\"summary_large_image\" \/>\n<script type=\"application\/ld+json\" class=\"yoast-schema-graph\">{\"@context\":\"https:\/\/schema.org\",\"@graph\":[{\"@type\":\"WebPage\",\"@id\":\"https:\/\/megapari.promo\/cs\/casino\/\",\"url\":\"https:\/\/megapari.promo\/cs\/casino\/\",\"name\":\"Megapari Kasino: \u2611\ufe0fP\u0159ehled, v\u00fdhody a nejlep\u0161\u00ed hry\",\"isPartOf\":{\"@id\":\"https:\/\/megapari.promo\/cs\/#website\"},\"datePublished\":\"2025-04-07T05:52:51+00:00\",\"dateModified\":\"2025-08-28T16:53:38+00:00\",\"description\":\"Otev\u0159ete dve\u0159e do sv\u011bta hazardu s Megapari Kasino! \u010cekaj\u00ed na v\u00e1s \u0161\u00edlen\u00e9 bonusy, spolehliv\u00e9 v\u00fdplaty a vzru\u0161uj\u00edc\u00ed hry. Zaregistrujte se a za\u010dn\u011bte vyhr\u00e1vat je\u0161t\u011b dnes!\",\"breadcrumb\":{\"@id\":\"https:\/\/megapari.promo\/cs\/casino\/#breadcrumb\"},\"inLanguage\":\"cs\",\"potentialAction\":[{\"@type\":\"ReadAction\",\"target\":[\"https:\/\/megapari.promo\/cs\/casino\/\"]}]},{\"@type\":\"BreadcrumbList\",\"@id\":\"https:\/\/megapari.promo\/cs\/casino\/#breadcrumb\",\"itemListElement\":[{\"@type\":\"ListItem\",\"position\":1,\"name\":\"\u0413\u043b\u0430\u0432\u043d\u0430\u044f \u0441\u0442\u0440\u0430\u043d\u0438\u0446\u0430\",\"item\":\"https:\/\/megapari.promo\/cs\/\"},{\"@type\":\"ListItem\",\"position\":2,\"name\":\"Kasino\"}]},{\"@type\":\"WebSite\",\"@id\":\"https:\/\/megapari.promo\/cs\/#website\",\"url\":\"https:\/\/megapari.promo\/cs\/\",\"name\":\"Megapari Win CS\",\"description\":\"My WordPress Blog\",\"potentialAction\":[{\"@type\":\"SearchAction\",\"target\":{\"@type\":\"EntryPoint\",\"urlTemplate\":\"https:\/\/megapari.promo\/cs\/?s={search_term_string}\"},\"query-input\":\"required name=search_term_string\"}],\"inLanguage\":\"cs\"}]}<\/script>\n<!-- \/ Yoast SEO plugin. -->","yoast_head_json":{"title":"Megapari Kasino: \u2611\ufe0fP\u0159ehled, v\u00fdhody a nejlep\u0161\u00ed hry","description":"Otev\u0159ete dve\u0159e do sv\u011bta hazardu s Megapari Kasino! \u010cekaj\u00ed na v\u00e1s \u0161\u00edlen\u00e9 bonusy, spolehliv\u00e9 v\u00fdplaty a vzru\u0161uj\u00edc\u00ed hry. Zaregistrujte se a za\u010dn\u011bte vyhr\u00e1vat je\u0161t\u011b dnes!","robots":{"index":"index","follow":"follow","max-snippet":"max-snippet:-1","max-image-preview":"max-image-preview:large","max-video-preview":"max-video-preview:-1"},"og_locale":"cs_CZ","og_type":"article","og_title":"Megapari Kasino: \u2611\ufe0fP\u0159ehled, v\u00fdhody a nejlep\u0161\u00ed hry","og_description":"Otev\u0159ete dve\u0159e do sv\u011bta hazardu s Megapari Kasino! \u010cekaj\u00ed na v\u00e1s \u0161\u00edlen\u00e9 bonusy, spolehliv\u00e9 v\u00fdplaty a vzru\u0161uj\u00edc\u00ed hry. Zaregistrujte se a za\u010dn\u011bte vyhr\u00e1vat je\u0161t\u011b dnes!","og_url":"https:\/\/megapari.promo\/cs\/casino\/","og_site_name":"Megapari Win CS","article_modified_time":"2025-08-28T16:53:38+00:00","twitter_card":"summary_large_image","schema":{"@context":"https:\/\/schema.org","@graph":[{"@type":"WebPage","@id":"https:\/\/megapari.promo\/cs\/casino\/","url":"https:\/\/megapari.promo\/cs\/casino\/","name":"Megapari Kasino: \u2611\ufe0fP\u0159ehled, v\u00fdhody a nejlep\u0161\u00ed hry","isPartOf":{"@id":"https:\/\/megapari.promo\/cs\/#website"},"datePublished":"2025-04-07T05:52:51+00:00","dateModified":"2025-08-28T16:53:38+00:00","description":"Otev\u0159ete dve\u0159e do sv\u011bta hazardu s Megapari Kasino! \u010cekaj\u00ed na v\u00e1s \u0161\u00edlen\u00e9 bonusy, spolehliv\u00e9 v\u00fdplaty a vzru\u0161uj\u00edc\u00ed hry. Zaregistrujte se a za\u010dn\u011bte vyhr\u00e1vat je\u0161t\u011b dnes!","breadcrumb":{"@id":"https:\/\/megapari.promo\/cs\/casino\/#breadcrumb"},"inLanguage":"cs","potentialAction":[{"@type":"ReadAction","target":["https:\/\/megapari.promo\/cs\/casino\/"]}]},{"@type":"BreadcrumbList","@id":"https:\/\/megapari.promo\/cs\/casino\/#breadcrumb","itemListElement":[{"@type":"ListItem","position":1,"name":"\u0413\u043b\u0430\u0432\u043d\u0430\u044f \u0441\u0442\u0440\u0430\u043d\u0438\u0446\u0430","item":"https:\/\/megapari.promo\/cs\/"},{"@type":"ListItem","position":2,"name":"Kasino"}]},{"@type":"WebSite","@id":"https:\/\/megapari.promo\/cs\/#website","url":"https:\/\/megapari.promo\/cs\/","name":"Megapari Win CS","description":"My WordPress Blog","potentialAction":[{"@type":"SearchAction","target":{"@type":"EntryPoint","urlTemplate":"https:\/\/megapari.promo\/cs\/?s={search_term_string}"},"query-input":"required name=search_term_string"}],"inLanguage":"cs"}]}},"_links":{"self":[{"href":"https:\/\/megapari.promo\/cs\/wp-json\/wp\/v2\/pages\/330"}],"collection":[{"href":"https:\/\/megapari.promo\/cs\/wp-json\/wp\/v2\/pages"}],"about":[{"href":"https:\/\/megapari.promo\/cs\/wp-json\/wp\/v2\/types\/page"}],"author":[{"embeddable":true,"href":"https:\/\/megapari.promo\/cs\/wp-json\/wp\/v2\/users\/1"}],"replies":[{"embeddable":true,"href":"https:\/\/megapari.promo\/cs\/wp-json\/wp\/v2\/comments?post=330"}],"version-history":[{"count":17,"href":"https:\/\/megapari.promo\/cs\/wp-json\/wp\/v2\/pages\/330\/revisions"}],"predecessor-version":[{"id":609,"href":"https:\/\/megapari.promo\/cs\/wp-json\/wp\/v2\/pages\/330\/revisions\/609"}],"wp:attachment":[{"href":"https:\/\/megapari.promo\/cs\/wp-json\/wp\/v2\/media?parent=330"}],"curies":[{"name":"wp","href":"https:\/\/api.w.org\/{rel}","templated":true}]}}