{"id":373,"date":"2025-04-09T05:08:14","date_gmt":"2025-04-09T05:08:14","guid":{"rendered":"https:\/\/megapari.promo\/cs\/?page_id=373"},"modified":"2025-08-28T17:35:08","modified_gmt":"2025-08-28T17:35:08","slug":"registration","status":"publish","type":"page","link":"https:\/\/megapari.promo\/cs\/registration\/","title":{"rendered":"Registrace"},"content":{"rendered":"","protected":false},"excerpt":{"rendered":"","protected":false},"author":1,"featured_media":0,"parent":0,"menu_order":0,"comment_status":"closed","ping_status":"closed","template":"","meta":{"inline_featured_image":false,"footnotes":""},"yoast_head":"<!-- This site is optimized with the Yoast SEO plugin v20.13 - https:\/\/yoast.com\/wordpress\/plugins\/seo\/ -->\n<title>Registrace na Megapari: \ud83d\udd39 Jak si vytvo\u0159it \u00fa\u010det<\/title>\n<meta name=\"description\" content=\"Nau\u010dte se, jak se zaregistrovat na platform\u011b pro sportovn\u00ed s\u00e1zen\u00ed a kasino Megapari\u26a1 Objevte exkluzivn\u00ed bonusy a vzru\u0161uj\u00edc\u00ed hry\" \/>\n<meta name=\"robots\" content=\"index, follow, max-snippet:-1, max-image-preview:large, max-video-preview:-1\" \/>\n<meta property=\"og:locale\" content=\"cs_CZ\" \/>\n<meta property=\"og:type\" content=\"article\" \/>\n<meta property=\"og:title\" content=\"Registrace na Megapari: \ud83d\udd39 Jak si vytvo\u0159it \u00fa\u010det\" \/>\n<meta property=\"og:description\" content=\"Nau\u010dte se, jak se zaregistrovat na platform\u011b pro sportovn\u00ed s\u00e1zen\u00ed a kasino Megapari\u26a1 Objevte exkluzivn\u00ed bonusy a vzru\u0161uj\u00edc\u00ed hry\" \/>\n<meta property=\"og:url\" content=\"https:\/\/megapari.promo\/cs\/registration\/\" \/>\n<meta property=\"og:site_name\" content=\"Megapari Win CS\" \/>\n<meta property=\"article:modified_time\" content=\"2025-08-28T17:35:08+00:00\" \/>\n<meta name=\"twitter:card\" content=\"summary_large_image\" \/>\n<script type=\"application\/ld+json\" class=\"yoast-schema-graph\">{\"@context\":\"https:\/\/schema.org\",\"@graph\":[{\"@type\":\"WebPage\",\"@id\":\"https:\/\/megapari.promo\/cs\/registration\/\",\"url\":\"https:\/\/megapari.promo\/cs\/registration\/\",\"name\":\"Registrace na Megapari: \ud83d\udd39 Jak si vytvo\u0159it \u00fa\u010det\",\"isPartOf\":{\"@id\":\"https:\/\/megapari.promo\/cs\/#website\"},\"datePublished\":\"2025-04-09T05:08:14+00:00\",\"dateModified\":\"2025-08-28T17:35:08+00:00\",\"description\":\"Nau\u010dte se, jak se zaregistrovat na platform\u011b pro sportovn\u00ed s\u00e1zen\u00ed a kasino Megapari\u26a1 Objevte exkluzivn\u00ed bonusy a vzru\u0161uj\u00edc\u00ed hry\",\"breadcrumb\":{\"@id\":\"https:\/\/megapari.promo\/cs\/registration\/#breadcrumb\"},\"inLanguage\":\"cs\",\"potentialAction\":[{\"@type\":\"ReadAction\",\"target\":[\"https:\/\/megapari.promo\/cs\/registration\/\"]}]},{\"@type\":\"BreadcrumbList\",\"@id\":\"https:\/\/megapari.promo\/cs\/registration\/#breadcrumb\",\"itemListElement\":[{\"@type\":\"ListItem\",\"position\":1,\"name\":\"\u0413\u043b\u0430\u0432\u043d\u0430\u044f \u0441\u0442\u0440\u0430\u043d\u0438\u0446\u0430\",\"item\":\"https:\/\/megapari.promo\/cs\/\"},{\"@type\":\"ListItem\",\"position\":2,\"name\":\"Registrace\"}]},{\"@type\":\"WebSite\",\"@id\":\"https:\/\/megapari.promo\/cs\/#website\",\"url\":\"https:\/\/megapari.promo\/cs\/\",\"name\":\"Megapari Win CS\",\"description\":\"My WordPress Blog\",\"potentialAction\":[{\"@type\":\"SearchAction\",\"target\":{\"@type\":\"EntryPoint\",\"urlTemplate\":\"https:\/\/megapari.promo\/cs\/?s={search_term_string}\"},\"query-input\":\"required name=search_term_string\"}],\"inLanguage\":\"cs\"}]}<\/script>\n<!-- \/ Yoast SEO plugin. -->","yoast_head_json":{"title":"Registrace na Megapari: \ud83d\udd39 Jak si vytvo\u0159it \u00fa\u010det","description":"Nau\u010dte se, jak se zaregistrovat na platform\u011b pro sportovn\u00ed s\u00e1zen\u00ed a kasino Megapari\u26a1 Objevte exkluzivn\u00ed bonusy a vzru\u0161uj\u00edc\u00ed hry","robots":{"index":"index","follow":"follow","max-snippet":"max-snippet:-1","max-image-preview":"max-image-preview:large","max-video-preview":"max-video-preview:-1"},"og_locale":"cs_CZ","og_type":"article","og_title":"Registrace na Megapari: \ud83d\udd39 Jak si vytvo\u0159it \u00fa\u010det","og_description":"Nau\u010dte se, jak se zaregistrovat na platform\u011b pro sportovn\u00ed s\u00e1zen\u00ed a kasino Megapari\u26a1 Objevte exkluzivn\u00ed bonusy a vzru\u0161uj\u00edc\u00ed hry","og_url":"https:\/\/megapari.promo\/cs\/registration\/","og_site_name":"Megapari Win CS","article_modified_time":"2025-08-28T17:35:08+00:00","twitter_card":"summary_large_image","schema":{"@context":"https:\/\/schema.org","@graph":[{"@type":"WebPage","@id":"https:\/\/megapari.promo\/cs\/registration\/","url":"https:\/\/megapari.promo\/cs\/registration\/","name":"Registrace na Megapari: \ud83d\udd39 Jak si vytvo\u0159it \u00fa\u010det","isPartOf":{"@id":"https:\/\/megapari.promo\/cs\/#website"},"datePublished":"2025-04-09T05:08:14+00:00","dateModified":"2025-08-28T17:35:08+00:00","description":"Nau\u010dte se, jak se zaregistrovat na platform\u011b pro sportovn\u00ed s\u00e1zen\u00ed a kasino Megapari\u26a1 Objevte exkluzivn\u00ed bonusy a vzru\u0161uj\u00edc\u00ed hry","breadcrumb":{"@id":"https:\/\/megapari.promo\/cs\/registration\/#breadcrumb"},"inLanguage":"cs","potentialAction":[{"@type":"ReadAction","target":["https:\/\/megapari.promo\/cs\/registration\/"]}]},{"@type":"BreadcrumbList","@id":"https:\/\/megapari.promo\/cs\/registration\/#breadcrumb","itemListElement":[{"@type":"ListItem","position":1,"name":"\u0413\u043b\u0430\u0432\u043d\u0430\u044f \u0441\u0442\u0440\u0430\u043d\u0438\u0446\u0430","item":"https:\/\/megapari.promo\/cs\/"},{"@type":"ListItem","position":2,"name":"Registrace"}]},{"@type":"WebSite","@id":"https:\/\/megapari.promo\/cs\/#website","url":"https:\/\/megapari.promo\/cs\/","name":"Megapari Win CS","description":"My WordPress Blog","potentialAction":[{"@type":"SearchAction","target":{"@type":"EntryPoint","urlTemplate":"https:\/\/megapari.promo\/cs\/?s={search_term_string}"},"query-input":"required name=search_term_string"}],"inLanguage":"cs"}]}},"_links":{"self":[{"href":"https:\/\/megapari.promo\/cs\/wp-json\/wp\/v2\/pages\/373"}],"collection":[{"href":"https:\/\/megapari.promo\/cs\/wp-json\/wp\/v2\/pages"}],"about":[{"href":"https:\/\/megapari.promo\/cs\/wp-json\/wp\/v2\/types\/page"}],"author":[{"embeddable":true,"href":"https:\/\/megapari.promo\/cs\/wp-json\/wp\/v2\/users\/1"}],"replies":[{"embeddable":true,"href":"https:\/\/megapari.promo\/cs\/wp-json\/wp\/v2\/comments?post=373"}],"version-history":[{"count":9,"href":"https:\/\/megapari.promo\/cs\/wp-json\/wp\/v2\/pages\/373\/revisions"}],"predecessor-version":[{"id":614,"href":"https:\/\/megapari.promo\/cs\/wp-json\/wp\/v2\/pages\/373\/revisions\/614"}],"wp:attachment":[{"href":"https:\/\/megapari.promo\/cs\/wp-json\/wp\/v2\/media?parent=373"}],"curies":[{"name":"wp","href":"https:\/\/api.w.org\/{rel}","templated":true}]}}