{"id":389,"date":"2025-04-10T05:04:24","date_gmt":"2025-04-10T05:04:24","guid":{"rendered":"https:\/\/megapari.promo\/cs\/?page_id=389"},"modified":"2025-09-20T17:17:36","modified_gmt":"2025-09-20T17:17:36","slug":"login","status":"publish","type":"page","link":"https:\/\/megapari.promo\/cs\/login\/","title":{"rendered":"P\u0159ihl\u00e1\u0161en\u00ed"},"content":{"rendered":"","protected":false},"excerpt":{"rendered":"","protected":false},"author":1,"featured_media":0,"parent":0,"menu_order":0,"comment_status":"closed","ping_status":"closed","template":"","meta":{"inline_featured_image":false,"footnotes":""},"yoast_head":"<!-- This site is optimized with the Yoast SEO plugin v20.13 - https:\/\/yoast.com\/wordpress\/plugins\/seo\/ -->\n<title>P\u0159ihl\u00e1\u0161en\u00ed do Megapari: P\u0159\u00edstup k s\u00e1zk\u00e1m a kasinu<\/title>\n<meta name=\"description\" content=\"Podrobn\u00fd postup p\u0159ihl\u00e1\u0161en\u00ed do Megapari \u2013 jak se p\u0159ihl\u00e1sit ke sv\u00e9mu \u00fa\u010dtu \u2013 P\u0159ihlaste se do Megapari a z\u00edskejte uv\u00edtac\u00ed bal\u00ed\u010dek v hodnot\u011b a\u017e 32 000 K\u010d a 150 zato\u010den\u00ed zdarma.\" \/>\n<meta name=\"robots\" content=\"index, follow, max-snippet:-1, max-image-preview:large, max-video-preview:-1\" \/>\n<meta property=\"og:locale\" content=\"cs_CZ\" \/>\n<meta property=\"og:type\" content=\"article\" \/>\n<meta property=\"og:title\" content=\"P\u0159ihl\u00e1\u0161en\u00ed do Megapari: P\u0159\u00edstup k s\u00e1zk\u00e1m a kasinu\" \/>\n<meta property=\"og:description\" content=\"Podrobn\u00fd postup p\u0159ihl\u00e1\u0161en\u00ed do Megapari \u2013 jak se p\u0159ihl\u00e1sit ke sv\u00e9mu \u00fa\u010dtu \u2013 P\u0159ihlaste se do Megapari a z\u00edskejte uv\u00edtac\u00ed bal\u00ed\u010dek v hodnot\u011b a\u017e 32 000 K\u010d a 150 zato\u010den\u00ed zdarma.\" \/>\n<meta property=\"og:url\" content=\"https:\/\/megapari.promo\/cs\/login\/\" \/>\n<meta property=\"og:site_name\" content=\"Megapari Win CS\" \/>\n<meta property=\"article:modified_time\" content=\"2025-09-20T17:17:36+00:00\" \/>\n<meta name=\"twitter:card\" content=\"summary_large_image\" \/>\n<script type=\"application\/ld+json\" class=\"yoast-schema-graph\">{\"@context\":\"https:\/\/schema.org\",\"@graph\":[{\"@type\":\"WebPage\",\"@id\":\"https:\/\/megapari.promo\/cs\/login\/\",\"url\":\"https:\/\/megapari.promo\/cs\/login\/\",\"name\":\"P\u0159ihl\u00e1\u0161en\u00ed do Megapari: P\u0159\u00edstup k s\u00e1zk\u00e1m a kasinu\",\"isPartOf\":{\"@id\":\"https:\/\/megapari.promo\/cs\/#website\"},\"datePublished\":\"2025-04-10T05:04:24+00:00\",\"dateModified\":\"2025-09-20T17:17:36+00:00\",\"description\":\"Podrobn\u00fd postup p\u0159ihl\u00e1\u0161en\u00ed do Megapari \u2013 jak se p\u0159ihl\u00e1sit ke sv\u00e9mu \u00fa\u010dtu \u2013 P\u0159ihlaste se do Megapari a z\u00edskejte uv\u00edtac\u00ed bal\u00ed\u010dek v hodnot\u011b a\u017e 32 000 K\u010d a 150 zato\u010den\u00ed zdarma.\",\"breadcrumb\":{\"@id\":\"https:\/\/megapari.promo\/cs\/login\/#breadcrumb\"},\"inLanguage\":\"cs\",\"potentialAction\":[{\"@type\":\"ReadAction\",\"target\":[\"https:\/\/megapari.promo\/cs\/login\/\"]}]},{\"@type\":\"BreadcrumbList\",\"@id\":\"https:\/\/megapari.promo\/cs\/login\/#breadcrumb\",\"itemListElement\":[{\"@type\":\"ListItem\",\"position\":1,\"name\":\"\u0413\u043b\u0430\u0432\u043d\u0430\u044f \u0441\u0442\u0440\u0430\u043d\u0438\u0446\u0430\",\"item\":\"https:\/\/megapari.promo\/cs\/\"},{\"@type\":\"ListItem\",\"position\":2,\"name\":\"P\u0159ihl\u00e1\u0161en\u00ed\"}]},{\"@type\":\"WebSite\",\"@id\":\"https:\/\/megapari.promo\/cs\/#website\",\"url\":\"https:\/\/megapari.promo\/cs\/\",\"name\":\"Megapari Win CS\",\"description\":\"My WordPress Blog\",\"potentialAction\":[{\"@type\":\"SearchAction\",\"target\":{\"@type\":\"EntryPoint\",\"urlTemplate\":\"https:\/\/megapari.promo\/cs\/?s={search_term_string}\"},\"query-input\":\"required name=search_term_string\"}],\"inLanguage\":\"cs\"}]}<\/script>\n<!-- \/ Yoast SEO plugin. -->","yoast_head_json":{"title":"P\u0159ihl\u00e1\u0161en\u00ed do Megapari: P\u0159\u00edstup k s\u00e1zk\u00e1m a kasinu","description":"Podrobn\u00fd postup p\u0159ihl\u00e1\u0161en\u00ed do Megapari \u2013 jak se p\u0159ihl\u00e1sit ke sv\u00e9mu \u00fa\u010dtu \u2013 P\u0159ihlaste se do Megapari a z\u00edskejte uv\u00edtac\u00ed bal\u00ed\u010dek v hodnot\u011b a\u017e 32 000 K\u010d a 150 zato\u010den\u00ed zdarma.","robots":{"index":"index","follow":"follow","max-snippet":"max-snippet:-1","max-image-preview":"max-image-preview:large","max-video-preview":"max-video-preview:-1"},"og_locale":"cs_CZ","og_type":"article","og_title":"P\u0159ihl\u00e1\u0161en\u00ed do Megapari: P\u0159\u00edstup k s\u00e1zk\u00e1m a kasinu","og_description":"Podrobn\u00fd postup p\u0159ihl\u00e1\u0161en\u00ed do Megapari \u2013 jak se p\u0159ihl\u00e1sit ke sv\u00e9mu \u00fa\u010dtu \u2013 P\u0159ihlaste se do Megapari a z\u00edskejte uv\u00edtac\u00ed bal\u00ed\u010dek v hodnot\u011b a\u017e 32 000 K\u010d a 150 zato\u010den\u00ed zdarma.","og_url":"https:\/\/megapari.promo\/cs\/login\/","og_site_name":"Megapari Win CS","article_modified_time":"2025-09-20T17:17:36+00:00","twitter_card":"summary_large_image","schema":{"@context":"https:\/\/schema.org","@graph":[{"@type":"WebPage","@id":"https:\/\/megapari.promo\/cs\/login\/","url":"https:\/\/megapari.promo\/cs\/login\/","name":"P\u0159ihl\u00e1\u0161en\u00ed do Megapari: P\u0159\u00edstup k s\u00e1zk\u00e1m a kasinu","isPartOf":{"@id":"https:\/\/megapari.promo\/cs\/#website"},"datePublished":"2025-04-10T05:04:24+00:00","dateModified":"2025-09-20T17:17:36+00:00","description":"Podrobn\u00fd postup p\u0159ihl\u00e1\u0161en\u00ed do Megapari \u2013 jak se p\u0159ihl\u00e1sit ke sv\u00e9mu \u00fa\u010dtu \u2013 P\u0159ihlaste se do Megapari a z\u00edskejte uv\u00edtac\u00ed bal\u00ed\u010dek v hodnot\u011b a\u017e 32 000 K\u010d a 150 zato\u010den\u00ed zdarma.","breadcrumb":{"@id":"https:\/\/megapari.promo\/cs\/login\/#breadcrumb"},"inLanguage":"cs","potentialAction":[{"@type":"ReadAction","target":["https:\/\/megapari.promo\/cs\/login\/"]}]},{"@type":"BreadcrumbList","@id":"https:\/\/megapari.promo\/cs\/login\/#breadcrumb","itemListElement":[{"@type":"ListItem","position":1,"name":"\u0413\u043b\u0430\u0432\u043d\u0430\u044f \u0441\u0442\u0440\u0430\u043d\u0438\u0446\u0430","item":"https:\/\/megapari.promo\/cs\/"},{"@type":"ListItem","position":2,"name":"P\u0159ihl\u00e1\u0161en\u00ed"}]},{"@type":"WebSite","@id":"https:\/\/megapari.promo\/cs\/#website","url":"https:\/\/megapari.promo\/cs\/","name":"Megapari Win CS","description":"My WordPress Blog","potentialAction":[{"@type":"SearchAction","target":{"@type":"EntryPoint","urlTemplate":"https:\/\/megapari.promo\/cs\/?s={search_term_string}"},"query-input":"required name=search_term_string"}],"inLanguage":"cs"}]}},"_links":{"self":[{"href":"https:\/\/megapari.promo\/cs\/wp-json\/wp\/v2\/pages\/389"}],"collection":[{"href":"https:\/\/megapari.promo\/cs\/wp-json\/wp\/v2\/pages"}],"about":[{"href":"https:\/\/megapari.promo\/cs\/wp-json\/wp\/v2\/types\/page"}],"author":[{"embeddable":true,"href":"https:\/\/megapari.promo\/cs\/wp-json\/wp\/v2\/users\/1"}],"replies":[{"embeddable":true,"href":"https:\/\/megapari.promo\/cs\/wp-json\/wp\/v2\/comments?post=389"}],"version-history":[{"count":8,"href":"https:\/\/megapari.promo\/cs\/wp-json\/wp\/v2\/pages\/389\/revisions"}],"predecessor-version":[{"id":611,"href":"https:\/\/megapari.promo\/cs\/wp-json\/wp\/v2\/pages\/389\/revisions\/611"}],"wp:attachment":[{"href":"https:\/\/megapari.promo\/cs\/wp-json\/wp\/v2\/media?parent=389"}],"curies":[{"name":"wp","href":"https:\/\/api.w.org\/{rel}","templated":true}]}}