{"id":443,"date":"2025-06-24T05:55:39","date_gmt":"2025-06-24T05:55:39","guid":{"rendered":"https:\/\/megapari.promo\/cs\/?page_id=443"},"modified":"2025-09-20T17:13:13","modified_gmt":"2025-09-20T17:13:13","slug":"10th-deposit-bonus","status":"publish","type":"page","link":"https:\/\/megapari.promo\/cs\/bonus\/10th-deposit-bonus\/","title":{"rendered":"Bonus za 10. vklad"},"content":{"rendered":"","protected":false},"excerpt":{"rendered":"","protected":false},"author":1,"featured_media":0,"parent":152,"menu_order":0,"comment_status":"closed","ping_status":"closed","template":"","meta":{"inline_featured_image":false,"footnotes":""},"yoast_head":"<!-- This site is optimized with the Yoast SEO plugin v20.13 - https:\/\/yoast.com\/wordpress\/plugins\/seo\/ -->\n<title>Megapari bonus za 10. vklad \u1409 50% bonus a\u017e 6300 K\u010d!<\/title>\n<meta name=\"description\" content=\"Nenechte si uj\u00edt svou \u0161anci! Z\u00edskejte bonus a\u017e 6300 CZ p\u0159i sv\u00e9m des\u00e1t\u00e9m vkladu na Megapari! Zjist\u011bte, jak aktivovat 50% bonus a maximalizovat sv\u00e9 v\u00fdhry je\u0161t\u011b dnes.\" \/>\n<meta name=\"robots\" content=\"index, follow, max-snippet:-1, max-image-preview:large, max-video-preview:-1\" \/>\n<meta property=\"og:locale\" content=\"cs_CZ\" \/>\n<meta property=\"og:type\" content=\"article\" \/>\n<meta property=\"og:title\" content=\"Megapari bonus za 10. vklad \u1409 50% bonus a\u017e 6300 K\u010d!\" \/>\n<meta property=\"og:description\" content=\"Nenechte si uj\u00edt svou \u0161anci! Z\u00edskejte bonus a\u017e 6300 CZ p\u0159i sv\u00e9m des\u00e1t\u00e9m vkladu na Megapari! Zjist\u011bte, jak aktivovat 50% bonus a maximalizovat sv\u00e9 v\u00fdhry je\u0161t\u011b dnes.\" \/>\n<meta property=\"og:url\" content=\"https:\/\/megapari.promo\/cs\/bonus\/10th-deposit-bonus\/\" \/>\n<meta property=\"og:site_name\" content=\"Megapari Win CS\" \/>\n<meta property=\"article:modified_time\" content=\"2025-09-20T17:13:13+00:00\" \/>\n<meta name=\"twitter:card\" content=\"summary_large_image\" \/>\n<script type=\"application\/ld+json\" class=\"yoast-schema-graph\">{\"@context\":\"https:\/\/schema.org\",\"@graph\":[{\"@type\":\"WebPage\",\"@id\":\"https:\/\/megapari.promo\/cs\/bonus\/10th-deposit-bonus\/\",\"url\":\"https:\/\/megapari.promo\/cs\/bonus\/10th-deposit-bonus\/\",\"name\":\"Megapari bonus za 10. vklad \u1409 50% bonus a\u017e 6300 K\u010d!\",\"isPartOf\":{\"@id\":\"https:\/\/megapari.promo\/cs\/#website\"},\"datePublished\":\"2025-06-24T05:55:39+00:00\",\"dateModified\":\"2025-09-20T17:13:13+00:00\",\"description\":\"Nenechte si uj\u00edt svou \u0161anci! Z\u00edskejte bonus a\u017e 6300 CZ p\u0159i sv\u00e9m des\u00e1t\u00e9m vkladu na Megapari! Zjist\u011bte, jak aktivovat 50% bonus a maximalizovat sv\u00e9 v\u00fdhry je\u0161t\u011b dnes.\",\"breadcrumb\":{\"@id\":\"https:\/\/megapari.promo\/cs\/bonus\/10th-deposit-bonus\/#breadcrumb\"},\"inLanguage\":\"cs\",\"potentialAction\":[{\"@type\":\"ReadAction\",\"target\":[\"https:\/\/megapari.promo\/cs\/bonus\/10th-deposit-bonus\/\"]}]},{\"@type\":\"BreadcrumbList\",\"@id\":\"https:\/\/megapari.promo\/cs\/bonus\/10th-deposit-bonus\/#breadcrumb\",\"itemListElement\":[{\"@type\":\"ListItem\",\"position\":1,\"name\":\"\u0413\u043b\u0430\u0432\u043d\u0430\u044f \u0441\u0442\u0440\u0430\u043d\u0438\u0446\u0430\",\"item\":\"https:\/\/megapari.promo\/cs\/\"},{\"@type\":\"ListItem\",\"position\":2,\"name\":\"Bonus\",\"item\":\"https:\/\/megapari.promo\/cs\/bonus\/\"},{\"@type\":\"ListItem\",\"position\":3,\"name\":\"Bonus za 10. vklad\"}]},{\"@type\":\"WebSite\",\"@id\":\"https:\/\/megapari.promo\/cs\/#website\",\"url\":\"https:\/\/megapari.promo\/cs\/\",\"name\":\"Megapari Win CS\",\"description\":\"My WordPress Blog\",\"potentialAction\":[{\"@type\":\"SearchAction\",\"target\":{\"@type\":\"EntryPoint\",\"urlTemplate\":\"https:\/\/megapari.promo\/cs\/?s={search_term_string}\"},\"query-input\":\"required name=search_term_string\"}],\"inLanguage\":\"cs\"}]}<\/script>\n<!-- \/ Yoast SEO plugin. -->","yoast_head_json":{"title":"Megapari bonus za 10. vklad \u1409 50% bonus a\u017e 6300 K\u010d!","description":"Nenechte si uj\u00edt svou \u0161anci! Z\u00edskejte bonus a\u017e 6300 CZ p\u0159i sv\u00e9m des\u00e1t\u00e9m vkladu na Megapari! Zjist\u011bte, jak aktivovat 50% bonus a maximalizovat sv\u00e9 v\u00fdhry je\u0161t\u011b dnes.","robots":{"index":"index","follow":"follow","max-snippet":"max-snippet:-1","max-image-preview":"max-image-preview:large","max-video-preview":"max-video-preview:-1"},"og_locale":"cs_CZ","og_type":"article","og_title":"Megapari bonus za 10. vklad \u1409 50% bonus a\u017e 6300 K\u010d!","og_description":"Nenechte si uj\u00edt svou \u0161anci! Z\u00edskejte bonus a\u017e 6300 CZ p\u0159i sv\u00e9m des\u00e1t\u00e9m vkladu na Megapari! Zjist\u011bte, jak aktivovat 50% bonus a maximalizovat sv\u00e9 v\u00fdhry je\u0161t\u011b dnes.","og_url":"https:\/\/megapari.promo\/cs\/bonus\/10th-deposit-bonus\/","og_site_name":"Megapari Win CS","article_modified_time":"2025-09-20T17:13:13+00:00","twitter_card":"summary_large_image","schema":{"@context":"https:\/\/schema.org","@graph":[{"@type":"WebPage","@id":"https:\/\/megapari.promo\/cs\/bonus\/10th-deposit-bonus\/","url":"https:\/\/megapari.promo\/cs\/bonus\/10th-deposit-bonus\/","name":"Megapari bonus za 10. vklad \u1409 50% bonus a\u017e 6300 K\u010d!","isPartOf":{"@id":"https:\/\/megapari.promo\/cs\/#website"},"datePublished":"2025-06-24T05:55:39+00:00","dateModified":"2025-09-20T17:13:13+00:00","description":"Nenechte si uj\u00edt svou \u0161anci! Z\u00edskejte bonus a\u017e 6300 CZ p\u0159i sv\u00e9m des\u00e1t\u00e9m vkladu na Megapari! Zjist\u011bte, jak aktivovat 50% bonus a maximalizovat sv\u00e9 v\u00fdhry je\u0161t\u011b dnes.","breadcrumb":{"@id":"https:\/\/megapari.promo\/cs\/bonus\/10th-deposit-bonus\/#breadcrumb"},"inLanguage":"cs","potentialAction":[{"@type":"ReadAction","target":["https:\/\/megapari.promo\/cs\/bonus\/10th-deposit-bonus\/"]}]},{"@type":"BreadcrumbList","@id":"https:\/\/megapari.promo\/cs\/bonus\/10th-deposit-bonus\/#breadcrumb","itemListElement":[{"@type":"ListItem","position":1,"name":"\u0413\u043b\u0430\u0432\u043d\u0430\u044f \u0441\u0442\u0440\u0430\u043d\u0438\u0446\u0430","item":"https:\/\/megapari.promo\/cs\/"},{"@type":"ListItem","position":2,"name":"Bonus","item":"https:\/\/megapari.promo\/cs\/bonus\/"},{"@type":"ListItem","position":3,"name":"Bonus za 10. vklad"}]},{"@type":"WebSite","@id":"https:\/\/megapari.promo\/cs\/#website","url":"https:\/\/megapari.promo\/cs\/","name":"Megapari Win CS","description":"My WordPress Blog","potentialAction":[{"@type":"SearchAction","target":{"@type":"EntryPoint","urlTemplate":"https:\/\/megapari.promo\/cs\/?s={search_term_string}"},"query-input":"required name=search_term_string"}],"inLanguage":"cs"}]}},"_links":{"self":[{"href":"https:\/\/megapari.promo\/cs\/wp-json\/wp\/v2\/pages\/443"}],"collection":[{"href":"https:\/\/megapari.promo\/cs\/wp-json\/wp\/v2\/pages"}],"about":[{"href":"https:\/\/megapari.promo\/cs\/wp-json\/wp\/v2\/types\/page"}],"author":[{"embeddable":true,"href":"https:\/\/megapari.promo\/cs\/wp-json\/wp\/v2\/users\/1"}],"replies":[{"embeddable":true,"href":"https:\/\/megapari.promo\/cs\/wp-json\/wp\/v2\/comments?post=443"}],"version-history":[{"count":5,"href":"https:\/\/megapari.promo\/cs\/wp-json\/wp\/v2\/pages\/443\/revisions"}],"predecessor-version":[{"id":601,"href":"https:\/\/megapari.promo\/cs\/wp-json\/wp\/v2\/pages\/443\/revisions\/601"}],"up":[{"embeddable":true,"href":"https:\/\/megapari.promo\/cs\/wp-json\/wp\/v2\/pages\/152"}],"wp:attachment":[{"href":"https:\/\/megapari.promo\/cs\/wp-json\/wp\/v2\/media?parent=443"}],"curies":[{"name":"wp","href":"https:\/\/api.w.org\/{rel}","templated":true}]}}