{"id":452,"date":"2025-06-24T06:29:33","date_gmt":"2025-06-24T06:29:33","guid":{"rendered":"https:\/\/megapari.promo\/cs\/?page_id=452"},"modified":"2025-09-20T17:12:37","modified_gmt":"2025-09-20T17:12:37","slug":"world-cup-freebet","status":"publish","type":"page","link":"https:\/\/megapari.promo\/cs\/bonus\/world-cup-freebet\/","title":{"rendered":"Sv\u011btov\u00fd poh\u00e1r Freebet"},"content":{"rendered":"","protected":false},"excerpt":{"rendered":"","protected":false},"author":1,"featured_media":0,"parent":152,"menu_order":0,"comment_status":"closed","ping_status":"closed","template":"","meta":{"inline_featured_image":false,"footnotes":""},"yoast_head":"<!-- This site is optimized with the Yoast SEO plugin v20.13 - https:\/\/yoast.com\/wordpress\/plugins\/seo\/ -->\n<title>Megapari Mistrovstv\u00ed sv\u011bta ve fotbale \u1409 S\u00e1zky zdarma!<\/title>\n<meta name=\"description\" content=\"P\u0159ipravte se na Mistrovstv\u00ed sv\u011bta klub\u016f s Megapari! Zapojte se do loterie o 210 000 K\u010d a z\u00edskejte s\u00e1zky zdarma v hodnot\u011b 210 K\u010d. Zjist\u011bte, jak se st\u00e1t sou\u010d\u00e1st\u00ed fotbalov\u00e9 oslavy a vyhr\u00e1t velk\u00e9 pen\u00edze!\" \/>\n<meta name=\"robots\" content=\"index, follow, max-snippet:-1, max-image-preview:large, max-video-preview:-1\" \/>\n<meta property=\"og:locale\" content=\"cs_CZ\" \/>\n<meta property=\"og:type\" content=\"article\" \/>\n<meta property=\"og:title\" content=\"Megapari Mistrovstv\u00ed sv\u011bta ve fotbale \u1409 S\u00e1zky zdarma!\" \/>\n<meta property=\"og:description\" content=\"P\u0159ipravte se na Mistrovstv\u00ed sv\u011bta klub\u016f s Megapari! Zapojte se do loterie o 210 000 K\u010d a z\u00edskejte s\u00e1zky zdarma v hodnot\u011b 210 K\u010d. Zjist\u011bte, jak se st\u00e1t sou\u010d\u00e1st\u00ed fotbalov\u00e9 oslavy a vyhr\u00e1t velk\u00e9 pen\u00edze!\" \/>\n<meta property=\"og:url\" content=\"https:\/\/megapari.promo\/cs\/bonus\/world-cup-freebet\/\" \/>\n<meta property=\"og:site_name\" content=\"Megapari Win CS\" \/>\n<meta property=\"article:modified_time\" content=\"2025-09-20T17:12:37+00:00\" \/>\n<meta name=\"twitter:card\" content=\"summary_large_image\" \/>\n<script type=\"application\/ld+json\" class=\"yoast-schema-graph\">{\"@context\":\"https:\/\/schema.org\",\"@graph\":[{\"@type\":\"WebPage\",\"@id\":\"https:\/\/megapari.promo\/cs\/bonus\/world-cup-freebet\/\",\"url\":\"https:\/\/megapari.promo\/cs\/bonus\/world-cup-freebet\/\",\"name\":\"Megapari Mistrovstv\u00ed sv\u011bta ve fotbale \u1409 S\u00e1zky zdarma!\",\"isPartOf\":{\"@id\":\"https:\/\/megapari.promo\/cs\/#website\"},\"datePublished\":\"2025-06-24T06:29:33+00:00\",\"dateModified\":\"2025-09-20T17:12:37+00:00\",\"description\":\"P\u0159ipravte se na Mistrovstv\u00ed sv\u011bta klub\u016f s Megapari! Zapojte se do loterie o 210 000 K\u010d a z\u00edskejte s\u00e1zky zdarma v hodnot\u011b 210 K\u010d. Zjist\u011bte, jak se st\u00e1t sou\u010d\u00e1st\u00ed fotbalov\u00e9 oslavy a vyhr\u00e1t velk\u00e9 pen\u00edze!\",\"breadcrumb\":{\"@id\":\"https:\/\/megapari.promo\/cs\/bonus\/world-cup-freebet\/#breadcrumb\"},\"inLanguage\":\"cs\",\"potentialAction\":[{\"@type\":\"ReadAction\",\"target\":[\"https:\/\/megapari.promo\/cs\/bonus\/world-cup-freebet\/\"]}]},{\"@type\":\"BreadcrumbList\",\"@id\":\"https:\/\/megapari.promo\/cs\/bonus\/world-cup-freebet\/#breadcrumb\",\"itemListElement\":[{\"@type\":\"ListItem\",\"position\":1,\"name\":\"\u0413\u043b\u0430\u0432\u043d\u0430\u044f \u0441\u0442\u0440\u0430\u043d\u0438\u0446\u0430\",\"item\":\"https:\/\/megapari.promo\/cs\/\"},{\"@type\":\"ListItem\",\"position\":2,\"name\":\"Bonus\",\"item\":\"https:\/\/megapari.promo\/cs\/bonus\/\"},{\"@type\":\"ListItem\",\"position\":3,\"name\":\"Sv\u011btov\u00fd poh\u00e1r Freebet\"}]},{\"@type\":\"WebSite\",\"@id\":\"https:\/\/megapari.promo\/cs\/#website\",\"url\":\"https:\/\/megapari.promo\/cs\/\",\"name\":\"Megapari Win CS\",\"description\":\"My WordPress Blog\",\"potentialAction\":[{\"@type\":\"SearchAction\",\"target\":{\"@type\":\"EntryPoint\",\"urlTemplate\":\"https:\/\/megapari.promo\/cs\/?s={search_term_string}\"},\"query-input\":\"required name=search_term_string\"}],\"inLanguage\":\"cs\"}]}<\/script>\n<!-- \/ Yoast SEO plugin. -->","yoast_head_json":{"title":"Megapari Mistrovstv\u00ed sv\u011bta ve fotbale \u1409 S\u00e1zky zdarma!","description":"P\u0159ipravte se na Mistrovstv\u00ed sv\u011bta klub\u016f s Megapari! Zapojte se do loterie o 210 000 K\u010d a z\u00edskejte s\u00e1zky zdarma v hodnot\u011b 210 K\u010d. Zjist\u011bte, jak se st\u00e1t sou\u010d\u00e1st\u00ed fotbalov\u00e9 oslavy a vyhr\u00e1t velk\u00e9 pen\u00edze!","robots":{"index":"index","follow":"follow","max-snippet":"max-snippet:-1","max-image-preview":"max-image-preview:large","max-video-preview":"max-video-preview:-1"},"og_locale":"cs_CZ","og_type":"article","og_title":"Megapari Mistrovstv\u00ed sv\u011bta ve fotbale \u1409 S\u00e1zky zdarma!","og_description":"P\u0159ipravte se na Mistrovstv\u00ed sv\u011bta klub\u016f s Megapari! Zapojte se do loterie o 210 000 K\u010d a z\u00edskejte s\u00e1zky zdarma v hodnot\u011b 210 K\u010d. Zjist\u011bte, jak se st\u00e1t sou\u010d\u00e1st\u00ed fotbalov\u00e9 oslavy a vyhr\u00e1t velk\u00e9 pen\u00edze!","og_url":"https:\/\/megapari.promo\/cs\/bonus\/world-cup-freebet\/","og_site_name":"Megapari Win CS","article_modified_time":"2025-09-20T17:12:37+00:00","twitter_card":"summary_large_image","schema":{"@context":"https:\/\/schema.org","@graph":[{"@type":"WebPage","@id":"https:\/\/megapari.promo\/cs\/bonus\/world-cup-freebet\/","url":"https:\/\/megapari.promo\/cs\/bonus\/world-cup-freebet\/","name":"Megapari Mistrovstv\u00ed sv\u011bta ve fotbale \u1409 S\u00e1zky zdarma!","isPartOf":{"@id":"https:\/\/megapari.promo\/cs\/#website"},"datePublished":"2025-06-24T06:29:33+00:00","dateModified":"2025-09-20T17:12:37+00:00","description":"P\u0159ipravte se na Mistrovstv\u00ed sv\u011bta klub\u016f s Megapari! Zapojte se do loterie o 210 000 K\u010d a z\u00edskejte s\u00e1zky zdarma v hodnot\u011b 210 K\u010d. Zjist\u011bte, jak se st\u00e1t sou\u010d\u00e1st\u00ed fotbalov\u00e9 oslavy a vyhr\u00e1t velk\u00e9 pen\u00edze!","breadcrumb":{"@id":"https:\/\/megapari.promo\/cs\/bonus\/world-cup-freebet\/#breadcrumb"},"inLanguage":"cs","potentialAction":[{"@type":"ReadAction","target":["https:\/\/megapari.promo\/cs\/bonus\/world-cup-freebet\/"]}]},{"@type":"BreadcrumbList","@id":"https:\/\/megapari.promo\/cs\/bonus\/world-cup-freebet\/#breadcrumb","itemListElement":[{"@type":"ListItem","position":1,"name":"\u0413\u043b\u0430\u0432\u043d\u0430\u044f \u0441\u0442\u0440\u0430\u043d\u0438\u0446\u0430","item":"https:\/\/megapari.promo\/cs\/"},{"@type":"ListItem","position":2,"name":"Bonus","item":"https:\/\/megapari.promo\/cs\/bonus\/"},{"@type":"ListItem","position":3,"name":"Sv\u011btov\u00fd poh\u00e1r Freebet"}]},{"@type":"WebSite","@id":"https:\/\/megapari.promo\/cs\/#website","url":"https:\/\/megapari.promo\/cs\/","name":"Megapari Win CS","description":"My WordPress Blog","potentialAction":[{"@type":"SearchAction","target":{"@type":"EntryPoint","urlTemplate":"https:\/\/megapari.promo\/cs\/?s={search_term_string}"},"query-input":"required name=search_term_string"}],"inLanguage":"cs"}]}},"_links":{"self":[{"href":"https:\/\/megapari.promo\/cs\/wp-json\/wp\/v2\/pages\/452"}],"collection":[{"href":"https:\/\/megapari.promo\/cs\/wp-json\/wp\/v2\/pages"}],"about":[{"href":"https:\/\/megapari.promo\/cs\/wp-json\/wp\/v2\/types\/page"}],"author":[{"embeddable":true,"href":"https:\/\/megapari.promo\/cs\/wp-json\/wp\/v2\/users\/1"}],"replies":[{"embeddable":true,"href":"https:\/\/megapari.promo\/cs\/wp-json\/wp\/v2\/comments?post=452"}],"version-history":[{"count":6,"href":"https:\/\/megapari.promo\/cs\/wp-json\/wp\/v2\/pages\/452\/revisions"}],"predecessor-version":[{"id":606,"href":"https:\/\/megapari.promo\/cs\/wp-json\/wp\/v2\/pages\/452\/revisions\/606"}],"up":[{"embeddable":true,"href":"https:\/\/megapari.promo\/cs\/wp-json\/wp\/v2\/pages\/152"}],"wp:attachment":[{"href":"https:\/\/megapari.promo\/cs\/wp-json\/wp\/v2\/media?parent=452"}],"curies":[{"name":"wp","href":"https:\/\/api.w.org\/{rel}","templated":true}]}}