{"id":458,"date":"2025-06-24T06:57:52","date_gmt":"2025-06-24T06:57:52","guid":{"rendered":"https:\/\/megapari.promo\/cs\/?page_id=458"},"modified":"2025-08-28T16:22:04","modified_gmt":"2025-08-28T16:22:04","slug":"aviator","status":"publish","type":"page","link":"https:\/\/megapari.promo\/cs\/bonus\/aviator\/","title":{"rendered":"Aviator"},"content":{"rendered":"","protected":false},"excerpt":{"rendered":"","protected":false},"author":1,"featured_media":0,"parent":152,"menu_order":0,"comment_status":"closed","ping_status":"closed","template":"","meta":{"inline_featured_image":false,"footnotes":""},"yoast_head":"<!-- This site is optimized with the Yoast SEO plugin v20.13 - https:\/\/yoast.com\/wordpress\/plugins\/seo\/ -->\n<title>Aviator s Megapari \u1409 60 oto\u010den\u00ed zdarma ka\u017edou ned\u011bli!<\/title>\n<meta name=\"description\" content=\"Le\u0165te vysoko v Aviator zdarma s Megapari! Ka\u017edou ned\u011bli si dobijte sv\u016fj \u00fa\u010det a z\u00edskejte a\u017e 60 oto\u010den\u00ed zdarma. Vyu\u017eijte svou obl\u00edbenou hru na maximum!\" \/>\n<meta name=\"robots\" content=\"index, follow, max-snippet:-1, max-image-preview:large, max-video-preview:-1\" \/>\n<meta property=\"og:locale\" content=\"cs_CZ\" \/>\n<meta property=\"og:type\" content=\"article\" \/>\n<meta property=\"og:title\" content=\"Aviator s Megapari \u1409 60 oto\u010den\u00ed zdarma ka\u017edou ned\u011bli!\" \/>\n<meta property=\"og:description\" content=\"Le\u0165te vysoko v Aviator zdarma s Megapari! Ka\u017edou ned\u011bli si dobijte sv\u016fj \u00fa\u010det a z\u00edskejte a\u017e 60 oto\u010den\u00ed zdarma. Vyu\u017eijte svou obl\u00edbenou hru na maximum!\" \/>\n<meta property=\"og:url\" content=\"https:\/\/megapari.promo\/cs\/bonus\/aviator\/\" \/>\n<meta property=\"og:site_name\" content=\"Megapari Win CS\" \/>\n<meta property=\"article:modified_time\" content=\"2025-08-28T16:22:04+00:00\" \/>\n<meta name=\"twitter:card\" content=\"summary_large_image\" \/>\n<script type=\"application\/ld+json\" class=\"yoast-schema-graph\">{\"@context\":\"https:\/\/schema.org\",\"@graph\":[{\"@type\":\"WebPage\",\"@id\":\"https:\/\/megapari.promo\/cs\/bonus\/aviator\/\",\"url\":\"https:\/\/megapari.promo\/cs\/bonus\/aviator\/\",\"name\":\"Aviator s Megapari \u1409 60 oto\u010den\u00ed zdarma ka\u017edou ned\u011bli!\",\"isPartOf\":{\"@id\":\"https:\/\/megapari.promo\/cs\/#website\"},\"datePublished\":\"2025-06-24T06:57:52+00:00\",\"dateModified\":\"2025-08-28T16:22:04+00:00\",\"description\":\"Le\u0165te vysoko v Aviator zdarma s Megapari! Ka\u017edou ned\u011bli si dobijte sv\u016fj \u00fa\u010det a z\u00edskejte a\u017e 60 oto\u010den\u00ed zdarma. Vyu\u017eijte svou obl\u00edbenou hru na maximum!\",\"breadcrumb\":{\"@id\":\"https:\/\/megapari.promo\/cs\/bonus\/aviator\/#breadcrumb\"},\"inLanguage\":\"cs\",\"potentialAction\":[{\"@type\":\"ReadAction\",\"target\":[\"https:\/\/megapari.promo\/cs\/bonus\/aviator\/\"]}]},{\"@type\":\"BreadcrumbList\",\"@id\":\"https:\/\/megapari.promo\/cs\/bonus\/aviator\/#breadcrumb\",\"itemListElement\":[{\"@type\":\"ListItem\",\"position\":1,\"name\":\"\u0413\u043b\u0430\u0432\u043d\u0430\u044f \u0441\u0442\u0440\u0430\u043d\u0438\u0446\u0430\",\"item\":\"https:\/\/megapari.promo\/cs\/\"},{\"@type\":\"ListItem\",\"position\":2,\"name\":\"Bonus\",\"item\":\"https:\/\/megapari.promo\/cs\/bonus\/\"},{\"@type\":\"ListItem\",\"position\":3,\"name\":\"Aviator\"}]},{\"@type\":\"WebSite\",\"@id\":\"https:\/\/megapari.promo\/cs\/#website\",\"url\":\"https:\/\/megapari.promo\/cs\/\",\"name\":\"Megapari Win CS\",\"description\":\"My WordPress Blog\",\"potentialAction\":[{\"@type\":\"SearchAction\",\"target\":{\"@type\":\"EntryPoint\",\"urlTemplate\":\"https:\/\/megapari.promo\/cs\/?s={search_term_string}\"},\"query-input\":\"required name=search_term_string\"}],\"inLanguage\":\"cs\"}]}<\/script>\n<!-- \/ Yoast SEO plugin. -->","yoast_head_json":{"title":"Aviator s Megapari \u1409 60 oto\u010den\u00ed zdarma ka\u017edou ned\u011bli!","description":"Le\u0165te vysoko v Aviator zdarma s Megapari! Ka\u017edou ned\u011bli si dobijte sv\u016fj \u00fa\u010det a z\u00edskejte a\u017e 60 oto\u010den\u00ed zdarma. Vyu\u017eijte svou obl\u00edbenou hru na maximum!","robots":{"index":"index","follow":"follow","max-snippet":"max-snippet:-1","max-image-preview":"max-image-preview:large","max-video-preview":"max-video-preview:-1"},"og_locale":"cs_CZ","og_type":"article","og_title":"Aviator s Megapari \u1409 60 oto\u010den\u00ed zdarma ka\u017edou ned\u011bli!","og_description":"Le\u0165te vysoko v Aviator zdarma s Megapari! Ka\u017edou ned\u011bli si dobijte sv\u016fj \u00fa\u010det a z\u00edskejte a\u017e 60 oto\u010den\u00ed zdarma. Vyu\u017eijte svou obl\u00edbenou hru na maximum!","og_url":"https:\/\/megapari.promo\/cs\/bonus\/aviator\/","og_site_name":"Megapari Win CS","article_modified_time":"2025-08-28T16:22:04+00:00","twitter_card":"summary_large_image","schema":{"@context":"https:\/\/schema.org","@graph":[{"@type":"WebPage","@id":"https:\/\/megapari.promo\/cs\/bonus\/aviator\/","url":"https:\/\/megapari.promo\/cs\/bonus\/aviator\/","name":"Aviator s Megapari \u1409 60 oto\u010den\u00ed zdarma ka\u017edou ned\u011bli!","isPartOf":{"@id":"https:\/\/megapari.promo\/cs\/#website"},"datePublished":"2025-06-24T06:57:52+00:00","dateModified":"2025-08-28T16:22:04+00:00","description":"Le\u0165te vysoko v Aviator zdarma s Megapari! Ka\u017edou ned\u011bli si dobijte sv\u016fj \u00fa\u010det a z\u00edskejte a\u017e 60 oto\u010den\u00ed zdarma. Vyu\u017eijte svou obl\u00edbenou hru na maximum!","breadcrumb":{"@id":"https:\/\/megapari.promo\/cs\/bonus\/aviator\/#breadcrumb"},"inLanguage":"cs","potentialAction":[{"@type":"ReadAction","target":["https:\/\/megapari.promo\/cs\/bonus\/aviator\/"]}]},{"@type":"BreadcrumbList","@id":"https:\/\/megapari.promo\/cs\/bonus\/aviator\/#breadcrumb","itemListElement":[{"@type":"ListItem","position":1,"name":"\u0413\u043b\u0430\u0432\u043d\u0430\u044f \u0441\u0442\u0440\u0430\u043d\u0438\u0446\u0430","item":"https:\/\/megapari.promo\/cs\/"},{"@type":"ListItem","position":2,"name":"Bonus","item":"https:\/\/megapari.promo\/cs\/bonus\/"},{"@type":"ListItem","position":3,"name":"Aviator"}]},{"@type":"WebSite","@id":"https:\/\/megapari.promo\/cs\/#website","url":"https:\/\/megapari.promo\/cs\/","name":"Megapari Win CS","description":"My WordPress Blog","potentialAction":[{"@type":"SearchAction","target":{"@type":"EntryPoint","urlTemplate":"https:\/\/megapari.promo\/cs\/?s={search_term_string}"},"query-input":"required name=search_term_string"}],"inLanguage":"cs"}]}},"_links":{"self":[{"href":"https:\/\/megapari.promo\/cs\/wp-json\/wp\/v2\/pages\/458"}],"collection":[{"href":"https:\/\/megapari.promo\/cs\/wp-json\/wp\/v2\/pages"}],"about":[{"href":"https:\/\/megapari.promo\/cs\/wp-json\/wp\/v2\/types\/page"}],"author":[{"embeddable":true,"href":"https:\/\/megapari.promo\/cs\/wp-json\/wp\/v2\/users\/1"}],"replies":[{"embeddable":true,"href":"https:\/\/megapari.promo\/cs\/wp-json\/wp\/v2\/comments?post=458"}],"version-history":[{"count":4,"href":"https:\/\/megapari.promo\/cs\/wp-json\/wp\/v2\/pages\/458\/revisions"}],"predecessor-version":[{"id":602,"href":"https:\/\/megapari.promo\/cs\/wp-json\/wp\/v2\/pages\/458\/revisions\/602"}],"up":[{"embeddable":true,"href":"https:\/\/megapari.promo\/cs\/wp-json\/wp\/v2\/pages\/152"}],"wp:attachment":[{"href":"https:\/\/megapari.promo\/cs\/wp-json\/wp\/v2\/media?parent=458"}],"curies":[{"name":"wp","href":"https:\/\/api.w.org\/{rel}","templated":true}]}}