{"id":462,"date":"2025-06-24T07:14:50","date_gmt":"2025-06-24T07:14:50","guid":{"rendered":"https:\/\/megapari.promo\/cs\/?page_id=462"},"modified":"2025-08-28T16:25:13","modified_gmt":"2025-08-28T16:25:13","slug":"first-deposit-freebet","status":"publish","type":"page","link":"https:\/\/megapari.promo\/cs\/bonus\/first-deposit-freebet\/","title":{"rendered":"Prvn\u00ed vklad Freebet"},"content":{"rendered":"","protected":false},"excerpt":{"rendered":"","protected":false},"author":1,"featured_media":0,"parent":152,"menu_order":0,"comment_status":"closed","ping_status":"closed","template":"","meta":{"inline_featured_image":false,"footnotes":""},"yoast_head":"<!-- This site is optimized with the Yoast SEO plugin v20.13 - https:\/\/yoast.com\/wordpress\/plugins\/seo\/ -->\n<title>Megapari S\u00e1zka zdarma za prvn\u00ed vklad \u1409 Z\u00edskejte a\u017e 2100 K\u010d<\/title>\n<meta name=\"description\" content=\"Z\u00edskejte s\u00e1zku zdarma a\u017e do v\u00fd\u0161e 2100 K\u010d za sv\u016fj prvn\u00ed vklad na Megapari! Nau\u010dte se, jak si vybrat uv\u00edtac\u00ed bonus, snadno ho pros\u00e1zet a za\u010d\u00edt vyhr\u00e1vat. Jednoduch\u00e9 a v\u00fdnosn\u00e9!\" \/>\n<meta name=\"robots\" content=\"index, follow, max-snippet:-1, max-image-preview:large, max-video-preview:-1\" \/>\n<meta property=\"og:locale\" content=\"cs_CZ\" \/>\n<meta property=\"og:type\" content=\"article\" \/>\n<meta property=\"og:title\" content=\"Megapari S\u00e1zka zdarma za prvn\u00ed vklad \u1409 Z\u00edskejte a\u017e 2100 K\u010d\" \/>\n<meta property=\"og:description\" content=\"Z\u00edskejte s\u00e1zku zdarma a\u017e do v\u00fd\u0161e 2100 K\u010d za sv\u016fj prvn\u00ed vklad na Megapari! Nau\u010dte se, jak si vybrat uv\u00edtac\u00ed bonus, snadno ho pros\u00e1zet a za\u010d\u00edt vyhr\u00e1vat. Jednoduch\u00e9 a v\u00fdnosn\u00e9!\" \/>\n<meta property=\"og:url\" content=\"https:\/\/megapari.promo\/cs\/bonus\/first-deposit-freebet\/\" \/>\n<meta property=\"og:site_name\" content=\"Megapari Win CS\" \/>\n<meta property=\"article:modified_time\" content=\"2025-08-28T16:25:13+00:00\" \/>\n<meta name=\"twitter:card\" content=\"summary_large_image\" \/>\n<script type=\"application\/ld+json\" class=\"yoast-schema-graph\">{\"@context\":\"https:\/\/schema.org\",\"@graph\":[{\"@type\":\"WebPage\",\"@id\":\"https:\/\/megapari.promo\/cs\/bonus\/first-deposit-freebet\/\",\"url\":\"https:\/\/megapari.promo\/cs\/bonus\/first-deposit-freebet\/\",\"name\":\"Megapari S\u00e1zka zdarma za prvn\u00ed vklad \u1409 Z\u00edskejte a\u017e 2100 K\u010d\",\"isPartOf\":{\"@id\":\"https:\/\/megapari.promo\/cs\/#website\"},\"datePublished\":\"2025-06-24T07:14:50+00:00\",\"dateModified\":\"2025-08-28T16:25:13+00:00\",\"description\":\"Z\u00edskejte s\u00e1zku zdarma a\u017e do v\u00fd\u0161e 2100 K\u010d za sv\u016fj prvn\u00ed vklad na Megapari! Nau\u010dte se, jak si vybrat uv\u00edtac\u00ed bonus, snadno ho pros\u00e1zet a za\u010d\u00edt vyhr\u00e1vat. Jednoduch\u00e9 a v\u00fdnosn\u00e9!\",\"breadcrumb\":{\"@id\":\"https:\/\/megapari.promo\/cs\/bonus\/first-deposit-freebet\/#breadcrumb\"},\"inLanguage\":\"cs\",\"potentialAction\":[{\"@type\":\"ReadAction\",\"target\":[\"https:\/\/megapari.promo\/cs\/bonus\/first-deposit-freebet\/\"]}]},{\"@type\":\"BreadcrumbList\",\"@id\":\"https:\/\/megapari.promo\/cs\/bonus\/first-deposit-freebet\/#breadcrumb\",\"itemListElement\":[{\"@type\":\"ListItem\",\"position\":1,\"name\":\"\u0413\u043b\u0430\u0432\u043d\u0430\u044f \u0441\u0442\u0440\u0430\u043d\u0438\u0446\u0430\",\"item\":\"https:\/\/megapari.promo\/cs\/\"},{\"@type\":\"ListItem\",\"position\":2,\"name\":\"Bonus\",\"item\":\"https:\/\/megapari.promo\/cs\/bonus\/\"},{\"@type\":\"ListItem\",\"position\":3,\"name\":\"Prvn\u00ed vklad Freebet\"}]},{\"@type\":\"WebSite\",\"@id\":\"https:\/\/megapari.promo\/cs\/#website\",\"url\":\"https:\/\/megapari.promo\/cs\/\",\"name\":\"Megapari Win CS\",\"description\":\"My WordPress Blog\",\"potentialAction\":[{\"@type\":\"SearchAction\",\"target\":{\"@type\":\"EntryPoint\",\"urlTemplate\":\"https:\/\/megapari.promo\/cs\/?s={search_term_string}\"},\"query-input\":\"required name=search_term_string\"}],\"inLanguage\":\"cs\"}]}<\/script>\n<!-- \/ Yoast SEO plugin. -->","yoast_head_json":{"title":"Megapari S\u00e1zka zdarma za prvn\u00ed vklad \u1409 Z\u00edskejte a\u017e 2100 K\u010d","description":"Z\u00edskejte s\u00e1zku zdarma a\u017e do v\u00fd\u0161e 2100 K\u010d za sv\u016fj prvn\u00ed vklad na Megapari! Nau\u010dte se, jak si vybrat uv\u00edtac\u00ed bonus, snadno ho pros\u00e1zet a za\u010d\u00edt vyhr\u00e1vat. Jednoduch\u00e9 a v\u00fdnosn\u00e9!","robots":{"index":"index","follow":"follow","max-snippet":"max-snippet:-1","max-image-preview":"max-image-preview:large","max-video-preview":"max-video-preview:-1"},"og_locale":"cs_CZ","og_type":"article","og_title":"Megapari S\u00e1zka zdarma za prvn\u00ed vklad \u1409 Z\u00edskejte a\u017e 2100 K\u010d","og_description":"Z\u00edskejte s\u00e1zku zdarma a\u017e do v\u00fd\u0161e 2100 K\u010d za sv\u016fj prvn\u00ed vklad na Megapari! Nau\u010dte se, jak si vybrat uv\u00edtac\u00ed bonus, snadno ho pros\u00e1zet a za\u010d\u00edt vyhr\u00e1vat. Jednoduch\u00e9 a v\u00fdnosn\u00e9!","og_url":"https:\/\/megapari.promo\/cs\/bonus\/first-deposit-freebet\/","og_site_name":"Megapari Win CS","article_modified_time":"2025-08-28T16:25:13+00:00","twitter_card":"summary_large_image","schema":{"@context":"https:\/\/schema.org","@graph":[{"@type":"WebPage","@id":"https:\/\/megapari.promo\/cs\/bonus\/first-deposit-freebet\/","url":"https:\/\/megapari.promo\/cs\/bonus\/first-deposit-freebet\/","name":"Megapari S\u00e1zka zdarma za prvn\u00ed vklad \u1409 Z\u00edskejte a\u017e 2100 K\u010d","isPartOf":{"@id":"https:\/\/megapari.promo\/cs\/#website"},"datePublished":"2025-06-24T07:14:50+00:00","dateModified":"2025-08-28T16:25:13+00:00","description":"Z\u00edskejte s\u00e1zku zdarma a\u017e do v\u00fd\u0161e 2100 K\u010d za sv\u016fj prvn\u00ed vklad na Megapari! Nau\u010dte se, jak si vybrat uv\u00edtac\u00ed bonus, snadno ho pros\u00e1zet a za\u010d\u00edt vyhr\u00e1vat. Jednoduch\u00e9 a v\u00fdnosn\u00e9!","breadcrumb":{"@id":"https:\/\/megapari.promo\/cs\/bonus\/first-deposit-freebet\/#breadcrumb"},"inLanguage":"cs","potentialAction":[{"@type":"ReadAction","target":["https:\/\/megapari.promo\/cs\/bonus\/first-deposit-freebet\/"]}]},{"@type":"BreadcrumbList","@id":"https:\/\/megapari.promo\/cs\/bonus\/first-deposit-freebet\/#breadcrumb","itemListElement":[{"@type":"ListItem","position":1,"name":"\u0413\u043b\u0430\u0432\u043d\u0430\u044f \u0441\u0442\u0440\u0430\u043d\u0438\u0446\u0430","item":"https:\/\/megapari.promo\/cs\/"},{"@type":"ListItem","position":2,"name":"Bonus","item":"https:\/\/megapari.promo\/cs\/bonus\/"},{"@type":"ListItem","position":3,"name":"Prvn\u00ed vklad Freebet"}]},{"@type":"WebSite","@id":"https:\/\/megapari.promo\/cs\/#website","url":"https:\/\/megapari.promo\/cs\/","name":"Megapari Win CS","description":"My WordPress Blog","potentialAction":[{"@type":"SearchAction","target":{"@type":"EntryPoint","urlTemplate":"https:\/\/megapari.promo\/cs\/?s={search_term_string}"},"query-input":"required name=search_term_string"}],"inLanguage":"cs"}]}},"_links":{"self":[{"href":"https:\/\/megapari.promo\/cs\/wp-json\/wp\/v2\/pages\/462"}],"collection":[{"href":"https:\/\/megapari.promo\/cs\/wp-json\/wp\/v2\/pages"}],"about":[{"href":"https:\/\/megapari.promo\/cs\/wp-json\/wp\/v2\/types\/page"}],"author":[{"embeddable":true,"href":"https:\/\/megapari.promo\/cs\/wp-json\/wp\/v2\/users\/1"}],"replies":[{"embeddable":true,"href":"https:\/\/megapari.promo\/cs\/wp-json\/wp\/v2\/comments?post=462"}],"version-history":[{"count":5,"href":"https:\/\/megapari.promo\/cs\/wp-json\/wp\/v2\/pages\/462\/revisions"}],"predecessor-version":[{"id":604,"href":"https:\/\/megapari.promo\/cs\/wp-json\/wp\/v2\/pages\/462\/revisions\/604"}],"up":[{"embeddable":true,"href":"https:\/\/megapari.promo\/cs\/wp-json\/wp\/v2\/pages\/152"}],"wp:attachment":[{"href":"https:\/\/megapari.promo\/cs\/wp-json\/wp\/v2\/media?parent=462"}],"curies":[{"name":"wp","href":"https:\/\/api.w.org\/{rel}","templated":true}]}}