{"id":2,"date":"2023-05-18T17:18:34","date_gmt":"2023-05-18T17:18:34","guid":{"rendered":"https:\/\/megapari.promo\/da\/?page_id=2"},"modified":"2025-09-27T13:24:36","modified_gmt":"2025-09-27T13:24:36","slug":"sample-page","status":"publish","type":"page","link":"https:\/\/megapari.promo\/da\/","title":{"rendered":"Hjem"},"content":{"rendered":"","protected":false},"excerpt":{"rendered":"","protected":false},"author":1,"featured_media":0,"parent":0,"menu_order":0,"comment_status":"closed","ping_status":"open","template":"","meta":{"inline_featured_image":false,"footnotes":""},"yoast_head":"<!-- This site is optimized with the Yoast SEO plugin v20.13 - https:\/\/yoast.com\/wordpress\/plugins\/seo\/ -->\n<title>Megapari 2026: Officiel side for sportsv\u00e6ddem\u00e5l | 100% bonus<\/title>\n<meta name=\"description\" content=\"Begynd at spille p\u00e5 forskellige sportsgrene og nyd casino med det officielle Megapari sportsbook \u2714\ufe0f F\u00e5 de bedst mulige betingelser og en 100 % velkomstbonus til nye spillere\" \/>\n<meta name=\"robots\" content=\"index, follow, max-snippet:-1, max-image-preview:large, max-video-preview:-1\" \/>\n<meta property=\"og:locale\" content=\"da_DK\" \/>\n<meta property=\"og:type\" content=\"article\" \/>\n<meta property=\"og:title\" content=\"Megapari 2026: Officiel side for sportsv\u00e6ddem\u00e5l | 100% bonus\" \/>\n<meta property=\"og:description\" content=\"Begynd at spille p\u00e5 forskellige sportsgrene og nyd casino med det officielle Megapari sportsbook \u2714\ufe0f F\u00e5 de bedst mulige betingelser og en 100 % velkomstbonus til nye spillere\" \/>\n<meta property=\"og:url\" content=\"https:\/\/megapari.promo\/da\/\" \/>\n<meta property=\"og:site_name\" content=\"Megapari Win da\" \/>\n<meta property=\"article:modified_time\" content=\"2025-09-27T13:24:36+00:00\" \/>\n<meta name=\"twitter:card\" content=\"summary_large_image\" \/>\n<script type=\"application\/ld+json\" class=\"yoast-schema-graph\">{\"@context\":\"https:\/\/schema.org\",\"@graph\":[{\"@type\":\"WebPage\",\"@id\":\"https:\/\/megapari.promo\/da\/\",\"url\":\"https:\/\/megapari.promo\/da\/\",\"name\":\"Megapari 2026: Officiel side for sportsv\u00e6ddem\u00e5l | 100% bonus\",\"isPartOf\":{\"@id\":\"https:\/\/megapari.promo\/da\/#website\"},\"datePublished\":\"2023-05-18T17:18:34+00:00\",\"dateModified\":\"2025-09-27T13:24:36+00:00\",\"description\":\"Begynd at spille p\u00e5 forskellige sportsgrene og nyd casino med det officielle Megapari sportsbook \u2714\ufe0f F\u00e5 de bedst mulige betingelser og en 100 % velkomstbonus til nye spillere\",\"breadcrumb\":{\"@id\":\"https:\/\/megapari.promo\/da\/#breadcrumb\"},\"inLanguage\":\"da-DK\",\"potentialAction\":[{\"@type\":\"ReadAction\",\"target\":[\"https:\/\/megapari.promo\/da\/\"]}]},{\"@type\":\"BreadcrumbList\",\"@id\":\"https:\/\/megapari.promo\/da\/#breadcrumb\",\"itemListElement\":[{\"@type\":\"ListItem\",\"position\":1,\"name\":\"\u0413\u043b\u0430\u0432\u043d\u0430\u044f \u0441\u0442\u0440\u0430\u043d\u0438\u0446\u0430\",\"item\":\"https:\/\/megapari.promo\/da\/\"},{\"@type\":\"ListItem\",\"position\":2,\"name\":\"Hjem\"}]},{\"@type\":\"WebSite\",\"@id\":\"https:\/\/megapari.promo\/da\/#website\",\"url\":\"https:\/\/megapari.promo\/da\/\",\"name\":\"Megapari Win da\",\"description\":\"My WordPress Blog\",\"potentialAction\":[{\"@type\":\"SearchAction\",\"target\":{\"@type\":\"EntryPoint\",\"urlTemplate\":\"https:\/\/megapari.promo\/da\/?s={search_term_string}\"},\"query-input\":\"required name=search_term_string\"}],\"inLanguage\":\"da-DK\"}]}<\/script>\n<!-- \/ Yoast SEO plugin. -->","yoast_head_json":{"title":"Megapari 2026: Officiel side for sportsv\u00e6ddem\u00e5l | 100% bonus","description":"Begynd at spille p\u00e5 forskellige sportsgrene og nyd casino med det officielle Megapari sportsbook \u2714\ufe0f F\u00e5 de bedst mulige betingelser og en 100 % velkomstbonus til nye spillere","robots":{"index":"index","follow":"follow","max-snippet":"max-snippet:-1","max-image-preview":"max-image-preview:large","max-video-preview":"max-video-preview:-1"},"og_locale":"da_DK","og_type":"article","og_title":"Megapari 2026: Officiel side for sportsv\u00e6ddem\u00e5l | 100% bonus","og_description":"Begynd at spille p\u00e5 forskellige sportsgrene og nyd casino med det officielle Megapari sportsbook \u2714\ufe0f F\u00e5 de bedst mulige betingelser og en 100 % velkomstbonus til nye spillere","og_url":"https:\/\/megapari.promo\/da\/","og_site_name":"Megapari Win da","article_modified_time":"2025-09-27T13:24:36+00:00","twitter_card":"summary_large_image","schema":{"@context":"https:\/\/schema.org","@graph":[{"@type":"WebPage","@id":"https:\/\/megapari.promo\/da\/","url":"https:\/\/megapari.promo\/da\/","name":"Megapari 2026: Officiel side for sportsv\u00e6ddem\u00e5l | 100% bonus","isPartOf":{"@id":"https:\/\/megapari.promo\/da\/#website"},"datePublished":"2023-05-18T17:18:34+00:00","dateModified":"2025-09-27T13:24:36+00:00","description":"Begynd at spille p\u00e5 forskellige sportsgrene og nyd casino med det officielle Megapari sportsbook \u2714\ufe0f F\u00e5 de bedst mulige betingelser og en 100 % velkomstbonus til nye spillere","breadcrumb":{"@id":"https:\/\/megapari.promo\/da\/#breadcrumb"},"inLanguage":"da-DK","potentialAction":[{"@type":"ReadAction","target":["https:\/\/megapari.promo\/da\/"]}]},{"@type":"BreadcrumbList","@id":"https:\/\/megapari.promo\/da\/#breadcrumb","itemListElement":[{"@type":"ListItem","position":1,"name":"\u0413\u043b\u0430\u0432\u043d\u0430\u044f \u0441\u0442\u0440\u0430\u043d\u0438\u0446\u0430","item":"https:\/\/megapari.promo\/da\/"},{"@type":"ListItem","position":2,"name":"Hjem"}]},{"@type":"WebSite","@id":"https:\/\/megapari.promo\/da\/#website","url":"https:\/\/megapari.promo\/da\/","name":"Megapari Win da","description":"My WordPress Blog","potentialAction":[{"@type":"SearchAction","target":{"@type":"EntryPoint","urlTemplate":"https:\/\/megapari.promo\/da\/?s={search_term_string}"},"query-input":"required name=search_term_string"}],"inLanguage":"da-DK"}]}},"_links":{"self":[{"href":"https:\/\/megapari.promo\/da\/wp-json\/wp\/v2\/pages\/2"}],"collection":[{"href":"https:\/\/megapari.promo\/da\/wp-json\/wp\/v2\/pages"}],"about":[{"href":"https:\/\/megapari.promo\/da\/wp-json\/wp\/v2\/types\/page"}],"author":[{"embeddable":true,"href":"https:\/\/megapari.promo\/da\/wp-json\/wp\/v2\/users\/1"}],"replies":[{"embeddable":true,"href":"https:\/\/megapari.promo\/da\/wp-json\/wp\/v2\/comments?post=2"}],"version-history":[{"count":84,"href":"https:\/\/megapari.promo\/da\/wp-json\/wp\/v2\/pages\/2\/revisions"}],"predecessor-version":[{"id":621,"href":"https:\/\/megapari.promo\/da\/wp-json\/wp\/v2\/pages\/2\/revisions\/621"}],"wp:attachment":[{"href":"https:\/\/megapari.promo\/da\/wp-json\/wp\/v2\/media?parent=2"}],"curies":[{"name":"wp","href":"https:\/\/api.w.org\/{rel}","templated":true}]}}