{"id":310,"date":"2025-04-06T13:08:02","date_gmt":"2025-04-06T13:08:02","guid":{"rendered":"https:\/\/megapari.promo\/da\/?page_id=310"},"modified":"2025-09-04T04:02:29","modified_gmt":"2025-09-04T04:02:29","slug":"apk","status":"publish","type":"page","link":"https:\/\/megapari.promo\/da\/apk\/","title":{"rendered":"Apk"},"content":{"rendered":"","protected":false},"excerpt":{"rendered":"","protected":false},"author":1,"featured_media":0,"parent":0,"menu_order":0,"comment_status":"closed","ping_status":"closed","template":"","meta":{"inline_featured_image":false,"footnotes":""},"yoast_head":"<!-- This site is optimized with the Yoast SEO plugin v20.13 - https:\/\/yoast.com\/wordpress\/plugins\/seo\/ -->\n<title>Megapari Apk \u25b6\ufe0f S\u00e5dan downloades og spilles<\/title>\n<meta name=\"description\" content=\"Megapari apk er en praktisk m\u00e5de at f\u00e5 adgang til v\u00e6ddem\u00e5lsbutikker og kasinoer, n\u00e5r du er p\u00e5 farten. Megapari Apk til Android tilbyder en optimeret gr\u00e6nseflade og eksklusive bonustilbud.\" \/>\n<meta name=\"robots\" content=\"index, follow, max-snippet:-1, max-image-preview:large, max-video-preview:-1\" \/>\n<meta property=\"og:locale\" content=\"da_DK\" \/>\n<meta property=\"og:type\" content=\"article\" \/>\n<meta property=\"og:title\" content=\"Megapari Apk \u25b6\ufe0f S\u00e5dan downloades og spilles\" \/>\n<meta property=\"og:description\" content=\"Megapari apk er en praktisk m\u00e5de at f\u00e5 adgang til v\u00e6ddem\u00e5lsbutikker og kasinoer, n\u00e5r du er p\u00e5 farten. Megapari Apk til Android tilbyder en optimeret gr\u00e6nseflade og eksklusive bonustilbud.\" \/>\n<meta property=\"og:url\" content=\"https:\/\/megapari.promo\/da\/apk\/\" \/>\n<meta property=\"og:site_name\" content=\"Megapari Win da\" \/>\n<meta property=\"article:modified_time\" content=\"2025-09-04T04:02:29+00:00\" \/>\n<meta name=\"twitter:card\" content=\"summary_large_image\" \/>\n<script type=\"application\/ld+json\" class=\"yoast-schema-graph\">{\"@context\":\"https:\/\/schema.org\",\"@graph\":[{\"@type\":\"WebPage\",\"@id\":\"https:\/\/megapari.promo\/da\/apk\/\",\"url\":\"https:\/\/megapari.promo\/da\/apk\/\",\"name\":\"Megapari Apk \u25b6\ufe0f S\u00e5dan downloades og spilles\",\"isPartOf\":{\"@id\":\"https:\/\/megapari.promo\/da\/#website\"},\"datePublished\":\"2025-04-06T13:08:02+00:00\",\"dateModified\":\"2025-09-04T04:02:29+00:00\",\"description\":\"Megapari apk er en praktisk m\u00e5de at f\u00e5 adgang til v\u00e6ddem\u00e5lsbutikker og kasinoer, n\u00e5r du er p\u00e5 farten. Megapari Apk til Android tilbyder en optimeret gr\u00e6nseflade og eksklusive bonustilbud.\",\"breadcrumb\":{\"@id\":\"https:\/\/megapari.promo\/da\/apk\/#breadcrumb\"},\"inLanguage\":\"da-DK\",\"potentialAction\":[{\"@type\":\"ReadAction\",\"target\":[\"https:\/\/megapari.promo\/da\/apk\/\"]}]},{\"@type\":\"BreadcrumbList\",\"@id\":\"https:\/\/megapari.promo\/da\/apk\/#breadcrumb\",\"itemListElement\":[{\"@type\":\"ListItem\",\"position\":1,\"name\":\"\u0413\u043b\u0430\u0432\u043d\u0430\u044f \u0441\u0442\u0440\u0430\u043d\u0438\u0446\u0430\",\"item\":\"https:\/\/megapari.promo\/da\/\"},{\"@type\":\"ListItem\",\"position\":2,\"name\":\"Apk\"}]},{\"@type\":\"WebSite\",\"@id\":\"https:\/\/megapari.promo\/da\/#website\",\"url\":\"https:\/\/megapari.promo\/da\/\",\"name\":\"Megapari Win da\",\"description\":\"My WordPress Blog\",\"potentialAction\":[{\"@type\":\"SearchAction\",\"target\":{\"@type\":\"EntryPoint\",\"urlTemplate\":\"https:\/\/megapari.promo\/da\/?s={search_term_string}\"},\"query-input\":\"required name=search_term_string\"}],\"inLanguage\":\"da-DK\"}]}<\/script>\n<!-- \/ Yoast SEO plugin. -->","yoast_head_json":{"title":"Megapari Apk \u25b6\ufe0f S\u00e5dan downloades og spilles","description":"Megapari apk er en praktisk m\u00e5de at f\u00e5 adgang til v\u00e6ddem\u00e5lsbutikker og kasinoer, n\u00e5r du er p\u00e5 farten. Megapari Apk til Android tilbyder en optimeret gr\u00e6nseflade og eksklusive bonustilbud.","robots":{"index":"index","follow":"follow","max-snippet":"max-snippet:-1","max-image-preview":"max-image-preview:large","max-video-preview":"max-video-preview:-1"},"og_locale":"da_DK","og_type":"article","og_title":"Megapari Apk \u25b6\ufe0f S\u00e5dan downloades og spilles","og_description":"Megapari apk er en praktisk m\u00e5de at f\u00e5 adgang til v\u00e6ddem\u00e5lsbutikker og kasinoer, n\u00e5r du er p\u00e5 farten. Megapari Apk til Android tilbyder en optimeret gr\u00e6nseflade og eksklusive bonustilbud.","og_url":"https:\/\/megapari.promo\/da\/apk\/","og_site_name":"Megapari Win da","article_modified_time":"2025-09-04T04:02:29+00:00","twitter_card":"summary_large_image","schema":{"@context":"https:\/\/schema.org","@graph":[{"@type":"WebPage","@id":"https:\/\/megapari.promo\/da\/apk\/","url":"https:\/\/megapari.promo\/da\/apk\/","name":"Megapari Apk \u25b6\ufe0f S\u00e5dan downloades og spilles","isPartOf":{"@id":"https:\/\/megapari.promo\/da\/#website"},"datePublished":"2025-04-06T13:08:02+00:00","dateModified":"2025-09-04T04:02:29+00:00","description":"Megapari apk er en praktisk m\u00e5de at f\u00e5 adgang til v\u00e6ddem\u00e5lsbutikker og kasinoer, n\u00e5r du er p\u00e5 farten. Megapari Apk til Android tilbyder en optimeret gr\u00e6nseflade og eksklusive bonustilbud.","breadcrumb":{"@id":"https:\/\/megapari.promo\/da\/apk\/#breadcrumb"},"inLanguage":"da-DK","potentialAction":[{"@type":"ReadAction","target":["https:\/\/megapari.promo\/da\/apk\/"]}]},{"@type":"BreadcrumbList","@id":"https:\/\/megapari.promo\/da\/apk\/#breadcrumb","itemListElement":[{"@type":"ListItem","position":1,"name":"\u0413\u043b\u0430\u0432\u043d\u0430\u044f \u0441\u0442\u0440\u0430\u043d\u0438\u0446\u0430","item":"https:\/\/megapari.promo\/da\/"},{"@type":"ListItem","position":2,"name":"Apk"}]},{"@type":"WebSite","@id":"https:\/\/megapari.promo\/da\/#website","url":"https:\/\/megapari.promo\/da\/","name":"Megapari Win da","description":"My WordPress Blog","potentialAction":[{"@type":"SearchAction","target":{"@type":"EntryPoint","urlTemplate":"https:\/\/megapari.promo\/da\/?s={search_term_string}"},"query-input":"required name=search_term_string"}],"inLanguage":"da-DK"}]}},"_links":{"self":[{"href":"https:\/\/megapari.promo\/da\/wp-json\/wp\/v2\/pages\/310"}],"collection":[{"href":"https:\/\/megapari.promo\/da\/wp-json\/wp\/v2\/pages"}],"about":[{"href":"https:\/\/megapari.promo\/da\/wp-json\/wp\/v2\/types\/page"}],"author":[{"embeddable":true,"href":"https:\/\/megapari.promo\/da\/wp-json\/wp\/v2\/users\/1"}],"replies":[{"embeddable":true,"href":"https:\/\/megapari.promo\/da\/wp-json\/wp\/v2\/comments?post=310"}],"version-history":[{"count":12,"href":"https:\/\/megapari.promo\/da\/wp-json\/wp\/v2\/pages\/310\/revisions"}],"predecessor-version":[{"id":598,"href":"https:\/\/megapari.promo\/da\/wp-json\/wp\/v2\/pages\/310\/revisions\/598"}],"wp:attachment":[{"href":"https:\/\/megapari.promo\/da\/wp-json\/wp\/v2\/media?parent=310"}],"curies":[{"name":"wp","href":"https:\/\/api.w.org\/{rel}","templated":true}]}}