{"id":358,"date":"2025-04-08T06:29:40","date_gmt":"2025-04-08T06:29:40","guid":{"rendered":"https:\/\/megapari.promo\/da\/?page_id=358"},"modified":"2025-09-04T10:06:30","modified_gmt":"2025-09-04T10:06:30","slug":"promo-code","status":"publish","type":"page","link":"https:\/\/megapari.promo\/da\/promo-code\/","title":{"rendered":"Kampagnekode"},"content":{"rendered":"","protected":false},"excerpt":{"rendered":"","protected":false},"author":1,"featured_media":0,"parent":0,"menu_order":0,"comment_status":"closed","ping_status":"closed","template":"","meta":{"inline_featured_image":false,"footnotes":""},"yoast_head":"<!-- This site is optimized with the Yoast SEO plugin v20.13 - https:\/\/yoast.com\/wordpress\/plugins\/seo\/ -->\n<title>Megapari-kampagnekode \u25b6\ufe0fActual bonuskoder 2026<\/title>\n<meta name=\"description\" content=\"Find de bedste Megapari bonuskoder og f\u00e5 eksklusive bonusser uden indskud og gratis spins. Brug en kampagnekode, n\u00e5r du tilmelder dig. Bonuskoder kan give dig gratis spins p\u00e5 dine yndlingsslots og gratis v\u00e6ddem\u00e5l p\u00e5 popul\u00e6re sportsgrene hos Megapari.\" \/>\n<meta name=\"robots\" content=\"index, follow, max-snippet:-1, max-image-preview:large, max-video-preview:-1\" \/>\n<meta property=\"og:locale\" content=\"da_DK\" \/>\n<meta property=\"og:type\" content=\"article\" \/>\n<meta property=\"og:title\" content=\"Megapari-kampagnekode \u25b6\ufe0fActual bonuskoder 2026\" \/>\n<meta property=\"og:description\" content=\"Find de bedste Megapari bonuskoder og f\u00e5 eksklusive bonusser uden indskud og gratis spins. Brug en kampagnekode, n\u00e5r du tilmelder dig. Bonuskoder kan give dig gratis spins p\u00e5 dine yndlingsslots og gratis v\u00e6ddem\u00e5l p\u00e5 popul\u00e6re sportsgrene hos Megapari.\" \/>\n<meta property=\"og:url\" content=\"https:\/\/megapari.promo\/da\/promo-code\/\" \/>\n<meta property=\"og:site_name\" content=\"Megapari Win da\" \/>\n<meta property=\"article:modified_time\" content=\"2025-09-04T10:06:30+00:00\" \/>\n<meta name=\"twitter:card\" content=\"summary_large_image\" \/>\n<script type=\"application\/ld+json\" class=\"yoast-schema-graph\">{\"@context\":\"https:\/\/schema.org\",\"@graph\":[{\"@type\":\"WebPage\",\"@id\":\"https:\/\/megapari.promo\/da\/promo-code\/\",\"url\":\"https:\/\/megapari.promo\/da\/promo-code\/\",\"name\":\"Megapari-kampagnekode \u25b6\ufe0fActual bonuskoder 2026\",\"isPartOf\":{\"@id\":\"https:\/\/megapari.promo\/da\/#website\"},\"datePublished\":\"2025-04-08T06:29:40+00:00\",\"dateModified\":\"2025-09-04T10:06:30+00:00\",\"description\":\"Find de bedste Megapari bonuskoder og f\u00e5 eksklusive bonusser uden indskud og gratis spins. Brug en kampagnekode, n\u00e5r du tilmelder dig. Bonuskoder kan give dig gratis spins p\u00e5 dine yndlingsslots og gratis v\u00e6ddem\u00e5l p\u00e5 popul\u00e6re sportsgrene hos Megapari.\",\"breadcrumb\":{\"@id\":\"https:\/\/megapari.promo\/da\/promo-code\/#breadcrumb\"},\"inLanguage\":\"da-DK\",\"potentialAction\":[{\"@type\":\"ReadAction\",\"target\":[\"https:\/\/megapari.promo\/da\/promo-code\/\"]}]},{\"@type\":\"BreadcrumbList\",\"@id\":\"https:\/\/megapari.promo\/da\/promo-code\/#breadcrumb\",\"itemListElement\":[{\"@type\":\"ListItem\",\"position\":1,\"name\":\"\u0413\u043b\u0430\u0432\u043d\u0430\u044f \u0441\u0442\u0440\u0430\u043d\u0438\u0446\u0430\",\"item\":\"https:\/\/megapari.promo\/da\/\"},{\"@type\":\"ListItem\",\"position\":2,\"name\":\"Kampagnekode\"}]},{\"@type\":\"WebSite\",\"@id\":\"https:\/\/megapari.promo\/da\/#website\",\"url\":\"https:\/\/megapari.promo\/da\/\",\"name\":\"Megapari Win da\",\"description\":\"My WordPress Blog\",\"potentialAction\":[{\"@type\":\"SearchAction\",\"target\":{\"@type\":\"EntryPoint\",\"urlTemplate\":\"https:\/\/megapari.promo\/da\/?s={search_term_string}\"},\"query-input\":\"required name=search_term_string\"}],\"inLanguage\":\"da-DK\"}]}<\/script>\n<!-- \/ Yoast SEO plugin. -->","yoast_head_json":{"title":"Megapari-kampagnekode \u25b6\ufe0fActual bonuskoder 2026","description":"Find de bedste Megapari bonuskoder og f\u00e5 eksklusive bonusser uden indskud og gratis spins. Brug en kampagnekode, n\u00e5r du tilmelder dig. Bonuskoder kan give dig gratis spins p\u00e5 dine yndlingsslots og gratis v\u00e6ddem\u00e5l p\u00e5 popul\u00e6re sportsgrene hos Megapari.","robots":{"index":"index","follow":"follow","max-snippet":"max-snippet:-1","max-image-preview":"max-image-preview:large","max-video-preview":"max-video-preview:-1"},"og_locale":"da_DK","og_type":"article","og_title":"Megapari-kampagnekode \u25b6\ufe0fActual bonuskoder 2026","og_description":"Find de bedste Megapari bonuskoder og f\u00e5 eksklusive bonusser uden indskud og gratis spins. Brug en kampagnekode, n\u00e5r du tilmelder dig. Bonuskoder kan give dig gratis spins p\u00e5 dine yndlingsslots og gratis v\u00e6ddem\u00e5l p\u00e5 popul\u00e6re sportsgrene hos Megapari.","og_url":"https:\/\/megapari.promo\/da\/promo-code\/","og_site_name":"Megapari Win da","article_modified_time":"2025-09-04T10:06:30+00:00","twitter_card":"summary_large_image","schema":{"@context":"https:\/\/schema.org","@graph":[{"@type":"WebPage","@id":"https:\/\/megapari.promo\/da\/promo-code\/","url":"https:\/\/megapari.promo\/da\/promo-code\/","name":"Megapari-kampagnekode \u25b6\ufe0fActual bonuskoder 2026","isPartOf":{"@id":"https:\/\/megapari.promo\/da\/#website"},"datePublished":"2025-04-08T06:29:40+00:00","dateModified":"2025-09-04T10:06:30+00:00","description":"Find de bedste Megapari bonuskoder og f\u00e5 eksklusive bonusser uden indskud og gratis spins. Brug en kampagnekode, n\u00e5r du tilmelder dig. Bonuskoder kan give dig gratis spins p\u00e5 dine yndlingsslots og gratis v\u00e6ddem\u00e5l p\u00e5 popul\u00e6re sportsgrene hos Megapari.","breadcrumb":{"@id":"https:\/\/megapari.promo\/da\/promo-code\/#breadcrumb"},"inLanguage":"da-DK","potentialAction":[{"@type":"ReadAction","target":["https:\/\/megapari.promo\/da\/promo-code\/"]}]},{"@type":"BreadcrumbList","@id":"https:\/\/megapari.promo\/da\/promo-code\/#breadcrumb","itemListElement":[{"@type":"ListItem","position":1,"name":"\u0413\u043b\u0430\u0432\u043d\u0430\u044f \u0441\u0442\u0440\u0430\u043d\u0438\u0446\u0430","item":"https:\/\/megapari.promo\/da\/"},{"@type":"ListItem","position":2,"name":"Kampagnekode"}]},{"@type":"WebSite","@id":"https:\/\/megapari.promo\/da\/#website","url":"https:\/\/megapari.promo\/da\/","name":"Megapari Win da","description":"My WordPress Blog","potentialAction":[{"@type":"SearchAction","target":{"@type":"EntryPoint","urlTemplate":"https:\/\/megapari.promo\/da\/?s={search_term_string}"},"query-input":"required name=search_term_string"}],"inLanguage":"da-DK"}]}},"_links":{"self":[{"href":"https:\/\/megapari.promo\/da\/wp-json\/wp\/v2\/pages\/358"}],"collection":[{"href":"https:\/\/megapari.promo\/da\/wp-json\/wp\/v2\/pages"}],"about":[{"href":"https:\/\/megapari.promo\/da\/wp-json\/wp\/v2\/types\/page"}],"author":[{"embeddable":true,"href":"https:\/\/megapari.promo\/da\/wp-json\/wp\/v2\/users\/1"}],"replies":[{"embeddable":true,"href":"https:\/\/megapari.promo\/da\/wp-json\/wp\/v2\/comments?post=358"}],"version-history":[{"count":23,"href":"https:\/\/megapari.promo\/da\/wp-json\/wp\/v2\/pages\/358\/revisions"}],"predecessor-version":[{"id":617,"href":"https:\/\/megapari.promo\/da\/wp-json\/wp\/v2\/pages\/358\/revisions\/617"}],"wp:attachment":[{"href":"https:\/\/megapari.promo\/da\/wp-json\/wp\/v2\/media?parent=358"}],"curies":[{"name":"wp","href":"https:\/\/api.w.org\/{rel}","templated":true}]}}