{"id":462,"date":"2025-06-24T07:14:50","date_gmt":"2025-06-24T07:14:50","guid":{"rendered":"https:\/\/megapari.promo\/da\/?page_id=462"},"modified":"2025-09-04T04:56:02","modified_gmt":"2025-09-04T04:56:02","slug":"first-deposit-freebet","status":"publish","type":"page","link":"https:\/\/megapari.promo\/da\/bonus\/first-deposit-freebet\/","title":{"rendered":"Freebet ved f\u00f8rste indbetaling"},"content":{"rendered":"","protected":false},"excerpt":{"rendered":"","protected":false},"author":1,"featured_media":0,"parent":152,"menu_order":0,"comment_status":"closed","ping_status":"closed","template":"","meta":{"inline_featured_image":false,"footnotes":""},"yoast_head":"<!-- This site is optimized with the Yoast SEO plugin v20.13 - https:\/\/yoast.com\/wordpress\/plugins\/seo\/ -->\n<title>Megapari F\u00f8rste indbetaling Freebet \u1409 F\u00e5 op til 700 DKK<\/title>\n<meta name=\"description\" content=\"F\u00e5 en freebet p\u00e5 op til 700 DKK for din f\u00f8rste indbetaling hos Megapari! L\u00e6r, hvordan du v\u00e6lger din velkomstbonus, nemt oms\u00e6tter den og begynder at vinde. Enkelt og rentabelt!\" \/>\n<meta name=\"robots\" content=\"index, follow, max-snippet:-1, max-image-preview:large, max-video-preview:-1\" \/>\n<meta property=\"og:locale\" content=\"da_DK\" \/>\n<meta property=\"og:type\" content=\"article\" \/>\n<meta property=\"og:title\" content=\"Megapari F\u00f8rste indbetaling Freebet \u1409 F\u00e5 op til 700 DKK\" \/>\n<meta property=\"og:description\" content=\"F\u00e5 en freebet p\u00e5 op til 700 DKK for din f\u00f8rste indbetaling hos Megapari! L\u00e6r, hvordan du v\u00e6lger din velkomstbonus, nemt oms\u00e6tter den og begynder at vinde. Enkelt og rentabelt!\" \/>\n<meta property=\"og:url\" content=\"https:\/\/megapari.promo\/da\/bonus\/first-deposit-freebet\/\" \/>\n<meta property=\"og:site_name\" content=\"Megapari Win da\" \/>\n<meta property=\"article:modified_time\" content=\"2025-09-04T04:56:02+00:00\" \/>\n<meta name=\"twitter:card\" content=\"summary_large_image\" \/>\n<script type=\"application\/ld+json\" class=\"yoast-schema-graph\">{\"@context\":\"https:\/\/schema.org\",\"@graph\":[{\"@type\":\"WebPage\",\"@id\":\"https:\/\/megapari.promo\/da\/bonus\/first-deposit-freebet\/\",\"url\":\"https:\/\/megapari.promo\/da\/bonus\/first-deposit-freebet\/\",\"name\":\"Megapari F\u00f8rste indbetaling Freebet \u1409 F\u00e5 op til 700 DKK\",\"isPartOf\":{\"@id\":\"https:\/\/megapari.promo\/da\/#website\"},\"datePublished\":\"2025-06-24T07:14:50+00:00\",\"dateModified\":\"2025-09-04T04:56:02+00:00\",\"description\":\"F\u00e5 en freebet p\u00e5 op til 700 DKK for din f\u00f8rste indbetaling hos Megapari! L\u00e6r, hvordan du v\u00e6lger din velkomstbonus, nemt oms\u00e6tter den og begynder at vinde. Enkelt og rentabelt!\",\"breadcrumb\":{\"@id\":\"https:\/\/megapari.promo\/da\/bonus\/first-deposit-freebet\/#breadcrumb\"},\"inLanguage\":\"da-DK\",\"potentialAction\":[{\"@type\":\"ReadAction\",\"target\":[\"https:\/\/megapari.promo\/da\/bonus\/first-deposit-freebet\/\"]}]},{\"@type\":\"BreadcrumbList\",\"@id\":\"https:\/\/megapari.promo\/da\/bonus\/first-deposit-freebet\/#breadcrumb\",\"itemListElement\":[{\"@type\":\"ListItem\",\"position\":1,\"name\":\"\u0413\u043b\u0430\u0432\u043d\u0430\u044f \u0441\u0442\u0440\u0430\u043d\u0438\u0446\u0430\",\"item\":\"https:\/\/megapari.promo\/da\/\"},{\"@type\":\"ListItem\",\"position\":2,\"name\":\"Bonus\",\"item\":\"https:\/\/megapari.promo\/da\/bonus\/\"},{\"@type\":\"ListItem\",\"position\":3,\"name\":\"Freebet ved f\u00f8rste indbetaling\"}]},{\"@type\":\"WebSite\",\"@id\":\"https:\/\/megapari.promo\/da\/#website\",\"url\":\"https:\/\/megapari.promo\/da\/\",\"name\":\"Megapari Win da\",\"description\":\"My WordPress Blog\",\"potentialAction\":[{\"@type\":\"SearchAction\",\"target\":{\"@type\":\"EntryPoint\",\"urlTemplate\":\"https:\/\/megapari.promo\/da\/?s={search_term_string}\"},\"query-input\":\"required name=search_term_string\"}],\"inLanguage\":\"da-DK\"}]}<\/script>\n<!-- \/ Yoast SEO plugin. -->","yoast_head_json":{"title":"Megapari F\u00f8rste indbetaling Freebet \u1409 F\u00e5 op til 700 DKK","description":"F\u00e5 en freebet p\u00e5 op til 700 DKK for din f\u00f8rste indbetaling hos Megapari! L\u00e6r, hvordan du v\u00e6lger din velkomstbonus, nemt oms\u00e6tter den og begynder at vinde. Enkelt og rentabelt!","robots":{"index":"index","follow":"follow","max-snippet":"max-snippet:-1","max-image-preview":"max-image-preview:large","max-video-preview":"max-video-preview:-1"},"og_locale":"da_DK","og_type":"article","og_title":"Megapari F\u00f8rste indbetaling Freebet \u1409 F\u00e5 op til 700 DKK","og_description":"F\u00e5 en freebet p\u00e5 op til 700 DKK for din f\u00f8rste indbetaling hos Megapari! L\u00e6r, hvordan du v\u00e6lger din velkomstbonus, nemt oms\u00e6tter den og begynder at vinde. Enkelt og rentabelt!","og_url":"https:\/\/megapari.promo\/da\/bonus\/first-deposit-freebet\/","og_site_name":"Megapari Win da","article_modified_time":"2025-09-04T04:56:02+00:00","twitter_card":"summary_large_image","schema":{"@context":"https:\/\/schema.org","@graph":[{"@type":"WebPage","@id":"https:\/\/megapari.promo\/da\/bonus\/first-deposit-freebet\/","url":"https:\/\/megapari.promo\/da\/bonus\/first-deposit-freebet\/","name":"Megapari F\u00f8rste indbetaling Freebet \u1409 F\u00e5 op til 700 DKK","isPartOf":{"@id":"https:\/\/megapari.promo\/da\/#website"},"datePublished":"2025-06-24T07:14:50+00:00","dateModified":"2025-09-04T04:56:02+00:00","description":"F\u00e5 en freebet p\u00e5 op til 700 DKK for din f\u00f8rste indbetaling hos Megapari! L\u00e6r, hvordan du v\u00e6lger din velkomstbonus, nemt oms\u00e6tter den og begynder at vinde. Enkelt og rentabelt!","breadcrumb":{"@id":"https:\/\/megapari.promo\/da\/bonus\/first-deposit-freebet\/#breadcrumb"},"inLanguage":"da-DK","potentialAction":[{"@type":"ReadAction","target":["https:\/\/megapari.promo\/da\/bonus\/first-deposit-freebet\/"]}]},{"@type":"BreadcrumbList","@id":"https:\/\/megapari.promo\/da\/bonus\/first-deposit-freebet\/#breadcrumb","itemListElement":[{"@type":"ListItem","position":1,"name":"\u0413\u043b\u0430\u0432\u043d\u0430\u044f \u0441\u0442\u0440\u0430\u043d\u0438\u0446\u0430","item":"https:\/\/megapari.promo\/da\/"},{"@type":"ListItem","position":2,"name":"Bonus","item":"https:\/\/megapari.promo\/da\/bonus\/"},{"@type":"ListItem","position":3,"name":"Freebet ved f\u00f8rste indbetaling"}]},{"@type":"WebSite","@id":"https:\/\/megapari.promo\/da\/#website","url":"https:\/\/megapari.promo\/da\/","name":"Megapari Win da","description":"My WordPress Blog","potentialAction":[{"@type":"SearchAction","target":{"@type":"EntryPoint","urlTemplate":"https:\/\/megapari.promo\/da\/?s={search_term_string}"},"query-input":"required name=search_term_string"}],"inLanguage":"da-DK"}]}},"_links":{"self":[{"href":"https:\/\/megapari.promo\/da\/wp-json\/wp\/v2\/pages\/462"}],"collection":[{"href":"https:\/\/megapari.promo\/da\/wp-json\/wp\/v2\/pages"}],"about":[{"href":"https:\/\/megapari.promo\/da\/wp-json\/wp\/v2\/types\/page"}],"author":[{"embeddable":true,"href":"https:\/\/megapari.promo\/da\/wp-json\/wp\/v2\/users\/1"}],"replies":[{"embeddable":true,"href":"https:\/\/megapari.promo\/da\/wp-json\/wp\/v2\/comments?post=462"}],"version-history":[{"count":5,"href":"https:\/\/megapari.promo\/da\/wp-json\/wp\/v2\/pages\/462\/revisions"}],"predecessor-version":[{"id":607,"href":"https:\/\/megapari.promo\/da\/wp-json\/wp\/v2\/pages\/462\/revisions\/607"}],"up":[{"embeddable":true,"href":"https:\/\/megapari.promo\/da\/wp-json\/wp\/v2\/pages\/152"}],"wp:attachment":[{"href":"https:\/\/megapari.promo\/da\/wp-json\/wp\/v2\/media?parent=462"}],"curies":[{"name":"wp","href":"https:\/\/api.w.org\/{rel}","templated":true}]}}