{"id":330,"date":"2025-04-07T05:52:51","date_gmt":"2025-04-07T05:52:51","guid":{"rendered":"https:\/\/megapari.promo\/de\/?page_id=330"},"modified":"2025-08-19T14:31:28","modified_gmt":"2025-08-19T14:31:28","slug":"casino","status":"publish","type":"page","link":"https:\/\/megapari.promo\/de\/casino\/","title":{"rendered":"Casino"},"content":{"rendered":"","protected":false},"excerpt":{"rendered":"","protected":false},"author":1,"featured_media":0,"parent":0,"menu_order":0,"comment_status":"closed","ping_status":"closed","template":"","meta":{"inline_featured_image":false,"footnotes":""},"yoast_head":"<!-- This site is optimized with the Yoast SEO plugin v20.13 - https:\/\/yoast.com\/wordpress\/plugins\/seo\/ -->\n<title>Megapari Casino: \u2611\ufe0f\u00dcbersicht, Vorteile und beste Spiele<\/title>\n<meta name=\"description\" content=\"\u00d6ffnen Sie die T\u00fcren zur Welt des Gl\u00fccksspiels mit Megapari Casino! Verr\u00fcckte Boni, zuverl\u00e4ssige Auszahlungen und spannende Spiele warten auf Sie. Melden Sie sich an und beginnen Sie noch heute zu gewinnen!\" \/>\n<meta name=\"robots\" content=\"index, follow, max-snippet:-1, max-image-preview:large, max-video-preview:-1\" \/>\n<meta property=\"og:locale\" content=\"de_DE\" \/>\n<meta property=\"og:type\" content=\"article\" \/>\n<meta property=\"og:title\" content=\"Megapari Casino: \u2611\ufe0f\u00dcbersicht, Vorteile und beste Spiele\" \/>\n<meta property=\"og:description\" content=\"\u00d6ffnen Sie die T\u00fcren zur Welt des Gl\u00fccksspiels mit Megapari Casino! Verr\u00fcckte Boni, zuverl\u00e4ssige Auszahlungen und spannende Spiele warten auf Sie. Melden Sie sich an und beginnen Sie noch heute zu gewinnen!\" \/>\n<meta property=\"og:url\" content=\"https:\/\/megapari.promo\/de\/casino\/\" \/>\n<meta property=\"og:site_name\" content=\"Megapari Win de\" \/>\n<meta property=\"article:modified_time\" content=\"2025-08-19T14:31:28+00:00\" \/>\n<meta name=\"twitter:card\" content=\"summary_large_image\" \/>\n<script type=\"application\/ld+json\" class=\"yoast-schema-graph\">{\"@context\":\"https:\/\/schema.org\",\"@graph\":[{\"@type\":\"WebPage\",\"@id\":\"https:\/\/megapari.promo\/de\/casino\/\",\"url\":\"https:\/\/megapari.promo\/de\/casino\/\",\"name\":\"Megapari Casino: \u2611\ufe0f\u00dcbersicht, Vorteile und beste Spiele\",\"isPartOf\":{\"@id\":\"https:\/\/megapari.promo\/de\/#website\"},\"datePublished\":\"2025-04-07T05:52:51+00:00\",\"dateModified\":\"2025-08-19T14:31:28+00:00\",\"description\":\"\u00d6ffnen Sie die T\u00fcren zur Welt des Gl\u00fccksspiels mit Megapari Casino! Verr\u00fcckte Boni, zuverl\u00e4ssige Auszahlungen und spannende Spiele warten auf Sie. Melden Sie sich an und beginnen Sie noch heute zu gewinnen!\",\"breadcrumb\":{\"@id\":\"https:\/\/megapari.promo\/de\/casino\/#breadcrumb\"},\"inLanguage\":\"de\",\"potentialAction\":[{\"@type\":\"ReadAction\",\"target\":[\"https:\/\/megapari.promo\/de\/casino\/\"]}]},{\"@type\":\"BreadcrumbList\",\"@id\":\"https:\/\/megapari.promo\/de\/casino\/#breadcrumb\",\"itemListElement\":[{\"@type\":\"ListItem\",\"position\":1,\"name\":\"\u0413\u043b\u0430\u0432\u043d\u0430\u044f \u0441\u0442\u0440\u0430\u043d\u0438\u0446\u0430\",\"item\":\"https:\/\/megapari.promo\/de\/\"},{\"@type\":\"ListItem\",\"position\":2,\"name\":\"Casino\"}]},{\"@type\":\"WebSite\",\"@id\":\"https:\/\/megapari.promo\/de\/#website\",\"url\":\"https:\/\/megapari.promo\/de\/\",\"name\":\"Megapari Win de\",\"description\":\"My WordPress Blog\",\"potentialAction\":[{\"@type\":\"SearchAction\",\"target\":{\"@type\":\"EntryPoint\",\"urlTemplate\":\"https:\/\/megapari.promo\/de\/?s={search_term_string}\"},\"query-input\":\"required name=search_term_string\"}],\"inLanguage\":\"de\"}]}<\/script>\n<!-- \/ Yoast SEO plugin. -->","yoast_head_json":{"title":"Megapari Casino: \u2611\ufe0f\u00dcbersicht, Vorteile und beste Spiele","description":"\u00d6ffnen Sie die T\u00fcren zur Welt des Gl\u00fccksspiels mit Megapari Casino! Verr\u00fcckte Boni, zuverl\u00e4ssige Auszahlungen und spannende Spiele warten auf Sie. Melden Sie sich an und beginnen Sie noch heute zu gewinnen!","robots":{"index":"index","follow":"follow","max-snippet":"max-snippet:-1","max-image-preview":"max-image-preview:large","max-video-preview":"max-video-preview:-1"},"og_locale":"de_DE","og_type":"article","og_title":"Megapari Casino: \u2611\ufe0f\u00dcbersicht, Vorteile und beste Spiele","og_description":"\u00d6ffnen Sie die T\u00fcren zur Welt des Gl\u00fccksspiels mit Megapari Casino! Verr\u00fcckte Boni, zuverl\u00e4ssige Auszahlungen und spannende Spiele warten auf Sie. Melden Sie sich an und beginnen Sie noch heute zu gewinnen!","og_url":"https:\/\/megapari.promo\/de\/casino\/","og_site_name":"Megapari Win de","article_modified_time":"2025-08-19T14:31:28+00:00","twitter_card":"summary_large_image","schema":{"@context":"https:\/\/schema.org","@graph":[{"@type":"WebPage","@id":"https:\/\/megapari.promo\/de\/casino\/","url":"https:\/\/megapari.promo\/de\/casino\/","name":"Megapari Casino: \u2611\ufe0f\u00dcbersicht, Vorteile und beste Spiele","isPartOf":{"@id":"https:\/\/megapari.promo\/de\/#website"},"datePublished":"2025-04-07T05:52:51+00:00","dateModified":"2025-08-19T14:31:28+00:00","description":"\u00d6ffnen Sie die T\u00fcren zur Welt des Gl\u00fccksspiels mit Megapari Casino! Verr\u00fcckte Boni, zuverl\u00e4ssige Auszahlungen und spannende Spiele warten auf Sie. Melden Sie sich an und beginnen Sie noch heute zu gewinnen!","breadcrumb":{"@id":"https:\/\/megapari.promo\/de\/casino\/#breadcrumb"},"inLanguage":"de","potentialAction":[{"@type":"ReadAction","target":["https:\/\/megapari.promo\/de\/casino\/"]}]},{"@type":"BreadcrumbList","@id":"https:\/\/megapari.promo\/de\/casino\/#breadcrumb","itemListElement":[{"@type":"ListItem","position":1,"name":"\u0413\u043b\u0430\u0432\u043d\u0430\u044f \u0441\u0442\u0440\u0430\u043d\u0438\u0446\u0430","item":"https:\/\/megapari.promo\/de\/"},{"@type":"ListItem","position":2,"name":"Casino"}]},{"@type":"WebSite","@id":"https:\/\/megapari.promo\/de\/#website","url":"https:\/\/megapari.promo\/de\/","name":"Megapari Win de","description":"My WordPress Blog","potentialAction":[{"@type":"SearchAction","target":{"@type":"EntryPoint","urlTemplate":"https:\/\/megapari.promo\/de\/?s={search_term_string}"},"query-input":"required name=search_term_string"}],"inLanguage":"de"}]}},"_links":{"self":[{"href":"https:\/\/megapari.promo\/de\/wp-json\/wp\/v2\/pages\/330"}],"collection":[{"href":"https:\/\/megapari.promo\/de\/wp-json\/wp\/v2\/pages"}],"about":[{"href":"https:\/\/megapari.promo\/de\/wp-json\/wp\/v2\/types\/page"}],"author":[{"embeddable":true,"href":"https:\/\/megapari.promo\/de\/wp-json\/wp\/v2\/users\/1"}],"replies":[{"embeddable":true,"href":"https:\/\/megapari.promo\/de\/wp-json\/wp\/v2\/comments?post=330"}],"version-history":[{"count":15,"href":"https:\/\/megapari.promo\/de\/wp-json\/wp\/v2\/pages\/330\/revisions"}],"predecessor-version":[{"id":606,"href":"https:\/\/megapari.promo\/de\/wp-json\/wp\/v2\/pages\/330\/revisions\/606"}],"wp:attachment":[{"href":"https:\/\/megapari.promo\/de\/wp-json\/wp\/v2\/media?parent=330"}],"curies":[{"name":"wp","href":"https:\/\/api.w.org\/{rel}","templated":true}]}}