{"id":452,"date":"2025-06-24T06:29:33","date_gmt":"2025-06-24T06:29:33","guid":{"rendered":"https:\/\/megapari.promo\/de\/?page_id=452"},"modified":"2025-08-19T14:21:01","modified_gmt":"2025-08-19T14:21:01","slug":"world-cup-freebet","status":"publish","type":"page","link":"https:\/\/megapari.promo\/de\/bonus\/world-cup-freebet\/","title":{"rendered":"Weltmeisterschaft-Gratiswette"},"content":{"rendered":"","protected":false},"excerpt":{"rendered":"","protected":false},"author":1,"featured_media":0,"parent":152,"menu_order":0,"comment_status":"closed","ping_status":"closed","template":"","meta":{"inline_featured_image":false,"footnotes":""},"yoast_head":"<!-- This site is optimized with the Yoast SEO plugin v20.13 - https:\/\/yoast.com\/wordpress\/plugins\/seo\/ -->\n<title>Megapari FIFA Weltmeisterschaft \u1409 Gratiswetten + 100.000 EUR Lotterie!<\/title>\n<meta name=\"description\" content=\"Machen Sie sich bereit f\u00fcr die Klub-Weltmeisterschaft mit Megapari! Nehmen Sie an der 100.000-Euro-Lotterie teil und erhalten Sie 10 Euro Gratiswetten. Erfahren Sie, wie Sie Teil des Fu\u00dfballfestes werden und gro\u00df gewinnen k\u00f6nnen!\" \/>\n<meta name=\"robots\" content=\"index, follow, max-snippet:-1, max-image-preview:large, max-video-preview:-1\" \/>\n<meta property=\"og:locale\" content=\"de_DE\" \/>\n<meta property=\"og:type\" content=\"article\" \/>\n<meta property=\"og:title\" content=\"Megapari FIFA Weltmeisterschaft \u1409 Gratiswetten + 100.000 EUR Lotterie!\" \/>\n<meta property=\"og:description\" content=\"Machen Sie sich bereit f\u00fcr die Klub-Weltmeisterschaft mit Megapari! Nehmen Sie an der 100.000-Euro-Lotterie teil und erhalten Sie 10 Euro Gratiswetten. Erfahren Sie, wie Sie Teil des Fu\u00dfballfestes werden und gro\u00df gewinnen k\u00f6nnen!\" \/>\n<meta property=\"og:url\" content=\"https:\/\/megapari.promo\/de\/bonus\/world-cup-freebet\/\" \/>\n<meta property=\"og:site_name\" content=\"Megapari Win de\" \/>\n<meta property=\"article:modified_time\" content=\"2025-08-19T14:21:01+00:00\" \/>\n<meta name=\"twitter:card\" content=\"summary_large_image\" \/>\n<script type=\"application\/ld+json\" class=\"yoast-schema-graph\">{\"@context\":\"https:\/\/schema.org\",\"@graph\":[{\"@type\":\"WebPage\",\"@id\":\"https:\/\/megapari.promo\/de\/bonus\/world-cup-freebet\/\",\"url\":\"https:\/\/megapari.promo\/de\/bonus\/world-cup-freebet\/\",\"name\":\"Megapari FIFA Weltmeisterschaft \u1409 Gratiswetten + 100.000 EUR Lotterie!\",\"isPartOf\":{\"@id\":\"https:\/\/megapari.promo\/de\/#website\"},\"datePublished\":\"2025-06-24T06:29:33+00:00\",\"dateModified\":\"2025-08-19T14:21:01+00:00\",\"description\":\"Machen Sie sich bereit f\u00fcr die Klub-Weltmeisterschaft mit Megapari! Nehmen Sie an der 100.000-Euro-Lotterie teil und erhalten Sie 10 Euro Gratiswetten. Erfahren Sie, wie Sie Teil des Fu\u00dfballfestes werden und gro\u00df gewinnen k\u00f6nnen!\",\"breadcrumb\":{\"@id\":\"https:\/\/megapari.promo\/de\/bonus\/world-cup-freebet\/#breadcrumb\"},\"inLanguage\":\"de\",\"potentialAction\":[{\"@type\":\"ReadAction\",\"target\":[\"https:\/\/megapari.promo\/de\/bonus\/world-cup-freebet\/\"]}]},{\"@type\":\"BreadcrumbList\",\"@id\":\"https:\/\/megapari.promo\/de\/bonus\/world-cup-freebet\/#breadcrumb\",\"itemListElement\":[{\"@type\":\"ListItem\",\"position\":1,\"name\":\"\u0413\u043b\u0430\u0432\u043d\u0430\u044f \u0441\u0442\u0440\u0430\u043d\u0438\u0446\u0430\",\"item\":\"https:\/\/megapari.promo\/de\/\"},{\"@type\":\"ListItem\",\"position\":2,\"name\":\"Bonus\",\"item\":\"https:\/\/megapari.promo\/de\/bonus\/\"},{\"@type\":\"ListItem\",\"position\":3,\"name\":\"Weltmeisterschaft-Gratiswette\"}]},{\"@type\":\"WebSite\",\"@id\":\"https:\/\/megapari.promo\/de\/#website\",\"url\":\"https:\/\/megapari.promo\/de\/\",\"name\":\"Megapari Win de\",\"description\":\"My WordPress Blog\",\"potentialAction\":[{\"@type\":\"SearchAction\",\"target\":{\"@type\":\"EntryPoint\",\"urlTemplate\":\"https:\/\/megapari.promo\/de\/?s={search_term_string}\"},\"query-input\":\"required name=search_term_string\"}],\"inLanguage\":\"de\"}]}<\/script>\n<!-- \/ Yoast SEO plugin. -->","yoast_head_json":{"title":"Megapari FIFA Weltmeisterschaft \u1409 Gratiswetten + 100.000 EUR Lotterie!","description":"Machen Sie sich bereit f\u00fcr die Klub-Weltmeisterschaft mit Megapari! Nehmen Sie an der 100.000-Euro-Lotterie teil und erhalten Sie 10 Euro Gratiswetten. Erfahren Sie, wie Sie Teil des Fu\u00dfballfestes werden und gro\u00df gewinnen k\u00f6nnen!","robots":{"index":"index","follow":"follow","max-snippet":"max-snippet:-1","max-image-preview":"max-image-preview:large","max-video-preview":"max-video-preview:-1"},"og_locale":"de_DE","og_type":"article","og_title":"Megapari FIFA Weltmeisterschaft \u1409 Gratiswetten + 100.000 EUR Lotterie!","og_description":"Machen Sie sich bereit f\u00fcr die Klub-Weltmeisterschaft mit Megapari! Nehmen Sie an der 100.000-Euro-Lotterie teil und erhalten Sie 10 Euro Gratiswetten. Erfahren Sie, wie Sie Teil des Fu\u00dfballfestes werden und gro\u00df gewinnen k\u00f6nnen!","og_url":"https:\/\/megapari.promo\/de\/bonus\/world-cup-freebet\/","og_site_name":"Megapari Win de","article_modified_time":"2025-08-19T14:21:01+00:00","twitter_card":"summary_large_image","schema":{"@context":"https:\/\/schema.org","@graph":[{"@type":"WebPage","@id":"https:\/\/megapari.promo\/de\/bonus\/world-cup-freebet\/","url":"https:\/\/megapari.promo\/de\/bonus\/world-cup-freebet\/","name":"Megapari FIFA Weltmeisterschaft \u1409 Gratiswetten + 100.000 EUR Lotterie!","isPartOf":{"@id":"https:\/\/megapari.promo\/de\/#website"},"datePublished":"2025-06-24T06:29:33+00:00","dateModified":"2025-08-19T14:21:01+00:00","description":"Machen Sie sich bereit f\u00fcr die Klub-Weltmeisterschaft mit Megapari! Nehmen Sie an der 100.000-Euro-Lotterie teil und erhalten Sie 10 Euro Gratiswetten. Erfahren Sie, wie Sie Teil des Fu\u00dfballfestes werden und gro\u00df gewinnen k\u00f6nnen!","breadcrumb":{"@id":"https:\/\/megapari.promo\/de\/bonus\/world-cup-freebet\/#breadcrumb"},"inLanguage":"de","potentialAction":[{"@type":"ReadAction","target":["https:\/\/megapari.promo\/de\/bonus\/world-cup-freebet\/"]}]},{"@type":"BreadcrumbList","@id":"https:\/\/megapari.promo\/de\/bonus\/world-cup-freebet\/#breadcrumb","itemListElement":[{"@type":"ListItem","position":1,"name":"\u0413\u043b\u0430\u0432\u043d\u0430\u044f \u0441\u0442\u0440\u0430\u043d\u0438\u0446\u0430","item":"https:\/\/megapari.promo\/de\/"},{"@type":"ListItem","position":2,"name":"Bonus","item":"https:\/\/megapari.promo\/de\/bonus\/"},{"@type":"ListItem","position":3,"name":"Weltmeisterschaft-Gratiswette"}]},{"@type":"WebSite","@id":"https:\/\/megapari.promo\/de\/#website","url":"https:\/\/megapari.promo\/de\/","name":"Megapari Win de","description":"My WordPress Blog","potentialAction":[{"@type":"SearchAction","target":{"@type":"EntryPoint","urlTemplate":"https:\/\/megapari.promo\/de\/?s={search_term_string}"},"query-input":"required name=search_term_string"}],"inLanguage":"de"}]}},"_links":{"self":[{"href":"https:\/\/megapari.promo\/de\/wp-json\/wp\/v2\/pages\/452"}],"collection":[{"href":"https:\/\/megapari.promo\/de\/wp-json\/wp\/v2\/pages"}],"about":[{"href":"https:\/\/megapari.promo\/de\/wp-json\/wp\/v2\/types\/page"}],"author":[{"embeddable":true,"href":"https:\/\/megapari.promo\/de\/wp-json\/wp\/v2\/users\/1"}],"replies":[{"embeddable":true,"href":"https:\/\/megapari.promo\/de\/wp-json\/wp\/v2\/comments?post=452"}],"version-history":[{"count":6,"href":"https:\/\/megapari.promo\/de\/wp-json\/wp\/v2\/pages\/452\/revisions"}],"predecessor-version":[{"id":605,"href":"https:\/\/megapari.promo\/de\/wp-json\/wp\/v2\/pages\/452\/revisions\/605"}],"up":[{"embeddable":true,"href":"https:\/\/megapari.promo\/de\/wp-json\/wp\/v2\/pages\/152"}],"wp:attachment":[{"href":"https:\/\/megapari.promo\/de\/wp-json\/wp\/v2\/media?parent=452"}],"curies":[{"name":"wp","href":"https:\/\/api.w.org\/{rel}","templated":true}]}}