{"id":462,"date":"2025-06-24T07:14:50","date_gmt":"2025-06-24T07:14:50","guid":{"rendered":"https:\/\/megapari.promo\/de\/?page_id=462"},"modified":"2025-08-19T13:40:44","modified_gmt":"2025-08-19T13:40:44","slug":"first-deposit-freebet","status":"publish","type":"page","link":"https:\/\/megapari.promo\/de\/bonus\/first-deposit-freebet\/","title":{"rendered":"Erste Einzahlung Gratiswette"},"content":{"rendered":"","protected":false},"excerpt":{"rendered":"","protected":false},"author":1,"featured_media":0,"parent":152,"menu_order":0,"comment_status":"closed","ping_status":"closed","template":"","meta":{"inline_featured_image":false,"footnotes":""},"yoast_head":"<!-- This site is optimized with the Yoast SEO plugin v20.13 - https:\/\/yoast.com\/wordpress\/plugins\/seo\/ -->\n<title>Megapari Erste Einzahlung Gratiswette \u1409 Erhalten Sie bis zu 100 EUR<\/title>\n<meta name=\"description\" content=\"Erhalten Sie eine Gratiswette von bis zu 100 EUR f\u00fcr Ihre erste Einzahlung bei Megapari! Erfahren Sie, wie Sie Ihren Willkommensbonus ausw\u00e4hlen, ihn ganz einfach einsetzen und mit dem Gewinnen beginnen k\u00f6nnen. Einfach und profitabel!\" \/>\n<meta name=\"robots\" content=\"index, follow, max-snippet:-1, max-image-preview:large, max-video-preview:-1\" \/>\n<meta property=\"og:locale\" content=\"de_DE\" \/>\n<meta property=\"og:type\" content=\"article\" \/>\n<meta property=\"og:title\" content=\"Megapari Erste Einzahlung Gratiswette \u1409 Erhalten Sie bis zu 100 EUR\" \/>\n<meta property=\"og:description\" content=\"Erhalten Sie eine Gratiswette von bis zu 100 EUR f\u00fcr Ihre erste Einzahlung bei Megapari! Erfahren Sie, wie Sie Ihren Willkommensbonus ausw\u00e4hlen, ihn ganz einfach einsetzen und mit dem Gewinnen beginnen k\u00f6nnen. Einfach und profitabel!\" \/>\n<meta property=\"og:url\" content=\"https:\/\/megapari.promo\/de\/bonus\/first-deposit-freebet\/\" \/>\n<meta property=\"og:site_name\" content=\"Megapari Win de\" \/>\n<meta property=\"article:modified_time\" content=\"2025-08-19T13:40:44+00:00\" \/>\n<meta name=\"twitter:card\" content=\"summary_large_image\" \/>\n<script type=\"application\/ld+json\" class=\"yoast-schema-graph\">{\"@context\":\"https:\/\/schema.org\",\"@graph\":[{\"@type\":\"WebPage\",\"@id\":\"https:\/\/megapari.promo\/de\/bonus\/first-deposit-freebet\/\",\"url\":\"https:\/\/megapari.promo\/de\/bonus\/first-deposit-freebet\/\",\"name\":\"Megapari Erste Einzahlung Gratiswette \u1409 Erhalten Sie bis zu 100 EUR\",\"isPartOf\":{\"@id\":\"https:\/\/megapari.promo\/de\/#website\"},\"datePublished\":\"2025-06-24T07:14:50+00:00\",\"dateModified\":\"2025-08-19T13:40:44+00:00\",\"description\":\"Erhalten Sie eine Gratiswette von bis zu 100 EUR f\u00fcr Ihre erste Einzahlung bei Megapari! Erfahren Sie, wie Sie Ihren Willkommensbonus ausw\u00e4hlen, ihn ganz einfach einsetzen und mit dem Gewinnen beginnen k\u00f6nnen. Einfach und profitabel!\",\"breadcrumb\":{\"@id\":\"https:\/\/megapari.promo\/de\/bonus\/first-deposit-freebet\/#breadcrumb\"},\"inLanguage\":\"de\",\"potentialAction\":[{\"@type\":\"ReadAction\",\"target\":[\"https:\/\/megapari.promo\/de\/bonus\/first-deposit-freebet\/\"]}]},{\"@type\":\"BreadcrumbList\",\"@id\":\"https:\/\/megapari.promo\/de\/bonus\/first-deposit-freebet\/#breadcrumb\",\"itemListElement\":[{\"@type\":\"ListItem\",\"position\":1,\"name\":\"\u0413\u043b\u0430\u0432\u043d\u0430\u044f \u0441\u0442\u0440\u0430\u043d\u0438\u0446\u0430\",\"item\":\"https:\/\/megapari.promo\/de\/\"},{\"@type\":\"ListItem\",\"position\":2,\"name\":\"Bonus\",\"item\":\"https:\/\/megapari.promo\/de\/bonus\/\"},{\"@type\":\"ListItem\",\"position\":3,\"name\":\"Erste Einzahlung Gratiswette\"}]},{\"@type\":\"WebSite\",\"@id\":\"https:\/\/megapari.promo\/de\/#website\",\"url\":\"https:\/\/megapari.promo\/de\/\",\"name\":\"Megapari Win de\",\"description\":\"My WordPress Blog\",\"potentialAction\":[{\"@type\":\"SearchAction\",\"target\":{\"@type\":\"EntryPoint\",\"urlTemplate\":\"https:\/\/megapari.promo\/de\/?s={search_term_string}\"},\"query-input\":\"required name=search_term_string\"}],\"inLanguage\":\"de\"}]}<\/script>\n<!-- \/ Yoast SEO plugin. -->","yoast_head_json":{"title":"Megapari Erste Einzahlung Gratiswette \u1409 Erhalten Sie bis zu 100 EUR","description":"Erhalten Sie eine Gratiswette von bis zu 100 EUR f\u00fcr Ihre erste Einzahlung bei Megapari! Erfahren Sie, wie Sie Ihren Willkommensbonus ausw\u00e4hlen, ihn ganz einfach einsetzen und mit dem Gewinnen beginnen k\u00f6nnen. Einfach und profitabel!","robots":{"index":"index","follow":"follow","max-snippet":"max-snippet:-1","max-image-preview":"max-image-preview:large","max-video-preview":"max-video-preview:-1"},"og_locale":"de_DE","og_type":"article","og_title":"Megapari Erste Einzahlung Gratiswette \u1409 Erhalten Sie bis zu 100 EUR","og_description":"Erhalten Sie eine Gratiswette von bis zu 100 EUR f\u00fcr Ihre erste Einzahlung bei Megapari! Erfahren Sie, wie Sie Ihren Willkommensbonus ausw\u00e4hlen, ihn ganz einfach einsetzen und mit dem Gewinnen beginnen k\u00f6nnen. Einfach und profitabel!","og_url":"https:\/\/megapari.promo\/de\/bonus\/first-deposit-freebet\/","og_site_name":"Megapari Win de","article_modified_time":"2025-08-19T13:40:44+00:00","twitter_card":"summary_large_image","schema":{"@context":"https:\/\/schema.org","@graph":[{"@type":"WebPage","@id":"https:\/\/megapari.promo\/de\/bonus\/first-deposit-freebet\/","url":"https:\/\/megapari.promo\/de\/bonus\/first-deposit-freebet\/","name":"Megapari Erste Einzahlung Gratiswette \u1409 Erhalten Sie bis zu 100 EUR","isPartOf":{"@id":"https:\/\/megapari.promo\/de\/#website"},"datePublished":"2025-06-24T07:14:50+00:00","dateModified":"2025-08-19T13:40:44+00:00","description":"Erhalten Sie eine Gratiswette von bis zu 100 EUR f\u00fcr Ihre erste Einzahlung bei Megapari! Erfahren Sie, wie Sie Ihren Willkommensbonus ausw\u00e4hlen, ihn ganz einfach einsetzen und mit dem Gewinnen beginnen k\u00f6nnen. Einfach und profitabel!","breadcrumb":{"@id":"https:\/\/megapari.promo\/de\/bonus\/first-deposit-freebet\/#breadcrumb"},"inLanguage":"de","potentialAction":[{"@type":"ReadAction","target":["https:\/\/megapari.promo\/de\/bonus\/first-deposit-freebet\/"]}]},{"@type":"BreadcrumbList","@id":"https:\/\/megapari.promo\/de\/bonus\/first-deposit-freebet\/#breadcrumb","itemListElement":[{"@type":"ListItem","position":1,"name":"\u0413\u043b\u0430\u0432\u043d\u0430\u044f \u0441\u0442\u0440\u0430\u043d\u0438\u0446\u0430","item":"https:\/\/megapari.promo\/de\/"},{"@type":"ListItem","position":2,"name":"Bonus","item":"https:\/\/megapari.promo\/de\/bonus\/"},{"@type":"ListItem","position":3,"name":"Erste Einzahlung Gratiswette"}]},{"@type":"WebSite","@id":"https:\/\/megapari.promo\/de\/#website","url":"https:\/\/megapari.promo\/de\/","name":"Megapari Win de","description":"My WordPress Blog","potentialAction":[{"@type":"SearchAction","target":{"@type":"EntryPoint","urlTemplate":"https:\/\/megapari.promo\/de\/?s={search_term_string}"},"query-input":"required name=search_term_string"}],"inLanguage":"de"}]}},"_links":{"self":[{"href":"https:\/\/megapari.promo\/de\/wp-json\/wp\/v2\/pages\/462"}],"collection":[{"href":"https:\/\/megapari.promo\/de\/wp-json\/wp\/v2\/pages"}],"about":[{"href":"https:\/\/megapari.promo\/de\/wp-json\/wp\/v2\/types\/page"}],"author":[{"embeddable":true,"href":"https:\/\/megapari.promo\/de\/wp-json\/wp\/v2\/users\/1"}],"replies":[{"embeddable":true,"href":"https:\/\/megapari.promo\/de\/wp-json\/wp\/v2\/comments?post=462"}],"version-history":[{"count":5,"href":"https:\/\/megapari.promo\/de\/wp-json\/wp\/v2\/pages\/462\/revisions"}],"predecessor-version":[{"id":602,"href":"https:\/\/megapari.promo\/de\/wp-json\/wp\/v2\/pages\/462\/revisions\/602"}],"up":[{"embeddable":true,"href":"https:\/\/megapari.promo\/de\/wp-json\/wp\/v2\/pages\/152"}],"wp:attachment":[{"href":"https:\/\/megapari.promo\/de\/wp-json\/wp\/v2\/media?parent=462"}],"curies":[{"name":"wp","href":"https:\/\/api.w.org\/{rel}","templated":true}]}}