{"id":389,"date":"2025-04-10T05:04:24","date_gmt":"2025-04-10T05:04:24","guid":{"rendered":"https:\/\/megapari.promo\/es\/?page_id=389"},"modified":"2025-08-07T18:36:13","modified_gmt":"2025-08-07T18:36:13","slug":"login","status":"publish","type":"page","link":"https:\/\/megapari.promo\/es\/login\/","title":{"rendered":"Inicio de sesi\u00f3n"},"content":{"rendered":"","protected":false},"excerpt":{"rendered":"","protected":false},"author":1,"featured_media":0,"parent":0,"menu_order":0,"comment_status":"closed","ping_status":"closed","template":"","meta":{"inline_featured_image":false,"footnotes":""},"yoast_head":"<!-- This site is optimized with the Yoast SEO plugin v20.13 - https:\/\/yoast.com\/wordpress\/plugins\/seo\/ -->\n<title>Inicio de sesi\u00f3n en Megapari: Acceso a apuestas y casino<\/title>\n<meta name=\"description\" content=\"Proceso de inicio de sesi\u00f3n paso a paso en Megapari: c\u00f3mo acceder a tu cuenta. Inicia sesi\u00f3n en Megapari y recibe un paquete de bienvenida de hasta 1500 EUR y 150 tiradas gratis.\" \/>\n<meta name=\"robots\" content=\"index, follow, max-snippet:-1, max-image-preview:large, max-video-preview:-1\" \/>\n<meta property=\"og:locale\" content=\"es_ES\" \/>\n<meta property=\"og:type\" content=\"article\" \/>\n<meta property=\"og:title\" content=\"Inicio de sesi\u00f3n en Megapari: Acceso a apuestas y casino\" \/>\n<meta property=\"og:description\" content=\"Proceso de inicio de sesi\u00f3n paso a paso en Megapari: c\u00f3mo acceder a tu cuenta. Inicia sesi\u00f3n en Megapari y recibe un paquete de bienvenida de hasta 1500 EUR y 150 tiradas gratis.\" \/>\n<meta property=\"og:url\" content=\"https:\/\/megapari.promo\/es\/login\/\" \/>\n<meta property=\"og:site_name\" content=\"Megapari Win es\" \/>\n<meta property=\"article:modified_time\" content=\"2025-08-07T18:36:13+00:00\" \/>\n<meta name=\"twitter:card\" content=\"summary_large_image\" \/>\n<script type=\"application\/ld+json\" class=\"yoast-schema-graph\">{\"@context\":\"https:\/\/schema.org\",\"@graph\":[{\"@type\":\"WebPage\",\"@id\":\"https:\/\/megapari.promo\/es\/login\/\",\"url\":\"https:\/\/megapari.promo\/es\/login\/\",\"name\":\"Inicio de sesi\u00f3n en Megapari: Acceso a apuestas y casino\",\"isPartOf\":{\"@id\":\"https:\/\/megapari.promo\/es\/#website\"},\"datePublished\":\"2025-04-10T05:04:24+00:00\",\"dateModified\":\"2025-08-07T18:36:13+00:00\",\"description\":\"Proceso de inicio de sesi\u00f3n paso a paso en Megapari: c\u00f3mo acceder a tu cuenta. Inicia sesi\u00f3n en Megapari y recibe un paquete de bienvenida de hasta 1500 EUR y 150 tiradas gratis.\",\"breadcrumb\":{\"@id\":\"https:\/\/megapari.promo\/es\/login\/#breadcrumb\"},\"inLanguage\":\"es\",\"potentialAction\":[{\"@type\":\"ReadAction\",\"target\":[\"https:\/\/megapari.promo\/es\/login\/\"]}]},{\"@type\":\"BreadcrumbList\",\"@id\":\"https:\/\/megapari.promo\/es\/login\/#breadcrumb\",\"itemListElement\":[{\"@type\":\"ListItem\",\"position\":1,\"name\":\"\u0413\u043b\u0430\u0432\u043d\u0430\u044f \u0441\u0442\u0440\u0430\u043d\u0438\u0446\u0430\",\"item\":\"https:\/\/megapari.promo\/es\/\"},{\"@type\":\"ListItem\",\"position\":2,\"name\":\"Inicio de sesi\u00f3n\"}]},{\"@type\":\"WebSite\",\"@id\":\"https:\/\/megapari.promo\/es\/#website\",\"url\":\"https:\/\/megapari.promo\/es\/\",\"name\":\"Megapari Win es\",\"description\":\"My WordPress Blog\",\"potentialAction\":[{\"@type\":\"SearchAction\",\"target\":{\"@type\":\"EntryPoint\",\"urlTemplate\":\"https:\/\/megapari.promo\/es\/?s={search_term_string}\"},\"query-input\":\"required name=search_term_string\"}],\"inLanguage\":\"es\"}]}<\/script>\n<!-- \/ Yoast SEO plugin. -->","yoast_head_json":{"title":"Inicio de sesi\u00f3n en Megapari: Acceso a apuestas y casino","description":"Proceso de inicio de sesi\u00f3n paso a paso en Megapari: c\u00f3mo acceder a tu cuenta. Inicia sesi\u00f3n en Megapari y recibe un paquete de bienvenida de hasta 1500 EUR y 150 tiradas gratis.","robots":{"index":"index","follow":"follow","max-snippet":"max-snippet:-1","max-image-preview":"max-image-preview:large","max-video-preview":"max-video-preview:-1"},"og_locale":"es_ES","og_type":"article","og_title":"Inicio de sesi\u00f3n en Megapari: Acceso a apuestas y casino","og_description":"Proceso de inicio de sesi\u00f3n paso a paso en Megapari: c\u00f3mo acceder a tu cuenta. Inicia sesi\u00f3n en Megapari y recibe un paquete de bienvenida de hasta 1500 EUR y 150 tiradas gratis.","og_url":"https:\/\/megapari.promo\/es\/login\/","og_site_name":"Megapari Win es","article_modified_time":"2025-08-07T18:36:13+00:00","twitter_card":"summary_large_image","schema":{"@context":"https:\/\/schema.org","@graph":[{"@type":"WebPage","@id":"https:\/\/megapari.promo\/es\/login\/","url":"https:\/\/megapari.promo\/es\/login\/","name":"Inicio de sesi\u00f3n en Megapari: Acceso a apuestas y casino","isPartOf":{"@id":"https:\/\/megapari.promo\/es\/#website"},"datePublished":"2025-04-10T05:04:24+00:00","dateModified":"2025-08-07T18:36:13+00:00","description":"Proceso de inicio de sesi\u00f3n paso a paso en Megapari: c\u00f3mo acceder a tu cuenta. Inicia sesi\u00f3n en Megapari y recibe un paquete de bienvenida de hasta 1500 EUR y 150 tiradas gratis.","breadcrumb":{"@id":"https:\/\/megapari.promo\/es\/login\/#breadcrumb"},"inLanguage":"es","potentialAction":[{"@type":"ReadAction","target":["https:\/\/megapari.promo\/es\/login\/"]}]},{"@type":"BreadcrumbList","@id":"https:\/\/megapari.promo\/es\/login\/#breadcrumb","itemListElement":[{"@type":"ListItem","position":1,"name":"\u0413\u043b\u0430\u0432\u043d\u0430\u044f \u0441\u0442\u0440\u0430\u043d\u0438\u0446\u0430","item":"https:\/\/megapari.promo\/es\/"},{"@type":"ListItem","position":2,"name":"Inicio de sesi\u00f3n"}]},{"@type":"WebSite","@id":"https:\/\/megapari.promo\/es\/#website","url":"https:\/\/megapari.promo\/es\/","name":"Megapari Win es","description":"My WordPress Blog","potentialAction":[{"@type":"SearchAction","target":{"@type":"EntryPoint","urlTemplate":"https:\/\/megapari.promo\/es\/?s={search_term_string}"},"query-input":"required name=search_term_string"}],"inLanguage":"es"}]}},"_links":{"self":[{"href":"https:\/\/megapari.promo\/es\/wp-json\/wp\/v2\/pages\/389"}],"collection":[{"href":"https:\/\/megapari.promo\/es\/wp-json\/wp\/v2\/pages"}],"about":[{"href":"https:\/\/megapari.promo\/es\/wp-json\/wp\/v2\/types\/page"}],"author":[{"embeddable":true,"href":"https:\/\/megapari.promo\/es\/wp-json\/wp\/v2\/users\/1"}],"replies":[{"embeddable":true,"href":"https:\/\/megapari.promo\/es\/wp-json\/wp\/v2\/comments?post=389"}],"version-history":[{"count":8,"href":"https:\/\/megapari.promo\/es\/wp-json\/wp\/v2\/pages\/389\/revisions"}],"predecessor-version":[{"id":532,"href":"https:\/\/megapari.promo\/es\/wp-json\/wp\/v2\/pages\/389\/revisions\/532"}],"wp:attachment":[{"href":"https:\/\/megapari.promo\/es\/wp-json\/wp\/v2\/media?parent=389"}],"curies":[{"name":"wp","href":"https:\/\/api.w.org\/{rel}","templated":true}]}}