{"id":443,"date":"2025-06-24T05:55:39","date_gmt":"2025-06-24T05:55:39","guid":{"rendered":"https:\/\/megapari.promo\/es\/?page_id=443"},"modified":"2025-08-07T18:22:42","modified_gmt":"2025-08-07T18:22:42","slug":"10th-deposit-bonus","status":"publish","type":"page","link":"https:\/\/megapari.promo\/es\/bonus\/10th-deposit-bonus\/","title":{"rendered":"Bono 10\u00ba dep\u00f3sito"},"content":{"rendered":"","protected":false},"excerpt":{"rendered":"","protected":false},"author":1,"featured_media":0,"parent":152,"menu_order":0,"comment_status":"closed","ping_status":"closed","template":"","meta":{"inline_featured_image":false,"footnotes":""},"yoast_head":"<!-- This site is optimized with the Yoast SEO plugin v20.13 - https:\/\/yoast.com\/wordpress\/plugins\/seo\/ -->\n<title>Bono por el d\u00e9cimo dep\u00f3sito en Megapari \u1409 \u00a1Hasta 300 EUR!<\/title>\n<meta name=\"description\" content=\"\u00a1No pierdas esta oportunidad! \u00a1Consigue hasta 300 EUR de bonificaci\u00f3n en tu d\u00e9cimo dep\u00f3sito en Megapari! Descubre c\u00f3mo activar la bonificaci\u00f3n del 50 % y maximizar tus ganancias hoy mismo.\" \/>\n<meta name=\"robots\" content=\"index, follow, max-snippet:-1, max-image-preview:large, max-video-preview:-1\" \/>\n<meta property=\"og:locale\" content=\"es_ES\" \/>\n<meta property=\"og:type\" content=\"article\" \/>\n<meta property=\"og:title\" content=\"Bono por el d\u00e9cimo dep\u00f3sito en Megapari \u1409 \u00a1Hasta 300 EUR!\" \/>\n<meta property=\"og:description\" content=\"\u00a1No pierdas esta oportunidad! \u00a1Consigue hasta 300 EUR de bonificaci\u00f3n en tu d\u00e9cimo dep\u00f3sito en Megapari! Descubre c\u00f3mo activar la bonificaci\u00f3n del 50 % y maximizar tus ganancias hoy mismo.\" \/>\n<meta property=\"og:url\" content=\"https:\/\/megapari.promo\/es\/bonus\/10th-deposit-bonus\/\" \/>\n<meta property=\"og:site_name\" content=\"Megapari Win es\" \/>\n<meta property=\"article:modified_time\" content=\"2025-08-07T18:22:42+00:00\" \/>\n<meta name=\"twitter:card\" content=\"summary_large_image\" \/>\n<script type=\"application\/ld+json\" class=\"yoast-schema-graph\">{\"@context\":\"https:\/\/schema.org\",\"@graph\":[{\"@type\":\"WebPage\",\"@id\":\"https:\/\/megapari.promo\/es\/bonus\/10th-deposit-bonus\/\",\"url\":\"https:\/\/megapari.promo\/es\/bonus\/10th-deposit-bonus\/\",\"name\":\"Bono por el d\u00e9cimo dep\u00f3sito en Megapari \u1409 \u00a1Hasta 300 EUR!\",\"isPartOf\":{\"@id\":\"https:\/\/megapari.promo\/es\/#website\"},\"datePublished\":\"2025-06-24T05:55:39+00:00\",\"dateModified\":\"2025-08-07T18:22:42+00:00\",\"description\":\"\u00a1No pierdas esta oportunidad! \u00a1Consigue hasta 300 EUR de bonificaci\u00f3n en tu d\u00e9cimo dep\u00f3sito en Megapari! Descubre c\u00f3mo activar la bonificaci\u00f3n del 50 % y maximizar tus ganancias hoy mismo.\",\"breadcrumb\":{\"@id\":\"https:\/\/megapari.promo\/es\/bonus\/10th-deposit-bonus\/#breadcrumb\"},\"inLanguage\":\"es\",\"potentialAction\":[{\"@type\":\"ReadAction\",\"target\":[\"https:\/\/megapari.promo\/es\/bonus\/10th-deposit-bonus\/\"]}]},{\"@type\":\"BreadcrumbList\",\"@id\":\"https:\/\/megapari.promo\/es\/bonus\/10th-deposit-bonus\/#breadcrumb\",\"itemListElement\":[{\"@type\":\"ListItem\",\"position\":1,\"name\":\"\u0413\u043b\u0430\u0432\u043d\u0430\u044f \u0441\u0442\u0440\u0430\u043d\u0438\u0446\u0430\",\"item\":\"https:\/\/megapari.promo\/es\/\"},{\"@type\":\"ListItem\",\"position\":2,\"name\":\"Bono\",\"item\":\"https:\/\/megapari.promo\/es\/bonus\/\"},{\"@type\":\"ListItem\",\"position\":3,\"name\":\"Bono 10\u00ba dep\u00f3sito\"}]},{\"@type\":\"WebSite\",\"@id\":\"https:\/\/megapari.promo\/es\/#website\",\"url\":\"https:\/\/megapari.promo\/es\/\",\"name\":\"Megapari Win es\",\"description\":\"My WordPress Blog\",\"potentialAction\":[{\"@type\":\"SearchAction\",\"target\":{\"@type\":\"EntryPoint\",\"urlTemplate\":\"https:\/\/megapari.promo\/es\/?s={search_term_string}\"},\"query-input\":\"required name=search_term_string\"}],\"inLanguage\":\"es\"}]}<\/script>\n<!-- \/ Yoast SEO plugin. -->","yoast_head_json":{"title":"Bono por el d\u00e9cimo dep\u00f3sito en Megapari \u1409 \u00a1Hasta 300 EUR!","description":"\u00a1No pierdas esta oportunidad! \u00a1Consigue hasta 300 EUR de bonificaci\u00f3n en tu d\u00e9cimo dep\u00f3sito en Megapari! Descubre c\u00f3mo activar la bonificaci\u00f3n del 50 % y maximizar tus ganancias hoy mismo.","robots":{"index":"index","follow":"follow","max-snippet":"max-snippet:-1","max-image-preview":"max-image-preview:large","max-video-preview":"max-video-preview:-1"},"og_locale":"es_ES","og_type":"article","og_title":"Bono por el d\u00e9cimo dep\u00f3sito en Megapari \u1409 \u00a1Hasta 300 EUR!","og_description":"\u00a1No pierdas esta oportunidad! \u00a1Consigue hasta 300 EUR de bonificaci\u00f3n en tu d\u00e9cimo dep\u00f3sito en Megapari! Descubre c\u00f3mo activar la bonificaci\u00f3n del 50 % y maximizar tus ganancias hoy mismo.","og_url":"https:\/\/megapari.promo\/es\/bonus\/10th-deposit-bonus\/","og_site_name":"Megapari Win es","article_modified_time":"2025-08-07T18:22:42+00:00","twitter_card":"summary_large_image","schema":{"@context":"https:\/\/schema.org","@graph":[{"@type":"WebPage","@id":"https:\/\/megapari.promo\/es\/bonus\/10th-deposit-bonus\/","url":"https:\/\/megapari.promo\/es\/bonus\/10th-deposit-bonus\/","name":"Bono por el d\u00e9cimo dep\u00f3sito en Megapari \u1409 \u00a1Hasta 300 EUR!","isPartOf":{"@id":"https:\/\/megapari.promo\/es\/#website"},"datePublished":"2025-06-24T05:55:39+00:00","dateModified":"2025-08-07T18:22:42+00:00","description":"\u00a1No pierdas esta oportunidad! \u00a1Consigue hasta 300 EUR de bonificaci\u00f3n en tu d\u00e9cimo dep\u00f3sito en Megapari! Descubre c\u00f3mo activar la bonificaci\u00f3n del 50 % y maximizar tus ganancias hoy mismo.","breadcrumb":{"@id":"https:\/\/megapari.promo\/es\/bonus\/10th-deposit-bonus\/#breadcrumb"},"inLanguage":"es","potentialAction":[{"@type":"ReadAction","target":["https:\/\/megapari.promo\/es\/bonus\/10th-deposit-bonus\/"]}]},{"@type":"BreadcrumbList","@id":"https:\/\/megapari.promo\/es\/bonus\/10th-deposit-bonus\/#breadcrumb","itemListElement":[{"@type":"ListItem","position":1,"name":"\u0413\u043b\u0430\u0432\u043d\u0430\u044f \u0441\u0442\u0440\u0430\u043d\u0438\u0446\u0430","item":"https:\/\/megapari.promo\/es\/"},{"@type":"ListItem","position":2,"name":"Bono","item":"https:\/\/megapari.promo\/es\/bonus\/"},{"@type":"ListItem","position":3,"name":"Bono 10\u00ba dep\u00f3sito"}]},{"@type":"WebSite","@id":"https:\/\/megapari.promo\/es\/#website","url":"https:\/\/megapari.promo\/es\/","name":"Megapari Win es","description":"My WordPress Blog","potentialAction":[{"@type":"SearchAction","target":{"@type":"EntryPoint","urlTemplate":"https:\/\/megapari.promo\/es\/?s={search_term_string}"},"query-input":"required name=search_term_string"}],"inLanguage":"es"}]}},"_links":{"self":[{"href":"https:\/\/megapari.promo\/es\/wp-json\/wp\/v2\/pages\/443"}],"collection":[{"href":"https:\/\/megapari.promo\/es\/wp-json\/wp\/v2\/pages"}],"about":[{"href":"https:\/\/megapari.promo\/es\/wp-json\/wp\/v2\/types\/page"}],"author":[{"embeddable":true,"href":"https:\/\/megapari.promo\/es\/wp-json\/wp\/v2\/users\/1"}],"replies":[{"embeddable":true,"href":"https:\/\/megapari.promo\/es\/wp-json\/wp\/v2\/comments?post=443"}],"version-history":[{"count":6,"href":"https:\/\/megapari.promo\/es\/wp-json\/wp\/v2\/pages\/443\/revisions"}],"predecessor-version":[{"id":538,"href":"https:\/\/megapari.promo\/es\/wp-json\/wp\/v2\/pages\/443\/revisions\/538"}],"up":[{"embeddable":true,"href":"https:\/\/megapari.promo\/es\/wp-json\/wp\/v2\/pages\/152"}],"wp:attachment":[{"href":"https:\/\/megapari.promo\/es\/wp-json\/wp\/v2\/media?parent=443"}],"curies":[{"name":"wp","href":"https:\/\/api.w.org\/{rel}","templated":true}]}}