{"id":452,"date":"2025-06-24T06:29:33","date_gmt":"2025-06-24T06:29:33","guid":{"rendered":"https:\/\/megapari.promo\/es\/?page_id=452"},"modified":"2025-08-07T18:24:10","modified_gmt":"2025-08-07T18:24:10","slug":"world-cup-freebet","status":"publish","type":"page","link":"https:\/\/megapari.promo\/es\/bonus\/world-cup-freebet\/","title":{"rendered":"Apuesta Gratis Copa del Mundo"},"content":{"rendered":"","protected":false},"excerpt":{"rendered":"","protected":false},"author":1,"featured_media":0,"parent":152,"menu_order":0,"comment_status":"closed","ping_status":"closed","template":"","meta":{"inline_featured_image":false,"footnotes":""},"yoast_head":"<!-- This site is optimized with the Yoast SEO plugin v20.13 - https:\/\/yoast.com\/wordpress\/plugins\/seo\/ -->\n<title>Megapari Copa Mundial de la FIFA \u1409 \u00a1Apuestas gratis + \u20ac100.000<\/title>\n<meta name=\"description\" content=\"\u00a1Prep\u00e1rate para la Copa Mundial de Clubes con Megapari! Participa en la loter\u00eda de 100 000 EUR y consigue 10 EUR en apuestas gratis. \u00a1Descubre c\u00f3mo formar parte de la celebraci\u00f3n futbol\u00edstica y ganar a lo grande!\" \/>\n<meta name=\"robots\" content=\"index, follow, max-snippet:-1, max-image-preview:large, max-video-preview:-1\" \/>\n<meta property=\"og:locale\" content=\"es_ES\" \/>\n<meta property=\"og:type\" content=\"article\" \/>\n<meta property=\"og:title\" content=\"Megapari Copa Mundial de la FIFA \u1409 \u00a1Apuestas gratis + \u20ac100.000\" \/>\n<meta property=\"og:description\" content=\"\u00a1Prep\u00e1rate para la Copa Mundial de Clubes con Megapari! Participa en la loter\u00eda de 100 000 EUR y consigue 10 EUR en apuestas gratis. \u00a1Descubre c\u00f3mo formar parte de la celebraci\u00f3n futbol\u00edstica y ganar a lo grande!\" \/>\n<meta property=\"og:url\" content=\"https:\/\/megapari.promo\/es\/bonus\/world-cup-freebet\/\" \/>\n<meta property=\"og:site_name\" content=\"Megapari Win es\" \/>\n<meta property=\"article:modified_time\" content=\"2025-08-07T18:24:10+00:00\" \/>\n<meta name=\"twitter:card\" content=\"summary_large_image\" \/>\n<script type=\"application\/ld+json\" class=\"yoast-schema-graph\">{\"@context\":\"https:\/\/schema.org\",\"@graph\":[{\"@type\":\"WebPage\",\"@id\":\"https:\/\/megapari.promo\/es\/bonus\/world-cup-freebet\/\",\"url\":\"https:\/\/megapari.promo\/es\/bonus\/world-cup-freebet\/\",\"name\":\"Megapari Copa Mundial de la FIFA \u1409 \u00a1Apuestas gratis + \u20ac100.000\",\"isPartOf\":{\"@id\":\"https:\/\/megapari.promo\/es\/#website\"},\"datePublished\":\"2025-06-24T06:29:33+00:00\",\"dateModified\":\"2025-08-07T18:24:10+00:00\",\"description\":\"\u00a1Prep\u00e1rate para la Copa Mundial de Clubes con Megapari! Participa en la loter\u00eda de 100 000 EUR y consigue 10 EUR en apuestas gratis. \u00a1Descubre c\u00f3mo formar parte de la celebraci\u00f3n futbol\u00edstica y ganar a lo grande!\",\"breadcrumb\":{\"@id\":\"https:\/\/megapari.promo\/es\/bonus\/world-cup-freebet\/#breadcrumb\"},\"inLanguage\":\"es\",\"potentialAction\":[{\"@type\":\"ReadAction\",\"target\":[\"https:\/\/megapari.promo\/es\/bonus\/world-cup-freebet\/\"]}]},{\"@type\":\"BreadcrumbList\",\"@id\":\"https:\/\/megapari.promo\/es\/bonus\/world-cup-freebet\/#breadcrumb\",\"itemListElement\":[{\"@type\":\"ListItem\",\"position\":1,\"name\":\"\u0413\u043b\u0430\u0432\u043d\u0430\u044f \u0441\u0442\u0440\u0430\u043d\u0438\u0446\u0430\",\"item\":\"https:\/\/megapari.promo\/es\/\"},{\"@type\":\"ListItem\",\"position\":2,\"name\":\"Bono\",\"item\":\"https:\/\/megapari.promo\/es\/bonus\/\"},{\"@type\":\"ListItem\",\"position\":3,\"name\":\"Apuesta Gratis Copa del Mundo\"}]},{\"@type\":\"WebSite\",\"@id\":\"https:\/\/megapari.promo\/es\/#website\",\"url\":\"https:\/\/megapari.promo\/es\/\",\"name\":\"Megapari Win es\",\"description\":\"My WordPress Blog\",\"potentialAction\":[{\"@type\":\"SearchAction\",\"target\":{\"@type\":\"EntryPoint\",\"urlTemplate\":\"https:\/\/megapari.promo\/es\/?s={search_term_string}\"},\"query-input\":\"required name=search_term_string\"}],\"inLanguage\":\"es\"}]}<\/script>\n<!-- \/ Yoast SEO plugin. -->","yoast_head_json":{"title":"Megapari Copa Mundial de la FIFA \u1409 \u00a1Apuestas gratis + \u20ac100.000","description":"\u00a1Prep\u00e1rate para la Copa Mundial de Clubes con Megapari! Participa en la loter\u00eda de 100 000 EUR y consigue 10 EUR en apuestas gratis. \u00a1Descubre c\u00f3mo formar parte de la celebraci\u00f3n futbol\u00edstica y ganar a lo grande!","robots":{"index":"index","follow":"follow","max-snippet":"max-snippet:-1","max-image-preview":"max-image-preview:large","max-video-preview":"max-video-preview:-1"},"og_locale":"es_ES","og_type":"article","og_title":"Megapari Copa Mundial de la FIFA \u1409 \u00a1Apuestas gratis + \u20ac100.000","og_description":"\u00a1Prep\u00e1rate para la Copa Mundial de Clubes con Megapari! Participa en la loter\u00eda de 100 000 EUR y consigue 10 EUR en apuestas gratis. \u00a1Descubre c\u00f3mo formar parte de la celebraci\u00f3n futbol\u00edstica y ganar a lo grande!","og_url":"https:\/\/megapari.promo\/es\/bonus\/world-cup-freebet\/","og_site_name":"Megapari Win es","article_modified_time":"2025-08-07T18:24:10+00:00","twitter_card":"summary_large_image","schema":{"@context":"https:\/\/schema.org","@graph":[{"@type":"WebPage","@id":"https:\/\/megapari.promo\/es\/bonus\/world-cup-freebet\/","url":"https:\/\/megapari.promo\/es\/bonus\/world-cup-freebet\/","name":"Megapari Copa Mundial de la FIFA \u1409 \u00a1Apuestas gratis + \u20ac100.000","isPartOf":{"@id":"https:\/\/megapari.promo\/es\/#website"},"datePublished":"2025-06-24T06:29:33+00:00","dateModified":"2025-08-07T18:24:10+00:00","description":"\u00a1Prep\u00e1rate para la Copa Mundial de Clubes con Megapari! Participa en la loter\u00eda de 100 000 EUR y consigue 10 EUR en apuestas gratis. \u00a1Descubre c\u00f3mo formar parte de la celebraci\u00f3n futbol\u00edstica y ganar a lo grande!","breadcrumb":{"@id":"https:\/\/megapari.promo\/es\/bonus\/world-cup-freebet\/#breadcrumb"},"inLanguage":"es","potentialAction":[{"@type":"ReadAction","target":["https:\/\/megapari.promo\/es\/bonus\/world-cup-freebet\/"]}]},{"@type":"BreadcrumbList","@id":"https:\/\/megapari.promo\/es\/bonus\/world-cup-freebet\/#breadcrumb","itemListElement":[{"@type":"ListItem","position":1,"name":"\u0413\u043b\u0430\u0432\u043d\u0430\u044f \u0441\u0442\u0440\u0430\u043d\u0438\u0446\u0430","item":"https:\/\/megapari.promo\/es\/"},{"@type":"ListItem","position":2,"name":"Bono","item":"https:\/\/megapari.promo\/es\/bonus\/"},{"@type":"ListItem","position":3,"name":"Apuesta Gratis Copa del Mundo"}]},{"@type":"WebSite","@id":"https:\/\/megapari.promo\/es\/#website","url":"https:\/\/megapari.promo\/es\/","name":"Megapari Win es","description":"My WordPress Blog","potentialAction":[{"@type":"SearchAction","target":{"@type":"EntryPoint","urlTemplate":"https:\/\/megapari.promo\/es\/?s={search_term_string}"},"query-input":"required name=search_term_string"}],"inLanguage":"es"}]}},"_links":{"self":[{"href":"https:\/\/megapari.promo\/es\/wp-json\/wp\/v2\/pages\/452"}],"collection":[{"href":"https:\/\/megapari.promo\/es\/wp-json\/wp\/v2\/pages"}],"about":[{"href":"https:\/\/megapari.promo\/es\/wp-json\/wp\/v2\/types\/page"}],"author":[{"embeddable":true,"href":"https:\/\/megapari.promo\/es\/wp-json\/wp\/v2\/users\/1"}],"replies":[{"embeddable":true,"href":"https:\/\/megapari.promo\/es\/wp-json\/wp\/v2\/comments?post=452"}],"version-history":[{"count":6,"href":"https:\/\/megapari.promo\/es\/wp-json\/wp\/v2\/pages\/452\/revisions"}],"predecessor-version":[{"id":528,"href":"https:\/\/megapari.promo\/es\/wp-json\/wp\/v2\/pages\/452\/revisions\/528"}],"up":[{"embeddable":true,"href":"https:\/\/megapari.promo\/es\/wp-json\/wp\/v2\/pages\/152"}],"wp:attachment":[{"href":"https:\/\/megapari.promo\/es\/wp-json\/wp\/v2\/media?parent=452"}],"curies":[{"name":"wp","href":"https:\/\/api.w.org\/{rel}","templated":true}]}}