{"id":330,"date":"2025-04-07T05:52:51","date_gmt":"2025-04-07T05:52:51","guid":{"rendered":"https:\/\/megapari.promo\/et\/?page_id=330"},"modified":"2025-09-27T14:00:53","modified_gmt":"2025-09-27T14:00:53","slug":"casino","status":"publish","type":"page","link":"https:\/\/megapari.promo\/et\/casino\/","title":{"rendered":"Kasiino"},"content":{"rendered":"","protected":false},"excerpt":{"rendered":"","protected":false},"author":1,"featured_media":0,"parent":0,"menu_order":0,"comment_status":"closed","ping_status":"closed","template":"","meta":{"inline_featured_image":false,"footnotes":""},"yoast_head":"<!-- This site is optimized with the Yoast SEO plugin v20.13 - https:\/\/yoast.com\/wordpress\/plugins\/seo\/ -->\n<title>Megapari Kasiino: \u2611\ufe0f \u00dclevaade, eelised ja parimad m\u00e4ngud<\/title>\n<meta name=\"description\" content=\"Ava Megapari kasiino uksed hasartm\u00e4ngude maailma! Sind ootavad hullumeelsed boonused, usaldusv\u00e4\u00e4rsed v\u00e4ljamaksed ja p\u00f5nevad m\u00e4ngud. Registreeru ja hakka juba t\u00e4na v\u00f5itma!\" \/>\n<meta name=\"robots\" content=\"index, follow, max-snippet:-1, max-image-preview:large, max-video-preview:-1\" \/>\n<meta property=\"og:locale\" content=\"et_EE\" \/>\n<meta property=\"og:type\" content=\"article\" \/>\n<meta property=\"og:title\" content=\"Megapari Kasiino: \u2611\ufe0f \u00dclevaade, eelised ja parimad m\u00e4ngud\" \/>\n<meta property=\"og:description\" content=\"Ava Megapari kasiino uksed hasartm\u00e4ngude maailma! Sind ootavad hullumeelsed boonused, usaldusv\u00e4\u00e4rsed v\u00e4ljamaksed ja p\u00f5nevad m\u00e4ngud. Registreeru ja hakka juba t\u00e4na v\u00f5itma!\" \/>\n<meta property=\"og:url\" content=\"https:\/\/megapari.promo\/et\/casino\/\" \/>\n<meta property=\"og:site_name\" content=\"Megapari Win et\" \/>\n<meta property=\"article:modified_time\" content=\"2025-09-27T14:00:53+00:00\" \/>\n<meta name=\"twitter:card\" content=\"summary_large_image\" \/>\n<script type=\"application\/ld+json\" class=\"yoast-schema-graph\">{\"@context\":\"https:\/\/schema.org\",\"@graph\":[{\"@type\":\"WebPage\",\"@id\":\"https:\/\/megapari.promo\/et\/casino\/\",\"url\":\"https:\/\/megapari.promo\/et\/casino\/\",\"name\":\"Megapari Kasiino: \u2611\ufe0f \u00dclevaade, eelised ja parimad m\u00e4ngud\",\"isPartOf\":{\"@id\":\"https:\/\/megapari.promo\/et\/#website\"},\"datePublished\":\"2025-04-07T05:52:51+00:00\",\"dateModified\":\"2025-09-27T14:00:53+00:00\",\"description\":\"Ava Megapari kasiino uksed hasartm\u00e4ngude maailma! Sind ootavad hullumeelsed boonused, usaldusv\u00e4\u00e4rsed v\u00e4ljamaksed ja p\u00f5nevad m\u00e4ngud. Registreeru ja hakka juba t\u00e4na v\u00f5itma!\",\"breadcrumb\":{\"@id\":\"https:\/\/megapari.promo\/et\/casino\/#breadcrumb\"},\"inLanguage\":\"et\",\"potentialAction\":[{\"@type\":\"ReadAction\",\"target\":[\"https:\/\/megapari.promo\/et\/casino\/\"]}]},{\"@type\":\"BreadcrumbList\",\"@id\":\"https:\/\/megapari.promo\/et\/casino\/#breadcrumb\",\"itemListElement\":[{\"@type\":\"ListItem\",\"position\":1,\"name\":\"\u0413\u043b\u0430\u0432\u043d\u0430\u044f \u0441\u0442\u0440\u0430\u043d\u0438\u0446\u0430\",\"item\":\"https:\/\/megapari.promo\/et\/\"},{\"@type\":\"ListItem\",\"position\":2,\"name\":\"Kasiino\"}]},{\"@type\":\"WebSite\",\"@id\":\"https:\/\/megapari.promo\/et\/#website\",\"url\":\"https:\/\/megapari.promo\/et\/\",\"name\":\"Megapari Win et\",\"description\":\"My WordPress Blog\",\"potentialAction\":[{\"@type\":\"SearchAction\",\"target\":{\"@type\":\"EntryPoint\",\"urlTemplate\":\"https:\/\/megapari.promo\/et\/?s={search_term_string}\"},\"query-input\":\"required name=search_term_string\"}],\"inLanguage\":\"et\"}]}<\/script>\n<!-- \/ Yoast SEO plugin. -->","yoast_head_json":{"title":"Megapari Kasiino: \u2611\ufe0f \u00dclevaade, eelised ja parimad m\u00e4ngud","description":"Ava Megapari kasiino uksed hasartm\u00e4ngude maailma! Sind ootavad hullumeelsed boonused, usaldusv\u00e4\u00e4rsed v\u00e4ljamaksed ja p\u00f5nevad m\u00e4ngud. Registreeru ja hakka juba t\u00e4na v\u00f5itma!","robots":{"index":"index","follow":"follow","max-snippet":"max-snippet:-1","max-image-preview":"max-image-preview:large","max-video-preview":"max-video-preview:-1"},"og_locale":"et_EE","og_type":"article","og_title":"Megapari Kasiino: \u2611\ufe0f \u00dclevaade, eelised ja parimad m\u00e4ngud","og_description":"Ava Megapari kasiino uksed hasartm\u00e4ngude maailma! Sind ootavad hullumeelsed boonused, usaldusv\u00e4\u00e4rsed v\u00e4ljamaksed ja p\u00f5nevad m\u00e4ngud. Registreeru ja hakka juba t\u00e4na v\u00f5itma!","og_url":"https:\/\/megapari.promo\/et\/casino\/","og_site_name":"Megapari Win et","article_modified_time":"2025-09-27T14:00:53+00:00","twitter_card":"summary_large_image","schema":{"@context":"https:\/\/schema.org","@graph":[{"@type":"WebPage","@id":"https:\/\/megapari.promo\/et\/casino\/","url":"https:\/\/megapari.promo\/et\/casino\/","name":"Megapari Kasiino: \u2611\ufe0f \u00dclevaade, eelised ja parimad m\u00e4ngud","isPartOf":{"@id":"https:\/\/megapari.promo\/et\/#website"},"datePublished":"2025-04-07T05:52:51+00:00","dateModified":"2025-09-27T14:00:53+00:00","description":"Ava Megapari kasiino uksed hasartm\u00e4ngude maailma! Sind ootavad hullumeelsed boonused, usaldusv\u00e4\u00e4rsed v\u00e4ljamaksed ja p\u00f5nevad m\u00e4ngud. Registreeru ja hakka juba t\u00e4na v\u00f5itma!","breadcrumb":{"@id":"https:\/\/megapari.promo\/et\/casino\/#breadcrumb"},"inLanguage":"et","potentialAction":[{"@type":"ReadAction","target":["https:\/\/megapari.promo\/et\/casino\/"]}]},{"@type":"BreadcrumbList","@id":"https:\/\/megapari.promo\/et\/casino\/#breadcrumb","itemListElement":[{"@type":"ListItem","position":1,"name":"\u0413\u043b\u0430\u0432\u043d\u0430\u044f \u0441\u0442\u0440\u0430\u043d\u0438\u0446\u0430","item":"https:\/\/megapari.promo\/et\/"},{"@type":"ListItem","position":2,"name":"Kasiino"}]},{"@type":"WebSite","@id":"https:\/\/megapari.promo\/et\/#website","url":"https:\/\/megapari.promo\/et\/","name":"Megapari Win et","description":"My WordPress Blog","potentialAction":[{"@type":"SearchAction","target":{"@type":"EntryPoint","urlTemplate":"https:\/\/megapari.promo\/et\/?s={search_term_string}"},"query-input":"required name=search_term_string"}],"inLanguage":"et"}]}},"_links":{"self":[{"href":"https:\/\/megapari.promo\/et\/wp-json\/wp\/v2\/pages\/330"}],"collection":[{"href":"https:\/\/megapari.promo\/et\/wp-json\/wp\/v2\/pages"}],"about":[{"href":"https:\/\/megapari.promo\/et\/wp-json\/wp\/v2\/types\/page"}],"author":[{"embeddable":true,"href":"https:\/\/megapari.promo\/et\/wp-json\/wp\/v2\/users\/1"}],"replies":[{"embeddable":true,"href":"https:\/\/megapari.promo\/et\/wp-json\/wp\/v2\/comments?post=330"}],"version-history":[{"count":16,"href":"https:\/\/megapari.promo\/et\/wp-json\/wp\/v2\/pages\/330\/revisions"}],"predecessor-version":[{"id":608,"href":"https:\/\/megapari.promo\/et\/wp-json\/wp\/v2\/pages\/330\/revisions\/608"}],"wp:attachment":[{"href":"https:\/\/megapari.promo\/et\/wp-json\/wp\/v2\/media?parent=330"}],"curies":[{"name":"wp","href":"https:\/\/api.w.org\/{rel}","templated":true}]}}