{"id":458,"date":"2025-06-24T06:57:52","date_gmt":"2025-06-24T06:57:52","guid":{"rendered":"https:\/\/megapari.promo\/et\/?page_id=458"},"modified":"2025-09-05T12:19:46","modified_gmt":"2025-09-05T12:19:46","slug":"aviator","status":"publish","type":"page","link":"https:\/\/megapari.promo\/et\/bonus\/aviator\/","title":{"rendered":"Aviator"},"content":{"rendered":"","protected":false},"excerpt":{"rendered":"","protected":false},"author":1,"featured_media":0,"parent":152,"menu_order":0,"comment_status":"closed","ping_status":"closed","template":"","meta":{"inline_featured_image":false,"footnotes":""},"yoast_head":"<!-- This site is optimized with the Yoast SEO plugin v20.13 - https:\/\/yoast.com\/wordpress\/plugins\/seo\/ -->\n<title>Aviator koos Megapariga \u1409 60 tasuta keerutab igal p\u00fchap\u00e4eval!<\/title>\n<meta name=\"description\" content=\"Lenda Aviatoris tasuta Megapari abil! T\u00e4ienda oma kontot igal p\u00fchap\u00e4eval ja saa kuni 60 tasuta keerutust. Saa oma lemmikm\u00e4ngust maksimum!\" \/>\n<meta name=\"robots\" content=\"index, follow, max-snippet:-1, max-image-preview:large, max-video-preview:-1\" \/>\n<meta property=\"og:locale\" content=\"et_EE\" \/>\n<meta property=\"og:type\" content=\"article\" \/>\n<meta property=\"og:title\" content=\"Aviator koos Megapariga \u1409 60 tasuta keerutab igal p\u00fchap\u00e4eval!\" \/>\n<meta property=\"og:description\" content=\"Lenda Aviatoris tasuta Megapari abil! T\u00e4ienda oma kontot igal p\u00fchap\u00e4eval ja saa kuni 60 tasuta keerutust. Saa oma lemmikm\u00e4ngust maksimum!\" \/>\n<meta property=\"og:url\" content=\"https:\/\/megapari.promo\/et\/bonus\/aviator\/\" \/>\n<meta property=\"og:site_name\" content=\"Megapari Win et\" \/>\n<meta property=\"article:modified_time\" content=\"2025-09-05T12:19:46+00:00\" \/>\n<meta name=\"twitter:card\" content=\"summary_large_image\" \/>\n<script type=\"application\/ld+json\" class=\"yoast-schema-graph\">{\"@context\":\"https:\/\/schema.org\",\"@graph\":[{\"@type\":\"WebPage\",\"@id\":\"https:\/\/megapari.promo\/et\/bonus\/aviator\/\",\"url\":\"https:\/\/megapari.promo\/et\/bonus\/aviator\/\",\"name\":\"Aviator koos Megapariga \u1409 60 tasuta keerutab igal p\u00fchap\u00e4eval!\",\"isPartOf\":{\"@id\":\"https:\/\/megapari.promo\/et\/#website\"},\"datePublished\":\"2025-06-24T06:57:52+00:00\",\"dateModified\":\"2025-09-05T12:19:46+00:00\",\"description\":\"Lenda Aviatoris tasuta Megapari abil! T\u00e4ienda oma kontot igal p\u00fchap\u00e4eval ja saa kuni 60 tasuta keerutust. Saa oma lemmikm\u00e4ngust maksimum!\",\"breadcrumb\":{\"@id\":\"https:\/\/megapari.promo\/et\/bonus\/aviator\/#breadcrumb\"},\"inLanguage\":\"et\",\"potentialAction\":[{\"@type\":\"ReadAction\",\"target\":[\"https:\/\/megapari.promo\/et\/bonus\/aviator\/\"]}]},{\"@type\":\"BreadcrumbList\",\"@id\":\"https:\/\/megapari.promo\/et\/bonus\/aviator\/#breadcrumb\",\"itemListElement\":[{\"@type\":\"ListItem\",\"position\":1,\"name\":\"\u0413\u043b\u0430\u0432\u043d\u0430\u044f \u0441\u0442\u0440\u0430\u043d\u0438\u0446\u0430\",\"item\":\"https:\/\/megapari.promo\/et\/\"},{\"@type\":\"ListItem\",\"position\":2,\"name\":\"Boonus\",\"item\":\"https:\/\/megapari.promo\/et\/bonus\/\"},{\"@type\":\"ListItem\",\"position\":3,\"name\":\"Aviator\"}]},{\"@type\":\"WebSite\",\"@id\":\"https:\/\/megapari.promo\/et\/#website\",\"url\":\"https:\/\/megapari.promo\/et\/\",\"name\":\"Megapari Win et\",\"description\":\"My WordPress Blog\",\"potentialAction\":[{\"@type\":\"SearchAction\",\"target\":{\"@type\":\"EntryPoint\",\"urlTemplate\":\"https:\/\/megapari.promo\/et\/?s={search_term_string}\"},\"query-input\":\"required name=search_term_string\"}],\"inLanguage\":\"et\"}]}<\/script>\n<!-- \/ Yoast SEO plugin. -->","yoast_head_json":{"title":"Aviator koos Megapariga \u1409 60 tasuta keerutab igal p\u00fchap\u00e4eval!","description":"Lenda Aviatoris tasuta Megapari abil! T\u00e4ienda oma kontot igal p\u00fchap\u00e4eval ja saa kuni 60 tasuta keerutust. Saa oma lemmikm\u00e4ngust maksimum!","robots":{"index":"index","follow":"follow","max-snippet":"max-snippet:-1","max-image-preview":"max-image-preview:large","max-video-preview":"max-video-preview:-1"},"og_locale":"et_EE","og_type":"article","og_title":"Aviator koos Megapariga \u1409 60 tasuta keerutab igal p\u00fchap\u00e4eval!","og_description":"Lenda Aviatoris tasuta Megapari abil! T\u00e4ienda oma kontot igal p\u00fchap\u00e4eval ja saa kuni 60 tasuta keerutust. Saa oma lemmikm\u00e4ngust maksimum!","og_url":"https:\/\/megapari.promo\/et\/bonus\/aviator\/","og_site_name":"Megapari Win et","article_modified_time":"2025-09-05T12:19:46+00:00","twitter_card":"summary_large_image","schema":{"@context":"https:\/\/schema.org","@graph":[{"@type":"WebPage","@id":"https:\/\/megapari.promo\/et\/bonus\/aviator\/","url":"https:\/\/megapari.promo\/et\/bonus\/aviator\/","name":"Aviator koos Megapariga \u1409 60 tasuta keerutab igal p\u00fchap\u00e4eval!","isPartOf":{"@id":"https:\/\/megapari.promo\/et\/#website"},"datePublished":"2025-06-24T06:57:52+00:00","dateModified":"2025-09-05T12:19:46+00:00","description":"Lenda Aviatoris tasuta Megapari abil! T\u00e4ienda oma kontot igal p\u00fchap\u00e4eval ja saa kuni 60 tasuta keerutust. Saa oma lemmikm\u00e4ngust maksimum!","breadcrumb":{"@id":"https:\/\/megapari.promo\/et\/bonus\/aviator\/#breadcrumb"},"inLanguage":"et","potentialAction":[{"@type":"ReadAction","target":["https:\/\/megapari.promo\/et\/bonus\/aviator\/"]}]},{"@type":"BreadcrumbList","@id":"https:\/\/megapari.promo\/et\/bonus\/aviator\/#breadcrumb","itemListElement":[{"@type":"ListItem","position":1,"name":"\u0413\u043b\u0430\u0432\u043d\u0430\u044f \u0441\u0442\u0440\u0430\u043d\u0438\u0446\u0430","item":"https:\/\/megapari.promo\/et\/"},{"@type":"ListItem","position":2,"name":"Boonus","item":"https:\/\/megapari.promo\/et\/bonus\/"},{"@type":"ListItem","position":3,"name":"Aviator"}]},{"@type":"WebSite","@id":"https:\/\/megapari.promo\/et\/#website","url":"https:\/\/megapari.promo\/et\/","name":"Megapari Win et","description":"My WordPress Blog","potentialAction":[{"@type":"SearchAction","target":{"@type":"EntryPoint","urlTemplate":"https:\/\/megapari.promo\/et\/?s={search_term_string}"},"query-input":"required name=search_term_string"}],"inLanguage":"et"}]}},"_links":{"self":[{"href":"https:\/\/megapari.promo\/et\/wp-json\/wp\/v2\/pages\/458"}],"collection":[{"href":"https:\/\/megapari.promo\/et\/wp-json\/wp\/v2\/pages"}],"about":[{"href":"https:\/\/megapari.promo\/et\/wp-json\/wp\/v2\/types\/page"}],"author":[{"embeddable":true,"href":"https:\/\/megapari.promo\/et\/wp-json\/wp\/v2\/users\/1"}],"replies":[{"embeddable":true,"href":"https:\/\/megapari.promo\/et\/wp-json\/wp\/v2\/comments?post=458"}],"version-history":[{"count":4,"href":"https:\/\/megapari.promo\/et\/wp-json\/wp\/v2\/pages\/458\/revisions"}],"predecessor-version":[{"id":602,"href":"https:\/\/megapari.promo\/et\/wp-json\/wp\/v2\/pages\/458\/revisions\/602"}],"up":[{"embeddable":true,"href":"https:\/\/megapari.promo\/et\/wp-json\/wp\/v2\/pages\/152"}],"wp:attachment":[{"href":"https:\/\/megapari.promo\/et\/wp-json\/wp\/v2\/media?parent=458"}],"curies":[{"name":"wp","href":"https:\/\/api.w.org\/{rel}","templated":true}]}}