{"id":310,"date":"2025-04-06T13:08:02","date_gmt":"2025-04-06T13:08:02","guid":{"rendered":"https:\/\/megapari.promo\/fi\/?page_id=310"},"modified":"2025-08-18T15:57:33","modified_gmt":"2025-08-18T15:57:33","slug":"apk","status":"publish","type":"page","link":"https:\/\/megapari.promo\/fi\/apk\/","title":{"rendered":"Apk"},"content":{"rendered":"","protected":false},"excerpt":{"rendered":"","protected":false},"author":1,"featured_media":0,"parent":0,"menu_order":0,"comment_status":"closed","ping_status":"closed","template":"","meta":{"inline_featured_image":false,"footnotes":""},"yoast_head":"<!-- This site is optimized with the Yoast SEO plugin v20.13 - https:\/\/yoast.com\/wordpress\/plugins\/seo\/ -->\n<title>Megapari Apk Suomi \u25b6\ufe0f Kuinka ladata ja pelata<\/title>\n<meta name=\"description\" content=\"Megapari apk on k\u00e4tev\u00e4 tapa p\u00e4\u00e4st\u00e4 vedonly\u00f6ntiliikkeisiin ja kasinoihin tien p\u00e4\u00e4ll\u00e4. Megapari Apk Androidille tarjoaa optimoidun k\u00e4ytt\u00f6liittym\u00e4n ja eksklusiivisen bonustarjouksen.\" \/>\n<meta name=\"robots\" content=\"index, follow, max-snippet:-1, max-image-preview:large, max-video-preview:-1\" \/>\n<meta property=\"og:locale\" content=\"fi_FI\" \/>\n<meta property=\"og:type\" content=\"article\" \/>\n<meta property=\"og:title\" content=\"Megapari Apk Suomi \u25b6\ufe0f Kuinka ladata ja pelata\" \/>\n<meta property=\"og:description\" content=\"Megapari apk on k\u00e4tev\u00e4 tapa p\u00e4\u00e4st\u00e4 vedonly\u00f6ntiliikkeisiin ja kasinoihin tien p\u00e4\u00e4ll\u00e4. Megapari Apk Androidille tarjoaa optimoidun k\u00e4ytt\u00f6liittym\u00e4n ja eksklusiivisen bonustarjouksen.\" \/>\n<meta property=\"og:url\" content=\"https:\/\/megapari.promo\/fi\/apk\/\" \/>\n<meta property=\"og:site_name\" content=\"Megapari Win fi\" \/>\n<meta property=\"article:modified_time\" content=\"2025-08-18T15:57:33+00:00\" \/>\n<meta name=\"twitter:card\" content=\"summary_large_image\" \/>\n<script type=\"application\/ld+json\" class=\"yoast-schema-graph\">{\"@context\":\"https:\/\/schema.org\",\"@graph\":[{\"@type\":\"WebPage\",\"@id\":\"https:\/\/megapari.promo\/fi\/apk\/\",\"url\":\"https:\/\/megapari.promo\/fi\/apk\/\",\"name\":\"Megapari Apk Suomi \u25b6\ufe0f Kuinka ladata ja pelata\",\"isPartOf\":{\"@id\":\"https:\/\/megapari.promo\/fi\/#website\"},\"datePublished\":\"2025-04-06T13:08:02+00:00\",\"dateModified\":\"2025-08-18T15:57:33+00:00\",\"description\":\"Megapari apk on k\u00e4tev\u00e4 tapa p\u00e4\u00e4st\u00e4 vedonly\u00f6ntiliikkeisiin ja kasinoihin tien p\u00e4\u00e4ll\u00e4. Megapari Apk Androidille tarjoaa optimoidun k\u00e4ytt\u00f6liittym\u00e4n ja eksklusiivisen bonustarjouksen.\",\"breadcrumb\":{\"@id\":\"https:\/\/megapari.promo\/fi\/apk\/#breadcrumb\"},\"inLanguage\":\"fi\",\"potentialAction\":[{\"@type\":\"ReadAction\",\"target\":[\"https:\/\/megapari.promo\/fi\/apk\/\"]}]},{\"@type\":\"BreadcrumbList\",\"@id\":\"https:\/\/megapari.promo\/fi\/apk\/#breadcrumb\",\"itemListElement\":[{\"@type\":\"ListItem\",\"position\":1,\"name\":\"\u0413\u043b\u0430\u0432\u043d\u0430\u044f \u0441\u0442\u0440\u0430\u043d\u0438\u0446\u0430\",\"item\":\"https:\/\/megapari.promo\/fi\/\"},{\"@type\":\"ListItem\",\"position\":2,\"name\":\"Apk\"}]},{\"@type\":\"WebSite\",\"@id\":\"https:\/\/megapari.promo\/fi\/#website\",\"url\":\"https:\/\/megapari.promo\/fi\/\",\"name\":\"Megapari Win fi\",\"description\":\"My WordPress Blog\",\"potentialAction\":[{\"@type\":\"SearchAction\",\"target\":{\"@type\":\"EntryPoint\",\"urlTemplate\":\"https:\/\/megapari.promo\/fi\/?s={search_term_string}\"},\"query-input\":\"required name=search_term_string\"}],\"inLanguage\":\"fi\"}]}<\/script>\n<!-- \/ Yoast SEO plugin. -->","yoast_head_json":{"title":"Megapari Apk Suomi \u25b6\ufe0f Kuinka ladata ja pelata","description":"Megapari apk on k\u00e4tev\u00e4 tapa p\u00e4\u00e4st\u00e4 vedonly\u00f6ntiliikkeisiin ja kasinoihin tien p\u00e4\u00e4ll\u00e4. Megapari Apk Androidille tarjoaa optimoidun k\u00e4ytt\u00f6liittym\u00e4n ja eksklusiivisen bonustarjouksen.","robots":{"index":"index","follow":"follow","max-snippet":"max-snippet:-1","max-image-preview":"max-image-preview:large","max-video-preview":"max-video-preview:-1"},"og_locale":"fi_FI","og_type":"article","og_title":"Megapari Apk Suomi \u25b6\ufe0f Kuinka ladata ja pelata","og_description":"Megapari apk on k\u00e4tev\u00e4 tapa p\u00e4\u00e4st\u00e4 vedonly\u00f6ntiliikkeisiin ja kasinoihin tien p\u00e4\u00e4ll\u00e4. Megapari Apk Androidille tarjoaa optimoidun k\u00e4ytt\u00f6liittym\u00e4n ja eksklusiivisen bonustarjouksen.","og_url":"https:\/\/megapari.promo\/fi\/apk\/","og_site_name":"Megapari Win fi","article_modified_time":"2025-08-18T15:57:33+00:00","twitter_card":"summary_large_image","schema":{"@context":"https:\/\/schema.org","@graph":[{"@type":"WebPage","@id":"https:\/\/megapari.promo\/fi\/apk\/","url":"https:\/\/megapari.promo\/fi\/apk\/","name":"Megapari Apk Suomi \u25b6\ufe0f Kuinka ladata ja pelata","isPartOf":{"@id":"https:\/\/megapari.promo\/fi\/#website"},"datePublished":"2025-04-06T13:08:02+00:00","dateModified":"2025-08-18T15:57:33+00:00","description":"Megapari apk on k\u00e4tev\u00e4 tapa p\u00e4\u00e4st\u00e4 vedonly\u00f6ntiliikkeisiin ja kasinoihin tien p\u00e4\u00e4ll\u00e4. Megapari Apk Androidille tarjoaa optimoidun k\u00e4ytt\u00f6liittym\u00e4n ja eksklusiivisen bonustarjouksen.","breadcrumb":{"@id":"https:\/\/megapari.promo\/fi\/apk\/#breadcrumb"},"inLanguage":"fi","potentialAction":[{"@type":"ReadAction","target":["https:\/\/megapari.promo\/fi\/apk\/"]}]},{"@type":"BreadcrumbList","@id":"https:\/\/megapari.promo\/fi\/apk\/#breadcrumb","itemListElement":[{"@type":"ListItem","position":1,"name":"\u0413\u043b\u0430\u0432\u043d\u0430\u044f \u0441\u0442\u0440\u0430\u043d\u0438\u0446\u0430","item":"https:\/\/megapari.promo\/fi\/"},{"@type":"ListItem","position":2,"name":"Apk"}]},{"@type":"WebSite","@id":"https:\/\/megapari.promo\/fi\/#website","url":"https:\/\/megapari.promo\/fi\/","name":"Megapari Win fi","description":"My WordPress Blog","potentialAction":[{"@type":"SearchAction","target":{"@type":"EntryPoint","urlTemplate":"https:\/\/megapari.promo\/fi\/?s={search_term_string}"},"query-input":"required name=search_term_string"}],"inLanguage":"fi"}]}},"_links":{"self":[{"href":"https:\/\/megapari.promo\/fi\/wp-json\/wp\/v2\/pages\/310"}],"collection":[{"href":"https:\/\/megapari.promo\/fi\/wp-json\/wp\/v2\/pages"}],"about":[{"href":"https:\/\/megapari.promo\/fi\/wp-json\/wp\/v2\/types\/page"}],"author":[{"embeddable":true,"href":"https:\/\/megapari.promo\/fi\/wp-json\/wp\/v2\/users\/1"}],"replies":[{"embeddable":true,"href":"https:\/\/megapari.promo\/fi\/wp-json\/wp\/v2\/comments?post=310"}],"version-history":[{"count":13,"href":"https:\/\/megapari.promo\/fi\/wp-json\/wp\/v2\/pages\/310\/revisions"}],"predecessor-version":[{"id":596,"href":"https:\/\/megapari.promo\/fi\/wp-json\/wp\/v2\/pages\/310\/revisions\/596"}],"wp:attachment":[{"href":"https:\/\/megapari.promo\/fi\/wp-json\/wp\/v2\/media?parent=310"}],"curies":[{"name":"wp","href":"https:\/\/api.w.org\/{rel}","templated":true}]}}