{"id":389,"date":"2025-04-10T05:04:24","date_gmt":"2025-04-10T05:04:24","guid":{"rendered":"https:\/\/megapari.promo\/fi\/?page_id=389"},"modified":"2025-08-24T08:32:06","modified_gmt":"2025-08-24T08:32:06","slug":"login","status":"publish","type":"page","link":"https:\/\/megapari.promo\/fi\/login\/","title":{"rendered":"Kirjaudu sis\u00e4\u00e4n"},"content":{"rendered":"","protected":false},"excerpt":{"rendered":"","protected":false},"author":1,"featured_media":0,"parent":0,"menu_order":0,"comment_status":"closed","ping_status":"closed","template":"","meta":{"inline_featured_image":false,"footnotes":""},"yoast_head":"<!-- This site is optimized with the Yoast SEO plugin v20.13 - https:\/\/yoast.com\/wordpress\/plugins\/seo\/ -->\n<title>Megapari kirjautuminen: p\u00e4\u00e4sy vedonly\u00f6ntiin ja kasinoon<\/title>\n<meta name=\"description\" content=\"Megapari Suomi vaiheittainen kirjautumisprosessi \u2013 kuinka kirjautua tilillesi \u2013 Kirjaudu Megapari ja saat tervetuliaispaketin, jonka arvo on jopa 1 300 euroa ja 150 ilmaiskierrosta.\" \/>\n<meta name=\"robots\" content=\"index, follow, max-snippet:-1, max-image-preview:large, max-video-preview:-1\" \/>\n<meta property=\"og:locale\" content=\"fi_FI\" \/>\n<meta property=\"og:type\" content=\"article\" \/>\n<meta property=\"og:title\" content=\"Megapari kirjautuminen: p\u00e4\u00e4sy vedonly\u00f6ntiin ja kasinoon\" \/>\n<meta property=\"og:description\" content=\"Megapari Suomi vaiheittainen kirjautumisprosessi \u2013 kuinka kirjautua tilillesi \u2013 Kirjaudu Megapari ja saat tervetuliaispaketin, jonka arvo on jopa 1 300 euroa ja 150 ilmaiskierrosta.\" \/>\n<meta property=\"og:url\" content=\"https:\/\/megapari.promo\/fi\/login\/\" \/>\n<meta property=\"og:site_name\" content=\"Megapari Win fi\" \/>\n<meta property=\"article:modified_time\" content=\"2025-08-24T08:32:06+00:00\" \/>\n<meta name=\"twitter:card\" content=\"summary_large_image\" \/>\n<script type=\"application\/ld+json\" class=\"yoast-schema-graph\">{\"@context\":\"https:\/\/schema.org\",\"@graph\":[{\"@type\":\"WebPage\",\"@id\":\"https:\/\/megapari.promo\/fi\/login\/\",\"url\":\"https:\/\/megapari.promo\/fi\/login\/\",\"name\":\"Megapari kirjautuminen: p\u00e4\u00e4sy vedonly\u00f6ntiin ja kasinoon\",\"isPartOf\":{\"@id\":\"https:\/\/megapari.promo\/fi\/#website\"},\"datePublished\":\"2025-04-10T05:04:24+00:00\",\"dateModified\":\"2025-08-24T08:32:06+00:00\",\"description\":\"Megapari Suomi vaiheittainen kirjautumisprosessi \u2013 kuinka kirjautua tilillesi \u2013 Kirjaudu Megapari ja saat tervetuliaispaketin, jonka arvo on jopa 1 300 euroa ja 150 ilmaiskierrosta.\",\"breadcrumb\":{\"@id\":\"https:\/\/megapari.promo\/fi\/login\/#breadcrumb\"},\"inLanguage\":\"fi\",\"potentialAction\":[{\"@type\":\"ReadAction\",\"target\":[\"https:\/\/megapari.promo\/fi\/login\/\"]}]},{\"@type\":\"BreadcrumbList\",\"@id\":\"https:\/\/megapari.promo\/fi\/login\/#breadcrumb\",\"itemListElement\":[{\"@type\":\"ListItem\",\"position\":1,\"name\":\"\u0413\u043b\u0430\u0432\u043d\u0430\u044f \u0441\u0442\u0440\u0430\u043d\u0438\u0446\u0430\",\"item\":\"https:\/\/megapari.promo\/fi\/\"},{\"@type\":\"ListItem\",\"position\":2,\"name\":\"Kirjaudu sis\u00e4\u00e4n\"}]},{\"@type\":\"WebSite\",\"@id\":\"https:\/\/megapari.promo\/fi\/#website\",\"url\":\"https:\/\/megapari.promo\/fi\/\",\"name\":\"Megapari Win fi\",\"description\":\"My WordPress Blog\",\"potentialAction\":[{\"@type\":\"SearchAction\",\"target\":{\"@type\":\"EntryPoint\",\"urlTemplate\":\"https:\/\/megapari.promo\/fi\/?s={search_term_string}\"},\"query-input\":\"required name=search_term_string\"}],\"inLanguage\":\"fi\"}]}<\/script>\n<!-- \/ Yoast SEO plugin. -->","yoast_head_json":{"title":"Megapari kirjautuminen: p\u00e4\u00e4sy vedonly\u00f6ntiin ja kasinoon","description":"Megapari Suomi vaiheittainen kirjautumisprosessi \u2013 kuinka kirjautua tilillesi \u2013 Kirjaudu Megapari ja saat tervetuliaispaketin, jonka arvo on jopa 1 300 euroa ja 150 ilmaiskierrosta.","robots":{"index":"index","follow":"follow","max-snippet":"max-snippet:-1","max-image-preview":"max-image-preview:large","max-video-preview":"max-video-preview:-1"},"og_locale":"fi_FI","og_type":"article","og_title":"Megapari kirjautuminen: p\u00e4\u00e4sy vedonly\u00f6ntiin ja kasinoon","og_description":"Megapari Suomi vaiheittainen kirjautumisprosessi \u2013 kuinka kirjautua tilillesi \u2013 Kirjaudu Megapari ja saat tervetuliaispaketin, jonka arvo on jopa 1 300 euroa ja 150 ilmaiskierrosta.","og_url":"https:\/\/megapari.promo\/fi\/login\/","og_site_name":"Megapari Win fi","article_modified_time":"2025-08-24T08:32:06+00:00","twitter_card":"summary_large_image","schema":{"@context":"https:\/\/schema.org","@graph":[{"@type":"WebPage","@id":"https:\/\/megapari.promo\/fi\/login\/","url":"https:\/\/megapari.promo\/fi\/login\/","name":"Megapari kirjautuminen: p\u00e4\u00e4sy vedonly\u00f6ntiin ja kasinoon","isPartOf":{"@id":"https:\/\/megapari.promo\/fi\/#website"},"datePublished":"2025-04-10T05:04:24+00:00","dateModified":"2025-08-24T08:32:06+00:00","description":"Megapari Suomi vaiheittainen kirjautumisprosessi \u2013 kuinka kirjautua tilillesi \u2013 Kirjaudu Megapari ja saat tervetuliaispaketin, jonka arvo on jopa 1 300 euroa ja 150 ilmaiskierrosta.","breadcrumb":{"@id":"https:\/\/megapari.promo\/fi\/login\/#breadcrumb"},"inLanguage":"fi","potentialAction":[{"@type":"ReadAction","target":["https:\/\/megapari.promo\/fi\/login\/"]}]},{"@type":"BreadcrumbList","@id":"https:\/\/megapari.promo\/fi\/login\/#breadcrumb","itemListElement":[{"@type":"ListItem","position":1,"name":"\u0413\u043b\u0430\u0432\u043d\u0430\u044f \u0441\u0442\u0440\u0430\u043d\u0438\u0446\u0430","item":"https:\/\/megapari.promo\/fi\/"},{"@type":"ListItem","position":2,"name":"Kirjaudu sis\u00e4\u00e4n"}]},{"@type":"WebSite","@id":"https:\/\/megapari.promo\/fi\/#website","url":"https:\/\/megapari.promo\/fi\/","name":"Megapari Win fi","description":"My WordPress Blog","potentialAction":[{"@type":"SearchAction","target":{"@type":"EntryPoint","urlTemplate":"https:\/\/megapari.promo\/fi\/?s={search_term_string}"},"query-input":"required name=search_term_string"}],"inLanguage":"fi"}]}},"_links":{"self":[{"href":"https:\/\/megapari.promo\/fi\/wp-json\/wp\/v2\/pages\/389"}],"collection":[{"href":"https:\/\/megapari.promo\/fi\/wp-json\/wp\/v2\/pages"}],"about":[{"href":"https:\/\/megapari.promo\/fi\/wp-json\/wp\/v2\/types\/page"}],"author":[{"embeddable":true,"href":"https:\/\/megapari.promo\/fi\/wp-json\/wp\/v2\/users\/1"}],"replies":[{"embeddable":true,"href":"https:\/\/megapari.promo\/fi\/wp-json\/wp\/v2\/comments?post=389"}],"version-history":[{"count":8,"href":"https:\/\/megapari.promo\/fi\/wp-json\/wp\/v2\/pages\/389\/revisions"}],"predecessor-version":[{"id":601,"href":"https:\/\/megapari.promo\/fi\/wp-json\/wp\/v2\/pages\/389\/revisions\/601"}],"wp:attachment":[{"href":"https:\/\/megapari.promo\/fi\/wp-json\/wp\/v2\/media?parent=389"}],"curies":[{"name":"wp","href":"https:\/\/api.w.org\/{rel}","templated":true}]}}