{"id":443,"date":"2025-06-24T05:55:39","date_gmt":"2025-06-24T05:55:39","guid":{"rendered":"https:\/\/megapari.promo\/fi\/?page_id=443"},"modified":"2025-08-18T17:23:41","modified_gmt":"2025-08-18T17:23:41","slug":"10th-deposit-bonus","status":"publish","type":"page","link":"https:\/\/megapari.promo\/fi\/bonus\/10th-deposit-bonus\/","title":{"rendered":"10. talletusbonus"},"content":{"rendered":"","protected":false},"excerpt":{"rendered":"","protected":false},"author":1,"featured_media":0,"parent":152,"menu_order":0,"comment_status":"closed","ping_status":"closed","template":"","meta":{"inline_featured_image":false,"footnotes":""},"yoast_head":"<!-- This site is optimized with the Yoast SEO plugin v20.13 - https:\/\/yoast.com\/wordpress\/plugins\/seo\/ -->\n<title>Megapari 10. talletusbonus \u1409 50% palkinto jopa 260 euroon asti!<\/title>\n<meta name=\"description\" content=\"\u00c4l\u00e4 missaa tilaisuutta! Saat jopa 260 euron bonuksen kymmenennest\u00e4 talletuksestasi Megapari! Ota selv\u00e4\u00e4, miten aktivoit 50 % bonuksen ja maksimoit voittosi jo t\u00e4n\u00e4\u00e4n.\" \/>\n<meta name=\"robots\" content=\"index, follow, max-snippet:-1, max-image-preview:large, max-video-preview:-1\" \/>\n<meta property=\"og:locale\" content=\"fi_FI\" \/>\n<meta property=\"og:type\" content=\"article\" \/>\n<meta property=\"og:title\" content=\"Megapari 10. talletusbonus \u1409 50% palkinto jopa 260 euroon asti!\" \/>\n<meta property=\"og:description\" content=\"\u00c4l\u00e4 missaa tilaisuutta! Saat jopa 260 euron bonuksen kymmenennest\u00e4 talletuksestasi Megapari! Ota selv\u00e4\u00e4, miten aktivoit 50 % bonuksen ja maksimoit voittosi jo t\u00e4n\u00e4\u00e4n.\" \/>\n<meta property=\"og:url\" content=\"https:\/\/megapari.promo\/fi\/bonus\/10th-deposit-bonus\/\" \/>\n<meta property=\"og:site_name\" content=\"Megapari Win fi\" \/>\n<meta property=\"article:modified_time\" content=\"2025-08-18T17:23:41+00:00\" \/>\n<meta name=\"twitter:card\" content=\"summary_large_image\" \/>\n<script type=\"application\/ld+json\" class=\"yoast-schema-graph\">{\"@context\":\"https:\/\/schema.org\",\"@graph\":[{\"@type\":\"WebPage\",\"@id\":\"https:\/\/megapari.promo\/fi\/bonus\/10th-deposit-bonus\/\",\"url\":\"https:\/\/megapari.promo\/fi\/bonus\/10th-deposit-bonus\/\",\"name\":\"Megapari 10. talletusbonus \u1409 50% palkinto jopa 260 euroon asti!\",\"isPartOf\":{\"@id\":\"https:\/\/megapari.promo\/fi\/#website\"},\"datePublished\":\"2025-06-24T05:55:39+00:00\",\"dateModified\":\"2025-08-18T17:23:41+00:00\",\"description\":\"\u00c4l\u00e4 missaa tilaisuutta! Saat jopa 260 euron bonuksen kymmenennest\u00e4 talletuksestasi Megapari! Ota selv\u00e4\u00e4, miten aktivoit 50 % bonuksen ja maksimoit voittosi jo t\u00e4n\u00e4\u00e4n.\",\"breadcrumb\":{\"@id\":\"https:\/\/megapari.promo\/fi\/bonus\/10th-deposit-bonus\/#breadcrumb\"},\"inLanguage\":\"fi\",\"potentialAction\":[{\"@type\":\"ReadAction\",\"target\":[\"https:\/\/megapari.promo\/fi\/bonus\/10th-deposit-bonus\/\"]}]},{\"@type\":\"BreadcrumbList\",\"@id\":\"https:\/\/megapari.promo\/fi\/bonus\/10th-deposit-bonus\/#breadcrumb\",\"itemListElement\":[{\"@type\":\"ListItem\",\"position\":1,\"name\":\"\u0413\u043b\u0430\u0432\u043d\u0430\u044f \u0441\u0442\u0440\u0430\u043d\u0438\u0446\u0430\",\"item\":\"https:\/\/megapari.promo\/fi\/\"},{\"@type\":\"ListItem\",\"position\":2,\"name\":\"Bonus\",\"item\":\"https:\/\/megapari.promo\/fi\/bonus\/\"},{\"@type\":\"ListItem\",\"position\":3,\"name\":\"10. talletusbonus\"}]},{\"@type\":\"WebSite\",\"@id\":\"https:\/\/megapari.promo\/fi\/#website\",\"url\":\"https:\/\/megapari.promo\/fi\/\",\"name\":\"Megapari Win fi\",\"description\":\"My WordPress Blog\",\"potentialAction\":[{\"@type\":\"SearchAction\",\"target\":{\"@type\":\"EntryPoint\",\"urlTemplate\":\"https:\/\/megapari.promo\/fi\/?s={search_term_string}\"},\"query-input\":\"required name=search_term_string\"}],\"inLanguage\":\"fi\"}]}<\/script>\n<!-- \/ Yoast SEO plugin. -->","yoast_head_json":{"title":"Megapari 10. talletusbonus \u1409 50% palkinto jopa 260 euroon asti!","description":"\u00c4l\u00e4 missaa tilaisuutta! Saat jopa 260 euron bonuksen kymmenennest\u00e4 talletuksestasi Megapari! Ota selv\u00e4\u00e4, miten aktivoit 50 % bonuksen ja maksimoit voittosi jo t\u00e4n\u00e4\u00e4n.","robots":{"index":"index","follow":"follow","max-snippet":"max-snippet:-1","max-image-preview":"max-image-preview:large","max-video-preview":"max-video-preview:-1"},"og_locale":"fi_FI","og_type":"article","og_title":"Megapari 10. talletusbonus \u1409 50% palkinto jopa 260 euroon asti!","og_description":"\u00c4l\u00e4 missaa tilaisuutta! Saat jopa 260 euron bonuksen kymmenennest\u00e4 talletuksestasi Megapari! Ota selv\u00e4\u00e4, miten aktivoit 50 % bonuksen ja maksimoit voittosi jo t\u00e4n\u00e4\u00e4n.","og_url":"https:\/\/megapari.promo\/fi\/bonus\/10th-deposit-bonus\/","og_site_name":"Megapari Win fi","article_modified_time":"2025-08-18T17:23:41+00:00","twitter_card":"summary_large_image","schema":{"@context":"https:\/\/schema.org","@graph":[{"@type":"WebPage","@id":"https:\/\/megapari.promo\/fi\/bonus\/10th-deposit-bonus\/","url":"https:\/\/megapari.promo\/fi\/bonus\/10th-deposit-bonus\/","name":"Megapari 10. talletusbonus \u1409 50% palkinto jopa 260 euroon asti!","isPartOf":{"@id":"https:\/\/megapari.promo\/fi\/#website"},"datePublished":"2025-06-24T05:55:39+00:00","dateModified":"2025-08-18T17:23:41+00:00","description":"\u00c4l\u00e4 missaa tilaisuutta! Saat jopa 260 euron bonuksen kymmenennest\u00e4 talletuksestasi Megapari! Ota selv\u00e4\u00e4, miten aktivoit 50 % bonuksen ja maksimoit voittosi jo t\u00e4n\u00e4\u00e4n.","breadcrumb":{"@id":"https:\/\/megapari.promo\/fi\/bonus\/10th-deposit-bonus\/#breadcrumb"},"inLanguage":"fi","potentialAction":[{"@type":"ReadAction","target":["https:\/\/megapari.promo\/fi\/bonus\/10th-deposit-bonus\/"]}]},{"@type":"BreadcrumbList","@id":"https:\/\/megapari.promo\/fi\/bonus\/10th-deposit-bonus\/#breadcrumb","itemListElement":[{"@type":"ListItem","position":1,"name":"\u0413\u043b\u0430\u0432\u043d\u0430\u044f \u0441\u0442\u0440\u0430\u043d\u0438\u0446\u0430","item":"https:\/\/megapari.promo\/fi\/"},{"@type":"ListItem","position":2,"name":"Bonus","item":"https:\/\/megapari.promo\/fi\/bonus\/"},{"@type":"ListItem","position":3,"name":"10. talletusbonus"}]},{"@type":"WebSite","@id":"https:\/\/megapari.promo\/fi\/#website","url":"https:\/\/megapari.promo\/fi\/","name":"Megapari Win fi","description":"My WordPress Blog","potentialAction":[{"@type":"SearchAction","target":{"@type":"EntryPoint","urlTemplate":"https:\/\/megapari.promo\/fi\/?s={search_term_string}"},"query-input":"required name=search_term_string"}],"inLanguage":"fi"}]}},"_links":{"self":[{"href":"https:\/\/megapari.promo\/fi\/wp-json\/wp\/v2\/pages\/443"}],"collection":[{"href":"https:\/\/megapari.promo\/fi\/wp-json\/wp\/v2\/pages"}],"about":[{"href":"https:\/\/megapari.promo\/fi\/wp-json\/wp\/v2\/types\/page"}],"author":[{"embeddable":true,"href":"https:\/\/megapari.promo\/fi\/wp-json\/wp\/v2\/users\/1"}],"replies":[{"embeddable":true,"href":"https:\/\/megapari.promo\/fi\/wp-json\/wp\/v2\/comments?post=443"}],"version-history":[{"count":5,"href":"https:\/\/megapari.promo\/fi\/wp-json\/wp\/v2\/pages\/443\/revisions"}],"predecessor-version":[{"id":606,"href":"https:\/\/megapari.promo\/fi\/wp-json\/wp\/v2\/pages\/443\/revisions\/606"}],"up":[{"embeddable":true,"href":"https:\/\/megapari.promo\/fi\/wp-json\/wp\/v2\/pages\/152"}],"wp:attachment":[{"href":"https:\/\/megapari.promo\/fi\/wp-json\/wp\/v2\/media?parent=443"}],"curies":[{"name":"wp","href":"https:\/\/api.w.org\/{rel}","templated":true}]}}