{"id":458,"date":"2025-06-24T06:57:52","date_gmt":"2025-06-24T06:57:52","guid":{"rendered":"https:\/\/megapari.promo\/fi\/?page_id=458"},"modified":"2025-08-18T17:25:51","modified_gmt":"2025-08-18T17:25:51","slug":"aviator","status":"publish","type":"page","link":"https:\/\/megapari.promo\/fi\/bonus\/aviator\/","title":{"rendered":"Aviator"},"content":{"rendered":"","protected":false},"excerpt":{"rendered":"","protected":false},"author":1,"featured_media":0,"parent":152,"menu_order":0,"comment_status":"closed","ping_status":"closed","template":"","meta":{"inline_featured_image":false,"footnotes":""},"yoast_head":"<!-- This site is optimized with the Yoast SEO plugin v20.13 - https:\/\/yoast.com\/wordpress\/plugins\/seo\/ -->\n<title>Aviator Megapari \u1409 60 ilmaiskierrosta joka sunnuntai!<\/title>\n<meta name=\"description\" content=\"Lenn\u00e4 korkealle Aviatorissa ilmaiseksi Megapari kanssa! Lis\u00e4\u00e4 saldoasi joka sunnuntai ja saat jopa 60 ilmaiskierrosta. Ota kaikki irti suosikkipelist\u00e4si!\" \/>\n<meta name=\"robots\" content=\"index, follow, max-snippet:-1, max-image-preview:large, max-video-preview:-1\" \/>\n<meta property=\"og:locale\" content=\"fi_FI\" \/>\n<meta property=\"og:type\" content=\"article\" \/>\n<meta property=\"og:title\" content=\"Aviator Megapari \u1409 60 ilmaiskierrosta joka sunnuntai!\" \/>\n<meta property=\"og:description\" content=\"Lenn\u00e4 korkealle Aviatorissa ilmaiseksi Megapari kanssa! Lis\u00e4\u00e4 saldoasi joka sunnuntai ja saat jopa 60 ilmaiskierrosta. Ota kaikki irti suosikkipelist\u00e4si!\" \/>\n<meta property=\"og:url\" content=\"https:\/\/megapari.promo\/fi\/bonus\/aviator\/\" \/>\n<meta property=\"og:site_name\" content=\"Megapari Win fi\" \/>\n<meta property=\"article:modified_time\" content=\"2025-08-18T17:25:51+00:00\" \/>\n<meta name=\"twitter:card\" content=\"summary_large_image\" \/>\n<script type=\"application\/ld+json\" class=\"yoast-schema-graph\">{\"@context\":\"https:\/\/schema.org\",\"@graph\":[{\"@type\":\"WebPage\",\"@id\":\"https:\/\/megapari.promo\/fi\/bonus\/aviator\/\",\"url\":\"https:\/\/megapari.promo\/fi\/bonus\/aviator\/\",\"name\":\"Aviator Megapari \u1409 60 ilmaiskierrosta joka sunnuntai!\",\"isPartOf\":{\"@id\":\"https:\/\/megapari.promo\/fi\/#website\"},\"datePublished\":\"2025-06-24T06:57:52+00:00\",\"dateModified\":\"2025-08-18T17:25:51+00:00\",\"description\":\"Lenn\u00e4 korkealle Aviatorissa ilmaiseksi Megapari kanssa! Lis\u00e4\u00e4 saldoasi joka sunnuntai ja saat jopa 60 ilmaiskierrosta. Ota kaikki irti suosikkipelist\u00e4si!\",\"breadcrumb\":{\"@id\":\"https:\/\/megapari.promo\/fi\/bonus\/aviator\/#breadcrumb\"},\"inLanguage\":\"fi\",\"potentialAction\":[{\"@type\":\"ReadAction\",\"target\":[\"https:\/\/megapari.promo\/fi\/bonus\/aviator\/\"]}]},{\"@type\":\"BreadcrumbList\",\"@id\":\"https:\/\/megapari.promo\/fi\/bonus\/aviator\/#breadcrumb\",\"itemListElement\":[{\"@type\":\"ListItem\",\"position\":1,\"name\":\"\u0413\u043b\u0430\u0432\u043d\u0430\u044f \u0441\u0442\u0440\u0430\u043d\u0438\u0446\u0430\",\"item\":\"https:\/\/megapari.promo\/fi\/\"},{\"@type\":\"ListItem\",\"position\":2,\"name\":\"Bonus\",\"item\":\"https:\/\/megapari.promo\/fi\/bonus\/\"},{\"@type\":\"ListItem\",\"position\":3,\"name\":\"Aviator\"}]},{\"@type\":\"WebSite\",\"@id\":\"https:\/\/megapari.promo\/fi\/#website\",\"url\":\"https:\/\/megapari.promo\/fi\/\",\"name\":\"Megapari Win fi\",\"description\":\"My WordPress Blog\",\"potentialAction\":[{\"@type\":\"SearchAction\",\"target\":{\"@type\":\"EntryPoint\",\"urlTemplate\":\"https:\/\/megapari.promo\/fi\/?s={search_term_string}\"},\"query-input\":\"required name=search_term_string\"}],\"inLanguage\":\"fi\"}]}<\/script>\n<!-- \/ Yoast SEO plugin. -->","yoast_head_json":{"title":"Aviator Megapari \u1409 60 ilmaiskierrosta joka sunnuntai!","description":"Lenn\u00e4 korkealle Aviatorissa ilmaiseksi Megapari kanssa! Lis\u00e4\u00e4 saldoasi joka sunnuntai ja saat jopa 60 ilmaiskierrosta. Ota kaikki irti suosikkipelist\u00e4si!","robots":{"index":"index","follow":"follow","max-snippet":"max-snippet:-1","max-image-preview":"max-image-preview:large","max-video-preview":"max-video-preview:-1"},"og_locale":"fi_FI","og_type":"article","og_title":"Aviator Megapari \u1409 60 ilmaiskierrosta joka sunnuntai!","og_description":"Lenn\u00e4 korkealle Aviatorissa ilmaiseksi Megapari kanssa! Lis\u00e4\u00e4 saldoasi joka sunnuntai ja saat jopa 60 ilmaiskierrosta. Ota kaikki irti suosikkipelist\u00e4si!","og_url":"https:\/\/megapari.promo\/fi\/bonus\/aviator\/","og_site_name":"Megapari Win fi","article_modified_time":"2025-08-18T17:25:51+00:00","twitter_card":"summary_large_image","schema":{"@context":"https:\/\/schema.org","@graph":[{"@type":"WebPage","@id":"https:\/\/megapari.promo\/fi\/bonus\/aviator\/","url":"https:\/\/megapari.promo\/fi\/bonus\/aviator\/","name":"Aviator Megapari \u1409 60 ilmaiskierrosta joka sunnuntai!","isPartOf":{"@id":"https:\/\/megapari.promo\/fi\/#website"},"datePublished":"2025-06-24T06:57:52+00:00","dateModified":"2025-08-18T17:25:51+00:00","description":"Lenn\u00e4 korkealle Aviatorissa ilmaiseksi Megapari kanssa! Lis\u00e4\u00e4 saldoasi joka sunnuntai ja saat jopa 60 ilmaiskierrosta. Ota kaikki irti suosikkipelist\u00e4si!","breadcrumb":{"@id":"https:\/\/megapari.promo\/fi\/bonus\/aviator\/#breadcrumb"},"inLanguage":"fi","potentialAction":[{"@type":"ReadAction","target":["https:\/\/megapari.promo\/fi\/bonus\/aviator\/"]}]},{"@type":"BreadcrumbList","@id":"https:\/\/megapari.promo\/fi\/bonus\/aviator\/#breadcrumb","itemListElement":[{"@type":"ListItem","position":1,"name":"\u0413\u043b\u0430\u0432\u043d\u0430\u044f \u0441\u0442\u0440\u0430\u043d\u0438\u0446\u0430","item":"https:\/\/megapari.promo\/fi\/"},{"@type":"ListItem","position":2,"name":"Bonus","item":"https:\/\/megapari.promo\/fi\/bonus\/"},{"@type":"ListItem","position":3,"name":"Aviator"}]},{"@type":"WebSite","@id":"https:\/\/megapari.promo\/fi\/#website","url":"https:\/\/megapari.promo\/fi\/","name":"Megapari Win fi","description":"My WordPress Blog","potentialAction":[{"@type":"SearchAction","target":{"@type":"EntryPoint","urlTemplate":"https:\/\/megapari.promo\/fi\/?s={search_term_string}"},"query-input":"required name=search_term_string"}],"inLanguage":"fi"}]}},"_links":{"self":[{"href":"https:\/\/megapari.promo\/fi\/wp-json\/wp\/v2\/pages\/458"}],"collection":[{"href":"https:\/\/megapari.promo\/fi\/wp-json\/wp\/v2\/pages"}],"about":[{"href":"https:\/\/megapari.promo\/fi\/wp-json\/wp\/v2\/types\/page"}],"author":[{"embeddable":true,"href":"https:\/\/megapari.promo\/fi\/wp-json\/wp\/v2\/users\/1"}],"replies":[{"embeddable":true,"href":"https:\/\/megapari.promo\/fi\/wp-json\/wp\/v2\/comments?post=458"}],"version-history":[{"count":4,"href":"https:\/\/megapari.promo\/fi\/wp-json\/wp\/v2\/pages\/458\/revisions"}],"predecessor-version":[{"id":607,"href":"https:\/\/megapari.promo\/fi\/wp-json\/wp\/v2\/pages\/458\/revisions\/607"}],"up":[{"embeddable":true,"href":"https:\/\/megapari.promo\/fi\/wp-json\/wp\/v2\/pages\/152"}],"wp:attachment":[{"href":"https:\/\/megapari.promo\/fi\/wp-json\/wp\/v2\/media?parent=458"}],"curies":[{"name":"wp","href":"https:\/\/api.w.org\/{rel}","templated":true}]}}