{"id":152,"date":"2023-05-18T17:39:43","date_gmt":"2023-05-18T17:39:43","guid":{"rendered":"https:\/\/megapari.promo\/fr\/?page_id=152"},"modified":"2025-10-14T19:01:20","modified_gmt":"2025-10-14T19:01:20","slug":"bonus","status":"publish","type":"page","link":"https:\/\/megapari.promo\/fr\/bonus\/","title":{"rendered":"Bonus"},"content":{"rendered":"","protected":false},"excerpt":{"rendered":"","protected":false},"author":1,"featured_media":0,"parent":0,"menu_order":0,"comment_status":"closed","ping_status":"closed","template":"","meta":{"inline_featured_image":false,"footnotes":""},"yoast_head":"<!-- This site is optimized with the Yoast SEO plugin v20.13 - https:\/\/yoast.com\/wordpress\/plugins\/seo\/ -->\n<title>Bonus Megapari: \u2714\ufe0fObtenez 100 % sur votre d\u00e9p\u00f4t jusqu&#039;\u00e0 1500 \u20ac<\/title>\n<meta name=\"description\" content=\"Guide complet sur les bonus et offres sp\u00e9ciales Megapari pour les joueurs en 2025 \u2714\ufe0f Bonus sans d\u00e9p\u00f4t, bonus d&#039;inscription au casino, cashback, code promo et plus encore\" \/>\n<meta name=\"robots\" content=\"index, follow, max-snippet:-1, max-image-preview:large, max-video-preview:-1\" \/>\n<meta property=\"og:locale\" content=\"fr_FR\" \/>\n<meta property=\"og:type\" content=\"article\" \/>\n<meta property=\"og:title\" content=\"Bonus Megapari: \u2714\ufe0fObtenez 100 % sur votre d\u00e9p\u00f4t jusqu&#039;\u00e0 1500 \u20ac\" \/>\n<meta property=\"og:description\" content=\"Guide complet sur les bonus et offres sp\u00e9ciales Megapari pour les joueurs en 2025 \u2714\ufe0f Bonus sans d\u00e9p\u00f4t, bonus d&#039;inscription au casino, cashback, code promo et plus encore\" \/>\n<meta property=\"og:url\" content=\"https:\/\/megapari.promo\/fr\/bonus\/\" \/>\n<meta property=\"og:site_name\" content=\"Megapari Win FR\" \/>\n<meta property=\"article:modified_time\" content=\"2025-10-14T19:01:20+00:00\" \/>\n<meta name=\"twitter:card\" content=\"summary_large_image\" \/>\n<script type=\"application\/ld+json\" class=\"yoast-schema-graph\">{\"@context\":\"https:\/\/schema.org\",\"@graph\":[{\"@type\":\"WebPage\",\"@id\":\"https:\/\/megapari.promo\/fr\/bonus\/\",\"url\":\"https:\/\/megapari.promo\/fr\/bonus\/\",\"name\":\"Bonus Megapari: \u2714\ufe0fObtenez 100 % sur votre d\u00e9p\u00f4t jusqu'\u00e0 1500 \u20ac\",\"isPartOf\":{\"@id\":\"https:\/\/megapari.promo\/fr\/#website\"},\"datePublished\":\"2023-05-18T17:39:43+00:00\",\"dateModified\":\"2025-10-14T19:01:20+00:00\",\"description\":\"Guide complet sur les bonus et offres sp\u00e9ciales Megapari pour les joueurs en 2025 \u2714\ufe0f Bonus sans d\u00e9p\u00f4t, bonus d'inscription au casino, cashback, code promo et plus encore\",\"breadcrumb\":{\"@id\":\"https:\/\/megapari.promo\/fr\/bonus\/#breadcrumb\"},\"inLanguage\":\"fr-FR\",\"potentialAction\":[{\"@type\":\"ReadAction\",\"target\":[\"https:\/\/megapari.promo\/fr\/bonus\/\"]}]},{\"@type\":\"BreadcrumbList\",\"@id\":\"https:\/\/megapari.promo\/fr\/bonus\/#breadcrumb\",\"itemListElement\":[{\"@type\":\"ListItem\",\"position\":1,\"name\":\"\u0413\u043b\u0430\u0432\u043d\u0430\u044f \u0441\u0442\u0440\u0430\u043d\u0438\u0446\u0430\",\"item\":\"https:\/\/megapari.promo\/fr\/\"},{\"@type\":\"ListItem\",\"position\":2,\"name\":\"Bonus\"}]},{\"@type\":\"WebSite\",\"@id\":\"https:\/\/megapari.promo\/fr\/#website\",\"url\":\"https:\/\/megapari.promo\/fr\/\",\"name\":\"Megapari Win FR\",\"description\":\"My WordPress Blog\",\"potentialAction\":[{\"@type\":\"SearchAction\",\"target\":{\"@type\":\"EntryPoint\",\"urlTemplate\":\"https:\/\/megapari.promo\/fr\/?s={search_term_string}\"},\"query-input\":\"required name=search_term_string\"}],\"inLanguage\":\"fr-FR\"}]}<\/script>\n<!-- \/ Yoast SEO plugin. -->","yoast_head_json":{"title":"Bonus Megapari: \u2714\ufe0fObtenez 100 % sur votre d\u00e9p\u00f4t jusqu'\u00e0 1500 \u20ac","description":"Guide complet sur les bonus et offres sp\u00e9ciales Megapari pour les joueurs en 2025 \u2714\ufe0f Bonus sans d\u00e9p\u00f4t, bonus d'inscription au casino, cashback, code promo et plus encore","robots":{"index":"index","follow":"follow","max-snippet":"max-snippet:-1","max-image-preview":"max-image-preview:large","max-video-preview":"max-video-preview:-1"},"og_locale":"fr_FR","og_type":"article","og_title":"Bonus Megapari: \u2714\ufe0fObtenez 100 % sur votre d\u00e9p\u00f4t jusqu'\u00e0 1500 \u20ac","og_description":"Guide complet sur les bonus et offres sp\u00e9ciales Megapari pour les joueurs en 2025 \u2714\ufe0f Bonus sans d\u00e9p\u00f4t, bonus d'inscription au casino, cashback, code promo et plus encore","og_url":"https:\/\/megapari.promo\/fr\/bonus\/","og_site_name":"Megapari Win FR","article_modified_time":"2025-10-14T19:01:20+00:00","twitter_card":"summary_large_image","schema":{"@context":"https:\/\/schema.org","@graph":[{"@type":"WebPage","@id":"https:\/\/megapari.promo\/fr\/bonus\/","url":"https:\/\/megapari.promo\/fr\/bonus\/","name":"Bonus Megapari: \u2714\ufe0fObtenez 100 % sur votre d\u00e9p\u00f4t jusqu'\u00e0 1500 \u20ac","isPartOf":{"@id":"https:\/\/megapari.promo\/fr\/#website"},"datePublished":"2023-05-18T17:39:43+00:00","dateModified":"2025-10-14T19:01:20+00:00","description":"Guide complet sur les bonus et offres sp\u00e9ciales Megapari pour les joueurs en 2025 \u2714\ufe0f Bonus sans d\u00e9p\u00f4t, bonus d'inscription au casino, cashback, code promo et plus encore","breadcrumb":{"@id":"https:\/\/megapari.promo\/fr\/bonus\/#breadcrumb"},"inLanguage":"fr-FR","potentialAction":[{"@type":"ReadAction","target":["https:\/\/megapari.promo\/fr\/bonus\/"]}]},{"@type":"BreadcrumbList","@id":"https:\/\/megapari.promo\/fr\/bonus\/#breadcrumb","itemListElement":[{"@type":"ListItem","position":1,"name":"\u0413\u043b\u0430\u0432\u043d\u0430\u044f \u0441\u0442\u0440\u0430\u043d\u0438\u0446\u0430","item":"https:\/\/megapari.promo\/fr\/"},{"@type":"ListItem","position":2,"name":"Bonus"}]},{"@type":"WebSite","@id":"https:\/\/megapari.promo\/fr\/#website","url":"https:\/\/megapari.promo\/fr\/","name":"Megapari Win FR","description":"My WordPress Blog","potentialAction":[{"@type":"SearchAction","target":{"@type":"EntryPoint","urlTemplate":"https:\/\/megapari.promo\/fr\/?s={search_term_string}"},"query-input":"required name=search_term_string"}],"inLanguage":"fr-FR"}]}},"_links":{"self":[{"href":"https:\/\/megapari.promo\/fr\/wp-json\/wp\/v2\/pages\/152"}],"collection":[{"href":"https:\/\/megapari.promo\/fr\/wp-json\/wp\/v2\/pages"}],"about":[{"href":"https:\/\/megapari.promo\/fr\/wp-json\/wp\/v2\/types\/page"}],"author":[{"embeddable":true,"href":"https:\/\/megapari.promo\/fr\/wp-json\/wp\/v2\/users\/1"}],"replies":[{"embeddable":true,"href":"https:\/\/megapari.promo\/fr\/wp-json\/wp\/v2\/comments?post=152"}],"version-history":[{"count":39,"href":"https:\/\/megapari.promo\/fr\/wp-json\/wp\/v2\/pages\/152\/revisions"}],"predecessor-version":[{"id":602,"href":"https:\/\/megapari.promo\/fr\/wp-json\/wp\/v2\/pages\/152\/revisions\/602"}],"wp:attachment":[{"href":"https:\/\/megapari.promo\/fr\/wp-json\/wp\/v2\/media?parent=152"}],"curies":[{"name":"wp","href":"https:\/\/api.w.org\/{rel}","templated":true}]}}