{"id":2,"date":"2023-05-18T17:18:34","date_gmt":"2023-05-18T17:18:34","guid":{"rendered":"https:\/\/megapari.promo\/fr\/?page_id=2"},"modified":"2025-10-14T18:55:33","modified_gmt":"2025-10-14T18:55:33","slug":"sample-page","status":"publish","type":"page","link":"https:\/\/megapari.promo\/fr\/","title":{"rendered":"Accueil"},"content":{"rendered":"","protected":false},"excerpt":{"rendered":"","protected":false},"author":1,"featured_media":0,"parent":0,"menu_order":0,"comment_status":"closed","ping_status":"open","template":"","meta":{"inline_featured_image":false,"footnotes":""},"yoast_head":"<!-- This site is optimized with the Yoast SEO plugin v20.13 - https:\/\/yoast.com\/wordpress\/plugins\/seo\/ -->\n<title>Megapari Ann\u00e9e en cours: Site officiel des paris sportifs<\/title>\n<meta name=\"description\" content=\"Commencez \u00e0 parier sur diff\u00e9rents sports et profitez du casino avec le bookmaker officiel Megapari \u2714\ufe0f B\u00e9n\u00e9ficiez des meilleures conditions possibles et d&#039;un bonus de bienvenue de 100 % pour les nouveaux joueurs.\" \/>\n<meta name=\"robots\" content=\"index, follow, max-snippet:-1, max-image-preview:large, max-video-preview:-1\" \/>\n<meta property=\"og:locale\" content=\"fr_FR\" \/>\n<meta property=\"og:type\" content=\"article\" \/>\n<meta property=\"og:title\" content=\"Megapari Ann\u00e9e en cours: Site officiel des paris sportifs\" \/>\n<meta property=\"og:description\" content=\"Commencez \u00e0 parier sur diff\u00e9rents sports et profitez du casino avec le bookmaker officiel Megapari \u2714\ufe0f B\u00e9n\u00e9ficiez des meilleures conditions possibles et d&#039;un bonus de bienvenue de 100 % pour les nouveaux joueurs.\" \/>\n<meta property=\"og:url\" content=\"https:\/\/megapari.promo\/fr\/\" \/>\n<meta property=\"og:site_name\" content=\"Megapari Win FR\" \/>\n<meta property=\"article:modified_time\" content=\"2025-10-14T18:55:33+00:00\" \/>\n<meta name=\"twitter:card\" content=\"summary_large_image\" \/>\n<script type=\"application\/ld+json\" class=\"yoast-schema-graph\">{\"@context\":\"https:\/\/schema.org\",\"@graph\":[{\"@type\":\"WebPage\",\"@id\":\"https:\/\/megapari.promo\/fr\/\",\"url\":\"https:\/\/megapari.promo\/fr\/\",\"name\":\"Megapari Ann\u00e9e en cours: Site officiel des paris sportifs\",\"isPartOf\":{\"@id\":\"https:\/\/megapari.promo\/fr\/#website\"},\"datePublished\":\"2023-05-18T17:18:34+00:00\",\"dateModified\":\"2025-10-14T18:55:33+00:00\",\"description\":\"Commencez \u00e0 parier sur diff\u00e9rents sports et profitez du casino avec le bookmaker officiel Megapari \u2714\ufe0f B\u00e9n\u00e9ficiez des meilleures conditions possibles et d'un bonus de bienvenue de 100 % pour les nouveaux joueurs.\",\"breadcrumb\":{\"@id\":\"https:\/\/megapari.promo\/fr\/#breadcrumb\"},\"inLanguage\":\"fr-FR\",\"potentialAction\":[{\"@type\":\"ReadAction\",\"target\":[\"https:\/\/megapari.promo\/fr\/\"]}]},{\"@type\":\"BreadcrumbList\",\"@id\":\"https:\/\/megapari.promo\/fr\/#breadcrumb\",\"itemListElement\":[{\"@type\":\"ListItem\",\"position\":1,\"name\":\"\u0413\u043b\u0430\u0432\u043d\u0430\u044f \u0441\u0442\u0440\u0430\u043d\u0438\u0446\u0430\",\"item\":\"https:\/\/megapari.promo\/fr\/\"},{\"@type\":\"ListItem\",\"position\":2,\"name\":\"Accueil\"}]},{\"@type\":\"WebSite\",\"@id\":\"https:\/\/megapari.promo\/fr\/#website\",\"url\":\"https:\/\/megapari.promo\/fr\/\",\"name\":\"Megapari Win FR\",\"description\":\"My WordPress Blog\",\"potentialAction\":[{\"@type\":\"SearchAction\",\"target\":{\"@type\":\"EntryPoint\",\"urlTemplate\":\"https:\/\/megapari.promo\/fr\/?s={search_term_string}\"},\"query-input\":\"required name=search_term_string\"}],\"inLanguage\":\"fr-FR\"}]}<\/script>\n<!-- \/ Yoast SEO plugin. -->","yoast_head_json":{"title":"Megapari Ann\u00e9e en cours: Site officiel des paris sportifs","description":"Commencez \u00e0 parier sur diff\u00e9rents sports et profitez du casino avec le bookmaker officiel Megapari \u2714\ufe0f B\u00e9n\u00e9ficiez des meilleures conditions possibles et d'un bonus de bienvenue de 100 % pour les nouveaux joueurs.","robots":{"index":"index","follow":"follow","max-snippet":"max-snippet:-1","max-image-preview":"max-image-preview:large","max-video-preview":"max-video-preview:-1"},"og_locale":"fr_FR","og_type":"article","og_title":"Megapari Ann\u00e9e en cours: Site officiel des paris sportifs","og_description":"Commencez \u00e0 parier sur diff\u00e9rents sports et profitez du casino avec le bookmaker officiel Megapari \u2714\ufe0f B\u00e9n\u00e9ficiez des meilleures conditions possibles et d'un bonus de bienvenue de 100 % pour les nouveaux joueurs.","og_url":"https:\/\/megapari.promo\/fr\/","og_site_name":"Megapari Win FR","article_modified_time":"2025-10-14T18:55:33+00:00","twitter_card":"summary_large_image","schema":{"@context":"https:\/\/schema.org","@graph":[{"@type":"WebPage","@id":"https:\/\/megapari.promo\/fr\/","url":"https:\/\/megapari.promo\/fr\/","name":"Megapari Ann\u00e9e en cours: Site officiel des paris sportifs","isPartOf":{"@id":"https:\/\/megapari.promo\/fr\/#website"},"datePublished":"2023-05-18T17:18:34+00:00","dateModified":"2025-10-14T18:55:33+00:00","description":"Commencez \u00e0 parier sur diff\u00e9rents sports et profitez du casino avec le bookmaker officiel Megapari \u2714\ufe0f B\u00e9n\u00e9ficiez des meilleures conditions possibles et d'un bonus de bienvenue de 100 % pour les nouveaux joueurs.","breadcrumb":{"@id":"https:\/\/megapari.promo\/fr\/#breadcrumb"},"inLanguage":"fr-FR","potentialAction":[{"@type":"ReadAction","target":["https:\/\/megapari.promo\/fr\/"]}]},{"@type":"BreadcrumbList","@id":"https:\/\/megapari.promo\/fr\/#breadcrumb","itemListElement":[{"@type":"ListItem","position":1,"name":"\u0413\u043b\u0430\u0432\u043d\u0430\u044f \u0441\u0442\u0440\u0430\u043d\u0438\u0446\u0430","item":"https:\/\/megapari.promo\/fr\/"},{"@type":"ListItem","position":2,"name":"Accueil"}]},{"@type":"WebSite","@id":"https:\/\/megapari.promo\/fr\/#website","url":"https:\/\/megapari.promo\/fr\/","name":"Megapari Win FR","description":"My WordPress Blog","potentialAction":[{"@type":"SearchAction","target":{"@type":"EntryPoint","urlTemplate":"https:\/\/megapari.promo\/fr\/?s={search_term_string}"},"query-input":"required name=search_term_string"}],"inLanguage":"fr-FR"}]}},"_links":{"self":[{"href":"https:\/\/megapari.promo\/fr\/wp-json\/wp\/v2\/pages\/2"}],"collection":[{"href":"https:\/\/megapari.promo\/fr\/wp-json\/wp\/v2\/pages"}],"about":[{"href":"https:\/\/megapari.promo\/fr\/wp-json\/wp\/v2\/types\/page"}],"author":[{"embeddable":true,"href":"https:\/\/megapari.promo\/fr\/wp-json\/wp\/v2\/users\/1"}],"replies":[{"embeddable":true,"href":"https:\/\/megapari.promo\/fr\/wp-json\/wp\/v2\/comments?post=2"}],"version-history":[{"count":81,"href":"https:\/\/megapari.promo\/fr\/wp-json\/wp\/v2\/pages\/2\/revisions"}],"predecessor-version":[{"id":623,"href":"https:\/\/megapari.promo\/fr\/wp-json\/wp\/v2\/pages\/2\/revisions\/623"}],"wp:attachment":[{"href":"https:\/\/megapari.promo\/fr\/wp-json\/wp\/v2\/media?parent=2"}],"curies":[{"name":"wp","href":"https:\/\/api.w.org\/{rel}","templated":true}]}}