{"id":310,"date":"2025-04-06T13:08:02","date_gmt":"2025-04-06T13:08:02","guid":{"rendered":"https:\/\/megapari.promo\/fr\/?page_id=310"},"modified":"2025-10-14T19:00:34","modified_gmt":"2025-10-14T19:00:34","slug":"apk","status":"publish","type":"page","link":"https:\/\/megapari.promo\/fr\/apk\/","title":{"rendered":"Apk"},"content":{"rendered":"","protected":false},"excerpt":{"rendered":"","protected":false},"author":1,"featured_media":0,"parent":0,"menu_order":0,"comment_status":"closed","ping_status":"closed","template":"","meta":{"inline_featured_image":false,"footnotes":""},"yoast_head":"<!-- This site is optimized with the Yoast SEO plugin v20.13 - https:\/\/yoast.com\/wordpress\/plugins\/seo\/ -->\n<title>Megapari Apk \u25b6\ufe0f Comment t\u00e9l\u00e9charger et jouer<\/title>\n<meta name=\"description\" content=\"Megapari apk est un moyen pratique d&#039;acc\u00e9der aux boutiques de paris et aux casinos lors de vos d\u00e9placements. Megapari Apk pour Android offre une interface optimis\u00e9e et une offre de bonus exclusive.\" \/>\n<meta name=\"robots\" content=\"index, follow, max-snippet:-1, max-image-preview:large, max-video-preview:-1\" \/>\n<meta property=\"og:locale\" content=\"fr_FR\" \/>\n<meta property=\"og:type\" content=\"article\" \/>\n<meta property=\"og:title\" content=\"Megapari Apk \u25b6\ufe0f Comment t\u00e9l\u00e9charger et jouer\" \/>\n<meta property=\"og:description\" content=\"Megapari apk est un moyen pratique d&#039;acc\u00e9der aux boutiques de paris et aux casinos lors de vos d\u00e9placements. Megapari Apk pour Android offre une interface optimis\u00e9e et une offre de bonus exclusive.\" \/>\n<meta property=\"og:url\" content=\"https:\/\/megapari.promo\/fr\/apk\/\" \/>\n<meta property=\"og:site_name\" content=\"Megapari Win FR\" \/>\n<meta property=\"article:modified_time\" content=\"2025-10-14T19:00:34+00:00\" \/>\n<meta name=\"twitter:card\" content=\"summary_large_image\" \/>\n<script type=\"application\/ld+json\" class=\"yoast-schema-graph\">{\"@context\":\"https:\/\/schema.org\",\"@graph\":[{\"@type\":\"WebPage\",\"@id\":\"https:\/\/megapari.promo\/fr\/apk\/\",\"url\":\"https:\/\/megapari.promo\/fr\/apk\/\",\"name\":\"Megapari Apk \u25b6\ufe0f Comment t\u00e9l\u00e9charger et jouer\",\"isPartOf\":{\"@id\":\"https:\/\/megapari.promo\/fr\/#website\"},\"datePublished\":\"2025-04-06T13:08:02+00:00\",\"dateModified\":\"2025-10-14T19:00:34+00:00\",\"description\":\"Megapari apk est un moyen pratique d'acc\u00e9der aux boutiques de paris et aux casinos lors de vos d\u00e9placements. Megapari Apk pour Android offre une interface optimis\u00e9e et une offre de bonus exclusive.\",\"breadcrumb\":{\"@id\":\"https:\/\/megapari.promo\/fr\/apk\/#breadcrumb\"},\"inLanguage\":\"fr-FR\",\"potentialAction\":[{\"@type\":\"ReadAction\",\"target\":[\"https:\/\/megapari.promo\/fr\/apk\/\"]}]},{\"@type\":\"BreadcrumbList\",\"@id\":\"https:\/\/megapari.promo\/fr\/apk\/#breadcrumb\",\"itemListElement\":[{\"@type\":\"ListItem\",\"position\":1,\"name\":\"\u0413\u043b\u0430\u0432\u043d\u0430\u044f \u0441\u0442\u0440\u0430\u043d\u0438\u0446\u0430\",\"item\":\"https:\/\/megapari.promo\/fr\/\"},{\"@type\":\"ListItem\",\"position\":2,\"name\":\"Apk\"}]},{\"@type\":\"WebSite\",\"@id\":\"https:\/\/megapari.promo\/fr\/#website\",\"url\":\"https:\/\/megapari.promo\/fr\/\",\"name\":\"Megapari Win FR\",\"description\":\"My WordPress Blog\",\"potentialAction\":[{\"@type\":\"SearchAction\",\"target\":{\"@type\":\"EntryPoint\",\"urlTemplate\":\"https:\/\/megapari.promo\/fr\/?s={search_term_string}\"},\"query-input\":\"required name=search_term_string\"}],\"inLanguage\":\"fr-FR\"}]}<\/script>\n<!-- \/ Yoast SEO plugin. -->","yoast_head_json":{"title":"Megapari Apk \u25b6\ufe0f Comment t\u00e9l\u00e9charger et jouer","description":"Megapari apk est un moyen pratique d'acc\u00e9der aux boutiques de paris et aux casinos lors de vos d\u00e9placements. Megapari Apk pour Android offre une interface optimis\u00e9e et une offre de bonus exclusive.","robots":{"index":"index","follow":"follow","max-snippet":"max-snippet:-1","max-image-preview":"max-image-preview:large","max-video-preview":"max-video-preview:-1"},"og_locale":"fr_FR","og_type":"article","og_title":"Megapari Apk \u25b6\ufe0f Comment t\u00e9l\u00e9charger et jouer","og_description":"Megapari apk est un moyen pratique d'acc\u00e9der aux boutiques de paris et aux casinos lors de vos d\u00e9placements. Megapari Apk pour Android offre une interface optimis\u00e9e et une offre de bonus exclusive.","og_url":"https:\/\/megapari.promo\/fr\/apk\/","og_site_name":"Megapari Win FR","article_modified_time":"2025-10-14T19:00:34+00:00","twitter_card":"summary_large_image","schema":{"@context":"https:\/\/schema.org","@graph":[{"@type":"WebPage","@id":"https:\/\/megapari.promo\/fr\/apk\/","url":"https:\/\/megapari.promo\/fr\/apk\/","name":"Megapari Apk \u25b6\ufe0f Comment t\u00e9l\u00e9charger et jouer","isPartOf":{"@id":"https:\/\/megapari.promo\/fr\/#website"},"datePublished":"2025-04-06T13:08:02+00:00","dateModified":"2025-10-14T19:00:34+00:00","description":"Megapari apk est un moyen pratique d'acc\u00e9der aux boutiques de paris et aux casinos lors de vos d\u00e9placements. Megapari Apk pour Android offre une interface optimis\u00e9e et une offre de bonus exclusive.","breadcrumb":{"@id":"https:\/\/megapari.promo\/fr\/apk\/#breadcrumb"},"inLanguage":"fr-FR","potentialAction":[{"@type":"ReadAction","target":["https:\/\/megapari.promo\/fr\/apk\/"]}]},{"@type":"BreadcrumbList","@id":"https:\/\/megapari.promo\/fr\/apk\/#breadcrumb","itemListElement":[{"@type":"ListItem","position":1,"name":"\u0413\u043b\u0430\u0432\u043d\u0430\u044f \u0441\u0442\u0440\u0430\u043d\u0438\u0446\u0430","item":"https:\/\/megapari.promo\/fr\/"},{"@type":"ListItem","position":2,"name":"Apk"}]},{"@type":"WebSite","@id":"https:\/\/megapari.promo\/fr\/#website","url":"https:\/\/megapari.promo\/fr\/","name":"Megapari Win FR","description":"My WordPress Blog","potentialAction":[{"@type":"SearchAction","target":{"@type":"EntryPoint","urlTemplate":"https:\/\/megapari.promo\/fr\/?s={search_term_string}"},"query-input":"required name=search_term_string"}],"inLanguage":"fr-FR"}]}},"_links":{"self":[{"href":"https:\/\/megapari.promo\/fr\/wp-json\/wp\/v2\/pages\/310"}],"collection":[{"href":"https:\/\/megapari.promo\/fr\/wp-json\/wp\/v2\/pages"}],"about":[{"href":"https:\/\/megapari.promo\/fr\/wp-json\/wp\/v2\/types\/page"}],"author":[{"embeddable":true,"href":"https:\/\/megapari.promo\/fr\/wp-json\/wp\/v2\/users\/1"}],"replies":[{"embeddable":true,"href":"https:\/\/megapari.promo\/fr\/wp-json\/wp\/v2\/comments?post=310"}],"version-history":[{"count":12,"href":"https:\/\/megapari.promo\/fr\/wp-json\/wp\/v2\/pages\/310\/revisions"}],"predecessor-version":[{"id":598,"href":"https:\/\/megapari.promo\/fr\/wp-json\/wp\/v2\/pages\/310\/revisions\/598"}],"wp:attachment":[{"href":"https:\/\/megapari.promo\/fr\/wp-json\/wp\/v2\/media?parent=310"}],"curies":[{"name":"wp","href":"https:\/\/api.w.org\/{rel}","templated":true}]}}