{"id":443,"date":"2025-06-24T05:55:39","date_gmt":"2025-06-24T05:55:39","guid":{"rendered":"https:\/\/megapari.promo\/fr\/?page_id=443"},"modified":"2025-10-14T18:57:19","modified_gmt":"2025-10-14T18:57:19","slug":"10th-deposit-bonus","status":"publish","type":"page","link":"https:\/\/megapari.promo\/fr\/bonus\/10th-deposit-bonus\/","title":{"rendered":"Bonus de 10\u00e8me d\u00e9p\u00f4t"},"content":{"rendered":"","protected":false},"excerpt":{"rendered":"","protected":false},"author":1,"featured_media":0,"parent":152,"menu_order":0,"comment_status":"closed","ping_status":"closed","template":"","meta":{"inline_featured_image":false,"footnotes":""},"yoast_head":"<!-- This site is optimized with the Yoast SEO plugin v20.13 - https:\/\/yoast.com\/wordpress\/plugins\/seo\/ -->\n<title>Bonus sur le 10e d\u00e9p\u00f4t Megapari \u1409 50% de r\u00e9compense<\/title>\n<meta name=\"description\" content=\"Ne manquez pas cette occasion ! Obtenez jusqu&#039;\u00e0 300 EUR de bonus sur votre dixi\u00e8me d\u00e9p\u00f4t chez Megapari ! D\u00e9couvrez comment activer le bonus de 50 % et maximiser vos gains d\u00e8s aujourd&#039;hui.\" \/>\n<meta name=\"robots\" content=\"index, follow, max-snippet:-1, max-image-preview:large, max-video-preview:-1\" \/>\n<meta property=\"og:locale\" content=\"fr_FR\" \/>\n<meta property=\"og:type\" content=\"article\" \/>\n<meta property=\"og:title\" content=\"Bonus sur le 10e d\u00e9p\u00f4t Megapari \u1409 50% de r\u00e9compense\" \/>\n<meta property=\"og:description\" content=\"Ne manquez pas cette occasion ! Obtenez jusqu&#039;\u00e0 300 EUR de bonus sur votre dixi\u00e8me d\u00e9p\u00f4t chez Megapari ! D\u00e9couvrez comment activer le bonus de 50 % et maximiser vos gains d\u00e8s aujourd&#039;hui.\" \/>\n<meta property=\"og:url\" content=\"https:\/\/megapari.promo\/fr\/bonus\/10th-deposit-bonus\/\" \/>\n<meta property=\"og:site_name\" content=\"Megapari Win FR\" \/>\n<meta property=\"article:modified_time\" content=\"2025-10-14T18:57:19+00:00\" \/>\n<meta name=\"twitter:card\" content=\"summary_large_image\" \/>\n<script type=\"application\/ld+json\" class=\"yoast-schema-graph\">{\"@context\":\"https:\/\/schema.org\",\"@graph\":[{\"@type\":\"WebPage\",\"@id\":\"https:\/\/megapari.promo\/fr\/bonus\/10th-deposit-bonus\/\",\"url\":\"https:\/\/megapari.promo\/fr\/bonus\/10th-deposit-bonus\/\",\"name\":\"Bonus sur le 10e d\u00e9p\u00f4t Megapari \u1409 50% de r\u00e9compense\",\"isPartOf\":{\"@id\":\"https:\/\/megapari.promo\/fr\/#website\"},\"datePublished\":\"2025-06-24T05:55:39+00:00\",\"dateModified\":\"2025-10-14T18:57:19+00:00\",\"description\":\"Ne manquez pas cette occasion ! Obtenez jusqu'\u00e0 300 EUR de bonus sur votre dixi\u00e8me d\u00e9p\u00f4t chez Megapari ! D\u00e9couvrez comment activer le bonus de 50 % et maximiser vos gains d\u00e8s aujourd'hui.\",\"breadcrumb\":{\"@id\":\"https:\/\/megapari.promo\/fr\/bonus\/10th-deposit-bonus\/#breadcrumb\"},\"inLanguage\":\"fr-FR\",\"potentialAction\":[{\"@type\":\"ReadAction\",\"target\":[\"https:\/\/megapari.promo\/fr\/bonus\/10th-deposit-bonus\/\"]}]},{\"@type\":\"BreadcrumbList\",\"@id\":\"https:\/\/megapari.promo\/fr\/bonus\/10th-deposit-bonus\/#breadcrumb\",\"itemListElement\":[{\"@type\":\"ListItem\",\"position\":1,\"name\":\"\u0413\u043b\u0430\u0432\u043d\u0430\u044f \u0441\u0442\u0440\u0430\u043d\u0438\u0446\u0430\",\"item\":\"https:\/\/megapari.promo\/fr\/\"},{\"@type\":\"ListItem\",\"position\":2,\"name\":\"Bonus\",\"item\":\"https:\/\/megapari.promo\/fr\/bonus\/\"},{\"@type\":\"ListItem\",\"position\":3,\"name\":\"Bonus de 10\u00e8me d\u00e9p\u00f4t\"}]},{\"@type\":\"WebSite\",\"@id\":\"https:\/\/megapari.promo\/fr\/#website\",\"url\":\"https:\/\/megapari.promo\/fr\/\",\"name\":\"Megapari Win FR\",\"description\":\"My WordPress Blog\",\"potentialAction\":[{\"@type\":\"SearchAction\",\"target\":{\"@type\":\"EntryPoint\",\"urlTemplate\":\"https:\/\/megapari.promo\/fr\/?s={search_term_string}\"},\"query-input\":\"required name=search_term_string\"}],\"inLanguage\":\"fr-FR\"}]}<\/script>\n<!-- \/ Yoast SEO plugin. -->","yoast_head_json":{"title":"Bonus sur le 10e d\u00e9p\u00f4t Megapari \u1409 50% de r\u00e9compense","description":"Ne manquez pas cette occasion ! Obtenez jusqu'\u00e0 300 EUR de bonus sur votre dixi\u00e8me d\u00e9p\u00f4t chez Megapari ! D\u00e9couvrez comment activer le bonus de 50 % et maximiser vos gains d\u00e8s aujourd'hui.","robots":{"index":"index","follow":"follow","max-snippet":"max-snippet:-1","max-image-preview":"max-image-preview:large","max-video-preview":"max-video-preview:-1"},"og_locale":"fr_FR","og_type":"article","og_title":"Bonus sur le 10e d\u00e9p\u00f4t Megapari \u1409 50% de r\u00e9compense","og_description":"Ne manquez pas cette occasion ! Obtenez jusqu'\u00e0 300 EUR de bonus sur votre dixi\u00e8me d\u00e9p\u00f4t chez Megapari ! D\u00e9couvrez comment activer le bonus de 50 % et maximiser vos gains d\u00e8s aujourd'hui.","og_url":"https:\/\/megapari.promo\/fr\/bonus\/10th-deposit-bonus\/","og_site_name":"Megapari Win FR","article_modified_time":"2025-10-14T18:57:19+00:00","twitter_card":"summary_large_image","schema":{"@context":"https:\/\/schema.org","@graph":[{"@type":"WebPage","@id":"https:\/\/megapari.promo\/fr\/bonus\/10th-deposit-bonus\/","url":"https:\/\/megapari.promo\/fr\/bonus\/10th-deposit-bonus\/","name":"Bonus sur le 10e d\u00e9p\u00f4t Megapari \u1409 50% de r\u00e9compense","isPartOf":{"@id":"https:\/\/megapari.promo\/fr\/#website"},"datePublished":"2025-06-24T05:55:39+00:00","dateModified":"2025-10-14T18:57:19+00:00","description":"Ne manquez pas cette occasion ! Obtenez jusqu'\u00e0 300 EUR de bonus sur votre dixi\u00e8me d\u00e9p\u00f4t chez Megapari ! D\u00e9couvrez comment activer le bonus de 50 % et maximiser vos gains d\u00e8s aujourd'hui.","breadcrumb":{"@id":"https:\/\/megapari.promo\/fr\/bonus\/10th-deposit-bonus\/#breadcrumb"},"inLanguage":"fr-FR","potentialAction":[{"@type":"ReadAction","target":["https:\/\/megapari.promo\/fr\/bonus\/10th-deposit-bonus\/"]}]},{"@type":"BreadcrumbList","@id":"https:\/\/megapari.promo\/fr\/bonus\/10th-deposit-bonus\/#breadcrumb","itemListElement":[{"@type":"ListItem","position":1,"name":"\u0413\u043b\u0430\u0432\u043d\u0430\u044f \u0441\u0442\u0440\u0430\u043d\u0438\u0446\u0430","item":"https:\/\/megapari.promo\/fr\/"},{"@type":"ListItem","position":2,"name":"Bonus","item":"https:\/\/megapari.promo\/fr\/bonus\/"},{"@type":"ListItem","position":3,"name":"Bonus de 10\u00e8me d\u00e9p\u00f4t"}]},{"@type":"WebSite","@id":"https:\/\/megapari.promo\/fr\/#website","url":"https:\/\/megapari.promo\/fr\/","name":"Megapari Win FR","description":"My WordPress Blog","potentialAction":[{"@type":"SearchAction","target":{"@type":"EntryPoint","urlTemplate":"https:\/\/megapari.promo\/fr\/?s={search_term_string}"},"query-input":"required name=search_term_string"}],"inLanguage":"fr-FR"}]}},"_links":{"self":[{"href":"https:\/\/megapari.promo\/fr\/wp-json\/wp\/v2\/pages\/443"}],"collection":[{"href":"https:\/\/megapari.promo\/fr\/wp-json\/wp\/v2\/pages"}],"about":[{"href":"https:\/\/megapari.promo\/fr\/wp-json\/wp\/v2\/types\/page"}],"author":[{"embeddable":true,"href":"https:\/\/megapari.promo\/fr\/wp-json\/wp\/v2\/users\/1"}],"replies":[{"embeddable":true,"href":"https:\/\/megapari.promo\/fr\/wp-json\/wp\/v2\/comments?post=443"}],"version-history":[{"count":5,"href":"https:\/\/megapari.promo\/fr\/wp-json\/wp\/v2\/pages\/443\/revisions"}],"predecessor-version":[{"id":603,"href":"https:\/\/megapari.promo\/fr\/wp-json\/wp\/v2\/pages\/443\/revisions\/603"}],"up":[{"embeddable":true,"href":"https:\/\/megapari.promo\/fr\/wp-json\/wp\/v2\/pages\/152"}],"wp:attachment":[{"href":"https:\/\/megapari.promo\/fr\/wp-json\/wp\/v2\/media?parent=443"}],"curies":[{"name":"wp","href":"https:\/\/api.w.org\/{rel}","templated":true}]}}