{"id":452,"date":"2025-06-24T06:29:33","date_gmt":"2025-06-24T06:29:33","guid":{"rendered":"https:\/\/megapari.promo\/fr\/?page_id=452"},"modified":"2025-10-14T18:57:33","modified_gmt":"2025-10-14T18:57:33","slug":"world-cup-freebet","status":"publish","type":"page","link":"https:\/\/megapari.promo\/fr\/bonus\/world-cup-freebet\/","title":{"rendered":"Freebet Coupe du Monde"},"content":{"rendered":"","protected":false},"excerpt":{"rendered":"","protected":false},"author":1,"featured_media":0,"parent":152,"menu_order":0,"comment_status":"closed","ping_status":"closed","template":"","meta":{"inline_featured_image":false,"footnotes":""},"yoast_head":"<!-- This site is optimized with the Yoast SEO plugin v20.13 - https:\/\/yoast.com\/wordpress\/plugins\/seo\/ -->\n<title>Megapari Coupe du monde de la FIFA \u1409 Paris gratuits!<\/title>\n<meta name=\"description\" content=\"Pr\u00e9parez-vous pour la Coupe du monde des clubs avec Megapari ! Participez \u00e0 la loterie de 100 000 EUR et obtenez 10 EUR de paris gratuits. D\u00e9couvrez comment participer \u00e0 cette grande f\u00eate du football et gagner gros !\" \/>\n<meta name=\"robots\" content=\"index, follow, max-snippet:-1, max-image-preview:large, max-video-preview:-1\" \/>\n<meta property=\"og:locale\" content=\"fr_FR\" \/>\n<meta property=\"og:type\" content=\"article\" \/>\n<meta property=\"og:title\" content=\"Megapari Coupe du monde de la FIFA \u1409 Paris gratuits!\" \/>\n<meta property=\"og:description\" content=\"Pr\u00e9parez-vous pour la Coupe du monde des clubs avec Megapari ! Participez \u00e0 la loterie de 100 000 EUR et obtenez 10 EUR de paris gratuits. D\u00e9couvrez comment participer \u00e0 cette grande f\u00eate du football et gagner gros !\" \/>\n<meta property=\"og:url\" content=\"https:\/\/megapari.promo\/fr\/bonus\/world-cup-freebet\/\" \/>\n<meta property=\"og:site_name\" content=\"Megapari Win FR\" \/>\n<meta property=\"article:modified_time\" content=\"2025-10-14T18:57:33+00:00\" \/>\n<meta name=\"twitter:card\" content=\"summary_large_image\" \/>\n<script type=\"application\/ld+json\" class=\"yoast-schema-graph\">{\"@context\":\"https:\/\/schema.org\",\"@graph\":[{\"@type\":\"WebPage\",\"@id\":\"https:\/\/megapari.promo\/fr\/bonus\/world-cup-freebet\/\",\"url\":\"https:\/\/megapari.promo\/fr\/bonus\/world-cup-freebet\/\",\"name\":\"Megapari Coupe du monde de la FIFA \u1409 Paris gratuits!\",\"isPartOf\":{\"@id\":\"https:\/\/megapari.promo\/fr\/#website\"},\"datePublished\":\"2025-06-24T06:29:33+00:00\",\"dateModified\":\"2025-10-14T18:57:33+00:00\",\"description\":\"Pr\u00e9parez-vous pour la Coupe du monde des clubs avec Megapari ! Participez \u00e0 la loterie de 100 000 EUR et obtenez 10 EUR de paris gratuits. D\u00e9couvrez comment participer \u00e0 cette grande f\u00eate du football et gagner gros !\",\"breadcrumb\":{\"@id\":\"https:\/\/megapari.promo\/fr\/bonus\/world-cup-freebet\/#breadcrumb\"},\"inLanguage\":\"fr-FR\",\"potentialAction\":[{\"@type\":\"ReadAction\",\"target\":[\"https:\/\/megapari.promo\/fr\/bonus\/world-cup-freebet\/\"]}]},{\"@type\":\"BreadcrumbList\",\"@id\":\"https:\/\/megapari.promo\/fr\/bonus\/world-cup-freebet\/#breadcrumb\",\"itemListElement\":[{\"@type\":\"ListItem\",\"position\":1,\"name\":\"\u0413\u043b\u0430\u0432\u043d\u0430\u044f \u0441\u0442\u0440\u0430\u043d\u0438\u0446\u0430\",\"item\":\"https:\/\/megapari.promo\/fr\/\"},{\"@type\":\"ListItem\",\"position\":2,\"name\":\"Bonus\",\"item\":\"https:\/\/megapari.promo\/fr\/bonus\/\"},{\"@type\":\"ListItem\",\"position\":3,\"name\":\"Freebet Coupe du Monde\"}]},{\"@type\":\"WebSite\",\"@id\":\"https:\/\/megapari.promo\/fr\/#website\",\"url\":\"https:\/\/megapari.promo\/fr\/\",\"name\":\"Megapari Win FR\",\"description\":\"My WordPress Blog\",\"potentialAction\":[{\"@type\":\"SearchAction\",\"target\":{\"@type\":\"EntryPoint\",\"urlTemplate\":\"https:\/\/megapari.promo\/fr\/?s={search_term_string}\"},\"query-input\":\"required name=search_term_string\"}],\"inLanguage\":\"fr-FR\"}]}<\/script>\n<!-- \/ Yoast SEO plugin. -->","yoast_head_json":{"title":"Megapari Coupe du monde de la FIFA \u1409 Paris gratuits!","description":"Pr\u00e9parez-vous pour la Coupe du monde des clubs avec Megapari ! Participez \u00e0 la loterie de 100 000 EUR et obtenez 10 EUR de paris gratuits. D\u00e9couvrez comment participer \u00e0 cette grande f\u00eate du football et gagner gros !","robots":{"index":"index","follow":"follow","max-snippet":"max-snippet:-1","max-image-preview":"max-image-preview:large","max-video-preview":"max-video-preview:-1"},"og_locale":"fr_FR","og_type":"article","og_title":"Megapari Coupe du monde de la FIFA \u1409 Paris gratuits!","og_description":"Pr\u00e9parez-vous pour la Coupe du monde des clubs avec Megapari ! Participez \u00e0 la loterie de 100 000 EUR et obtenez 10 EUR de paris gratuits. D\u00e9couvrez comment participer \u00e0 cette grande f\u00eate du football et gagner gros !","og_url":"https:\/\/megapari.promo\/fr\/bonus\/world-cup-freebet\/","og_site_name":"Megapari Win FR","article_modified_time":"2025-10-14T18:57:33+00:00","twitter_card":"summary_large_image","schema":{"@context":"https:\/\/schema.org","@graph":[{"@type":"WebPage","@id":"https:\/\/megapari.promo\/fr\/bonus\/world-cup-freebet\/","url":"https:\/\/megapari.promo\/fr\/bonus\/world-cup-freebet\/","name":"Megapari Coupe du monde de la FIFA \u1409 Paris gratuits!","isPartOf":{"@id":"https:\/\/megapari.promo\/fr\/#website"},"datePublished":"2025-06-24T06:29:33+00:00","dateModified":"2025-10-14T18:57:33+00:00","description":"Pr\u00e9parez-vous pour la Coupe du monde des clubs avec Megapari ! Participez \u00e0 la loterie de 100 000 EUR et obtenez 10 EUR de paris gratuits. D\u00e9couvrez comment participer \u00e0 cette grande f\u00eate du football et gagner gros !","breadcrumb":{"@id":"https:\/\/megapari.promo\/fr\/bonus\/world-cup-freebet\/#breadcrumb"},"inLanguage":"fr-FR","potentialAction":[{"@type":"ReadAction","target":["https:\/\/megapari.promo\/fr\/bonus\/world-cup-freebet\/"]}]},{"@type":"BreadcrumbList","@id":"https:\/\/megapari.promo\/fr\/bonus\/world-cup-freebet\/#breadcrumb","itemListElement":[{"@type":"ListItem","position":1,"name":"\u0413\u043b\u0430\u0432\u043d\u0430\u044f \u0441\u0442\u0440\u0430\u043d\u0438\u0446\u0430","item":"https:\/\/megapari.promo\/fr\/"},{"@type":"ListItem","position":2,"name":"Bonus","item":"https:\/\/megapari.promo\/fr\/bonus\/"},{"@type":"ListItem","position":3,"name":"Freebet Coupe du Monde"}]},{"@type":"WebSite","@id":"https:\/\/megapari.promo\/fr\/#website","url":"https:\/\/megapari.promo\/fr\/","name":"Megapari Win FR","description":"My WordPress Blog","potentialAction":[{"@type":"SearchAction","target":{"@type":"EntryPoint","urlTemplate":"https:\/\/megapari.promo\/fr\/?s={search_term_string}"},"query-input":"required name=search_term_string"}],"inLanguage":"fr-FR"}]}},"_links":{"self":[{"href":"https:\/\/megapari.promo\/fr\/wp-json\/wp\/v2\/pages\/452"}],"collection":[{"href":"https:\/\/megapari.promo\/fr\/wp-json\/wp\/v2\/pages"}],"about":[{"href":"https:\/\/megapari.promo\/fr\/wp-json\/wp\/v2\/types\/page"}],"author":[{"embeddable":true,"href":"https:\/\/megapari.promo\/fr\/wp-json\/wp\/v2\/users\/1"}],"replies":[{"embeddable":true,"href":"https:\/\/megapari.promo\/fr\/wp-json\/wp\/v2\/comments?post=452"}],"version-history":[{"count":6,"href":"https:\/\/megapari.promo\/fr\/wp-json\/wp\/v2\/pages\/452\/revisions"}],"predecessor-version":[{"id":608,"href":"https:\/\/megapari.promo\/fr\/wp-json\/wp\/v2\/pages\/452\/revisions\/608"}],"up":[{"embeddable":true,"href":"https:\/\/megapari.promo\/fr\/wp-json\/wp\/v2\/pages\/152"}],"wp:attachment":[{"href":"https:\/\/megapari.promo\/fr\/wp-json\/wp\/v2\/media?parent=452"}],"curies":[{"name":"wp","href":"https:\/\/api.w.org\/{rel}","templated":true}]}}