{"id":152,"date":"2023-05-18T17:39:43","date_gmt":"2023-05-18T17:39:43","guid":{"rendered":"https:\/\/megapari.promo\/hu\/?page_id=152"},"modified":"2025-09-26T07:06:23","modified_gmt":"2025-09-26T07:06:23","slug":"bonus","status":"publish","type":"page","link":"https:\/\/megapari.promo\/hu\/bonus\/","title":{"rendered":"B\u00f3nusz"},"content":{"rendered":"","protected":false},"excerpt":{"rendered":"","protected":false},"author":1,"featured_media":0,"parent":0,"menu_order":0,"comment_status":"closed","ping_status":"closed","template":"","meta":{"inline_featured_image":false,"footnotes":""},"yoast_head":"<!-- This site is optimized with the Yoast SEO plugin v20.13 - https:\/\/yoast.com\/wordpress\/plugins\/seo\/ -->\n<title>Megapari b\u00f3nusz: \u2714\ufe0f100% befizet\u00e9si b\u00f3nusz 600 000 HUF-ig<\/title>\n<meta name=\"description\" content=\"Teljes \u00fatmutat\u00f3 a Megapari b\u00f3nuszokr\u00f3l \u00e9s k\u00fcl\u00f6nleges aj\u00e1nlatokr\u00f3l a j\u00e1t\u00e9kosok sz\u00e1m\u00e1ra 2025-ben \u2714\ufe0f Befizet\u00e9s n\u00e9lk\u00fcli b\u00f3nusz, kaszin\u00f3 regisztr\u00e1ci\u00f3s b\u00f3nusz, cashback, prom\u00f3ci\u00f3s k\u00f3d \u00e9s m\u00e9g sok m\u00e1s\" \/>\n<meta name=\"robots\" content=\"index, follow, max-snippet:-1, max-image-preview:large, max-video-preview:-1\" \/>\n<meta property=\"og:locale\" content=\"hu_HU\" \/>\n<meta property=\"og:type\" content=\"article\" \/>\n<meta property=\"og:title\" content=\"Megapari b\u00f3nusz: \u2714\ufe0f100% befizet\u00e9si b\u00f3nusz 600 000 HUF-ig\" \/>\n<meta property=\"og:description\" content=\"Teljes \u00fatmutat\u00f3 a Megapari b\u00f3nuszokr\u00f3l \u00e9s k\u00fcl\u00f6nleges aj\u00e1nlatokr\u00f3l a j\u00e1t\u00e9kosok sz\u00e1m\u00e1ra 2025-ben \u2714\ufe0f Befizet\u00e9s n\u00e9lk\u00fcli b\u00f3nusz, kaszin\u00f3 regisztr\u00e1ci\u00f3s b\u00f3nusz, cashback, prom\u00f3ci\u00f3s k\u00f3d \u00e9s m\u00e9g sok m\u00e1s\" \/>\n<meta property=\"og:url\" content=\"https:\/\/megapari.promo\/hu\/bonus\/\" \/>\n<meta property=\"og:site_name\" content=\"Megapari Win hu\" \/>\n<meta property=\"article:modified_time\" content=\"2025-09-26T07:06:23+00:00\" \/>\n<meta name=\"twitter:card\" content=\"summary_large_image\" \/>\n<script type=\"application\/ld+json\" class=\"yoast-schema-graph\">{\"@context\":\"https:\/\/schema.org\",\"@graph\":[{\"@type\":\"WebPage\",\"@id\":\"https:\/\/megapari.promo\/hu\/bonus\/\",\"url\":\"https:\/\/megapari.promo\/hu\/bonus\/\",\"name\":\"Megapari b\u00f3nusz: \u2714\ufe0f100% befizet\u00e9si b\u00f3nusz 600 000 HUF-ig\",\"isPartOf\":{\"@id\":\"https:\/\/megapari.promo\/hu\/#website\"},\"datePublished\":\"2023-05-18T17:39:43+00:00\",\"dateModified\":\"2025-09-26T07:06:23+00:00\",\"description\":\"Teljes \u00fatmutat\u00f3 a Megapari b\u00f3nuszokr\u00f3l \u00e9s k\u00fcl\u00f6nleges aj\u00e1nlatokr\u00f3l a j\u00e1t\u00e9kosok sz\u00e1m\u00e1ra 2025-ben \u2714\ufe0f Befizet\u00e9s n\u00e9lk\u00fcli b\u00f3nusz, kaszin\u00f3 regisztr\u00e1ci\u00f3s b\u00f3nusz, cashback, prom\u00f3ci\u00f3s k\u00f3d \u00e9s m\u00e9g sok m\u00e1s\",\"breadcrumb\":{\"@id\":\"https:\/\/megapari.promo\/hu\/bonus\/#breadcrumb\"},\"inLanguage\":\"hu\",\"potentialAction\":[{\"@type\":\"ReadAction\",\"target\":[\"https:\/\/megapari.promo\/hu\/bonus\/\"]}]},{\"@type\":\"BreadcrumbList\",\"@id\":\"https:\/\/megapari.promo\/hu\/bonus\/#breadcrumb\",\"itemListElement\":[{\"@type\":\"ListItem\",\"position\":1,\"name\":\"\u0413\u043b\u0430\u0432\u043d\u0430\u044f \u0441\u0442\u0440\u0430\u043d\u0438\u0446\u0430\",\"item\":\"https:\/\/megapari.promo\/hu\/\"},{\"@type\":\"ListItem\",\"position\":2,\"name\":\"B\u00f3nusz\"}]},{\"@type\":\"WebSite\",\"@id\":\"https:\/\/megapari.promo\/hu\/#website\",\"url\":\"https:\/\/megapari.promo\/hu\/\",\"name\":\"Megapari Win hu\",\"description\":\"My WordPress Blog\",\"potentialAction\":[{\"@type\":\"SearchAction\",\"target\":{\"@type\":\"EntryPoint\",\"urlTemplate\":\"https:\/\/megapari.promo\/hu\/?s={search_term_string}\"},\"query-input\":\"required name=search_term_string\"}],\"inLanguage\":\"hu\"}]}<\/script>\n<!-- \/ Yoast SEO plugin. -->","yoast_head_json":{"title":"Megapari b\u00f3nusz: \u2714\ufe0f100% befizet\u00e9si b\u00f3nusz 600 000 HUF-ig","description":"Teljes \u00fatmutat\u00f3 a Megapari b\u00f3nuszokr\u00f3l \u00e9s k\u00fcl\u00f6nleges aj\u00e1nlatokr\u00f3l a j\u00e1t\u00e9kosok sz\u00e1m\u00e1ra 2025-ben \u2714\ufe0f Befizet\u00e9s n\u00e9lk\u00fcli b\u00f3nusz, kaszin\u00f3 regisztr\u00e1ci\u00f3s b\u00f3nusz, cashback, prom\u00f3ci\u00f3s k\u00f3d \u00e9s m\u00e9g sok m\u00e1s","robots":{"index":"index","follow":"follow","max-snippet":"max-snippet:-1","max-image-preview":"max-image-preview:large","max-video-preview":"max-video-preview:-1"},"og_locale":"hu_HU","og_type":"article","og_title":"Megapari b\u00f3nusz: \u2714\ufe0f100% befizet\u00e9si b\u00f3nusz 600 000 HUF-ig","og_description":"Teljes \u00fatmutat\u00f3 a Megapari b\u00f3nuszokr\u00f3l \u00e9s k\u00fcl\u00f6nleges aj\u00e1nlatokr\u00f3l a j\u00e1t\u00e9kosok sz\u00e1m\u00e1ra 2025-ben \u2714\ufe0f Befizet\u00e9s n\u00e9lk\u00fcli b\u00f3nusz, kaszin\u00f3 regisztr\u00e1ci\u00f3s b\u00f3nusz, cashback, prom\u00f3ci\u00f3s k\u00f3d \u00e9s m\u00e9g sok m\u00e1s","og_url":"https:\/\/megapari.promo\/hu\/bonus\/","og_site_name":"Megapari Win hu","article_modified_time":"2025-09-26T07:06:23+00:00","twitter_card":"summary_large_image","schema":{"@context":"https:\/\/schema.org","@graph":[{"@type":"WebPage","@id":"https:\/\/megapari.promo\/hu\/bonus\/","url":"https:\/\/megapari.promo\/hu\/bonus\/","name":"Megapari b\u00f3nusz: \u2714\ufe0f100% befizet\u00e9si b\u00f3nusz 600 000 HUF-ig","isPartOf":{"@id":"https:\/\/megapari.promo\/hu\/#website"},"datePublished":"2023-05-18T17:39:43+00:00","dateModified":"2025-09-26T07:06:23+00:00","description":"Teljes \u00fatmutat\u00f3 a Megapari b\u00f3nuszokr\u00f3l \u00e9s k\u00fcl\u00f6nleges aj\u00e1nlatokr\u00f3l a j\u00e1t\u00e9kosok sz\u00e1m\u00e1ra 2025-ben \u2714\ufe0f Befizet\u00e9s n\u00e9lk\u00fcli b\u00f3nusz, kaszin\u00f3 regisztr\u00e1ci\u00f3s b\u00f3nusz, cashback, prom\u00f3ci\u00f3s k\u00f3d \u00e9s m\u00e9g sok m\u00e1s","breadcrumb":{"@id":"https:\/\/megapari.promo\/hu\/bonus\/#breadcrumb"},"inLanguage":"hu","potentialAction":[{"@type":"ReadAction","target":["https:\/\/megapari.promo\/hu\/bonus\/"]}]},{"@type":"BreadcrumbList","@id":"https:\/\/megapari.promo\/hu\/bonus\/#breadcrumb","itemListElement":[{"@type":"ListItem","position":1,"name":"\u0413\u043b\u0430\u0432\u043d\u0430\u044f \u0441\u0442\u0440\u0430\u043d\u0438\u0446\u0430","item":"https:\/\/megapari.promo\/hu\/"},{"@type":"ListItem","position":2,"name":"B\u00f3nusz"}]},{"@type":"WebSite","@id":"https:\/\/megapari.promo\/hu\/#website","url":"https:\/\/megapari.promo\/hu\/","name":"Megapari Win hu","description":"My WordPress Blog","potentialAction":[{"@type":"SearchAction","target":{"@type":"EntryPoint","urlTemplate":"https:\/\/megapari.promo\/hu\/?s={search_term_string}"},"query-input":"required name=search_term_string"}],"inLanguage":"hu"}]}},"_links":{"self":[{"href":"https:\/\/megapari.promo\/hu\/wp-json\/wp\/v2\/pages\/152"}],"collection":[{"href":"https:\/\/megapari.promo\/hu\/wp-json\/wp\/v2\/pages"}],"about":[{"href":"https:\/\/megapari.promo\/hu\/wp-json\/wp\/v2\/types\/page"}],"author":[{"embeddable":true,"href":"https:\/\/megapari.promo\/hu\/wp-json\/wp\/v2\/users\/1"}],"replies":[{"embeddable":true,"href":"https:\/\/megapari.promo\/hu\/wp-json\/wp\/v2\/comments?post=152"}],"version-history":[{"count":39,"href":"https:\/\/megapari.promo\/hu\/wp-json\/wp\/v2\/pages\/152\/revisions"}],"predecessor-version":[{"id":602,"href":"https:\/\/megapari.promo\/hu\/wp-json\/wp\/v2\/pages\/152\/revisions\/602"}],"wp:attachment":[{"href":"https:\/\/megapari.promo\/hu\/wp-json\/wp\/v2\/media?parent=152"}],"curies":[{"name":"wp","href":"https:\/\/api.w.org\/{rel}","templated":true}]}}