{"id":310,"date":"2025-04-06T13:08:02","date_gmt":"2025-04-06T13:08:02","guid":{"rendered":"https:\/\/megapari.promo\/hu\/?page_id=310"},"modified":"2025-09-26T06:35:16","modified_gmt":"2025-09-26T06:35:16","slug":"apk","status":"publish","type":"page","link":"https:\/\/megapari.promo\/hu\/apk\/","title":{"rendered":"Apk"},"content":{"rendered":"","protected":false},"excerpt":{"rendered":"","protected":false},"author":1,"featured_media":0,"parent":0,"menu_order":0,"comment_status":"closed","ping_status":"closed","template":"","meta":{"inline_featured_image":false,"footnotes":""},"yoast_head":"<!-- This site is optimized with the Yoast SEO plugin v20.13 - https:\/\/yoast.com\/wordpress\/plugins\/seo\/ -->\n<title>Megapari Apk \u25b6\ufe0f Hogyan lehet let\u00f6lteni \u00e9s j\u00e1tszani<\/title>\n<meta name=\"description\" content=\"A Megapari apk egy k\u00e9nyelmes m\u00f3dja annak, hogy \u00fatk\u00f6zben is hozz\u00e1f\u00e9rjen a fogad\u00f3irod\u00e1khoz \u00e9s kaszin\u00f3khoz. A Megapari Apk for Android optimaliz\u00e1lt fel\u00fcletet \u00e9s exkluz\u00edv b\u00f3nuszaj\u00e1nlatot k\u00edn\u00e1l.\" \/>\n<meta name=\"robots\" content=\"index, follow, max-snippet:-1, max-image-preview:large, max-video-preview:-1\" \/>\n<meta property=\"og:locale\" content=\"hu_HU\" \/>\n<meta property=\"og:type\" content=\"article\" \/>\n<meta property=\"og:title\" content=\"Megapari Apk \u25b6\ufe0f Hogyan lehet let\u00f6lteni \u00e9s j\u00e1tszani\" \/>\n<meta property=\"og:description\" content=\"A Megapari apk egy k\u00e9nyelmes m\u00f3dja annak, hogy \u00fatk\u00f6zben is hozz\u00e1f\u00e9rjen a fogad\u00f3irod\u00e1khoz \u00e9s kaszin\u00f3khoz. A Megapari Apk for Android optimaliz\u00e1lt fel\u00fcletet \u00e9s exkluz\u00edv b\u00f3nuszaj\u00e1nlatot k\u00edn\u00e1l.\" \/>\n<meta property=\"og:url\" content=\"https:\/\/megapari.promo\/hu\/apk\/\" \/>\n<meta property=\"og:site_name\" content=\"Megapari Win hu\" \/>\n<meta property=\"article:modified_time\" content=\"2025-09-26T06:35:16+00:00\" \/>\n<meta name=\"twitter:card\" content=\"summary_large_image\" \/>\n<script type=\"application\/ld+json\" class=\"yoast-schema-graph\">{\"@context\":\"https:\/\/schema.org\",\"@graph\":[{\"@type\":\"WebPage\",\"@id\":\"https:\/\/megapari.promo\/hu\/apk\/\",\"url\":\"https:\/\/megapari.promo\/hu\/apk\/\",\"name\":\"Megapari Apk \u25b6\ufe0f Hogyan lehet let\u00f6lteni \u00e9s j\u00e1tszani\",\"isPartOf\":{\"@id\":\"https:\/\/megapari.promo\/hu\/#website\"},\"datePublished\":\"2025-04-06T13:08:02+00:00\",\"dateModified\":\"2025-09-26T06:35:16+00:00\",\"description\":\"A Megapari apk egy k\u00e9nyelmes m\u00f3dja annak, hogy \u00fatk\u00f6zben is hozz\u00e1f\u00e9rjen a fogad\u00f3irod\u00e1khoz \u00e9s kaszin\u00f3khoz. A Megapari Apk for Android optimaliz\u00e1lt fel\u00fcletet \u00e9s exkluz\u00edv b\u00f3nuszaj\u00e1nlatot k\u00edn\u00e1l.\",\"breadcrumb\":{\"@id\":\"https:\/\/megapari.promo\/hu\/apk\/#breadcrumb\"},\"inLanguage\":\"hu\",\"potentialAction\":[{\"@type\":\"ReadAction\",\"target\":[\"https:\/\/megapari.promo\/hu\/apk\/\"]}]},{\"@type\":\"BreadcrumbList\",\"@id\":\"https:\/\/megapari.promo\/hu\/apk\/#breadcrumb\",\"itemListElement\":[{\"@type\":\"ListItem\",\"position\":1,\"name\":\"\u0413\u043b\u0430\u0432\u043d\u0430\u044f \u0441\u0442\u0440\u0430\u043d\u0438\u0446\u0430\",\"item\":\"https:\/\/megapari.promo\/hu\/\"},{\"@type\":\"ListItem\",\"position\":2,\"name\":\"Apk\"}]},{\"@type\":\"WebSite\",\"@id\":\"https:\/\/megapari.promo\/hu\/#website\",\"url\":\"https:\/\/megapari.promo\/hu\/\",\"name\":\"Megapari Win hu\",\"description\":\"My WordPress Blog\",\"potentialAction\":[{\"@type\":\"SearchAction\",\"target\":{\"@type\":\"EntryPoint\",\"urlTemplate\":\"https:\/\/megapari.promo\/hu\/?s={search_term_string}\"},\"query-input\":\"required name=search_term_string\"}],\"inLanguage\":\"hu\"}]}<\/script>\n<!-- \/ Yoast SEO plugin. -->","yoast_head_json":{"title":"Megapari Apk \u25b6\ufe0f Hogyan lehet let\u00f6lteni \u00e9s j\u00e1tszani","description":"A Megapari apk egy k\u00e9nyelmes m\u00f3dja annak, hogy \u00fatk\u00f6zben is hozz\u00e1f\u00e9rjen a fogad\u00f3irod\u00e1khoz \u00e9s kaszin\u00f3khoz. A Megapari Apk for Android optimaliz\u00e1lt fel\u00fcletet \u00e9s exkluz\u00edv b\u00f3nuszaj\u00e1nlatot k\u00edn\u00e1l.","robots":{"index":"index","follow":"follow","max-snippet":"max-snippet:-1","max-image-preview":"max-image-preview:large","max-video-preview":"max-video-preview:-1"},"og_locale":"hu_HU","og_type":"article","og_title":"Megapari Apk \u25b6\ufe0f Hogyan lehet let\u00f6lteni \u00e9s j\u00e1tszani","og_description":"A Megapari apk egy k\u00e9nyelmes m\u00f3dja annak, hogy \u00fatk\u00f6zben is hozz\u00e1f\u00e9rjen a fogad\u00f3irod\u00e1khoz \u00e9s kaszin\u00f3khoz. A Megapari Apk for Android optimaliz\u00e1lt fel\u00fcletet \u00e9s exkluz\u00edv b\u00f3nuszaj\u00e1nlatot k\u00edn\u00e1l.","og_url":"https:\/\/megapari.promo\/hu\/apk\/","og_site_name":"Megapari Win hu","article_modified_time":"2025-09-26T06:35:16+00:00","twitter_card":"summary_large_image","schema":{"@context":"https:\/\/schema.org","@graph":[{"@type":"WebPage","@id":"https:\/\/megapari.promo\/hu\/apk\/","url":"https:\/\/megapari.promo\/hu\/apk\/","name":"Megapari Apk \u25b6\ufe0f Hogyan lehet let\u00f6lteni \u00e9s j\u00e1tszani","isPartOf":{"@id":"https:\/\/megapari.promo\/hu\/#website"},"datePublished":"2025-04-06T13:08:02+00:00","dateModified":"2025-09-26T06:35:16+00:00","description":"A Megapari apk egy k\u00e9nyelmes m\u00f3dja annak, hogy \u00fatk\u00f6zben is hozz\u00e1f\u00e9rjen a fogad\u00f3irod\u00e1khoz \u00e9s kaszin\u00f3khoz. A Megapari Apk for Android optimaliz\u00e1lt fel\u00fcletet \u00e9s exkluz\u00edv b\u00f3nuszaj\u00e1nlatot k\u00edn\u00e1l.","breadcrumb":{"@id":"https:\/\/megapari.promo\/hu\/apk\/#breadcrumb"},"inLanguage":"hu","potentialAction":[{"@type":"ReadAction","target":["https:\/\/megapari.promo\/hu\/apk\/"]}]},{"@type":"BreadcrumbList","@id":"https:\/\/megapari.promo\/hu\/apk\/#breadcrumb","itemListElement":[{"@type":"ListItem","position":1,"name":"\u0413\u043b\u0430\u0432\u043d\u0430\u044f \u0441\u0442\u0440\u0430\u043d\u0438\u0446\u0430","item":"https:\/\/megapari.promo\/hu\/"},{"@type":"ListItem","position":2,"name":"Apk"}]},{"@type":"WebSite","@id":"https:\/\/megapari.promo\/hu\/#website","url":"https:\/\/megapari.promo\/hu\/","name":"Megapari Win hu","description":"My WordPress Blog","potentialAction":[{"@type":"SearchAction","target":{"@type":"EntryPoint","urlTemplate":"https:\/\/megapari.promo\/hu\/?s={search_term_string}"},"query-input":"required name=search_term_string"}],"inLanguage":"hu"}]}},"_links":{"self":[{"href":"https:\/\/megapari.promo\/hu\/wp-json\/wp\/v2\/pages\/310"}],"collection":[{"href":"https:\/\/megapari.promo\/hu\/wp-json\/wp\/v2\/pages"}],"about":[{"href":"https:\/\/megapari.promo\/hu\/wp-json\/wp\/v2\/types\/page"}],"author":[{"embeddable":true,"href":"https:\/\/megapari.promo\/hu\/wp-json\/wp\/v2\/users\/1"}],"replies":[{"embeddable":true,"href":"https:\/\/megapari.promo\/hu\/wp-json\/wp\/v2\/comments?post=310"}],"version-history":[{"count":12,"href":"https:\/\/megapari.promo\/hu\/wp-json\/wp\/v2\/pages\/310\/revisions"}],"predecessor-version":[{"id":600,"href":"https:\/\/megapari.promo\/hu\/wp-json\/wp\/v2\/pages\/310\/revisions\/600"}],"wp:attachment":[{"href":"https:\/\/megapari.promo\/hu\/wp-json\/wp\/v2\/media?parent=310"}],"curies":[{"name":"wp","href":"https:\/\/api.w.org\/{rel}","templated":true}]}}