{"id":330,"date":"2025-04-07T05:52:51","date_gmt":"2025-04-07T05:52:51","guid":{"rendered":"https:\/\/megapari.promo\/hu\/?page_id=330"},"modified":"2025-09-26T08:18:52","modified_gmt":"2025-09-26T08:18:52","slug":"casino","status":"publish","type":"page","link":"https:\/\/megapari.promo\/hu\/casino\/","title":{"rendered":"Kaszin\u00f3"},"content":{"rendered":"","protected":false},"excerpt":{"rendered":"","protected":false},"author":1,"featured_media":0,"parent":0,"menu_order":0,"comment_status":"closed","ping_status":"closed","template":"","meta":{"inline_featured_image":false,"footnotes":""},"yoast_head":"<!-- This site is optimized with the Yoast SEO plugin v20.13 - https:\/\/yoast.com\/wordpress\/plugins\/seo\/ -->\n<title>Megapari Kaszin\u00f3: \u2611\ufe0f\u00c1ttekint\u00e9s, el\u0151ny\u00f6k \u00e9s legjobb j\u00e1t\u00e9kok<\/title>\n<meta name=\"description\" content=\"Nyissa meg a szerencsej\u00e1t\u00e9k vil\u00e1g\u00e1nak kapuit a Megapari Kaszin\u00f3val! \u0150r\u00fclt b\u00f3nuszok, megb\u00edzhat\u00f3 kifizet\u00e9sek \u00e9s izgalmas j\u00e1t\u00e9kok v\u00e1rnak \u00d6nre. Regisztr\u00e1ljon \u00e9s kezdjen el nyerni m\u00e9g ma!\" \/>\n<meta name=\"robots\" content=\"index, follow, max-snippet:-1, max-image-preview:large, max-video-preview:-1\" \/>\n<meta property=\"og:locale\" content=\"hu_HU\" \/>\n<meta property=\"og:type\" content=\"article\" \/>\n<meta property=\"og:title\" content=\"Megapari Kaszin\u00f3: \u2611\ufe0f\u00c1ttekint\u00e9s, el\u0151ny\u00f6k \u00e9s legjobb j\u00e1t\u00e9kok\" \/>\n<meta property=\"og:description\" content=\"Nyissa meg a szerencsej\u00e1t\u00e9k vil\u00e1g\u00e1nak kapuit a Megapari Kaszin\u00f3val! \u0150r\u00fclt b\u00f3nuszok, megb\u00edzhat\u00f3 kifizet\u00e9sek \u00e9s izgalmas j\u00e1t\u00e9kok v\u00e1rnak \u00d6nre. Regisztr\u00e1ljon \u00e9s kezdjen el nyerni m\u00e9g ma!\" \/>\n<meta property=\"og:url\" content=\"https:\/\/megapari.promo\/hu\/casino\/\" \/>\n<meta property=\"og:site_name\" content=\"Megapari Win hu\" \/>\n<meta property=\"article:modified_time\" content=\"2025-09-26T08:18:52+00:00\" \/>\n<meta name=\"twitter:card\" content=\"summary_large_image\" \/>\n<script type=\"application\/ld+json\" class=\"yoast-schema-graph\">{\"@context\":\"https:\/\/schema.org\",\"@graph\":[{\"@type\":\"WebPage\",\"@id\":\"https:\/\/megapari.promo\/hu\/casino\/\",\"url\":\"https:\/\/megapari.promo\/hu\/casino\/\",\"name\":\"Megapari Kaszin\u00f3: \u2611\ufe0f\u00c1ttekint\u00e9s, el\u0151ny\u00f6k \u00e9s legjobb j\u00e1t\u00e9kok\",\"isPartOf\":{\"@id\":\"https:\/\/megapari.promo\/hu\/#website\"},\"datePublished\":\"2025-04-07T05:52:51+00:00\",\"dateModified\":\"2025-09-26T08:18:52+00:00\",\"description\":\"Nyissa meg a szerencsej\u00e1t\u00e9k vil\u00e1g\u00e1nak kapuit a Megapari Kaszin\u00f3val! \u0150r\u00fclt b\u00f3nuszok, megb\u00edzhat\u00f3 kifizet\u00e9sek \u00e9s izgalmas j\u00e1t\u00e9kok v\u00e1rnak \u00d6nre. Regisztr\u00e1ljon \u00e9s kezdjen el nyerni m\u00e9g ma!\",\"breadcrumb\":{\"@id\":\"https:\/\/megapari.promo\/hu\/casino\/#breadcrumb\"},\"inLanguage\":\"hu\",\"potentialAction\":[{\"@type\":\"ReadAction\",\"target\":[\"https:\/\/megapari.promo\/hu\/casino\/\"]}]},{\"@type\":\"BreadcrumbList\",\"@id\":\"https:\/\/megapari.promo\/hu\/casino\/#breadcrumb\",\"itemListElement\":[{\"@type\":\"ListItem\",\"position\":1,\"name\":\"\u0413\u043b\u0430\u0432\u043d\u0430\u044f \u0441\u0442\u0440\u0430\u043d\u0438\u0446\u0430\",\"item\":\"https:\/\/megapari.promo\/hu\/\"},{\"@type\":\"ListItem\",\"position\":2,\"name\":\"Kaszin\u00f3\"}]},{\"@type\":\"WebSite\",\"@id\":\"https:\/\/megapari.promo\/hu\/#website\",\"url\":\"https:\/\/megapari.promo\/hu\/\",\"name\":\"Megapari Win hu\",\"description\":\"My WordPress Blog\",\"potentialAction\":[{\"@type\":\"SearchAction\",\"target\":{\"@type\":\"EntryPoint\",\"urlTemplate\":\"https:\/\/megapari.promo\/hu\/?s={search_term_string}\"},\"query-input\":\"required name=search_term_string\"}],\"inLanguage\":\"hu\"}]}<\/script>\n<!-- \/ Yoast SEO plugin. -->","yoast_head_json":{"title":"Megapari Kaszin\u00f3: \u2611\ufe0f\u00c1ttekint\u00e9s, el\u0151ny\u00f6k \u00e9s legjobb j\u00e1t\u00e9kok","description":"Nyissa meg a szerencsej\u00e1t\u00e9k vil\u00e1g\u00e1nak kapuit a Megapari Kaszin\u00f3val! \u0150r\u00fclt b\u00f3nuszok, megb\u00edzhat\u00f3 kifizet\u00e9sek \u00e9s izgalmas j\u00e1t\u00e9kok v\u00e1rnak \u00d6nre. Regisztr\u00e1ljon \u00e9s kezdjen el nyerni m\u00e9g ma!","robots":{"index":"index","follow":"follow","max-snippet":"max-snippet:-1","max-image-preview":"max-image-preview:large","max-video-preview":"max-video-preview:-1"},"og_locale":"hu_HU","og_type":"article","og_title":"Megapari Kaszin\u00f3: \u2611\ufe0f\u00c1ttekint\u00e9s, el\u0151ny\u00f6k \u00e9s legjobb j\u00e1t\u00e9kok","og_description":"Nyissa meg a szerencsej\u00e1t\u00e9k vil\u00e1g\u00e1nak kapuit a Megapari Kaszin\u00f3val! \u0150r\u00fclt b\u00f3nuszok, megb\u00edzhat\u00f3 kifizet\u00e9sek \u00e9s izgalmas j\u00e1t\u00e9kok v\u00e1rnak \u00d6nre. Regisztr\u00e1ljon \u00e9s kezdjen el nyerni m\u00e9g ma!","og_url":"https:\/\/megapari.promo\/hu\/casino\/","og_site_name":"Megapari Win hu","article_modified_time":"2025-09-26T08:18:52+00:00","twitter_card":"summary_large_image","schema":{"@context":"https:\/\/schema.org","@graph":[{"@type":"WebPage","@id":"https:\/\/megapari.promo\/hu\/casino\/","url":"https:\/\/megapari.promo\/hu\/casino\/","name":"Megapari Kaszin\u00f3: \u2611\ufe0f\u00c1ttekint\u00e9s, el\u0151ny\u00f6k \u00e9s legjobb j\u00e1t\u00e9kok","isPartOf":{"@id":"https:\/\/megapari.promo\/hu\/#website"},"datePublished":"2025-04-07T05:52:51+00:00","dateModified":"2025-09-26T08:18:52+00:00","description":"Nyissa meg a szerencsej\u00e1t\u00e9k vil\u00e1g\u00e1nak kapuit a Megapari Kaszin\u00f3val! \u0150r\u00fclt b\u00f3nuszok, megb\u00edzhat\u00f3 kifizet\u00e9sek \u00e9s izgalmas j\u00e1t\u00e9kok v\u00e1rnak \u00d6nre. Regisztr\u00e1ljon \u00e9s kezdjen el nyerni m\u00e9g ma!","breadcrumb":{"@id":"https:\/\/megapari.promo\/hu\/casino\/#breadcrumb"},"inLanguage":"hu","potentialAction":[{"@type":"ReadAction","target":["https:\/\/megapari.promo\/hu\/casino\/"]}]},{"@type":"BreadcrumbList","@id":"https:\/\/megapari.promo\/hu\/casino\/#breadcrumb","itemListElement":[{"@type":"ListItem","position":1,"name":"\u0413\u043b\u0430\u0432\u043d\u0430\u044f \u0441\u0442\u0440\u0430\u043d\u0438\u0446\u0430","item":"https:\/\/megapari.promo\/hu\/"},{"@type":"ListItem","position":2,"name":"Kaszin\u00f3"}]},{"@type":"WebSite","@id":"https:\/\/megapari.promo\/hu\/#website","url":"https:\/\/megapari.promo\/hu\/","name":"Megapari Win hu","description":"My WordPress Blog","potentialAction":[{"@type":"SearchAction","target":{"@type":"EntryPoint","urlTemplate":"https:\/\/megapari.promo\/hu\/?s={search_term_string}"},"query-input":"required name=search_term_string"}],"inLanguage":"hu"}]}},"_links":{"self":[{"href":"https:\/\/megapari.promo\/hu\/wp-json\/wp\/v2\/pages\/330"}],"collection":[{"href":"https:\/\/megapari.promo\/hu\/wp-json\/wp\/v2\/pages"}],"about":[{"href":"https:\/\/megapari.promo\/hu\/wp-json\/wp\/v2\/types\/page"}],"author":[{"embeddable":true,"href":"https:\/\/megapari.promo\/hu\/wp-json\/wp\/v2\/users\/1"}],"replies":[{"embeddable":true,"href":"https:\/\/megapari.promo\/hu\/wp-json\/wp\/v2\/comments?post=330"}],"version-history":[{"count":15,"href":"https:\/\/megapari.promo\/hu\/wp-json\/wp\/v2\/pages\/330\/revisions"}],"predecessor-version":[{"id":611,"href":"https:\/\/megapari.promo\/hu\/wp-json\/wp\/v2\/pages\/330\/revisions\/611"}],"wp:attachment":[{"href":"https:\/\/megapari.promo\/hu\/wp-json\/wp\/v2\/media?parent=330"}],"curies":[{"name":"wp","href":"https:\/\/api.w.org\/{rel}","templated":true}]}}