{"id":373,"date":"2025-04-09T05:08:14","date_gmt":"2025-04-09T05:08:14","guid":{"rendered":"https:\/\/megapari.promo\/hu\/?page_id=373"},"modified":"2025-09-26T09:59:43","modified_gmt":"2025-09-26T09:59:43","slug":"registration","status":"publish","type":"page","link":"https:\/\/megapari.promo\/hu\/registration\/","title":{"rendered":"Regisztr\u00e1ci\u00f3"},"content":{"rendered":"","protected":false},"excerpt":{"rendered":"","protected":false},"author":1,"featured_media":0,"parent":0,"menu_order":0,"comment_status":"closed","ping_status":"closed","template":"","meta":{"inline_featured_image":false,"footnotes":""},"yoast_head":"<!-- This site is optimized with the Yoast SEO plugin v20.13 - https:\/\/yoast.com\/wordpress\/plugins\/seo\/ -->\n<title>Megapari regisztr\u00e1ci\u00f3: \ud83d\udd39 Hogyan lehet fi\u00f3kot l\u00e9trehozni?<\/title>\n<meta name=\"description\" content=\"Ismerje meg, hogyan regisztr\u00e1lhat a Megapari sportfogad\u00e1si \u00e9s kaszin\u00f3 platformra\u26a1 Fedezze fel az exkluz\u00edv b\u00f3nuszokat \u00e9s izgalmas j\u00e1t\u00e9kokat\" \/>\n<meta name=\"robots\" content=\"index, follow, max-snippet:-1, max-image-preview:large, max-video-preview:-1\" \/>\n<meta property=\"og:locale\" content=\"hu_HU\" \/>\n<meta property=\"og:type\" content=\"article\" \/>\n<meta property=\"og:title\" content=\"Megapari regisztr\u00e1ci\u00f3: \ud83d\udd39 Hogyan lehet fi\u00f3kot l\u00e9trehozni?\" \/>\n<meta property=\"og:description\" content=\"Ismerje meg, hogyan regisztr\u00e1lhat a Megapari sportfogad\u00e1si \u00e9s kaszin\u00f3 platformra\u26a1 Fedezze fel az exkluz\u00edv b\u00f3nuszokat \u00e9s izgalmas j\u00e1t\u00e9kokat\" \/>\n<meta property=\"og:url\" content=\"https:\/\/megapari.promo\/hu\/registration\/\" \/>\n<meta property=\"og:site_name\" content=\"Megapari Win hu\" \/>\n<meta property=\"article:modified_time\" content=\"2025-09-26T09:59:43+00:00\" \/>\n<meta name=\"twitter:card\" content=\"summary_large_image\" \/>\n<script type=\"application\/ld+json\" class=\"yoast-schema-graph\">{\"@context\":\"https:\/\/schema.org\",\"@graph\":[{\"@type\":\"WebPage\",\"@id\":\"https:\/\/megapari.promo\/hu\/registration\/\",\"url\":\"https:\/\/megapari.promo\/hu\/registration\/\",\"name\":\"Megapari regisztr\u00e1ci\u00f3: \ud83d\udd39 Hogyan lehet fi\u00f3kot l\u00e9trehozni?\",\"isPartOf\":{\"@id\":\"https:\/\/megapari.promo\/hu\/#website\"},\"datePublished\":\"2025-04-09T05:08:14+00:00\",\"dateModified\":\"2025-09-26T09:59:43+00:00\",\"description\":\"Ismerje meg, hogyan regisztr\u00e1lhat a Megapari sportfogad\u00e1si \u00e9s kaszin\u00f3 platformra\u26a1 Fedezze fel az exkluz\u00edv b\u00f3nuszokat \u00e9s izgalmas j\u00e1t\u00e9kokat\",\"breadcrumb\":{\"@id\":\"https:\/\/megapari.promo\/hu\/registration\/#breadcrumb\"},\"inLanguage\":\"hu\",\"potentialAction\":[{\"@type\":\"ReadAction\",\"target\":[\"https:\/\/megapari.promo\/hu\/registration\/\"]}]},{\"@type\":\"BreadcrumbList\",\"@id\":\"https:\/\/megapari.promo\/hu\/registration\/#breadcrumb\",\"itemListElement\":[{\"@type\":\"ListItem\",\"position\":1,\"name\":\"\u0413\u043b\u0430\u0432\u043d\u0430\u044f \u0441\u0442\u0440\u0430\u043d\u0438\u0446\u0430\",\"item\":\"https:\/\/megapari.promo\/hu\/\"},{\"@type\":\"ListItem\",\"position\":2,\"name\":\"Regisztr\u00e1ci\u00f3\"}]},{\"@type\":\"WebSite\",\"@id\":\"https:\/\/megapari.promo\/hu\/#website\",\"url\":\"https:\/\/megapari.promo\/hu\/\",\"name\":\"Megapari Win hu\",\"description\":\"My WordPress Blog\",\"potentialAction\":[{\"@type\":\"SearchAction\",\"target\":{\"@type\":\"EntryPoint\",\"urlTemplate\":\"https:\/\/megapari.promo\/hu\/?s={search_term_string}\"},\"query-input\":\"required name=search_term_string\"}],\"inLanguage\":\"hu\"}]}<\/script>\n<!-- \/ Yoast SEO plugin. -->","yoast_head_json":{"title":"Megapari regisztr\u00e1ci\u00f3: \ud83d\udd39 Hogyan lehet fi\u00f3kot l\u00e9trehozni?","description":"Ismerje meg, hogyan regisztr\u00e1lhat a Megapari sportfogad\u00e1si \u00e9s kaszin\u00f3 platformra\u26a1 Fedezze fel az exkluz\u00edv b\u00f3nuszokat \u00e9s izgalmas j\u00e1t\u00e9kokat","robots":{"index":"index","follow":"follow","max-snippet":"max-snippet:-1","max-image-preview":"max-image-preview:large","max-video-preview":"max-video-preview:-1"},"og_locale":"hu_HU","og_type":"article","og_title":"Megapari regisztr\u00e1ci\u00f3: \ud83d\udd39 Hogyan lehet fi\u00f3kot l\u00e9trehozni?","og_description":"Ismerje meg, hogyan regisztr\u00e1lhat a Megapari sportfogad\u00e1si \u00e9s kaszin\u00f3 platformra\u26a1 Fedezze fel az exkluz\u00edv b\u00f3nuszokat \u00e9s izgalmas j\u00e1t\u00e9kokat","og_url":"https:\/\/megapari.promo\/hu\/registration\/","og_site_name":"Megapari Win hu","article_modified_time":"2025-09-26T09:59:43+00:00","twitter_card":"summary_large_image","schema":{"@context":"https:\/\/schema.org","@graph":[{"@type":"WebPage","@id":"https:\/\/megapari.promo\/hu\/registration\/","url":"https:\/\/megapari.promo\/hu\/registration\/","name":"Megapari regisztr\u00e1ci\u00f3: \ud83d\udd39 Hogyan lehet fi\u00f3kot l\u00e9trehozni?","isPartOf":{"@id":"https:\/\/megapari.promo\/hu\/#website"},"datePublished":"2025-04-09T05:08:14+00:00","dateModified":"2025-09-26T09:59:43+00:00","description":"Ismerje meg, hogyan regisztr\u00e1lhat a Megapari sportfogad\u00e1si \u00e9s kaszin\u00f3 platformra\u26a1 Fedezze fel az exkluz\u00edv b\u00f3nuszokat \u00e9s izgalmas j\u00e1t\u00e9kokat","breadcrumb":{"@id":"https:\/\/megapari.promo\/hu\/registration\/#breadcrumb"},"inLanguage":"hu","potentialAction":[{"@type":"ReadAction","target":["https:\/\/megapari.promo\/hu\/registration\/"]}]},{"@type":"BreadcrumbList","@id":"https:\/\/megapari.promo\/hu\/registration\/#breadcrumb","itemListElement":[{"@type":"ListItem","position":1,"name":"\u0413\u043b\u0430\u0432\u043d\u0430\u044f \u0441\u0442\u0440\u0430\u043d\u0438\u0446\u0430","item":"https:\/\/megapari.promo\/hu\/"},{"@type":"ListItem","position":2,"name":"Regisztr\u00e1ci\u00f3"}]},{"@type":"WebSite","@id":"https:\/\/megapari.promo\/hu\/#website","url":"https:\/\/megapari.promo\/hu\/","name":"Megapari Win hu","description":"My WordPress Blog","potentialAction":[{"@type":"SearchAction","target":{"@type":"EntryPoint","urlTemplate":"https:\/\/megapari.promo\/hu\/?s={search_term_string}"},"query-input":"required name=search_term_string"}],"inLanguage":"hu"}]}},"_links":{"self":[{"href":"https:\/\/megapari.promo\/hu\/wp-json\/wp\/v2\/pages\/373"}],"collection":[{"href":"https:\/\/megapari.promo\/hu\/wp-json\/wp\/v2\/pages"}],"about":[{"href":"https:\/\/megapari.promo\/hu\/wp-json\/wp\/v2\/types\/page"}],"author":[{"embeddable":true,"href":"https:\/\/megapari.promo\/hu\/wp-json\/wp\/v2\/users\/1"}],"replies":[{"embeddable":true,"href":"https:\/\/megapari.promo\/hu\/wp-json\/wp\/v2\/comments?post=373"}],"version-history":[{"count":9,"href":"https:\/\/megapari.promo\/hu\/wp-json\/wp\/v2\/pages\/373\/revisions"}],"predecessor-version":[{"id":617,"href":"https:\/\/megapari.promo\/hu\/wp-json\/wp\/v2\/pages\/373\/revisions\/617"}],"wp:attachment":[{"href":"https:\/\/megapari.promo\/hu\/wp-json\/wp\/v2\/media?parent=373"}],"curies":[{"name":"wp","href":"https:\/\/api.w.org\/{rel}","templated":true}]}}